{"id":1160,"date":"2025-12-01T04:11:40","date_gmt":"2025-12-01T04:11:40","guid":{"rendered":"https:\/\/aquarihotel.vn\/exclusive-deals\/year-end-gathering\/"},"modified":"2026-03-17T03:57:50","modified_gmt":"2026-03-17T03:57:50","slug":"gathering","status":"publish","type":"page","link":"https:\/\/aquarihotel.vn\/vi\/exclusive-deals\/gathering\/","title":{"rendered":"V\u00ec sao Aquari Hotel l\u00e0 l\u1ef1a ch\u1ecdn l\u00fd t\u01b0\u1edfng cho nh\u1eefng bu\u1ed5i g\u1eb7p g\u1ee1 th\u00e2n m\u1eadt"},"content":{"rendered":"<h4 data-start=\"2471\" data-end=\"2799\">N\u1ebfu c\u00f4ng ty c\u1ee7a Qu\u00fd kh\u00e1ch \u0111ang t\u00ecm ki\u1ebfm m\u1ed9t kh\u00f4ng gian \u1ea5m c\u00fang, ri\u00eang t\u01b0 v\u00e0 \u0111\u01b0\u1ee3c t\u1ed5 ch\u1ee9c ch\u1ec9n chu cho nh\u1eefng bu\u1ed5i ti\u1ec7c hay g\u1eb7p m\u1eb7t n\u1ed9i b\u1ed9, Aquari Hotel s\u1ebd l\u00e0 l\u1ef1a ch\u1ecdn ph\u00f9 h\u1ee3p. T\u1ecda l\u1ea1c ngay trung t\u00e2m TP.HCM, kh\u00e1ch s\u1ea1n mang \u0111\u1ebfn s\u1ef1 k\u1ebft h\u1ee3p h\u00e0i h\u00f2a gi\u1eefa ti\u1ec7n nghi hi\u1ec7n \u0111\u1ea1i v\u00e0 n\u00e9t tinh t\u1ebf nh\u1eb9 nh\u00e0ng. Ch\u00fang t\u00f4i \u0111\u1eb7c bi\u1ec7t ph\u00f9 h\u1ee3p v\u1edbi c\u00e1c s\u1ef1 ki\u1ec7n quy m\u00f4 nh\u1ecf, n\u01a1i m\u1ed7i bu\u1ed5i g\u1eb7p g\u1ee1 \u0111\u1ec1u \u0111\u01b0\u1ee3c ch\u0103m ch\u00fat \u0111\u1ec3 t\u1ea1o c\u1ea3m gi\u00e1c g\u1ea7n g\u0169i, chu \u0111\u00e1o v\u00e0 tr\u1ecdn v\u1eb9n.<\/h4>\n<h4 data-start=\"2801\" data-end=\"2832\"><\/h4>\n<h4 data-section-id=\"1hd2gos\" data-start=\"675\" data-end=\"707\"><strong>Kh\u00f4ng gian \u1ea5m c\u00fang, hi\u1ec7n \u0111\u1ea1i<\/strong><\/h4>\n<p data-start=\"709\" data-end=\"1005\">Khu v\u1ef1c s\u1ef1 ki\u1ec7n v\u00e0 c\u00e1c kh\u00f4ng gian mang phong c\u00e1ch caf\u00e9 t\u1ea1i Aquari Hotel \u0111\u01b0\u1ee3c thi\u1ebft k\u1ebf v\u1edbi \u00e1nh s\u00e1ng d\u1ecbu nh\u1eb9, t\u00f4ng m\u00e0u t\u1ef1 nhi\u00ean v\u00e0 n\u1ed9i th\u1ea5t hi\u1ec7n \u0111\u1ea1i, t\u1ea1o n\u00ean c\u1ea3m gi\u00e1c th\u01b0 gi\u00e3n v\u00e0 d\u1ec5 ch\u1ecbu \u2014 r\u1ea5t th\u00edch h\u1ee3p cho nh\u1eefng bu\u1ed5i g\u1eb7p m\u1eb7t cu\u1ed1i n\u0103m hay ti\u1ec7c tri \u00e2n th\u00e2n m\u1eadt.<\/p>\n<h4 data-start=\"709\" data-end=\"1005\"><\/h4>\n<h4 data-section-id=\"18r4cp5\" data-start=\"1007\" data-end=\"1047\"><strong>\u0110\u1ed9i ng\u0169 h\u1ed7 tr\u1ee3 s\u1ef1 ki\u1ec7n chuy\u00ean nghi\u1ec7p<\/strong><\/h4>\n<p data-start=\"1049\" data-end=\"1264\">T\u1eeb kh\u00e2u chu\u1ea9n b\u1ecb \u0111\u1ebfn khi ch\u01b0\u01a1ng tr\u00ecnh di\u1ec5n ra, \u0111\u1ed9i ng\u0169 c\u1ee7a ch\u00fang t\u00f4i lu\u00f4n \u0111\u1ed3ng h\u00e0nh trong t\u1eebng chi ti\u1ebft \u0111\u1ec3 Qu\u00fd kh\u00e1ch c\u00f3 th\u1ec3 t\u1eadn h\u01b0\u1edfng bu\u1ed5i ti\u1ec7c m\u1ed9t c\u00e1ch nh\u1eb9 nh\u00e0ng v\u00e0 an t\u00e2m h\u01a1n.<\/p>\n<p data-start=\"2240\" data-end=\"2384\">\n","protected":false},"excerpt":{"rendered":"<p>N\u1ebfu c\u00f4ng ty c\u1ee7a Qu\u00fd kh\u00e1ch \u0111ang t\u00ecm ki\u1ebfm m\u1ed9t kh\u00f4ng gian \u1ea5m c\u00fang, ri\u00eang t\u01b0 v\u00e0 \u0111\u01b0\u1ee3c t\u1ed5 ch\u1ee9c ch\u1ec9n chu cho nh\u1eefng bu\u1ed5i ti\u1ec7c hay g\u1eb7p m\u1eb7t n\u1ed9i b\u1ed9, Aquari Hotel s\u1ebd l\u00e0 l\u1ef1a ch\u1ecdn ph\u00f9 h\u1ee3p. T\u1ecda l\u1ea1c ngay trung t\u00e2m TP.HCM, kh\u00e1ch s\u1ea1n mang \u0111\u1ebfn s\u1ef1 k\u1ebft h\u1ee3p h\u00e0i h\u00f2a gi\u1eefa [&hellip;]<\/p>\n","protected":false},"author":148,"featured_media":1388,"parent":240,"menu_order":4,"comment_status":"closed","ping_status":"closed","template":"","meta":{"footnotes":""},"yoast_head":"<!-- This site is optimized with the Yoast SEO plugin v22.3 - https:\/\/yoast.com\/wordpress\/plugins\/seo\/ -->\n<title>V\u00ec sao Aquari Hotel l\u00e0 l\u1ef1a ch\u1ecdn l\u00fd t\u01b0\u1edfng cho nh\u1eefng bu\u1ed5i g\u1eb7p g\u1ee1 th\u00e2n m\u1eadt - Aquari Hotel<\/title>\n<meta name=\"description\" content=\"Host your small year-end gathering at Aquari Hotel. Cozy venue, tailored packages, central, HCMC \u2014perfect for intimate celebrations. Book now!\" \/>\n<meta name=\"robots\" content=\"index, follow, max-snippet:-1, max-image-preview:large, max-video-preview:-1\" \/>\n<link rel=\"canonical\" href=\"https:\/\/aquarihotel.vn\/vi\/exclusive-deals\/gathering\/\" \/>\n<meta property=\"og:locale\" content=\"vi_VN\" \/>\n<meta property=\"og:type\" content=\"article\" \/>\n<meta property=\"og:title\" content=\"V\u00ec sao Aquari Hotel l\u00e0 l\u1ef1a ch\u1ecdn l\u00fd t\u01b0\u1edfng cho nh\u1eefng bu\u1ed5i g\u1eb7p g\u1ee1 th\u00e2n m\u1eadt - Aquari Hotel\" \/>\n<meta property=\"og:description\" content=\"Host your small year-end gathering at Aquari Hotel. Cozy venue, tailored packages, central, HCMC \u2014perfect for intimate celebrations. Book now!\" \/>\n<meta property=\"og:url\" content=\"https:\/\/aquarihotel.vn\/vi\/exclusive-deals\/gathering\/\" \/>\n<meta property=\"og:site_name\" content=\"Aquari Hotel\" \/>\n<meta property=\"article:modified_time\" content=\"2026-03-17T03:57:50+00:00\" \/>\n<meta property=\"og:image\" content=\"https:\/\/aquarihotel.vn\/wp-content\/uploads\/sites\/67\/2026\/03\/6.jpg\" \/>\n\t<meta property=\"og:image:width\" content=\"2200\" \/>\n\t<meta property=\"og:image:height\" content=\"1200\" \/>\n\t<meta property=\"og:image:type\" content=\"image\/jpeg\" \/>\n<meta name=\"twitter:card\" content=\"summary_large_image\" \/>\n<meta name=\"twitter:label1\" content=\"Est. reading time\" \/>\n\t<meta name=\"twitter:data1\" content=\"2 minutes\" \/>\n<script type=\"application\/ld+json\" class=\"yoast-schema-graph\">{\"@context\":\"https:\/\/schema.org\",\"@graph\":[{\"@type\":\"WebPage\",\"@id\":\"https:\/\/aquarihotel.vn\/vi\/exclusive-deals\/gathering\/\",\"url\":\"https:\/\/aquarihotel.vn\/vi\/exclusive-deals\/gathering\/\",\"name\":\"V\u00ec sao Aquari Hotel l\u00e0 l\u1ef1a ch\u1ecdn l\u00fd t\u01b0\u1edfng cho nh\u1eefng bu\u1ed5i g\u1eb7p g\u1ee1 th\u00e2n m\u1eadt - Aquari Hotel\",\"isPartOf\":{\"@id\":\"https:\/\/aquarihotel.vn\/vi\/#website\"},\"primaryImageOfPage\":{\"@id\":\"https:\/\/aquarihotel.vn\/vi\/exclusive-deals\/gathering\/#primaryimage\"},\"image\":{\"@id\":\"https:\/\/aquarihotel.vn\/vi\/exclusive-deals\/gathering\/#primaryimage\"},\"thumbnailUrl\":\"https:\/\/aquarihotel.vn\/wp-content\/uploads\/sites\/67\/2026\/03\/6.jpg\",\"datePublished\":\"2025-12-01T04:11:40+00:00\",\"dateModified\":\"2026-03-17T03:57:50+00:00\",\"description\":\"Host your small year-end gathering at Aquari Hotel. Cozy venue, tailored packages, central, HCMC \u2014perfect for intimate celebrations. Book now!\",\"breadcrumb\":{\"@id\":\"https:\/\/aquarihotel.vn\/vi\/exclusive-deals\/gathering\/#breadcrumb\"},\"inLanguage\":\"vi-VN\",\"potentialAction\":[{\"@type\":\"ReadAction\",\"target\":[\"https:\/\/aquarihotel.vn\/vi\/exclusive-deals\/gathering\/\"]}]},{\"@type\":\"ImageObject\",\"inLanguage\":\"vi-VN\",\"@id\":\"https:\/\/aquarihotel.vn\/vi\/exclusive-deals\/gathering\/#primaryimage\",\"url\":\"https:\/\/aquarihotel.vn\/wp-content\/uploads\/sites\/67\/2026\/03\/6.jpg\",\"contentUrl\":\"https:\/\/aquarihotel.vn\/wp-content\/uploads\/sites\/67\/2026\/03\/6.jpg\",\"width\":2200,\"height\":1200},{\"@type\":\"BreadcrumbList\",\"@id\":\"https:\/\/aquarihotel.vn\/vi\/exclusive-deals\/gathering\/#breadcrumb\",\"itemListElement\":[{\"@type\":\"ListItem\",\"position\":1,\"name\":\"Home\",\"item\":\"https:\/\/aquarihotel.vn\/vi\/\"},{\"@type\":\"ListItem\",\"position\":2,\"name\":\"\u01afU \u0110\u00c3I \u0110\u1ed8C QUY\u1ec0N\",\"item\":\"https:\/\/aquarihotel.vn\/vi\/exclusive-deals\/\"},{\"@type\":\"ListItem\",\"position\":3,\"name\":\"V\u00ec sao Aquari Hotel l\u00e0 l\u1ef1a ch\u1ecdn l\u00fd t\u01b0\u1edfng cho nh\u1eefng bu\u1ed5i g\u1eb7p g\u1ee1 th\u00e2n m\u1eadt\"}]},{\"@type\":\"WebSite\",\"@id\":\"https:\/\/aquarihotel.vn\/vi\/#website\",\"url\":\"https:\/\/aquarihotel.vn\/vi\/\",\"name\":\"Aquari Hotel\",\"description\":\"Aquari Hotel | STAY WITH US, FEEL LIKE HOME\",\"potentialAction\":[{\"@type\":\"SearchAction\",\"target\":{\"@type\":\"EntryPoint\",\"urlTemplate\":\"https:\/\/aquarihotel.vn\/vi\/?s={search_term_string}\"},\"query-input\":\"required name=search_term_string\"}],\"inLanguage\":\"vi-VN\"}]}<\/script>\n<!-- \/ Yoast SEO plugin. -->","yoast_head_json":{"title":"V\u00ec sao Aquari Hotel l\u00e0 l\u1ef1a ch\u1ecdn l\u00fd t\u01b0\u1edfng cho nh\u1eefng bu\u1ed5i g\u1eb7p g\u1ee1 th\u00e2n m\u1eadt - Aquari Hotel","description":"Host your small year-end gathering at Aquari Hotel. Cozy venue, tailored packages, central, HCMC \u2014perfect for intimate celebrations. Book now!","robots":{"index":"index","follow":"follow","max-snippet":"max-snippet:-1","max-image-preview":"max-image-preview:large","max-video-preview":"max-video-preview:-1"},"canonical":"https:\/\/aquarihotel.vn\/vi\/exclusive-deals\/gathering\/","og_locale":"vi_VN","og_type":"article","og_title":"V\u00ec sao Aquari Hotel l\u00e0 l\u1ef1a ch\u1ecdn l\u00fd t\u01b0\u1edfng cho nh\u1eefng bu\u1ed5i g\u1eb7p g\u1ee1 th\u00e2n m\u1eadt - Aquari Hotel","og_description":"Host your small year-end gathering at Aquari Hotel. Cozy venue, tailored packages, central, HCMC \u2014perfect for intimate celebrations. Book now!","og_url":"https:\/\/aquarihotel.vn\/vi\/exclusive-deals\/gathering\/","og_site_name":"Aquari Hotel","article_modified_time":"2026-03-17T03:57:50+00:00","og_image":[{"width":2200,"height":1200,"url":"https:\/\/aquarihotel.vn\/wp-content\/uploads\/sites\/67\/2026\/03\/6.jpg","type":"image\/jpeg"}],"twitter_card":"summary_large_image","twitter_misc":{"Est. reading time":"2 minutes"},"schema":{"@context":"https:\/\/schema.org","@graph":[{"@type":"WebPage","@id":"https:\/\/aquarihotel.vn\/vi\/exclusive-deals\/gathering\/","url":"https:\/\/aquarihotel.vn\/vi\/exclusive-deals\/gathering\/","name":"V\u00ec sao Aquari Hotel l\u00e0 l\u1ef1a ch\u1ecdn l\u00fd t\u01b0\u1edfng cho nh\u1eefng bu\u1ed5i g\u1eb7p g\u1ee1 th\u00e2n m\u1eadt - Aquari Hotel","isPartOf":{"@id":"https:\/\/aquarihotel.vn\/vi\/#website"},"primaryImageOfPage":{"@id":"https:\/\/aquarihotel.vn\/vi\/exclusive-deals\/gathering\/#primaryimage"},"image":{"@id":"https:\/\/aquarihotel.vn\/vi\/exclusive-deals\/gathering\/#primaryimage"},"thumbnailUrl":"https:\/\/aquarihotel.vn\/wp-content\/uploads\/sites\/67\/2026\/03\/6.jpg","datePublished":"2025-12-01T04:11:40+00:00","dateModified":"2026-03-17T03:57:50+00:00","description":"Host your small year-end gathering at Aquari Hotel. Cozy venue, tailored packages, central, HCMC \u2014perfect for intimate celebrations. Book now!","breadcrumb":{"@id":"https:\/\/aquarihotel.vn\/vi\/exclusive-deals\/gathering\/#breadcrumb"},"inLanguage":"vi-VN","potentialAction":[{"@type":"ReadAction","target":["https:\/\/aquarihotel.vn\/vi\/exclusive-deals\/gathering\/"]}]},{"@type":"ImageObject","inLanguage":"vi-VN","@id":"https:\/\/aquarihotel.vn\/vi\/exclusive-deals\/gathering\/#primaryimage","url":"https:\/\/aquarihotel.vn\/wp-content\/uploads\/sites\/67\/2026\/03\/6.jpg","contentUrl":"https:\/\/aquarihotel.vn\/wp-content\/uploads\/sites\/67\/2026\/03\/6.jpg","width":2200,"height":1200},{"@type":"BreadcrumbList","@id":"https:\/\/aquarihotel.vn\/vi\/exclusive-deals\/gathering\/#breadcrumb","itemListElement":[{"@type":"ListItem","position":1,"name":"Home","item":"https:\/\/aquarihotel.vn\/vi\/"},{"@type":"ListItem","position":2,"name":"\u01afU \u0110\u00c3I \u0110\u1ed8C QUY\u1ec0N","item":"https:\/\/aquarihotel.vn\/vi\/exclusive-deals\/"},{"@type":"ListItem","position":3,"name":"V\u00ec sao Aquari Hotel l\u00e0 l\u1ef1a ch\u1ecdn l\u00fd t\u01b0\u1edfng cho nh\u1eefng bu\u1ed5i g\u1eb7p g\u1ee1 th\u00e2n m\u1eadt"}]},{"@type":"WebSite","@id":"https:\/\/aquarihotel.vn\/vi\/#website","url":"https:\/\/aquarihotel.vn\/vi\/","name":"Aquari Hotel","description":"Aquari Hotel | STAY WITH US, FEEL LIKE HOME","potentialAction":[{"@type":"SearchAction","target":{"@type":"EntryPoint","urlTemplate":"https:\/\/aquarihotel.vn\/vi\/?s={search_term_string}"},"query-input":"required name=search_term_string"}],"inLanguage":"vi-VN"}]}},"_links":{"self":[{"href":"https:\/\/aquarihotel.vn\/vi\/wp-json\/wp\/v2\/pages\/1160"}],"collection":[{"href":"https:\/\/aquarihotel.vn\/vi\/wp-json\/wp\/v2\/pages"}],"about":[{"href":"https:\/\/aquarihotel.vn\/vi\/wp-json\/wp\/v2\/types\/page"}],"author":[{"embeddable":true,"href":"https:\/\/aquarihotel.vn\/vi\/wp-json\/wp\/v2\/users\/148"}],"replies":[{"embeddable":true,"href":"https:\/\/aquarihotel.vn\/vi\/wp-json\/wp\/v2\/comments?post=1160"}],"version-history":[{"count":4,"href":"https:\/\/aquarihotel.vn\/vi\/wp-json\/wp\/v2\/pages\/1160\/revisions"}],"predecessor-version":[{"id":1456,"href":"https:\/\/aquarihotel.vn\/vi\/wp-json\/wp\/v2\/pages\/1160\/revisions\/1456"}],"up":[{"embeddable":true,"href":"https:\/\/aquarihotel.vn\/vi\/wp-json\/wp\/v2\/pages\/240"}],"wp:featuredmedia":[{"embeddable":true,"href":"https:\/\/aquarihotel.vn\/vi\/wp-json\/wp\/v2\/media\/1388"}],"wp:attachment":[{"href":"https:\/\/aquarihotel.vn\/vi\/wp-json\/wp\/v2\/media?parent=1160"}],"curies":[{"name":"wp","href":"https:\/\/api.w.org\/{rel}","templated":true}]}}