{"id":1357,"date":"2026-02-25T08:59:37","date_gmt":"2026-02-25T08:59:37","guid":{"rendered":"https:\/\/aquarihotel.vn\/exclusive-deals\/lan-gio-nhe-va-mot-ly-do-uong-mua-1-tang-1-happy-hour-tai-the-9-cafe-dang-cho-quy-khach-kham-pha\/"},"modified":"2026-03-17T04:24:25","modified_gmt":"2026-03-17T04:24:25","slug":"happy-hour","status":"publish","type":"page","link":"https:\/\/aquarihotel.vn\/vi\/exclusive-deals\/happy-hour\/","title":{"rendered":"Happy Hour t\u1ea1i The9 Caf\u00e9 \u0111ang ch\u1edd qu\u00fd kh\u00e1ch kh\u00e1m ph\u00e1"},"content":{"rendered":"<p data-start=\"281\" data-end=\"596\">N\u1ebfu \u0111ang t\u00ecm ki\u1ebfm m\u1ed9t \u0111\u1ecba \u0111i\u1ec3m Happy Hour l\u00fd t\u01b0\u1edfng t\u1ea1i trung t\u00e2m TP. H\u1ed3 Ch\u00ed Minh, The9 Caf\u00e9 t\u1ea1i Aquari Hotel l\u00e0 l\u1ef1a ch\u1ecdn \u0111\u00e1ng tr\u1ea3i nghi\u1ec7m. N\u1eb1m \u1edf t\u1ea7ng tr\u1ec7t v\u1edbi khu v\u1ef1c ng\u1ed3i ngo\u00e0i tr\u1eddi tho\u00e1ng m\u00e1t v\u00e0 phong c\u00e1ch casual-chic, \u0111\u00e2y l\u00e0 n\u01a1i ho\u00e0n h\u1ea3o \u0111\u1ec3 th\u01b0 gi\u00e3n sau m\u1ed9t ng\u00e0y b\u1eadn r\u1ed9n.<\/p>\n<p data-start=\"598\" data-end=\"940\">T\u1eeb 16:00 \u2013 19:00 m\u1ed7i ng\u00e0y, qu\u00fd kh\u00e1ch c\u00f3 th\u1ec3 t\u1eadn h\u01b0\u1edfng \u01b0u \u0111\u00e3i Mua 1 T\u1eb7ng 1 \u00e1p d\u1ee5ng cho c\u00e1c lo\u1ea1i cocktail ch\u1ecdn l\u1ecdc v\u00e0 bia t\u01b0\u01a1i cao c\u1ea5p. D\u00f9 l\u00e0 g\u1eb7p g\u1ee1 b\u1ea1n b\u00e8 hay th\u01b0 gi\u00e3n m\u1ed9t m\u00ecnh, \u0111\u1ed9i ng\u0169 bartender lu\u00f4n s\u1eb5n s\u00e0ng ph\u1ee5c v\u1ee5 nh\u1eefng th\u1ee9c u\u1ed1ng \u0111\u01b0\u1ee3c pha ch\u1ebf t\u1eeb nguy\u00ean li\u1ec7u \u0111\u1ecba ph\u01b0\u01a1ng v\u00e0 qu\u1ed1c t\u1ebf ch\u1ea5t l\u01b0\u1ee3ng.<\/p>\n<p data-start=\"942\" data-end=\"1242\">Th\u01b0\u1edfng th\u1ee9c nh\u1eefng m\u00f3n signature nh\u01b0 Aquarius Cocktail v\u1edbi h\u01b0\u01a1ng v\u1ecb \u0111\u1eadm \u0111\u00e0, m\u01b0\u1ee3t m\u00e0 v\u00e0 \u0111i\u1ec3m nh\u1ea5n nhi\u1ec7t \u0111\u1edbi \u2014 m\u1ed9t l\u1ef1a ch\u1ecdn \u0111\u01b0\u1ee3c nhi\u1ec1u kh\u00e1ch y\u00eau th\u00edch. K\u1ebft h\u1ee3p c\u00f9ng c\u00e1c m\u00f3n \u0103n nh\u1eb9 t\u1eeb th\u1ef1c \u0111\u01a1n, qu\u00fd kh\u00e1ch c\u00f3 th\u1ec3 t\u1eadn h\u01b0\u1edfng kh\u00f4ng gian s\u00f4i \u0111\u1ed9ng nh\u01b0ng v\u1eabn th\u01b0 th\u00e1i.<\/p>\n<p data-start=\"1496\" data-end=\"1625\">H\u00e3y gh\u00e9 The 9 Caf\u00e9 \u0111\u1ec3 tr\u1ea3i nghi\u1ec7m \u0111i\u1ec3m h\u1eb9n \u0111\u01b0\u1ee3c y\u00eau th\u00edch t\u1ea1i trung t\u00e2m TP. H\u1ed3 Ch\u00ed Minh.<\/p>\n<p data-start=\"1725\" data-end=\"1904\"><br data-start=\"1766\" data-end=\"1769\" \/>\ud83d\udccd <strong data-start=\"1772\" data-end=\"1785\">\u0110\u1ecba \u0111i\u1ec3m:<\/strong> T\u1ea7ng tr\u1ec7t \u2013 Aquari Hotel, 9A-9B Thi S\u00e1ch, Ph\u01b0\u1eddng S\u00e0i G\u00f2n, TPHCM<br data-start=\"1834\" data-end=\"1837\" \/>\ud83d\udcde <strong data-start=\"1840\" data-end=\"1852\">\u0110\u1eb7t b\u00e0n:<\/strong> 028 3829 2828<\/p>\n","protected":false},"excerpt":{"rendered":"<p>N\u1ebfu \u0111ang t\u00ecm ki\u1ebfm m\u1ed9t \u0111\u1ecba \u0111i\u1ec3m Happy Hour l\u00fd t\u01b0\u1edfng t\u1ea1i trung t\u00e2m TP. H\u1ed3 Ch\u00ed Minh, The9 Caf\u00e9 t\u1ea1i Aquari Hotel l\u00e0 l\u1ef1a ch\u1ecdn \u0111\u00e1ng tr\u1ea3i nghi\u1ec7m. N\u1eb1m \u1edf t\u1ea7ng tr\u1ec7t v\u1edbi khu v\u1ef1c ng\u1ed3i ngo\u00e0i tr\u1eddi tho\u00e1ng m\u00e1t v\u00e0 phong c\u00e1ch casual-chic, \u0111\u00e2y l\u00e0 n\u01a1i ho\u00e0n h\u1ea3o \u0111\u1ec3 th\u01b0 gi\u00e3n sau m\u1ed9t [&hellip;]<\/p>\n","protected":false},"author":148,"featured_media":1402,"parent":240,"menu_order":3,"comment_status":"closed","ping_status":"closed","template":"","meta":{"footnotes":""},"yoast_head":"<!-- This site is optimized with the Yoast SEO plugin v22.3 - https:\/\/yoast.com\/wordpress\/plugins\/seo\/ -->\n<title>Happy Hour at The 9 Caf\u00e9 | Aquari Hotel District 1<\/title>\n<meta name=\"description\" content=\"Discover Happy Hour at The 9 Caf\u00e9, Aquari Hotel District 1 \u2013 Buy 1 Get 1 Free cocktails &amp; draught beers daily from 4PM\u20137PM in a breezy outdoor space.\" \/>\n<meta name=\"robots\" content=\"index, follow, max-snippet:-1, max-image-preview:large, max-video-preview:-1\" \/>\n<link rel=\"canonical\" href=\"https:\/\/aquarihotel.vn\/vi\/exclusive-deals\/happy-hour\/\" \/>\n<meta property=\"og:locale\" content=\"vi_VN\" \/>\n<meta property=\"og:type\" content=\"article\" \/>\n<meta property=\"og:title\" content=\"Happy Hour at The 9 Caf\u00e9 | Aquari Hotel District 1\" \/>\n<meta property=\"og:description\" content=\"Discover Happy Hour at The 9 Caf\u00e9, Aquari Hotel District 1 \u2013 Buy 1 Get 1 Free cocktails &amp; draught beers daily from 4PM\u20137PM in a breezy outdoor space.\" \/>\n<meta property=\"og:url\" content=\"https:\/\/aquarihotel.vn\/vi\/exclusive-deals\/happy-hour\/\" \/>\n<meta property=\"og:site_name\" content=\"Aquari Hotel\" \/>\n<meta property=\"article:modified_time\" content=\"2026-03-17T04:24:25+00:00\" \/>\n<meta property=\"og:image\" content=\"https:\/\/aquarihotel.vn\/wp-content\/uploads\/sites\/67\/2026\/03\/hinh-phong-newly-edited-2025-2200-x-1200-px.jpg\" \/>\n\t<meta property=\"og:image:width\" content=\"2200\" \/>\n\t<meta property=\"og:image:height\" content=\"1200\" \/>\n\t<meta property=\"og:image:type\" content=\"image\/jpeg\" \/>\n<meta name=\"twitter:card\" content=\"summary_large_image\" \/>\n<meta name=\"twitter:label1\" content=\"Est. reading time\" \/>\n\t<meta name=\"twitter:data1\" content=\"2 minutes\" \/>\n<script type=\"application\/ld+json\" class=\"yoast-schema-graph\">{\"@context\":\"https:\/\/schema.org\",\"@graph\":[{\"@type\":\"WebPage\",\"@id\":\"https:\/\/aquarihotel.vn\/vi\/exclusive-deals\/happy-hour\/\",\"url\":\"https:\/\/aquarihotel.vn\/vi\/exclusive-deals\/happy-hour\/\",\"name\":\"Happy Hour at The 9 Caf\u00e9 | Aquari Hotel District 1\",\"isPartOf\":{\"@id\":\"https:\/\/aquarihotel.vn\/vi\/#website\"},\"primaryImageOfPage\":{\"@id\":\"https:\/\/aquarihotel.vn\/vi\/exclusive-deals\/happy-hour\/#primaryimage\"},\"image\":{\"@id\":\"https:\/\/aquarihotel.vn\/vi\/exclusive-deals\/happy-hour\/#primaryimage\"},\"thumbnailUrl\":\"https:\/\/aquarihotel.vn\/wp-content\/uploads\/sites\/67\/2026\/03\/hinh-phong-newly-edited-2025-2200-x-1200-px.jpg\",\"datePublished\":\"2026-02-25T08:59:37+00:00\",\"dateModified\":\"2026-03-17T04:24:25+00:00\",\"description\":\"Discover Happy Hour at The 9 Caf\u00e9, Aquari Hotel District 1 \u2013 Buy 1 Get 1 Free cocktails & draught beers daily from 4PM\u20137PM in a breezy outdoor space.\",\"breadcrumb\":{\"@id\":\"https:\/\/aquarihotel.vn\/vi\/exclusive-deals\/happy-hour\/#breadcrumb\"},\"inLanguage\":\"vi-VN\",\"potentialAction\":[{\"@type\":\"ReadAction\",\"target\":[\"https:\/\/aquarihotel.vn\/vi\/exclusive-deals\/happy-hour\/\"]}]},{\"@type\":\"ImageObject\",\"inLanguage\":\"vi-VN\",\"@id\":\"https:\/\/aquarihotel.vn\/vi\/exclusive-deals\/happy-hour\/#primaryimage\",\"url\":\"https:\/\/aquarihotel.vn\/wp-content\/uploads\/sites\/67\/2026\/03\/hinh-phong-newly-edited-2025-2200-x-1200-px.jpg\",\"contentUrl\":\"https:\/\/aquarihotel.vn\/wp-content\/uploads\/sites\/67\/2026\/03\/hinh-phong-newly-edited-2025-2200-x-1200-px.jpg\",\"width\":2200,\"height\":1200},{\"@type\":\"BreadcrumbList\",\"@id\":\"https:\/\/aquarihotel.vn\/vi\/exclusive-deals\/happy-hour\/#breadcrumb\",\"itemListElement\":[{\"@type\":\"ListItem\",\"position\":1,\"name\":\"Home\",\"item\":\"https:\/\/aquarihotel.vn\/vi\/\"},{\"@type\":\"ListItem\",\"position\":2,\"name\":\"\u01afU \u0110\u00c3I \u0110\u1ed8C QUY\u1ec0N\",\"item\":\"https:\/\/aquarihotel.vn\/vi\/exclusive-deals\/\"},{\"@type\":\"ListItem\",\"position\":3,\"name\":\"Happy Hour t\u1ea1i The9 Caf\u00e9 \u0111ang ch\u1edd qu\u00fd kh\u00e1ch kh\u00e1m ph\u00e1\"}]},{\"@type\":\"WebSite\",\"@id\":\"https:\/\/aquarihotel.vn\/vi\/#website\",\"url\":\"https:\/\/aquarihotel.vn\/vi\/\",\"name\":\"Aquari Hotel\",\"description\":\"Aquari Hotel | STAY WITH US, FEEL LIKE HOME\",\"potentialAction\":[{\"@type\":\"SearchAction\",\"target\":{\"@type\":\"EntryPoint\",\"urlTemplate\":\"https:\/\/aquarihotel.vn\/vi\/?s={search_term_string}\"},\"query-input\":\"required name=search_term_string\"}],\"inLanguage\":\"vi-VN\"}]}<\/script>\n<!-- \/ Yoast SEO plugin. -->","yoast_head_json":{"title":"Happy Hour at The 9 Caf\u00e9 | Aquari Hotel District 1","description":"Discover Happy Hour at The 9 Caf\u00e9, Aquari Hotel District 1 \u2013 Buy 1 Get 1 Free cocktails & draught beers daily from 4PM\u20137PM in a breezy outdoor space.","robots":{"index":"index","follow":"follow","max-snippet":"max-snippet:-1","max-image-preview":"max-image-preview:large","max-video-preview":"max-video-preview:-1"},"canonical":"https:\/\/aquarihotel.vn\/vi\/exclusive-deals\/happy-hour\/","og_locale":"vi_VN","og_type":"article","og_title":"Happy Hour at The 9 Caf\u00e9 | Aquari Hotel District 1","og_description":"Discover Happy Hour at The 9 Caf\u00e9, Aquari Hotel District 1 \u2013 Buy 1 Get 1 Free cocktails & draught beers daily from 4PM\u20137PM in a breezy outdoor space.","og_url":"https:\/\/aquarihotel.vn\/vi\/exclusive-deals\/happy-hour\/","og_site_name":"Aquari Hotel","article_modified_time":"2026-03-17T04:24:25+00:00","og_image":[{"width":2200,"height":1200,"url":"https:\/\/aquarihotel.vn\/wp-content\/uploads\/sites\/67\/2026\/03\/hinh-phong-newly-edited-2025-2200-x-1200-px.jpg","type":"image\/jpeg"}],"twitter_card":"summary_large_image","twitter_misc":{"Est. reading time":"2 minutes"},"schema":{"@context":"https:\/\/schema.org","@graph":[{"@type":"WebPage","@id":"https:\/\/aquarihotel.vn\/vi\/exclusive-deals\/happy-hour\/","url":"https:\/\/aquarihotel.vn\/vi\/exclusive-deals\/happy-hour\/","name":"Happy Hour at The 9 Caf\u00e9 | Aquari Hotel District 1","isPartOf":{"@id":"https:\/\/aquarihotel.vn\/vi\/#website"},"primaryImageOfPage":{"@id":"https:\/\/aquarihotel.vn\/vi\/exclusive-deals\/happy-hour\/#primaryimage"},"image":{"@id":"https:\/\/aquarihotel.vn\/vi\/exclusive-deals\/happy-hour\/#primaryimage"},"thumbnailUrl":"https:\/\/aquarihotel.vn\/wp-content\/uploads\/sites\/67\/2026\/03\/hinh-phong-newly-edited-2025-2200-x-1200-px.jpg","datePublished":"2026-02-25T08:59:37+00:00","dateModified":"2026-03-17T04:24:25+00:00","description":"Discover Happy Hour at The 9 Caf\u00e9, Aquari Hotel District 1 \u2013 Buy 1 Get 1 Free cocktails & draught beers daily from 4PM\u20137PM in a breezy outdoor space.","breadcrumb":{"@id":"https:\/\/aquarihotel.vn\/vi\/exclusive-deals\/happy-hour\/#breadcrumb"},"inLanguage":"vi-VN","potentialAction":[{"@type":"ReadAction","target":["https:\/\/aquarihotel.vn\/vi\/exclusive-deals\/happy-hour\/"]}]},{"@type":"ImageObject","inLanguage":"vi-VN","@id":"https:\/\/aquarihotel.vn\/vi\/exclusive-deals\/happy-hour\/#primaryimage","url":"https:\/\/aquarihotel.vn\/wp-content\/uploads\/sites\/67\/2026\/03\/hinh-phong-newly-edited-2025-2200-x-1200-px.jpg","contentUrl":"https:\/\/aquarihotel.vn\/wp-content\/uploads\/sites\/67\/2026\/03\/hinh-phong-newly-edited-2025-2200-x-1200-px.jpg","width":2200,"height":1200},{"@type":"BreadcrumbList","@id":"https:\/\/aquarihotel.vn\/vi\/exclusive-deals\/happy-hour\/#breadcrumb","itemListElement":[{"@type":"ListItem","position":1,"name":"Home","item":"https:\/\/aquarihotel.vn\/vi\/"},{"@type":"ListItem","position":2,"name":"\u01afU \u0110\u00c3I \u0110\u1ed8C QUY\u1ec0N","item":"https:\/\/aquarihotel.vn\/vi\/exclusive-deals\/"},{"@type":"ListItem","position":3,"name":"Happy Hour t\u1ea1i The9 Caf\u00e9 \u0111ang ch\u1edd qu\u00fd kh\u00e1ch kh\u00e1m ph\u00e1"}]},{"@type":"WebSite","@id":"https:\/\/aquarihotel.vn\/vi\/#website","url":"https:\/\/aquarihotel.vn\/vi\/","name":"Aquari Hotel","description":"Aquari Hotel | STAY WITH US, FEEL LIKE HOME","potentialAction":[{"@type":"SearchAction","target":{"@type":"EntryPoint","urlTemplate":"https:\/\/aquarihotel.vn\/vi\/?s={search_term_string}"},"query-input":"required name=search_term_string"}],"inLanguage":"vi-VN"}]}},"_links":{"self":[{"href":"https:\/\/aquarihotel.vn\/vi\/wp-json\/wp\/v2\/pages\/1357"}],"collection":[{"href":"https:\/\/aquarihotel.vn\/vi\/wp-json\/wp\/v2\/pages"}],"about":[{"href":"https:\/\/aquarihotel.vn\/vi\/wp-json\/wp\/v2\/types\/page"}],"author":[{"embeddable":true,"href":"https:\/\/aquarihotel.vn\/vi\/wp-json\/wp\/v2\/users\/148"}],"replies":[{"embeddable":true,"href":"https:\/\/aquarihotel.vn\/vi\/wp-json\/wp\/v2\/comments?post=1357"}],"version-history":[{"count":4,"href":"https:\/\/aquarihotel.vn\/vi\/wp-json\/wp\/v2\/pages\/1357\/revisions"}],"predecessor-version":[{"id":1473,"href":"https:\/\/aquarihotel.vn\/vi\/wp-json\/wp\/v2\/pages\/1357\/revisions\/1473"}],"up":[{"embeddable":true,"href":"https:\/\/aquarihotel.vn\/vi\/wp-json\/wp\/v2\/pages\/240"}],"wp:featuredmedia":[{"embeddable":true,"href":"https:\/\/aquarihotel.vn\/vi\/wp-json\/wp\/v2\/media\/1402"}],"wp:attachment":[{"href":"https:\/\/aquarihotel.vn\/vi\/wp-json\/wp\/v2\/media?parent=1357"}],"curies":[{"name":"wp","href":"https:\/\/api.w.org\/{rel}","templated":true}]}}