{"id":187,"date":"2019-12-16T04:10:13","date_gmt":"2019-12-16T04:10:13","guid":{"rendered":"http:\/\/aquarihotel.ms.decms.asia\/our-rooms\/"},"modified":"2026-04-07T09:14:03","modified_gmt":"2026-04-07T09:14:03","slug":"our-rooms","status":"publish","type":"page","link":"https:\/\/aquarihotel.vn\/vi\/our-rooms\/","title":{"rendered":"Ph\u00f2ng l\u01b0u tr\u00fa"},"content":{"rendered":"<p>H\u1ec7 th\u1ed1ng 90 ph\u00f2ng l\u01b0u tr\u00fa t\u1ea1i Aquari c\u00f3 s\u1ef1 th\u1ed1ng nh\u1ea5t h\u00e0i h\u00f2a v\u1ec1 ki\u1ebfn tr\u00fac m\u1edf c\u00f9ng c\u1eeda s\u1ed5 r\u1ed9ng \u0111\u00f3n \u00e1nh s\u00e1ng t\u1ef1 nhi\u00ean v\u00e0 n\u1ed9i th\u1ea5t t\u00f4ng g\u1ed7 ch\u1ee7 \u0111\u1ea1o s\u1ebd mang \u0111\u1ebfn cho qu\u00fd kh\u00e1ch nh\u1eefng gi\u00e2y ph\u00fat th\u01b0 th\u00e1i trong kh\u00f4ng gian \u1ea5m c\u00fang nh\u01b0ng v\u1eabn ti\u1ec7n nghi. V\u1edbi ph\u01b0\u01a1ng ch\u00e2m \u201cGi\u1ea5c ng\u1ee7 l\u00e0 th\u1ee9 qu\u00fd gi\u00e1\u201d, qu\u00fd kh\u00e1ch s\u1ebd \u0111\u01b0\u1ee3c t\u1eadn h\u01b0\u1edfng s\u1ef1 tho\u1ea3i m\u00e1i b\u1eadc nh\u1ea5t tr\u00ean chi\u1ebfc gi\u01b0\u1eddng r\u1ed9ng r\u00e3i v\u00e0 \u00eam \u00e1i.<\/p>\n<p>Nh\u1eadn ph\u00f2ng: 2 gi\u1edd chi\u1ec1u<br \/>\nTr\u1ea3 ph\u00f2ng: 12 gi\u1edd tr\u01b0a<\/p>\n<p><strong>\u0110\u1eb7t ph\u00f2ng tr\u1ef1c ti\u1ebfp ngay t\u1ea1i aquarihotel.vn \u0111\u1ec3 t\u1eadn h\u01b0\u1edfng \u01b0u \u0111\u00e3i gi\u1ea3m 10% v\u1edbi m\u00e3 khuy\u1ebfn m\u00e3i: StayWithUs10.<\/strong><\/p>\n","protected":false},"excerpt":{"rendered":"<p>H\u1ec7 th\u1ed1ng 90 ph\u00f2ng l\u01b0u tr\u00fa t\u1ea1i Aquari c\u00f3 s\u1ef1 th\u1ed1ng nh\u1ea5t h\u00e0i h\u00f2a v\u1ec1 ki\u1ebfn tr\u00fac m\u1edf c\u00f9ng c\u1eeda s\u1ed5 r\u1ed9ng \u0111\u00f3n \u00e1nh s\u00e1ng t\u1ef1 nhi\u00ean v\u00e0 n\u1ed9i th\u1ea5t t\u00f4ng g\u1ed7 ch\u1ee7 \u0111\u1ea1o s\u1ebd mang \u0111\u1ebfn cho qu\u00fd kh\u00e1ch nh\u1eefng gi\u00e2y ph\u00fat th\u01b0 th\u00e1i trong kh\u00f4ng gian \u1ea5m c\u00fang nh\u01b0ng v\u1eabn ti\u1ec7n nghi. V\u1edbi [&hellip;]<\/p>\n","protected":false},"author":32,"featured_media":120,"parent":0,"menu_order":0,"comment_status":"closed","ping_status":"closed","template":"template-rooms.php","meta":{"footnotes":""},"yoast_head":"<!-- This site is optimized with the Yoast SEO plugin v22.3 - https:\/\/yoast.com\/wordpress\/plugins\/seo\/ -->\n<title>Ph\u00f2ng l\u01b0u tr\u00fa - Aquari Hotel<\/title>\n<meta name=\"robots\" content=\"index, follow, max-snippet:-1, max-image-preview:large, max-video-preview:-1\" \/>\n<link rel=\"canonical\" href=\"https:\/\/aquarihotel.vn\/vi\/our-rooms\/\" \/>\n<meta property=\"og:locale\" content=\"vi_VN\" \/>\n<meta property=\"og:type\" content=\"article\" \/>\n<meta property=\"og:title\" content=\"Ph\u00f2ng l\u01b0u tr\u00fa - Aquari Hotel\" \/>\n<meta property=\"og:description\" content=\"H\u1ec7 th\u1ed1ng 90 ph\u00f2ng l\u01b0u tr\u00fa t\u1ea1i Aquari c\u00f3 s\u1ef1 th\u1ed1ng nh\u1ea5t h\u00e0i h\u00f2a v\u1ec1 ki\u1ebfn tr\u00fac m\u1edf c\u00f9ng c\u1eeda s\u1ed5 r\u1ed9ng \u0111\u00f3n \u00e1nh s\u00e1ng t\u1ef1 nhi\u00ean v\u00e0 n\u1ed9i th\u1ea5t t\u00f4ng g\u1ed7 ch\u1ee7 \u0111\u1ea1o s\u1ebd mang \u0111\u1ebfn cho qu\u00fd kh\u00e1ch nh\u1eefng gi\u00e2y ph\u00fat th\u01b0 th\u00e1i trong kh\u00f4ng gian \u1ea5m c\u00fang nh\u01b0ng v\u1eabn ti\u1ec7n nghi. V\u1edbi [&hellip;]\" \/>\n<meta property=\"og:url\" content=\"https:\/\/aquarihotel.vn\/vi\/our-rooms\/\" \/>\n<meta property=\"og:site_name\" content=\"Aquari Hotel\" \/>\n<meta property=\"article:modified_time\" content=\"2026-04-07T09:14:03+00:00\" \/>\n<meta property=\"og:image\" content=\"https:\/\/aquarihotel.vn\/wp-content\/uploads\/sites\/67\/2019\/12\/TOM9787-1.jpg\" \/>\n\t<meta property=\"og:image:width\" content=\"1200\" \/>\n\t<meta property=\"og:image:height\" content=\"675\" \/>\n\t<meta property=\"og:image:type\" content=\"image\/jpeg\" \/>\n<meta name=\"twitter:card\" content=\"summary_large_image\" \/>\n<meta name=\"twitter:label1\" content=\"Est. reading time\" \/>\n\t<meta name=\"twitter:data1\" content=\"1 minute\" \/>\n<script type=\"application\/ld+json\" class=\"yoast-schema-graph\">{\"@context\":\"https:\/\/schema.org\",\"@graph\":[{\"@type\":\"WebPage\",\"@id\":\"https:\/\/aquarihotel.vn\/vi\/our-rooms\/\",\"url\":\"https:\/\/aquarihotel.vn\/vi\/our-rooms\/\",\"name\":\"Ph\u00f2ng l\u01b0u tr\u00fa - Aquari Hotel\",\"isPartOf\":{\"@id\":\"https:\/\/aquarihotel.vn\/vi\/#website\"},\"primaryImageOfPage\":{\"@id\":\"https:\/\/aquarihotel.vn\/vi\/our-rooms\/#primaryimage\"},\"image\":{\"@id\":\"https:\/\/aquarihotel.vn\/vi\/our-rooms\/#primaryimage\"},\"thumbnailUrl\":\"https:\/\/aquarihotel.vn\/wp-content\/uploads\/sites\/67\/2019\/12\/TOM9787-1.jpg\",\"datePublished\":\"2019-12-16T04:10:13+00:00\",\"dateModified\":\"2026-04-07T09:14:03+00:00\",\"breadcrumb\":{\"@id\":\"https:\/\/aquarihotel.vn\/vi\/our-rooms\/#breadcrumb\"},\"inLanguage\":\"vi-VN\",\"potentialAction\":[{\"@type\":\"ReadAction\",\"target\":[\"https:\/\/aquarihotel.vn\/vi\/our-rooms\/\"]}]},{\"@type\":\"ImageObject\",\"inLanguage\":\"vi-VN\",\"@id\":\"https:\/\/aquarihotel.vn\/vi\/our-rooms\/#primaryimage\",\"url\":\"https:\/\/aquarihotel.vn\/wp-content\/uploads\/sites\/67\/2019\/12\/TOM9787-1.jpg\",\"contentUrl\":\"https:\/\/aquarihotel.vn\/wp-content\/uploads\/sites\/67\/2019\/12\/TOM9787-1.jpg\",\"width\":1200,\"height\":675},{\"@type\":\"BreadcrumbList\",\"@id\":\"https:\/\/aquarihotel.vn\/vi\/our-rooms\/#breadcrumb\",\"itemListElement\":[{\"@type\":\"ListItem\",\"position\":1,\"name\":\"Home\",\"item\":\"https:\/\/aquarihotel.vn\/vi\/\"},{\"@type\":\"ListItem\",\"position\":2,\"name\":\"Ph\u00f2ng l\u01b0u tr\u00fa\"}]},{\"@type\":\"WebSite\",\"@id\":\"https:\/\/aquarihotel.vn\/vi\/#website\",\"url\":\"https:\/\/aquarihotel.vn\/vi\/\",\"name\":\"Aquari Hotel\",\"description\":\"Aquari Hotel | STAY WITH US, FEEL LIKE HOME\",\"potentialAction\":[{\"@type\":\"SearchAction\",\"target\":{\"@type\":\"EntryPoint\",\"urlTemplate\":\"https:\/\/aquarihotel.vn\/vi\/?s={search_term_string}\"},\"query-input\":\"required name=search_term_string\"}],\"inLanguage\":\"vi-VN\"}]}<\/script>\n<!-- \/ Yoast SEO plugin. -->","yoast_head_json":{"title":"Ph\u00f2ng l\u01b0u tr\u00fa - Aquari Hotel","robots":{"index":"index","follow":"follow","max-snippet":"max-snippet:-1","max-image-preview":"max-image-preview:large","max-video-preview":"max-video-preview:-1"},"canonical":"https:\/\/aquarihotel.vn\/vi\/our-rooms\/","og_locale":"vi_VN","og_type":"article","og_title":"Ph\u00f2ng l\u01b0u tr\u00fa - Aquari Hotel","og_description":"H\u1ec7 th\u1ed1ng 90 ph\u00f2ng l\u01b0u tr\u00fa t\u1ea1i Aquari c\u00f3 s\u1ef1 th\u1ed1ng nh\u1ea5t h\u00e0i h\u00f2a v\u1ec1 ki\u1ebfn tr\u00fac m\u1edf c\u00f9ng c\u1eeda s\u1ed5 r\u1ed9ng \u0111\u00f3n \u00e1nh s\u00e1ng t\u1ef1 nhi\u00ean v\u00e0 n\u1ed9i th\u1ea5t t\u00f4ng g\u1ed7 ch\u1ee7 \u0111\u1ea1o s\u1ebd mang \u0111\u1ebfn cho qu\u00fd kh\u00e1ch nh\u1eefng gi\u00e2y ph\u00fat th\u01b0 th\u00e1i trong kh\u00f4ng gian \u1ea5m c\u00fang nh\u01b0ng v\u1eabn ti\u1ec7n nghi. V\u1edbi [&hellip;]","og_url":"https:\/\/aquarihotel.vn\/vi\/our-rooms\/","og_site_name":"Aquari Hotel","article_modified_time":"2026-04-07T09:14:03+00:00","og_image":[{"width":1200,"height":675,"url":"https:\/\/aquarihotel.vn\/wp-content\/uploads\/sites\/67\/2019\/12\/TOM9787-1.jpg","type":"image\/jpeg"}],"twitter_card":"summary_large_image","twitter_misc":{"Est. reading time":"1 minute"},"schema":{"@context":"https:\/\/schema.org","@graph":[{"@type":"WebPage","@id":"https:\/\/aquarihotel.vn\/vi\/our-rooms\/","url":"https:\/\/aquarihotel.vn\/vi\/our-rooms\/","name":"Ph\u00f2ng l\u01b0u tr\u00fa - Aquari Hotel","isPartOf":{"@id":"https:\/\/aquarihotel.vn\/vi\/#website"},"primaryImageOfPage":{"@id":"https:\/\/aquarihotel.vn\/vi\/our-rooms\/#primaryimage"},"image":{"@id":"https:\/\/aquarihotel.vn\/vi\/our-rooms\/#primaryimage"},"thumbnailUrl":"https:\/\/aquarihotel.vn\/wp-content\/uploads\/sites\/67\/2019\/12\/TOM9787-1.jpg","datePublished":"2019-12-16T04:10:13+00:00","dateModified":"2026-04-07T09:14:03+00:00","breadcrumb":{"@id":"https:\/\/aquarihotel.vn\/vi\/our-rooms\/#breadcrumb"},"inLanguage":"vi-VN","potentialAction":[{"@type":"ReadAction","target":["https:\/\/aquarihotel.vn\/vi\/our-rooms\/"]}]},{"@type":"ImageObject","inLanguage":"vi-VN","@id":"https:\/\/aquarihotel.vn\/vi\/our-rooms\/#primaryimage","url":"https:\/\/aquarihotel.vn\/wp-content\/uploads\/sites\/67\/2019\/12\/TOM9787-1.jpg","contentUrl":"https:\/\/aquarihotel.vn\/wp-content\/uploads\/sites\/67\/2019\/12\/TOM9787-1.jpg","width":1200,"height":675},{"@type":"BreadcrumbList","@id":"https:\/\/aquarihotel.vn\/vi\/our-rooms\/#breadcrumb","itemListElement":[{"@type":"ListItem","position":1,"name":"Home","item":"https:\/\/aquarihotel.vn\/vi\/"},{"@type":"ListItem","position":2,"name":"Ph\u00f2ng l\u01b0u tr\u00fa"}]},{"@type":"WebSite","@id":"https:\/\/aquarihotel.vn\/vi\/#website","url":"https:\/\/aquarihotel.vn\/vi\/","name":"Aquari Hotel","description":"Aquari Hotel | STAY WITH US, FEEL LIKE HOME","potentialAction":[{"@type":"SearchAction","target":{"@type":"EntryPoint","urlTemplate":"https:\/\/aquarihotel.vn\/vi\/?s={search_term_string}"},"query-input":"required name=search_term_string"}],"inLanguage":"vi-VN"}]}},"_links":{"self":[{"href":"https:\/\/aquarihotel.vn\/vi\/wp-json\/wp\/v2\/pages\/187"}],"collection":[{"href":"https:\/\/aquarihotel.vn\/vi\/wp-json\/wp\/v2\/pages"}],"about":[{"href":"https:\/\/aquarihotel.vn\/vi\/wp-json\/wp\/v2\/types\/page"}],"author":[{"embeddable":true,"href":"https:\/\/aquarihotel.vn\/vi\/wp-json\/wp\/v2\/users\/32"}],"replies":[{"embeddable":true,"href":"https:\/\/aquarihotel.vn\/vi\/wp-json\/wp\/v2\/comments?post=187"}],"version-history":[{"count":4,"href":"https:\/\/aquarihotel.vn\/vi\/wp-json\/wp\/v2\/pages\/187\/revisions"}],"predecessor-version":[{"id":1505,"href":"https:\/\/aquarihotel.vn\/vi\/wp-json\/wp\/v2\/pages\/187\/revisions\/1505"}],"wp:featuredmedia":[{"embeddable":true,"href":"https:\/\/aquarihotel.vn\/vi\/wp-json\/wp\/v2\/media\/120"}],"wp:attachment":[{"href":"https:\/\/aquarihotel.vn\/vi\/wp-json\/wp\/v2\/media?parent=187"}],"curies":[{"name":"wp","href":"https:\/\/api.w.org\/{rel}","templated":true}]}}