{"id":192,"date":"2019-12-16T04:30:33","date_gmt":"2019-12-16T04:30:33","guid":{"rendered":"http:\/\/aquarihotel.ms.decms.asia\/our-rooms\/sunrise-deluxe\/"},"modified":"2026-04-09T13:37:06","modified_gmt":"2026-04-09T13:37:06","slug":"city-view-deluxe","status":"publish","type":"page","link":"https:\/\/aquarihotel.vn\/vi\/our-rooms\/city-view-deluxe\/","title":{"rendered":"City View Deluxe"},"content":{"rendered":"<p style=\"text-align: left\">Ph\u00f2ng City View Deluxe tr\u00e0n ng\u1eadp \u00e1nh s\u00e1ng t\u1ef1 nhi\u00ean d\u1ec5 ch\u1ecbu, l\u00e0 l\u1ef1a ch\u1ecdn l\u00fd t\u01b0\u1edfng gi\u00fap Qu\u00fd kh\u00e1ch n\u1ea1p \u0111\u1ea7y n\u0103ng l\u01b0\u1ee3ng cho nh\u1eefng h\u00e0nh tr\u00ecnh th\u00fa v\u1ecb ph\u00eda tr\u01b0\u1edbc. T\u1eeb c\u1eeda s\u1ed5 h\u01b0\u1edbng v\u1ec1 trung t\u00e2m th\u00e0nh ph\u1ed1, Qu\u00fd kh\u00e1ch c\u00f3 th\u1ec3 d\u1ec5 d\u00e0ng chi\u00eam ng\u01b0\u1ee1ng nh\u1ecbp s\u1ed1ng v\u1ec1 \u0111\u00eam s\u00f4i \u0111\u1ed9ng c\u1ee7a S\u00e0i G\u00f2n. Thi\u1ebft k\u1ebf ph\u00f2ng t\u1ed1i gi\u1ea3n nh\u1eb1m t\u1ed1i \u01b0u h\u00f3a kh\u00f4ng gian v\u00e0 s\u1ef1 th\u00f4ng tho\u00e1ng, \u0111\u1ed3ng th\u1eddi v\u1eabn gi\u1eef \u0111\u01b0\u1ee3c c\u1ea3m gi\u00e1c n\u0103ng \u0111\u1ed9ng v\u00e0 hi\u1ec7n \u0111\u1ea1i. D\u00f2ng ph\u00f2ng City View Deluxe mang \u0111\u1ebfn kh\u00f4ng gian \u1ea5m \u00e1p, tr\u00e0n ng\u1eadp \u00e1nh n\u1eafng ban mai, gi\u00fap Qu\u00fd kh\u00e1ch kh\u1edfi \u0111\u1ea7u ng\u00e0y m\u1edbi m\u1ed9t c\u00e1ch tr\u00e0n \u0111\u1ea7y h\u1ee9ng kh\u1edfi.<\/p>\n<p data-start=\"793\" data-end=\"815\"><strong data-start=\"793\" data-end=\"813\">Th\u00f4ng tin ph\u00f2ng:<\/strong><\/p>\n<ul data-start=\"816\" data-end=\"993\">\n<li data-start=\"816\" data-end=\"854\">\n<p data-start=\"818\" data-end=\"854\">Di\u1ec7n t\u00edch: ~25m\u00b2 \u2013 Kh\u00f4ng h\u00fat thu\u1ed1c<\/p>\n<\/li>\n<li data-start=\"855\" data-end=\"876\">\n<p data-start=\"857\" data-end=\"876\">Gi\u01b0\u1eddng: King-size<\/p>\n<\/li>\n<li data-start=\"877\" data-end=\"914\">\n<p data-start=\"879\" data-end=\"914\">C\u1eeda s\u1ed5 l\u1edbn v\u1edbi view th\u00e0nh ph\u1ed1<\/p>\n<\/li>\n<li data-start=\"915\" data-end=\"959\">\n<p data-start=\"917\" data-end=\"959\">S\u1ee9c ch\u1ee9a t\u1ed1i \u0111a: 2 ng\u01b0\u1eddi l\u1edbn (+1 tr\u1ebb em)<\/p>\n<\/li>\n<li data-start=\"960\" data-end=\"993\">\n<p data-start=\"962\" data-end=\"993\">Bao g\u1ed3m buffet s\u00e1ng h\u1eb1ng ng\u00e0y<\/p>\n<\/li>\n<\/ul>\n","protected":false},"excerpt":{"rendered":"<p>Ph\u00f2ng City View Deluxe tr\u00e0n ng\u1eadp \u00e1nh s\u00e1ng t\u1ef1 nhi\u00ean d\u1ec5 ch\u1ecbu, l\u00e0 l\u1ef1a ch\u1ecdn l\u00fd t\u01b0\u1edfng gi\u00fap Qu\u00fd kh\u00e1ch n\u1ea1p \u0111\u1ea7y n\u0103ng l\u01b0\u1ee3ng cho nh\u1eefng h\u00e0nh tr\u00ecnh th\u00fa v\u1ecb ph\u00eda tr\u01b0\u1edbc. T\u1eeb c\u1eeda s\u1ed5 h\u01b0\u1edbng v\u1ec1 trung t\u00e2m th\u00e0nh ph\u1ed1, Qu\u00fd kh\u00e1ch c\u00f3 th\u1ec3 d\u1ec5 d\u00e0ng chi\u00eam ng\u01b0\u1ee1ng nh\u1ecbp s\u1ed1ng v\u1ec1 \u0111\u00eam s\u00f4i \u0111\u1ed9ng [&hellip;]<\/p>\n","protected":false},"author":32,"featured_media":579,"parent":187,"menu_order":0,"comment_status":"closed","ping_status":"closed","template":"template-single-room.php","meta":{"footnotes":""},"yoast_head":"<!-- This site is optimized with the Yoast SEO plugin v22.3 - https:\/\/yoast.com\/wordpress\/plugins\/seo\/ -->\n<title>City View Deluxe - Aquari Hotel<\/title>\n<meta name=\"robots\" content=\"index, follow, max-snippet:-1, max-image-preview:large, max-video-preview:-1\" \/>\n<link rel=\"canonical\" href=\"https:\/\/aquarihotel.vn\/vi\/our-rooms\/city-view-deluxe\/\" \/>\n<meta property=\"og:locale\" content=\"vi_VN\" \/>\n<meta property=\"og:type\" content=\"article\" \/>\n<meta property=\"og:title\" content=\"City View Deluxe - Aquari Hotel\" \/>\n<meta property=\"og:description\" content=\"Ph\u00f2ng City View Deluxe tr\u00e0n ng\u1eadp \u00e1nh s\u00e1ng t\u1ef1 nhi\u00ean d\u1ec5 ch\u1ecbu, l\u00e0 l\u1ef1a ch\u1ecdn l\u00fd t\u01b0\u1edfng gi\u00fap Qu\u00fd kh\u00e1ch n\u1ea1p \u0111\u1ea7y n\u0103ng l\u01b0\u1ee3ng cho nh\u1eefng h\u00e0nh tr\u00ecnh th\u00fa v\u1ecb ph\u00eda tr\u01b0\u1edbc. T\u1eeb c\u1eeda s\u1ed5 h\u01b0\u1edbng v\u1ec1 trung t\u00e2m th\u00e0nh ph\u1ed1, Qu\u00fd kh\u00e1ch c\u00f3 th\u1ec3 d\u1ec5 d\u00e0ng chi\u00eam ng\u01b0\u1ee1ng nh\u1ecbp s\u1ed1ng v\u1ec1 \u0111\u00eam s\u00f4i \u0111\u1ed9ng [&hellip;]\" \/>\n<meta property=\"og:url\" content=\"https:\/\/aquarihotel.vn\/vi\/our-rooms\/city-view-deluxe\/\" \/>\n<meta property=\"og:site_name\" content=\"Aquari Hotel\" \/>\n<meta property=\"article:modified_time\" content=\"2026-04-09T13:37:06+00:00\" \/>\n<meta property=\"og:image\" content=\"https:\/\/aquarihotel.vn\/wp-content\/uploads\/sites\/67\/2021\/04\/TOM9782.jpg\" \/>\n\t<meta property=\"og:image:width\" content=\"2200\" \/>\n\t<meta property=\"og:image:height\" content=\"1200\" \/>\n\t<meta property=\"og:image:type\" content=\"image\/jpeg\" \/>\n<meta name=\"twitter:card\" content=\"summary_large_image\" \/>\n<meta name=\"twitter:label1\" content=\"Est. reading time\" \/>\n\t<meta name=\"twitter:data1\" content=\"1 minute\" \/>\n<script type=\"application\/ld+json\" class=\"yoast-schema-graph\">{\"@context\":\"https:\/\/schema.org\",\"@graph\":[{\"@type\":\"WebPage\",\"@id\":\"https:\/\/aquarihotel.vn\/vi\/our-rooms\/city-view-deluxe\/\",\"url\":\"https:\/\/aquarihotel.vn\/vi\/our-rooms\/city-view-deluxe\/\",\"name\":\"City View Deluxe - Aquari Hotel\",\"isPartOf\":{\"@id\":\"https:\/\/aquarihotel.vn\/vi\/#website\"},\"primaryImageOfPage\":{\"@id\":\"https:\/\/aquarihotel.vn\/vi\/our-rooms\/city-view-deluxe\/#primaryimage\"},\"image\":{\"@id\":\"https:\/\/aquarihotel.vn\/vi\/our-rooms\/city-view-deluxe\/#primaryimage\"},\"thumbnailUrl\":\"https:\/\/aquarihotel.vn\/wp-content\/uploads\/sites\/67\/2021\/04\/TOM9782.jpg\",\"datePublished\":\"2019-12-16T04:30:33+00:00\",\"dateModified\":\"2026-04-09T13:37:06+00:00\",\"breadcrumb\":{\"@id\":\"https:\/\/aquarihotel.vn\/vi\/our-rooms\/city-view-deluxe\/#breadcrumb\"},\"inLanguage\":\"vi-VN\",\"potentialAction\":[{\"@type\":\"ReadAction\",\"target\":[\"https:\/\/aquarihotel.vn\/vi\/our-rooms\/city-view-deluxe\/\"]}]},{\"@type\":\"ImageObject\",\"inLanguage\":\"vi-VN\",\"@id\":\"https:\/\/aquarihotel.vn\/vi\/our-rooms\/city-view-deluxe\/#primaryimage\",\"url\":\"https:\/\/aquarihotel.vn\/wp-content\/uploads\/sites\/67\/2021\/04\/TOM9782.jpg\",\"contentUrl\":\"https:\/\/aquarihotel.vn\/wp-content\/uploads\/sites\/67\/2021\/04\/TOM9782.jpg\",\"width\":2200,\"height\":1200},{\"@type\":\"BreadcrumbList\",\"@id\":\"https:\/\/aquarihotel.vn\/vi\/our-rooms\/city-view-deluxe\/#breadcrumb\",\"itemListElement\":[{\"@type\":\"ListItem\",\"position\":1,\"name\":\"Home\",\"item\":\"https:\/\/aquarihotel.vn\/vi\/\"},{\"@type\":\"ListItem\",\"position\":2,\"name\":\"Ph\u00f2ng l\u01b0u tr\u00fa\",\"item\":\"https:\/\/aquarihotel.vn\/vi\/our-rooms\/\"},{\"@type\":\"ListItem\",\"position\":3,\"name\":\"City View Deluxe\"}]},{\"@type\":\"WebSite\",\"@id\":\"https:\/\/aquarihotel.vn\/vi\/#website\",\"url\":\"https:\/\/aquarihotel.vn\/vi\/\",\"name\":\"Aquari Hotel\",\"description\":\"Aquari Hotel | STAY WITH US, FEEL LIKE HOME\",\"potentialAction\":[{\"@type\":\"SearchAction\",\"target\":{\"@type\":\"EntryPoint\",\"urlTemplate\":\"https:\/\/aquarihotel.vn\/vi\/?s={search_term_string}\"},\"query-input\":\"required name=search_term_string\"}],\"inLanguage\":\"vi-VN\"}]}<\/script>\n<!-- \/ Yoast SEO plugin. -->","yoast_head_json":{"title":"City View Deluxe - Aquari Hotel","robots":{"index":"index","follow":"follow","max-snippet":"max-snippet:-1","max-image-preview":"max-image-preview:large","max-video-preview":"max-video-preview:-1"},"canonical":"https:\/\/aquarihotel.vn\/vi\/our-rooms\/city-view-deluxe\/","og_locale":"vi_VN","og_type":"article","og_title":"City View Deluxe - Aquari Hotel","og_description":"Ph\u00f2ng City View Deluxe tr\u00e0n ng\u1eadp \u00e1nh s\u00e1ng t\u1ef1 nhi\u00ean d\u1ec5 ch\u1ecbu, l\u00e0 l\u1ef1a ch\u1ecdn l\u00fd t\u01b0\u1edfng gi\u00fap Qu\u00fd kh\u00e1ch n\u1ea1p \u0111\u1ea7y n\u0103ng l\u01b0\u1ee3ng cho nh\u1eefng h\u00e0nh tr\u00ecnh th\u00fa v\u1ecb ph\u00eda tr\u01b0\u1edbc. T\u1eeb c\u1eeda s\u1ed5 h\u01b0\u1edbng v\u1ec1 trung t\u00e2m th\u00e0nh ph\u1ed1, Qu\u00fd kh\u00e1ch c\u00f3 th\u1ec3 d\u1ec5 d\u00e0ng chi\u00eam ng\u01b0\u1ee1ng nh\u1ecbp s\u1ed1ng v\u1ec1 \u0111\u00eam s\u00f4i \u0111\u1ed9ng [&hellip;]","og_url":"https:\/\/aquarihotel.vn\/vi\/our-rooms\/city-view-deluxe\/","og_site_name":"Aquari Hotel","article_modified_time":"2026-04-09T13:37:06+00:00","og_image":[{"width":2200,"height":1200,"url":"https:\/\/aquarihotel.vn\/wp-content\/uploads\/sites\/67\/2021\/04\/TOM9782.jpg","type":"image\/jpeg"}],"twitter_card":"summary_large_image","twitter_misc":{"Est. reading time":"1 minute"},"schema":{"@context":"https:\/\/schema.org","@graph":[{"@type":"WebPage","@id":"https:\/\/aquarihotel.vn\/vi\/our-rooms\/city-view-deluxe\/","url":"https:\/\/aquarihotel.vn\/vi\/our-rooms\/city-view-deluxe\/","name":"City View Deluxe - Aquari Hotel","isPartOf":{"@id":"https:\/\/aquarihotel.vn\/vi\/#website"},"primaryImageOfPage":{"@id":"https:\/\/aquarihotel.vn\/vi\/our-rooms\/city-view-deluxe\/#primaryimage"},"image":{"@id":"https:\/\/aquarihotel.vn\/vi\/our-rooms\/city-view-deluxe\/#primaryimage"},"thumbnailUrl":"https:\/\/aquarihotel.vn\/wp-content\/uploads\/sites\/67\/2021\/04\/TOM9782.jpg","datePublished":"2019-12-16T04:30:33+00:00","dateModified":"2026-04-09T13:37:06+00:00","breadcrumb":{"@id":"https:\/\/aquarihotel.vn\/vi\/our-rooms\/city-view-deluxe\/#breadcrumb"},"inLanguage":"vi-VN","potentialAction":[{"@type":"ReadAction","target":["https:\/\/aquarihotel.vn\/vi\/our-rooms\/city-view-deluxe\/"]}]},{"@type":"ImageObject","inLanguage":"vi-VN","@id":"https:\/\/aquarihotel.vn\/vi\/our-rooms\/city-view-deluxe\/#primaryimage","url":"https:\/\/aquarihotel.vn\/wp-content\/uploads\/sites\/67\/2021\/04\/TOM9782.jpg","contentUrl":"https:\/\/aquarihotel.vn\/wp-content\/uploads\/sites\/67\/2021\/04\/TOM9782.jpg","width":2200,"height":1200},{"@type":"BreadcrumbList","@id":"https:\/\/aquarihotel.vn\/vi\/our-rooms\/city-view-deluxe\/#breadcrumb","itemListElement":[{"@type":"ListItem","position":1,"name":"Home","item":"https:\/\/aquarihotel.vn\/vi\/"},{"@type":"ListItem","position":2,"name":"Ph\u00f2ng l\u01b0u tr\u00fa","item":"https:\/\/aquarihotel.vn\/vi\/our-rooms\/"},{"@type":"ListItem","position":3,"name":"City View Deluxe"}]},{"@type":"WebSite","@id":"https:\/\/aquarihotel.vn\/vi\/#website","url":"https:\/\/aquarihotel.vn\/vi\/","name":"Aquari Hotel","description":"Aquari Hotel | STAY WITH US, FEEL LIKE HOME","potentialAction":[{"@type":"SearchAction","target":{"@type":"EntryPoint","urlTemplate":"https:\/\/aquarihotel.vn\/vi\/?s={search_term_string}"},"query-input":"required name=search_term_string"}],"inLanguage":"vi-VN"}]}},"_links":{"self":[{"href":"https:\/\/aquarihotel.vn\/vi\/wp-json\/wp\/v2\/pages\/192"}],"collection":[{"href":"https:\/\/aquarihotel.vn\/vi\/wp-json\/wp\/v2\/pages"}],"about":[{"href":"https:\/\/aquarihotel.vn\/vi\/wp-json\/wp\/v2\/types\/page"}],"author":[{"embeddable":true,"href":"https:\/\/aquarihotel.vn\/vi\/wp-json\/wp\/v2\/users\/32"}],"replies":[{"embeddable":true,"href":"https:\/\/aquarihotel.vn\/vi\/wp-json\/wp\/v2\/comments?post=192"}],"version-history":[{"count":4,"href":"https:\/\/aquarihotel.vn\/vi\/wp-json\/wp\/v2\/pages\/192\/revisions"}],"predecessor-version":[{"id":1530,"href":"https:\/\/aquarihotel.vn\/vi\/wp-json\/wp\/v2\/pages\/192\/revisions\/1530"}],"up":[{"embeddable":true,"href":"https:\/\/aquarihotel.vn\/vi\/wp-json\/wp\/v2\/pages\/187"}],"wp:featuredmedia":[{"embeddable":true,"href":"https:\/\/aquarihotel.vn\/vi\/wp-json\/wp\/v2\/media\/579"}],"wp:attachment":[{"href":"https:\/\/aquarihotel.vn\/vi\/wp-json\/wp\/v2\/media?parent=192"}],"curies":[{"name":"wp","href":"https:\/\/api.w.org\/{rel}","templated":true}]}}