{"id":195,"date":"2019-12-16T04:36:22","date_gmt":"2019-12-16T04:36:22","guid":{"rendered":"http:\/\/aquarihotel.ms.decms.asia\/our-rooms\/river-view-deluxe\/"},"modified":"2026-04-09T13:41:44","modified_gmt":"2026-04-09T13:41:44","slug":"river-view-deluxe","status":"publish","type":"page","link":"https:\/\/aquarihotel.vn\/vi\/our-rooms\/river-view-deluxe\/","title":{"rendered":"River View Deluxe"},"content":{"rendered":"<p data-start=\"186\" data-end=\"694\">Ph\u00f2ng River View Deluxe mang \u0111\u1ebfn cho Qu\u00fd kh\u00e1ch c\u01a1 h\u1ed9i \u0111\u1eafm m\u00ecnh trong v\u1ebb \u0111\u1eb9p c\u1ee7a s\u00f4ng S\u00e0i G\u00f2n c\u00f9ng khung c\u1ea3nh \u0111\u00f4 th\u1ecb hi\u1ec7n \u0111\u1ea1i \u0111ang ph\u00e1t tri\u1ec3n, th\u00f4ng qua \u00f4 c\u1eeda s\u1ed5 r\u1ed9ng tho\u00e1ng. V\u1edbi di\u1ec7n t\u00edch t\u1eeb 24\u201326 m\u00b2, c\u0103n ph\u00f2ng tr\u00e0n ng\u1eadp \u00e1nh s\u00e1ng t\u1ef1 nhi\u00ean v\u00e0 s\u1edf h\u1eefu t\u1ea7m nh\u00ecn \u1ea5n t\u01b0\u1ee3ng, mang l\u1ea1i c\u1ea3m gi\u00e1c th\u01b0 th\u00e1i v\u00e0 tr\u00e0n \u0111\u1ea7y n\u0103ng l\u01b0\u1ee3ng. M\u1ed7i g\u00f3c trong ph\u00f2ng \u0111\u1ec1u \u0111\u01b0\u1ee3c ch\u0103m ch\u00fat t\u1ec9 m\u1ec9, t\u1eeb n\u1ed9i th\u1ea5t g\u1ed7 \u0111\u01b0\u1ee3c ho\u00e0n thi\u1ec7n tinh t\u1ebf, \u00e1nh s\u00e1ng \u1ea5m \u00e1p \u0111\u1ebfn h\u1ec7 th\u1ed1ng ti\u1ec7n nghi \u0111\u1ea7y \u0111\u1ee7 \u2014 t\u1ea5t c\u1ea3 h\u00f2a quy\u1ec7n t\u1ea1o n\u00ean kh\u00f4ng gian quen thu\u1ed9c, \u1ea5m c\u00fang v\u00e0 thanh l\u1ecbch.<\/p>\n<p data-start=\"696\" data-end=\"718\"><strong data-start=\"696\" data-end=\"716\">Th\u00f4ng tin ph\u00f2ng:<\/strong><\/p>\n<ul data-start=\"719\" data-end=\"985\">\n<li data-start=\"719\" data-end=\"759\">\n<p data-start=\"721\" data-end=\"759\">Di\u1ec7n t\u00edch: 24\u201326m\u00b2 \u2013 Kh\u00f4ng h\u00fat thu\u1ed1c<\/p>\n<\/li>\n<li data-start=\"760\" data-end=\"791\">\n<p data-start=\"762\" data-end=\"791\">C\u1eeda s\u1ed5 \/ H\u01b0\u1edbng s\u00f4ng S\u00e0i G\u00f2n<\/p>\n<\/li>\n<li data-start=\"792\" data-end=\"868\">\n<p data-start=\"794\" data-end=\"868\">Gi\u01b0\u1eddng: King-size (River View Deluxe) ho\u1eb7c Twin (River View Deluxe Twin)<\/p>\n<\/li>\n<li data-start=\"869\" data-end=\"913\">\n<p data-start=\"871\" data-end=\"913\">S\u1ee9c ch\u1ee9a t\u1ed1i \u0111a: 2 ng\u01b0\u1eddi l\u1edbn (+1 tr\u1ebb em)<\/p>\n<\/li>\n<li data-start=\"914\" data-end=\"985\">\n<p data-start=\"916\" data-end=\"985\">Bao g\u1ed3m buffet s\u00e1ng h\u1eb1ng ng\u00e0y<\/p>\n<\/li>\n<\/ul>\n","protected":false},"excerpt":{"rendered":"<p>Ph\u00f2ng River View Deluxe mang \u0111\u1ebfn cho Qu\u00fd kh\u00e1ch c\u01a1 h\u1ed9i \u0111\u1eafm m\u00ecnh trong v\u1ebb \u0111\u1eb9p c\u1ee7a s\u00f4ng S\u00e0i G\u00f2n c\u00f9ng khung c\u1ea3nh \u0111\u00f4 th\u1ecb hi\u1ec7n \u0111\u1ea1i \u0111ang ph\u00e1t tri\u1ec3n, th\u00f4ng qua \u00f4 c\u1eeda s\u1ed5 r\u1ed9ng tho\u00e1ng. V\u1edbi di\u1ec7n t\u00edch t\u1eeb 24\u201326 m\u00b2, c\u0103n ph\u00f2ng tr\u00e0n ng\u1eadp \u00e1nh s\u00e1ng t\u1ef1 nhi\u00ean v\u00e0 s\u1edf h\u1eefu t\u1ea7m [&hellip;]<\/p>\n","protected":false},"author":32,"featured_media":1182,"parent":187,"menu_order":0,"comment_status":"closed","ping_status":"closed","template":"","meta":{"footnotes":""},"yoast_head":"<!-- This site is optimized with the Yoast SEO plugin v22.3 - https:\/\/yoast.com\/wordpress\/plugins\/seo\/ -->\n<title>River View Deluxe - Aquari Hotel<\/title>\n<meta name=\"robots\" content=\"index, follow, max-snippet:-1, max-image-preview:large, max-video-preview:-1\" \/>\n<link rel=\"canonical\" href=\"https:\/\/aquarihotel.vn\/vi\/our-rooms\/river-view-deluxe\/\" \/>\n<meta property=\"og:locale\" content=\"vi_VN\" \/>\n<meta property=\"og:type\" content=\"article\" \/>\n<meta property=\"og:title\" content=\"River View Deluxe - Aquari Hotel\" \/>\n<meta property=\"og:description\" content=\"Ph\u00f2ng River View Deluxe mang \u0111\u1ebfn cho Qu\u00fd kh\u00e1ch c\u01a1 h\u1ed9i \u0111\u1eafm m\u00ecnh trong v\u1ebb \u0111\u1eb9p c\u1ee7a s\u00f4ng S\u00e0i G\u00f2n c\u00f9ng khung c\u1ea3nh \u0111\u00f4 th\u1ecb hi\u1ec7n \u0111\u1ea1i \u0111ang ph\u00e1t tri\u1ec3n, th\u00f4ng qua \u00f4 c\u1eeda s\u1ed5 r\u1ed9ng tho\u00e1ng. V\u1edbi di\u1ec7n t\u00edch t\u1eeb 24\u201326 m\u00b2, c\u0103n ph\u00f2ng tr\u00e0n ng\u1eadp \u00e1nh s\u00e1ng t\u1ef1 nhi\u00ean v\u00e0 s\u1edf h\u1eefu t\u1ea7m [&hellip;]\" \/>\n<meta property=\"og:url\" content=\"https:\/\/aquarihotel.vn\/vi\/our-rooms\/river-view-deluxe\/\" \/>\n<meta property=\"og:site_name\" content=\"Aquari Hotel\" \/>\n<meta property=\"article:modified_time\" content=\"2026-04-09T13:41:44+00:00\" \/>\n<meta property=\"og:image\" content=\"https:\/\/aquarihotel.vn\/wp-content\/uploads\/sites\/67\/2025\/12\/14.png\" \/>\n\t<meta property=\"og:image:width\" content=\"1280\" \/>\n\t<meta property=\"og:image:height\" content=\"855\" \/>\n\t<meta property=\"og:image:type\" content=\"image\/png\" \/>\n<meta name=\"twitter:card\" content=\"summary_large_image\" \/>\n<meta name=\"twitter:label1\" content=\"Est. reading time\" \/>\n\t<meta name=\"twitter:data1\" content=\"1 minute\" \/>\n<script type=\"application\/ld+json\" class=\"yoast-schema-graph\">{\"@context\":\"https:\/\/schema.org\",\"@graph\":[{\"@type\":\"WebPage\",\"@id\":\"https:\/\/aquarihotel.vn\/vi\/our-rooms\/river-view-deluxe\/\",\"url\":\"https:\/\/aquarihotel.vn\/vi\/our-rooms\/river-view-deluxe\/\",\"name\":\"River View Deluxe - Aquari Hotel\",\"isPartOf\":{\"@id\":\"https:\/\/aquarihotel.vn\/vi\/#website\"},\"primaryImageOfPage\":{\"@id\":\"https:\/\/aquarihotel.vn\/vi\/our-rooms\/river-view-deluxe\/#primaryimage\"},\"image\":{\"@id\":\"https:\/\/aquarihotel.vn\/vi\/our-rooms\/river-view-deluxe\/#primaryimage\"},\"thumbnailUrl\":\"https:\/\/aquarihotel.vn\/wp-content\/uploads\/sites\/67\/2025\/12\/14.png\",\"datePublished\":\"2019-12-16T04:36:22+00:00\",\"dateModified\":\"2026-04-09T13:41:44+00:00\",\"breadcrumb\":{\"@id\":\"https:\/\/aquarihotel.vn\/vi\/our-rooms\/river-view-deluxe\/#breadcrumb\"},\"inLanguage\":\"vi-VN\",\"potentialAction\":[{\"@type\":\"ReadAction\",\"target\":[\"https:\/\/aquarihotel.vn\/vi\/our-rooms\/river-view-deluxe\/\"]}]},{\"@type\":\"ImageObject\",\"inLanguage\":\"vi-VN\",\"@id\":\"https:\/\/aquarihotel.vn\/vi\/our-rooms\/river-view-deluxe\/#primaryimage\",\"url\":\"https:\/\/aquarihotel.vn\/wp-content\/uploads\/sites\/67\/2025\/12\/14.png\",\"contentUrl\":\"https:\/\/aquarihotel.vn\/wp-content\/uploads\/sites\/67\/2025\/12\/14.png\",\"width\":1280,\"height\":855},{\"@type\":\"BreadcrumbList\",\"@id\":\"https:\/\/aquarihotel.vn\/vi\/our-rooms\/river-view-deluxe\/#breadcrumb\",\"itemListElement\":[{\"@type\":\"ListItem\",\"position\":1,\"name\":\"Home\",\"item\":\"https:\/\/aquarihotel.vn\/vi\/\"},{\"@type\":\"ListItem\",\"position\":2,\"name\":\"Ph\u00f2ng l\u01b0u tr\u00fa\",\"item\":\"https:\/\/aquarihotel.vn\/vi\/our-rooms\/\"},{\"@type\":\"ListItem\",\"position\":3,\"name\":\"River View Deluxe\"}]},{\"@type\":\"WebSite\",\"@id\":\"https:\/\/aquarihotel.vn\/vi\/#website\",\"url\":\"https:\/\/aquarihotel.vn\/vi\/\",\"name\":\"Aquari Hotel\",\"description\":\"Aquari Hotel | STAY WITH US, FEEL LIKE HOME\",\"potentialAction\":[{\"@type\":\"SearchAction\",\"target\":{\"@type\":\"EntryPoint\",\"urlTemplate\":\"https:\/\/aquarihotel.vn\/vi\/?s={search_term_string}\"},\"query-input\":\"required name=search_term_string\"}],\"inLanguage\":\"vi-VN\"}]}<\/script>\n<!-- \/ Yoast SEO plugin. -->","yoast_head_json":{"title":"River View Deluxe - Aquari Hotel","robots":{"index":"index","follow":"follow","max-snippet":"max-snippet:-1","max-image-preview":"max-image-preview:large","max-video-preview":"max-video-preview:-1"},"canonical":"https:\/\/aquarihotel.vn\/vi\/our-rooms\/river-view-deluxe\/","og_locale":"vi_VN","og_type":"article","og_title":"River View Deluxe - Aquari Hotel","og_description":"Ph\u00f2ng River View Deluxe mang \u0111\u1ebfn cho Qu\u00fd kh\u00e1ch c\u01a1 h\u1ed9i \u0111\u1eafm m\u00ecnh trong v\u1ebb \u0111\u1eb9p c\u1ee7a s\u00f4ng S\u00e0i G\u00f2n c\u00f9ng khung c\u1ea3nh \u0111\u00f4 th\u1ecb hi\u1ec7n \u0111\u1ea1i \u0111ang ph\u00e1t tri\u1ec3n, th\u00f4ng qua \u00f4 c\u1eeda s\u1ed5 r\u1ed9ng tho\u00e1ng. V\u1edbi di\u1ec7n t\u00edch t\u1eeb 24\u201326 m\u00b2, c\u0103n ph\u00f2ng tr\u00e0n ng\u1eadp \u00e1nh s\u00e1ng t\u1ef1 nhi\u00ean v\u00e0 s\u1edf h\u1eefu t\u1ea7m [&hellip;]","og_url":"https:\/\/aquarihotel.vn\/vi\/our-rooms\/river-view-deluxe\/","og_site_name":"Aquari Hotel","article_modified_time":"2026-04-09T13:41:44+00:00","og_image":[{"width":1280,"height":855,"url":"https:\/\/aquarihotel.vn\/wp-content\/uploads\/sites\/67\/2025\/12\/14.png","type":"image\/png"}],"twitter_card":"summary_large_image","twitter_misc":{"Est. reading time":"1 minute"},"schema":{"@context":"https:\/\/schema.org","@graph":[{"@type":"WebPage","@id":"https:\/\/aquarihotel.vn\/vi\/our-rooms\/river-view-deluxe\/","url":"https:\/\/aquarihotel.vn\/vi\/our-rooms\/river-view-deluxe\/","name":"River View Deluxe - Aquari Hotel","isPartOf":{"@id":"https:\/\/aquarihotel.vn\/vi\/#website"},"primaryImageOfPage":{"@id":"https:\/\/aquarihotel.vn\/vi\/our-rooms\/river-view-deluxe\/#primaryimage"},"image":{"@id":"https:\/\/aquarihotel.vn\/vi\/our-rooms\/river-view-deluxe\/#primaryimage"},"thumbnailUrl":"https:\/\/aquarihotel.vn\/wp-content\/uploads\/sites\/67\/2025\/12\/14.png","datePublished":"2019-12-16T04:36:22+00:00","dateModified":"2026-04-09T13:41:44+00:00","breadcrumb":{"@id":"https:\/\/aquarihotel.vn\/vi\/our-rooms\/river-view-deluxe\/#breadcrumb"},"inLanguage":"vi-VN","potentialAction":[{"@type":"ReadAction","target":["https:\/\/aquarihotel.vn\/vi\/our-rooms\/river-view-deluxe\/"]}]},{"@type":"ImageObject","inLanguage":"vi-VN","@id":"https:\/\/aquarihotel.vn\/vi\/our-rooms\/river-view-deluxe\/#primaryimage","url":"https:\/\/aquarihotel.vn\/wp-content\/uploads\/sites\/67\/2025\/12\/14.png","contentUrl":"https:\/\/aquarihotel.vn\/wp-content\/uploads\/sites\/67\/2025\/12\/14.png","width":1280,"height":855},{"@type":"BreadcrumbList","@id":"https:\/\/aquarihotel.vn\/vi\/our-rooms\/river-view-deluxe\/#breadcrumb","itemListElement":[{"@type":"ListItem","position":1,"name":"Home","item":"https:\/\/aquarihotel.vn\/vi\/"},{"@type":"ListItem","position":2,"name":"Ph\u00f2ng l\u01b0u tr\u00fa","item":"https:\/\/aquarihotel.vn\/vi\/our-rooms\/"},{"@type":"ListItem","position":3,"name":"River View Deluxe"}]},{"@type":"WebSite","@id":"https:\/\/aquarihotel.vn\/vi\/#website","url":"https:\/\/aquarihotel.vn\/vi\/","name":"Aquari Hotel","description":"Aquari Hotel | STAY WITH US, FEEL LIKE HOME","potentialAction":[{"@type":"SearchAction","target":{"@type":"EntryPoint","urlTemplate":"https:\/\/aquarihotel.vn\/vi\/?s={search_term_string}"},"query-input":"required name=search_term_string"}],"inLanguage":"vi-VN"}]}},"_links":{"self":[{"href":"https:\/\/aquarihotel.vn\/vi\/wp-json\/wp\/v2\/pages\/195"}],"collection":[{"href":"https:\/\/aquarihotel.vn\/vi\/wp-json\/wp\/v2\/pages"}],"about":[{"href":"https:\/\/aquarihotel.vn\/vi\/wp-json\/wp\/v2\/types\/page"}],"author":[{"embeddable":true,"href":"https:\/\/aquarihotel.vn\/vi\/wp-json\/wp\/v2\/users\/32"}],"replies":[{"embeddable":true,"href":"https:\/\/aquarihotel.vn\/vi\/wp-json\/wp\/v2\/comments?post=195"}],"version-history":[{"count":4,"href":"https:\/\/aquarihotel.vn\/vi\/wp-json\/wp\/v2\/pages\/195\/revisions"}],"predecessor-version":[{"id":1532,"href":"https:\/\/aquarihotel.vn\/vi\/wp-json\/wp\/v2\/pages\/195\/revisions\/1532"}],"up":[{"embeddable":true,"href":"https:\/\/aquarihotel.vn\/vi\/wp-json\/wp\/v2\/pages\/187"}],"wp:featuredmedia":[{"embeddable":true,"href":"https:\/\/aquarihotel.vn\/vi\/wp-json\/wp\/v2\/media\/1182"}],"wp:attachment":[{"href":"https:\/\/aquarihotel.vn\/vi\/wp-json\/wp\/v2\/media?parent=195"}],"curies":[{"name":"wp","href":"https:\/\/api.w.org\/{rel}","templated":true}]}}