{"id":198,"date":"2019-12-16T04:38:16","date_gmt":"2019-12-16T04:38:16","guid":{"rendered":"http:\/\/aquarihotel.ms.decms.asia\/our-rooms\/royal-suite\/"},"modified":"2026-04-09T13:44:42","modified_gmt":"2026-04-09T13:44:42","slug":"premier-deluxe","status":"publish","type":"page","link":"https:\/\/aquarihotel.vn\/vi\/our-rooms\/premier-deluxe\/","title":{"rendered":"Premier Deluxe"},"content":{"rendered":"<p data-start=\"177\" data-end=\"745\">Ph\u00f2ng Premier Deluxe l\u00e0 l\u1ef1a ch\u1ecdn y\u00eau th\u00edch c\u1ee7a nh\u1eefng Qu\u00fd kh\u00e1ch mong mu\u1ed1n t\u1eadn h\u01b0\u1edfng kho\u1ea3ng th\u1eddi gian \u00fd ngh\u0129a b\u00ean gia \u0111\u00ecnh, v\u1edbi kh\u00f4ng gian r\u1ed9ng r\u00e3i v\u00e0 sofa g\u00f3c \u00eam \u00e1i. \u0110\u01b0\u1ee3c thi\u1ebft k\u1ebf theo phong c\u00e1ch \u0111\u01a1n gi\u1ea3n nh\u01b0ng v\u1eabn sang tr\u1ecdng v\u00e0 tinh t\u1ebf\u2014\u0111\u00fang nh\u01b0 t\u00ean g\u1ecdi \u201cPremier\u201d\u2014c\u0103n ph\u00f2ng \u0111\u1ec1 cao s\u1ef1 tho\u00e1ng \u0111\u00e3ng v\u00e0 y\u00ean t\u0129nh.<\/p>\n<p data-start=\"747\" data-end=\"769\"><strong data-start=\"747\" data-end=\"767\">Th\u00f4ng tin ph\u00f2ng:<\/strong><\/p>\n<ul data-start=\"770\" data-end=\"1057\">\n<li data-start=\"770\" data-end=\"807\">\n<p data-start=\"772\" data-end=\"807\">Di\u1ec7n t\u00edch: 40m\u00b2 \u2013 Kh\u00f4ng h\u00fat thu\u1ed1c<\/p>\n<\/li>\n<li data-start=\"808\" data-end=\"903\">\n<p data-start=\"810\" data-end=\"903\">Gi\u01b0\u1eddng: King-size (Premier Deluxe) ho\u1eb7c King-size &amp; Twin (Premier Deluxe Triple) \u2013 Sofa g\u00f3c<\/p>\n<\/li>\n<li data-start=\"904\" data-end=\"940\">\n<p data-start=\"906\" data-end=\"940\">C\u1eeda s\u1ed5 l\u1edbn \u0111\u00f3n \u00e1nh s\u00e1ng t\u1ef1 nhi\u00ean<\/p>\n<\/li>\n<li data-start=\"941\" data-end=\"985\">\n<p data-start=\"943\" data-end=\"985\">S\u1ee9c ch\u1ee9a t\u1ed1i \u0111a: 2 ng\u01b0\u1eddi l\u1edbn (+2 tr\u1ebb em)<\/p>\n<\/li>\n<li data-start=\"986\" data-end=\"1057\">\n<p data-start=\"988\" data-end=\"1057\">Bao g\u1ed3m buffet s\u00e1ng h\u1eb1ng ng\u00e0y<\/p>\n<\/li>\n<\/ul>\n","protected":false},"excerpt":{"rendered":"<p>Ph\u00f2ng Premier Deluxe l\u00e0 l\u1ef1a ch\u1ecdn y\u00eau th\u00edch c\u1ee7a nh\u1eefng Qu\u00fd kh\u00e1ch mong mu\u1ed1n t\u1eadn h\u01b0\u1edfng kho\u1ea3ng th\u1eddi gian \u00fd ngh\u0129a b\u00ean gia \u0111\u00ecnh, v\u1edbi kh\u00f4ng gian r\u1ed9ng r\u00e3i v\u00e0 sofa g\u00f3c \u00eam \u00e1i. \u0110\u01b0\u1ee3c thi\u1ebft k\u1ebf theo phong c\u00e1ch \u0111\u01a1n gi\u1ea3n nh\u01b0ng v\u1eabn sang tr\u1ecdng v\u00e0 tinh t\u1ebf\u2014\u0111\u00fang nh\u01b0 t\u00ean g\u1ecdi \u201cPremier\u201d\u2014c\u0103n ph\u00f2ng \u0111\u1ec1 [&hellip;]<\/p>\n","protected":false},"author":32,"featured_media":1204,"parent":187,"menu_order":0,"comment_status":"closed","ping_status":"closed","template":"template-single-room.php","meta":{"footnotes":""},"yoast_head":"<!-- This site is optimized with the Yoast SEO plugin v22.3 - https:\/\/yoast.com\/wordpress\/plugins\/seo\/ -->\n<title>Hotel District 1 Ho Chi Minh City | Business Hotel Saigon - Aquari Hotel<\/title>\n<meta name=\"description\" content=\"Find yourself a good hotel in District 1 Ho Chi Minh City to enjoy your vacation to the best. Good deals for hotel is available here. Business Hotel Saigon\" \/>\n<meta name=\"robots\" content=\"index, follow, max-snippet:-1, max-image-preview:large, max-video-preview:-1\" \/>\n<link rel=\"canonical\" href=\"https:\/\/aquarihotel.vn\/vi\/our-rooms\/premier-deluxe\/\" \/>\n<meta property=\"og:locale\" content=\"vi_VN\" \/>\n<meta property=\"og:type\" content=\"article\" \/>\n<meta property=\"og:title\" content=\"Hotel District 1 Ho Chi Minh City | Business Hotel Saigon - Aquari Hotel\" \/>\n<meta property=\"og:description\" content=\"Find yourself a good hotel in District 1 Ho Chi Minh City to enjoy your vacation to the best. Good deals for hotel is available here. Business Hotel Saigon\" \/>\n<meta property=\"og:url\" content=\"https:\/\/aquarihotel.vn\/vi\/our-rooms\/premier-deluxe\/\" \/>\n<meta property=\"og:site_name\" content=\"Aquari Hotel\" \/>\n<meta property=\"article:modified_time\" content=\"2026-04-09T13:44:42+00:00\" \/>\n<meta property=\"og:image\" content=\"https:\/\/aquarihotel.vn\/wp-content\/uploads\/sites\/67\/2025\/12\/TOM9849-copy.jpg\" \/>\n\t<meta property=\"og:image:width\" content=\"2021\" \/>\n\t<meta property=\"og:image:height\" content=\"1200\" \/>\n\t<meta property=\"og:image:type\" content=\"image\/jpeg\" \/>\n<meta name=\"twitter:card\" content=\"summary_large_image\" \/>\n<meta name=\"twitter:label1\" content=\"Est. reading time\" \/>\n\t<meta name=\"twitter:data1\" content=\"1 minute\" \/>\n<script type=\"application\/ld+json\" class=\"yoast-schema-graph\">{\"@context\":\"https:\/\/schema.org\",\"@graph\":[{\"@type\":\"WebPage\",\"@id\":\"https:\/\/aquarihotel.vn\/vi\/our-rooms\/premier-deluxe\/\",\"url\":\"https:\/\/aquarihotel.vn\/vi\/our-rooms\/premier-deluxe\/\",\"name\":\"Hotel District 1 Ho Chi Minh City | Business Hotel Saigon - Aquari Hotel\",\"isPartOf\":{\"@id\":\"https:\/\/aquarihotel.vn\/vi\/#website\"},\"primaryImageOfPage\":{\"@id\":\"https:\/\/aquarihotel.vn\/vi\/our-rooms\/premier-deluxe\/#primaryimage\"},\"image\":{\"@id\":\"https:\/\/aquarihotel.vn\/vi\/our-rooms\/premier-deluxe\/#primaryimage\"},\"thumbnailUrl\":\"https:\/\/aquarihotel.vn\/wp-content\/uploads\/sites\/67\/2025\/12\/TOM9849-copy.jpg\",\"datePublished\":\"2019-12-16T04:38:16+00:00\",\"dateModified\":\"2026-04-09T13:44:42+00:00\",\"description\":\"Find yourself a good hotel in District 1 Ho Chi Minh City to enjoy your vacation to the best. Good deals for hotel is available here. Business Hotel Saigon\",\"breadcrumb\":{\"@id\":\"https:\/\/aquarihotel.vn\/vi\/our-rooms\/premier-deluxe\/#breadcrumb\"},\"inLanguage\":\"vi-VN\",\"potentialAction\":[{\"@type\":\"ReadAction\",\"target\":[\"https:\/\/aquarihotel.vn\/vi\/our-rooms\/premier-deluxe\/\"]}]},{\"@type\":\"ImageObject\",\"inLanguage\":\"vi-VN\",\"@id\":\"https:\/\/aquarihotel.vn\/vi\/our-rooms\/premier-deluxe\/#primaryimage\",\"url\":\"https:\/\/aquarihotel.vn\/wp-content\/uploads\/sites\/67\/2025\/12\/TOM9849-copy.jpg\",\"contentUrl\":\"https:\/\/aquarihotel.vn\/wp-content\/uploads\/sites\/67\/2025\/12\/TOM9849-copy.jpg\",\"width\":2021,\"height\":1200},{\"@type\":\"BreadcrumbList\",\"@id\":\"https:\/\/aquarihotel.vn\/vi\/our-rooms\/premier-deluxe\/#breadcrumb\",\"itemListElement\":[{\"@type\":\"ListItem\",\"position\":1,\"name\":\"Home\",\"item\":\"https:\/\/aquarihotel.vn\/vi\/\"},{\"@type\":\"ListItem\",\"position\":2,\"name\":\"Ph\u00f2ng l\u01b0u tr\u00fa\",\"item\":\"https:\/\/aquarihotel.vn\/vi\/our-rooms\/\"},{\"@type\":\"ListItem\",\"position\":3,\"name\":\"Premier Deluxe\"}]},{\"@type\":\"WebSite\",\"@id\":\"https:\/\/aquarihotel.vn\/vi\/#website\",\"url\":\"https:\/\/aquarihotel.vn\/vi\/\",\"name\":\"Aquari Hotel\",\"description\":\"Aquari Hotel | STAY WITH US, FEEL LIKE HOME\",\"potentialAction\":[{\"@type\":\"SearchAction\",\"target\":{\"@type\":\"EntryPoint\",\"urlTemplate\":\"https:\/\/aquarihotel.vn\/vi\/?s={search_term_string}\"},\"query-input\":\"required name=search_term_string\"}],\"inLanguage\":\"vi-VN\"}]}<\/script>\n<!-- \/ Yoast SEO plugin. -->","yoast_head_json":{"title":"Hotel District 1 Ho Chi Minh City | Business Hotel Saigon - Aquari Hotel","description":"Find yourself a good hotel in District 1 Ho Chi Minh City to enjoy your vacation to the best. Good deals for hotel is available here. Business Hotel Saigon","robots":{"index":"index","follow":"follow","max-snippet":"max-snippet:-1","max-image-preview":"max-image-preview:large","max-video-preview":"max-video-preview:-1"},"canonical":"https:\/\/aquarihotel.vn\/vi\/our-rooms\/premier-deluxe\/","og_locale":"vi_VN","og_type":"article","og_title":"Hotel District 1 Ho Chi Minh City | Business Hotel Saigon - Aquari Hotel","og_description":"Find yourself a good hotel in District 1 Ho Chi Minh City to enjoy your vacation to the best. Good deals for hotel is available here. Business Hotel Saigon","og_url":"https:\/\/aquarihotel.vn\/vi\/our-rooms\/premier-deluxe\/","og_site_name":"Aquari Hotel","article_modified_time":"2026-04-09T13:44:42+00:00","og_image":[{"width":2021,"height":1200,"url":"https:\/\/aquarihotel.vn\/wp-content\/uploads\/sites\/67\/2025\/12\/TOM9849-copy.jpg","type":"image\/jpeg"}],"twitter_card":"summary_large_image","twitter_misc":{"Est. reading time":"1 minute"},"schema":{"@context":"https:\/\/schema.org","@graph":[{"@type":"WebPage","@id":"https:\/\/aquarihotel.vn\/vi\/our-rooms\/premier-deluxe\/","url":"https:\/\/aquarihotel.vn\/vi\/our-rooms\/premier-deluxe\/","name":"Hotel District 1 Ho Chi Minh City | Business Hotel Saigon - Aquari Hotel","isPartOf":{"@id":"https:\/\/aquarihotel.vn\/vi\/#website"},"primaryImageOfPage":{"@id":"https:\/\/aquarihotel.vn\/vi\/our-rooms\/premier-deluxe\/#primaryimage"},"image":{"@id":"https:\/\/aquarihotel.vn\/vi\/our-rooms\/premier-deluxe\/#primaryimage"},"thumbnailUrl":"https:\/\/aquarihotel.vn\/wp-content\/uploads\/sites\/67\/2025\/12\/TOM9849-copy.jpg","datePublished":"2019-12-16T04:38:16+00:00","dateModified":"2026-04-09T13:44:42+00:00","description":"Find yourself a good hotel in District 1 Ho Chi Minh City to enjoy your vacation to the best. Good deals for hotel is available here. Business Hotel Saigon","breadcrumb":{"@id":"https:\/\/aquarihotel.vn\/vi\/our-rooms\/premier-deluxe\/#breadcrumb"},"inLanguage":"vi-VN","potentialAction":[{"@type":"ReadAction","target":["https:\/\/aquarihotel.vn\/vi\/our-rooms\/premier-deluxe\/"]}]},{"@type":"ImageObject","inLanguage":"vi-VN","@id":"https:\/\/aquarihotel.vn\/vi\/our-rooms\/premier-deluxe\/#primaryimage","url":"https:\/\/aquarihotel.vn\/wp-content\/uploads\/sites\/67\/2025\/12\/TOM9849-copy.jpg","contentUrl":"https:\/\/aquarihotel.vn\/wp-content\/uploads\/sites\/67\/2025\/12\/TOM9849-copy.jpg","width":2021,"height":1200},{"@type":"BreadcrumbList","@id":"https:\/\/aquarihotel.vn\/vi\/our-rooms\/premier-deluxe\/#breadcrumb","itemListElement":[{"@type":"ListItem","position":1,"name":"Home","item":"https:\/\/aquarihotel.vn\/vi\/"},{"@type":"ListItem","position":2,"name":"Ph\u00f2ng l\u01b0u tr\u00fa","item":"https:\/\/aquarihotel.vn\/vi\/our-rooms\/"},{"@type":"ListItem","position":3,"name":"Premier Deluxe"}]},{"@type":"WebSite","@id":"https:\/\/aquarihotel.vn\/vi\/#website","url":"https:\/\/aquarihotel.vn\/vi\/","name":"Aquari Hotel","description":"Aquari Hotel | STAY WITH US, FEEL LIKE HOME","potentialAction":[{"@type":"SearchAction","target":{"@type":"EntryPoint","urlTemplate":"https:\/\/aquarihotel.vn\/vi\/?s={search_term_string}"},"query-input":"required name=search_term_string"}],"inLanguage":"vi-VN"}]}},"_links":{"self":[{"href":"https:\/\/aquarihotel.vn\/vi\/wp-json\/wp\/v2\/pages\/198"}],"collection":[{"href":"https:\/\/aquarihotel.vn\/vi\/wp-json\/wp\/v2\/pages"}],"about":[{"href":"https:\/\/aquarihotel.vn\/vi\/wp-json\/wp\/v2\/types\/page"}],"author":[{"embeddable":true,"href":"https:\/\/aquarihotel.vn\/vi\/wp-json\/wp\/v2\/users\/32"}],"replies":[{"embeddable":true,"href":"https:\/\/aquarihotel.vn\/vi\/wp-json\/wp\/v2\/comments?post=198"}],"version-history":[{"count":4,"href":"https:\/\/aquarihotel.vn\/vi\/wp-json\/wp\/v2\/pages\/198\/revisions"}],"predecessor-version":[{"id":1534,"href":"https:\/\/aquarihotel.vn\/vi\/wp-json\/wp\/v2\/pages\/198\/revisions\/1534"}],"up":[{"embeddable":true,"href":"https:\/\/aquarihotel.vn\/vi\/wp-json\/wp\/v2\/pages\/187"}],"wp:featuredmedia":[{"embeddable":true,"href":"https:\/\/aquarihotel.vn\/vi\/wp-json\/wp\/v2\/media\/1204"}],"wp:attachment":[{"href":"https:\/\/aquarihotel.vn\/vi\/wp-json\/wp\/v2\/media?parent=198"}],"curies":[{"name":"wp","href":"https:\/\/api.w.org\/{rel}","templated":true}]}}