{"id":20,"date":"2019-12-12T08:41:10","date_gmt":"2019-12-12T08:41:10","guid":{"rendered":"http:\/\/aquarihotel.ms.decms.asia\/home-page\/"},"modified":"2026-03-17T02:10:40","modified_gmt":"2026-03-17T02:10:40","slug":"home-page","status":"publish","type":"page","link":"https:\/\/aquarihotel.vn\/vi\/","title":{"rendered":"Ch\u00e0o m\u1eebng Qu\u00fd Kh\u00e1ch \u0111\u1ebfn v\u1edbi Kh\u00e1ch s\u1ea1n Aquari!"},"content":{"rendered":"<p>Aquari Hotel t\u1ef1 h\u00e0o l\u00e0 m\u1ed9t kh\u00e1ch s\u1ea1n cao c\u1ea5p to\u1ea1 l\u1ea1c tr\u00ean \u0111\u01b0\u1eddng Thi S\u00e1ch y\u00ean b\u00ecnh ngay trung t\u00e2m Qu\u1eadn 1, Th\u00e0nh ph\u1ed1 H\u1ed3 Ch\u00ed Minh. V\u1edbi thi\u1ebft k\u1ebf tinh t\u1ebf v\u00e0 sang tr\u1ecdng, c\u00f9ng v\u1edbi view nh\u00ecn ra s\u00f4ng S\u00e0i G\u00f2n, Aquari Hotel l\u00e0 s\u1ef1 l\u1ef1a ch\u1ecdn ho\u00e0n h\u1ea3o cho chuy\u1ebfn c\u00f4ng t\u00e1c hay k\u1ef3 ngh\u1ec9 th\u01b0 gi\u00e3n c\u00f9ng ng\u01b0\u1eddi th\u00e2n c\u1ee7a Qu\u00fd Kh\u00e1ch.<\/p>\n<p>Aquari Hotel c\u00f3 90 ph\u00f2ng v\u1edbi d\u00e3y ph\u00f2ng r\u1ed9ng r\u00e3i, \u0111\u1ea7y \u0111\u1ee7 ti\u1ec7n nghi, mang \u0111\u1ebfn cho qu\u00fd kh\u00e1ch m\u1ed9t gi\u1ea5c ng\u1ee7 \u0111\u00eam y\u00ean b\u00ecnh v\u00e0 tho\u1ea3i m\u00e1i. M\u1ed7i ph\u00f2ng \u0111\u1ec1u \u0111\u01b0\u1ee3c trang b\u1ecb nh\u1eefng ti\u1ec7n nghi h\u00e0ng \u0111\u1ea7u, bao g\u1ed3m Wi-Fi t\u1ed1c \u0111\u1ed9 cao 24\/7, c\u00f9ng b\u1eefa s\u00e1ng buffet ngon mi\u1ec7ng \u0111\u1ec3 b\u1eaft \u0111\u1ea7u ng\u00e0y m\u1edbi \u0111\u01b0\u1ee3c ph\u1ee5c v\u1ee5 b\u1edfi \u0111\u1ed9i ng\u0169 nh\u00e2n vi\u00ean t\u1eadn t\u00e2m.<\/p>\n<p>Kh\u00e1ch s\u1ea1n Aquari to\u1ea1 l\u1ea1c t\u1ea1i v\u1ecb tr\u00ed kh\u00e1 l\u00fd t\u01b0\u1edfng, gi\u00fap du kh\u00e1ch d\u1ec5 d\u00e0ng ti\u1ebfp c\u1eadn nhi\u1ec1u t\u00f2a nh\u00e0 v\u0103n ph\u00f2ng, c\u00e1c \u0111\u1ecba danh n\u1ed5i ti\u1ebfng, c\u00e1c \u0111i\u1ec3m mua s\u1eafm s\u00f4i \u0111\u1ed9ng v\u00e0 c\u00e1c nh\u00e0 h\u00e0ng khu \u1ea9m th\u1ef1c n\u1ed5i ti\u1ebfng. Ch\u1ec9 10-15 ph\u00fat \u0111i b\u1ed9, qu\u00fd kh\u00e1ch c\u00f3 th\u1ec3 kh\u00e1m ph\u00e1 c\u00e1c \u0111i\u1ec3m tham quan mang t\u00ednh bi\u1ec3u t\u01b0\u1ee3ng nh\u01b0 Ch\u1ee3 B\u1ebfn Th\u00e0nh, trung t\u00e2m mua s\u1eafm Vincom, Trung t\u00e2m Saigon Center, Th\u00e1p t\u00e0i ch\u00ednh Bitexco, B\u1ebfn B\u1ea1ch \u0110\u1eb1ng, C\u1ea7u Ba son, c\u0169ng nh\u01b0 c\u00e1c \u0111\u1ecba \u0111i\u1ec3m c\u00f3 \u00fd ngh\u0129a l\u1ecbch s\u1eed nh\u01b0 B\u01b0u \u0111i\u1ec7n Trung t\u00e2m, Nh\u00e0 th\u1edd \u0110\u1ee9c B\u00e0 v\u00e0 Dinh Th\u1ed1ng Nh\u1ea5t\u2026<\/p>\n<p>Nh\u1eefng qu\u00fd kh\u00e1ch y\u00eau th\u00edch \u1ea9m th\u1ef1c s\u1ebd h\u00e0i l\u00f2ng v\u1edbi c\u00e1c l\u1ef1a ch\u1ecdn \u1ea9m th\u1ef1c \u0111a d\u1ea1ng g\u1ea7n c\u1ea1nh Aquari Hotel. T\u1eeb nh\u1eefng m\u00f3n ngon c\u1ee7a Vi\u1ec7t Nam, cho \u0111\u1ebfn m\u00f3n \u0103n chua m\u1eb7n n\u1ed3ng Brazil h\u1ea5p d\u1eabn, hay \u1ea9m th\u1ef1c Nh\u1eadt B\u1ea3n tinh t\u1ebf v\u00e0 H\u1ed3ng K\u00f4ng \u0111\u1ea7y h\u01b0\u01a1ng v\u1ecb\u2026qu\u00fd kh\u00e1ch s\u1ebd t\u00ecm th\u1ea5y v\u00f4 s\u1ed1 l\u1ef1a ch\u1ecdn \u0111\u1ec3 th\u1ecfa m\u00e3n kh\u1ea9u v\u1ecb c\u1ee7a m\u00ecnh ch\u1ec9 v\u1edbi v\u00e0i b\u01b0\u1edbc ch\u00e2n. H\u01a1n n\u1eefa, qu\u00fd kh\u00e1ch c\u00f3 th\u1ec3 kh\u00e1m ph\u00e1 &#8220;cu\u1ed9c s\u1ed1ng v\u1ec1 \u0111\u00eam&#8221; n\u1ed5i ti\u1ebfng v\u1edbi ph\u1ed1 t\u00e2y B\u00f9i Vi\u1ec7n ch\u1ec9 c\u00e1ch \u0111\u00f3 20 ph\u00fat. \u0110\u1ec3 c\u00f3 tr\u1ea3i nghi\u1ec7m tinh t\u1ebf h\u01a1n, qu\u00fd kh\u00e1ch c\u00f3 th\u1ec3 th\u01b0\u1edfng th\u1ee9c c\u00e1c qu\u00e1n bar tr\u00ean \u0111\u01b0\u1eddng Hai B\u00e0 Tr\u01b0ng, ch\u1ec9 c\u00e1ch kh\u00e1ch s\u1ea1n c\u1ee7a ch\u00fang t\u00f4i v\u00e0i ph\u00fat.<\/p>\n<p>T\u1ea1i Aquari Hotel, ch\u00fang t\u00f4i tu\u00e2n theo tri\u1ebft l\u00fd &#8220;Mang l\u1ea1i s\u1ef1 tho\u1ea3i m\u00e1i nh\u01b0 \u1edf nh\u00e0&#8221; v\u00e0 ch\u00fang t\u00f4i mong mu\u1ed1n mang \u0111\u1ebfn s\u1ef1 h\u00e0i l\u00f2ng cho qu\u00fd kh\u00e1ch trong su\u1ed1t th\u1eddi gian l\u01b0u tr\u00fa. Ngo\u00e0i ph\u00f2ng l\u01b0u tr\u00fa, Aquari Hotel c\u00f2n c\u00f3 c\u00e1c nh\u00e0 h\u00e0ng Spring v\u00e0 The9 C\u00e0f\u00e9 \u0111\u1ec3 ph\u1ee5c v\u1ee5 qu\u00fd kh\u00e1ch ngay t\u1ea1i kh\u00e1ch s\u1ea1n. Ch\u00fang t\u00f4i c\u0169ng cung c\u1ea5p kh\u00f4ng gian t\u1ed5 ch\u1ee9c ti\u1ec7c v\u00e0 c\u00e1c cu\u1ed9c h\u1ecdp, v\u1edbi settings linh ho\u1ea1t c\u00f3 th\u1ec3 ch\u1ee9a t\u1edbi 70 kh\u00e1ch, ho\u00e0n ch\u1ec9nh v\u1edbi thi\u1ebft b\u1ecb c\u00f4ng ngh\u1ec7 v\u00e0 h\u1ec7 th\u1ed1ng nghe nh\u00ecn hi\u1ec7n \u0111\u1ea1i. Ngo\u00e0i ra, ch\u00fang t\u00f4i c\u0169ng cung c\u1ea5p catering \u0111\u1ec3 s\u1eb5n s\u00e0ng ph\u1ee5c v\u1ee5 c\u00e1c bu\u1ed5i meeting d\u00e0i, \u0111\u1ea3m b\u1ea3o tr\u1ea3i nghi\u1ec7m li\u1ec1n m\u1ea1ch v\u00e0 hi\u1ec7u qu\u1ea3 cho c\u00e1c s\u1ef1 ki\u1ec7n c\u1ee7a c\u00f4ng ty qu\u00fd kh\u00e1ch.<\/p>\n<p>H\u00e3y tr\u1ea3i nghi\u1ec7m s\u1ef1 tho\u1ea3i m\u00e1i v\u00e0 ti\u1ec7n l\u1ee3i v\u00f4 c\u00f9ng t\u1ea1i Aquari Hotel. \u0110\u1eb7t ph\u00f2ng cho k\u1ef3 ngh\u1ec9 c\u1ee7a qu\u00fd kh\u00e1ch v\u1edbi ch\u00fang t\u00f4i ngay h\u00f4m nay v\u00e0 kh\u00e1m ph\u00e1 s\u1ef1 sang tr\u1ecdng v\u00e0 hi\u1ebfu kh\u00e1ch b\u1eadc nh\u1ea5t t\u1ea1i Th\u00e0nh ph\u1ed1 H\u1ed3 Ch\u00ed Minh.<\/p>\n","protected":false},"excerpt":{"rendered":"<p>Aquari Hotel t\u1ef1 h\u00e0o l\u00e0 m\u1ed9t kh\u00e1ch s\u1ea1n cao c\u1ea5p to\u1ea1 l\u1ea1c tr\u00ean \u0111\u01b0\u1eddng Thi S\u00e1ch y\u00ean b\u00ecnh ngay trung t\u00e2m Qu\u1eadn 1, Th\u00e0nh ph\u1ed1 H\u1ed3 Ch\u00ed Minh. V\u1edbi thi\u1ebft k\u1ebf tinh t\u1ebf v\u00e0 sang tr\u1ecdng, c\u00f9ng v\u1edbi view nh\u00ecn ra s\u00f4ng S\u00e0i G\u00f2n, Aquari Hotel l\u00e0 s\u1ef1 l\u1ef1a ch\u1ecdn ho\u00e0n h\u1ea3o cho chuy\u1ebfn c\u00f4ng [&hellip;]<\/p>\n","protected":false},"author":32,"featured_media":8,"parent":0,"menu_order":0,"comment_status":"closed","ping_status":"closed","template":"","meta":{"footnotes":""},"yoast_head":"<!-- This site is optimized with the Yoast SEO plugin v22.3 - https:\/\/yoast.com\/wordpress\/plugins\/seo\/ -->\n<title>Kh\u00e1ch s\u1ea1n Qu\u1eadn 1 Th\u00e0nh ph\u1ed1 H\u1ed3 Ch\u00ed Minh - Aquari Hotel<\/title>\n<meta name=\"description\" content=\"Kh\u00e1ch s\u1ea1n t\u1ea1i 9A-9B Thi S\u00e1ch trung t\u00e2m Qu\u1eadn 1 Th\u00e0nh ph\u1ed1 H\u1ed3 Ch\u00ed Minh g\u1ed3m ph\u00f2ng ngh\u1ec9 v\u00e0 ph\u00f2ng h\u1ecdp ph\u00f9 h\u1ee3p cho chuy\u1ebfn c\u00f4ng t\u00e1c \u0111\u1ebfn Qu\u1eadn 1 Th\u00e0nh ph\u1ed1 H\u1ed3 Ch\u00ed Minh\" \/>\n<meta name=\"robots\" content=\"index, follow, max-snippet:-1, max-image-preview:large, max-video-preview:-1\" \/>\n<link rel=\"canonical\" href=\"https:\/\/aquarihotel.vn\/vi\/\" \/>\n<meta property=\"og:locale\" content=\"vi_VN\" \/>\n<meta property=\"og:type\" content=\"article\" \/>\n<meta property=\"og:title\" content=\"Kh\u00e1ch s\u1ea1n Qu\u1eadn 1 Th\u00e0nh ph\u1ed1 H\u1ed3 Ch\u00ed Minh - Aquari Hotel\" \/>\n<meta property=\"og:description\" content=\"Kh\u00e1ch s\u1ea1n t\u1ea1i 9A-9B Thi S\u00e1ch trung t\u00e2m Qu\u1eadn 1 Th\u00e0nh ph\u1ed1 H\u1ed3 Ch\u00ed Minh g\u1ed3m ph\u00f2ng ngh\u1ec9 v\u00e0 ph\u00f2ng h\u1ecdp ph\u00f9 h\u1ee3p cho chuy\u1ebfn c\u00f4ng t\u00e1c \u0111\u1ebfn Qu\u1eadn 1 Th\u00e0nh ph\u1ed1 H\u1ed3 Ch\u00ed Minh\" \/>\n<meta property=\"og:url\" content=\"https:\/\/aquarihotel.vn\/vi\/\" \/>\n<meta property=\"og:site_name\" content=\"Aquari Hotel\" \/>\n<meta property=\"article:modified_time\" content=\"2026-03-17T02:10:40+00:00\" \/>\n<meta property=\"og:image\" content=\"https:\/\/aquarihotel.vn\/wp-content\/uploads\/sites\/67\/2019\/12\/TOM9967.jpg\" \/>\n\t<meta property=\"og:image:width\" content=\"1200\" \/>\n\t<meta property=\"og:image:height\" content=\"675\" \/>\n\t<meta property=\"og:image:type\" content=\"image\/jpeg\" \/>\n<meta name=\"twitter:card\" content=\"summary_large_image\" \/>\n<meta name=\"twitter:label1\" content=\"Est. reading time\" \/>\n\t<meta name=\"twitter:data1\" content=\"3 minutes\" \/>\n<script type=\"application\/ld+json\" class=\"yoast-schema-graph\">{\"@context\":\"https:\/\/schema.org\",\"@graph\":[{\"@type\":\"WebPage\",\"@id\":\"https:\/\/aquarihotel.vn\/vi\/\",\"url\":\"https:\/\/aquarihotel.vn\/vi\/\",\"name\":\"Kh\u00e1ch s\u1ea1n Qu\u1eadn 1 Th\u00e0nh ph\u1ed1 H\u1ed3 Ch\u00ed Minh - Aquari Hotel\",\"isPartOf\":{\"@id\":\"https:\/\/aquarihotel.vn\/vi\/#website\"},\"primaryImageOfPage\":{\"@id\":\"https:\/\/aquarihotel.vn\/vi\/#primaryimage\"},\"image\":{\"@id\":\"https:\/\/aquarihotel.vn\/vi\/#primaryimage\"},\"thumbnailUrl\":\"https:\/\/aquarihotel.vn\/wp-content\/uploads\/sites\/67\/2019\/12\/TOM9967.jpg\",\"datePublished\":\"2019-12-12T08:41:10+00:00\",\"dateModified\":\"2026-03-17T02:10:40+00:00\",\"description\":\"Kh\u00e1ch s\u1ea1n t\u1ea1i 9A-9B Thi S\u00e1ch trung t\u00e2m Qu\u1eadn 1 Th\u00e0nh ph\u1ed1 H\u1ed3 Ch\u00ed Minh g\u1ed3m ph\u00f2ng ngh\u1ec9 v\u00e0 ph\u00f2ng h\u1ecdp ph\u00f9 h\u1ee3p cho chuy\u1ebfn c\u00f4ng t\u00e1c \u0111\u1ebfn Qu\u1eadn 1 Th\u00e0nh ph\u1ed1 H\u1ed3 Ch\u00ed Minh\",\"breadcrumb\":{\"@id\":\"https:\/\/aquarihotel.vn\/vi\/#breadcrumb\"},\"inLanguage\":\"vi-VN\",\"potentialAction\":[{\"@type\":\"ReadAction\",\"target\":[\"https:\/\/aquarihotel.vn\/vi\/\"]}]},{\"@type\":\"ImageObject\",\"inLanguage\":\"vi-VN\",\"@id\":\"https:\/\/aquarihotel.vn\/vi\/#primaryimage\",\"url\":\"https:\/\/aquarihotel.vn\/wp-content\/uploads\/sites\/67\/2019\/12\/TOM9967.jpg\",\"contentUrl\":\"https:\/\/aquarihotel.vn\/wp-content\/uploads\/sites\/67\/2019\/12\/TOM9967.jpg\",\"width\":1200,\"height\":675},{\"@type\":\"BreadcrumbList\",\"@id\":\"https:\/\/aquarihotel.vn\/vi\/#breadcrumb\",\"itemListElement\":[{\"@type\":\"ListItem\",\"position\":1,\"name\":\"Home\",\"item\":\"https:\/\/aquarihotel.vn\/vi\/\"},{\"@type\":\"ListItem\",\"position\":2,\"name\":\"Ch\u00e0o m\u1eebng Qu\u00fd Kh\u00e1ch \u0111\u1ebfn v\u1edbi Kh\u00e1ch s\u1ea1n Aquari!\"}]},{\"@type\":\"WebSite\",\"@id\":\"https:\/\/aquarihotel.vn\/vi\/#website\",\"url\":\"https:\/\/aquarihotel.vn\/vi\/\",\"name\":\"Aquari Hotel\",\"description\":\"Aquari Hotel | STAY WITH US, FEEL LIKE HOME\",\"potentialAction\":[{\"@type\":\"SearchAction\",\"target\":{\"@type\":\"EntryPoint\",\"urlTemplate\":\"https:\/\/aquarihotel.vn\/vi\/?s={search_term_string}\"},\"query-input\":\"required name=search_term_string\"}],\"inLanguage\":\"vi-VN\"}]}<\/script>\n<!-- \/ Yoast SEO plugin. -->","yoast_head_json":{"title":"Kh\u00e1ch s\u1ea1n Qu\u1eadn 1 Th\u00e0nh ph\u1ed1 H\u1ed3 Ch\u00ed Minh - Aquari Hotel","description":"Kh\u00e1ch s\u1ea1n t\u1ea1i 9A-9B Thi S\u00e1ch trung t\u00e2m Qu\u1eadn 1 Th\u00e0nh ph\u1ed1 H\u1ed3 Ch\u00ed Minh g\u1ed3m ph\u00f2ng ngh\u1ec9 v\u00e0 ph\u00f2ng h\u1ecdp ph\u00f9 h\u1ee3p cho chuy\u1ebfn c\u00f4ng t\u00e1c \u0111\u1ebfn Qu\u1eadn 1 Th\u00e0nh ph\u1ed1 H\u1ed3 Ch\u00ed Minh","robots":{"index":"index","follow":"follow","max-snippet":"max-snippet:-1","max-image-preview":"max-image-preview:large","max-video-preview":"max-video-preview:-1"},"canonical":"https:\/\/aquarihotel.vn\/vi\/","og_locale":"vi_VN","og_type":"article","og_title":"Kh\u00e1ch s\u1ea1n Qu\u1eadn 1 Th\u00e0nh ph\u1ed1 H\u1ed3 Ch\u00ed Minh - Aquari Hotel","og_description":"Kh\u00e1ch s\u1ea1n t\u1ea1i 9A-9B Thi S\u00e1ch trung t\u00e2m Qu\u1eadn 1 Th\u00e0nh ph\u1ed1 H\u1ed3 Ch\u00ed Minh g\u1ed3m ph\u00f2ng ngh\u1ec9 v\u00e0 ph\u00f2ng h\u1ecdp ph\u00f9 h\u1ee3p cho chuy\u1ebfn c\u00f4ng t\u00e1c \u0111\u1ebfn Qu\u1eadn 1 Th\u00e0nh ph\u1ed1 H\u1ed3 Ch\u00ed Minh","og_url":"https:\/\/aquarihotel.vn\/vi\/","og_site_name":"Aquari Hotel","article_modified_time":"2026-03-17T02:10:40+00:00","og_image":[{"width":1200,"height":675,"url":"https:\/\/aquarihotel.vn\/wp-content\/uploads\/sites\/67\/2019\/12\/TOM9967.jpg","type":"image\/jpeg"}],"twitter_card":"summary_large_image","twitter_misc":{"Est. reading time":"3 minutes"},"schema":{"@context":"https:\/\/schema.org","@graph":[{"@type":"WebPage","@id":"https:\/\/aquarihotel.vn\/vi\/","url":"https:\/\/aquarihotel.vn\/vi\/","name":"Kh\u00e1ch s\u1ea1n Qu\u1eadn 1 Th\u00e0nh ph\u1ed1 H\u1ed3 Ch\u00ed Minh - Aquari Hotel","isPartOf":{"@id":"https:\/\/aquarihotel.vn\/vi\/#website"},"primaryImageOfPage":{"@id":"https:\/\/aquarihotel.vn\/vi\/#primaryimage"},"image":{"@id":"https:\/\/aquarihotel.vn\/vi\/#primaryimage"},"thumbnailUrl":"https:\/\/aquarihotel.vn\/wp-content\/uploads\/sites\/67\/2019\/12\/TOM9967.jpg","datePublished":"2019-12-12T08:41:10+00:00","dateModified":"2026-03-17T02:10:40+00:00","description":"Kh\u00e1ch s\u1ea1n t\u1ea1i 9A-9B Thi S\u00e1ch trung t\u00e2m Qu\u1eadn 1 Th\u00e0nh ph\u1ed1 H\u1ed3 Ch\u00ed Minh g\u1ed3m ph\u00f2ng ngh\u1ec9 v\u00e0 ph\u00f2ng h\u1ecdp ph\u00f9 h\u1ee3p cho chuy\u1ebfn c\u00f4ng t\u00e1c \u0111\u1ebfn Qu\u1eadn 1 Th\u00e0nh ph\u1ed1 H\u1ed3 Ch\u00ed Minh","breadcrumb":{"@id":"https:\/\/aquarihotel.vn\/vi\/#breadcrumb"},"inLanguage":"vi-VN","potentialAction":[{"@type":"ReadAction","target":["https:\/\/aquarihotel.vn\/vi\/"]}]},{"@type":"ImageObject","inLanguage":"vi-VN","@id":"https:\/\/aquarihotel.vn\/vi\/#primaryimage","url":"https:\/\/aquarihotel.vn\/wp-content\/uploads\/sites\/67\/2019\/12\/TOM9967.jpg","contentUrl":"https:\/\/aquarihotel.vn\/wp-content\/uploads\/sites\/67\/2019\/12\/TOM9967.jpg","width":1200,"height":675},{"@type":"BreadcrumbList","@id":"https:\/\/aquarihotel.vn\/vi\/#breadcrumb","itemListElement":[{"@type":"ListItem","position":1,"name":"Home","item":"https:\/\/aquarihotel.vn\/vi\/"},{"@type":"ListItem","position":2,"name":"Ch\u00e0o m\u1eebng Qu\u00fd Kh\u00e1ch \u0111\u1ebfn v\u1edbi Kh\u00e1ch s\u1ea1n Aquari!"}]},{"@type":"WebSite","@id":"https:\/\/aquarihotel.vn\/vi\/#website","url":"https:\/\/aquarihotel.vn\/vi\/","name":"Aquari Hotel","description":"Aquari Hotel | STAY WITH US, FEEL LIKE HOME","potentialAction":[{"@type":"SearchAction","target":{"@type":"EntryPoint","urlTemplate":"https:\/\/aquarihotel.vn\/vi\/?s={search_term_string}"},"query-input":"required name=search_term_string"}],"inLanguage":"vi-VN"}]}},"_links":{"self":[{"href":"https:\/\/aquarihotel.vn\/vi\/wp-json\/wp\/v2\/pages\/20"}],"collection":[{"href":"https:\/\/aquarihotel.vn\/vi\/wp-json\/wp\/v2\/pages"}],"about":[{"href":"https:\/\/aquarihotel.vn\/vi\/wp-json\/wp\/v2\/types\/page"}],"author":[{"embeddable":true,"href":"https:\/\/aquarihotel.vn\/vi\/wp-json\/wp\/v2\/users\/32"}],"replies":[{"embeddable":true,"href":"https:\/\/aquarihotel.vn\/vi\/wp-json\/wp\/v2\/comments?post=20"}],"version-history":[{"count":2,"href":"https:\/\/aquarihotel.vn\/vi\/wp-json\/wp\/v2\/pages\/20\/revisions"}],"predecessor-version":[{"id":1448,"href":"https:\/\/aquarihotel.vn\/vi\/wp-json\/wp\/v2\/pages\/20\/revisions\/1448"}],"wp:featuredmedia":[{"embeddable":true,"href":"https:\/\/aquarihotel.vn\/vi\/wp-json\/wp\/v2\/media\/8"}],"wp:attachment":[{"href":"https:\/\/aquarihotel.vn\/vi\/wp-json\/wp\/v2\/media?parent=20"}],"curies":[{"name":"wp","href":"https:\/\/api.w.org\/{rel}","templated":true}]}}