{"id":201,"date":"2019-12-17T02:05:43","date_gmt":"2019-12-17T02:05:43","guid":{"rendered":"http:\/\/aquarihotel.ms.decms.asia\/our-rooms\/aquari-suite\/"},"modified":"2026-04-09T13:39:23","modified_gmt":"2026-04-09T13:39:23","slug":"aquari-suite","status":"publish","type":"page","link":"https:\/\/aquarihotel.vn\/vi\/our-rooms\/aquari-suite\/","title":{"rendered":"Aquari Suite"},"content":{"rendered":"<p style=\"text-align: left\">Ph\u00f2ng Aquari Suite sang tr\u1ecdng v\u1edbi di\u1ec7n t\u00edch 40m\u00b2 \u0111\u01b0\u1ee3c trang b\u1ecb gi\u01b0\u1eddng c\u1ee1 king v\u00e0 sofa g\u00f3c, s\u1edf h\u1eefu t\u1ea7m nh\u00ecn quy\u1ebfn r\u0169 h\u01b0\u1edbng ra s\u00f4ng S\u00e0i G\u00f2n, mang \u0111\u1ebfn c\u1ea3m gi\u00e1c th\u00e2n thu\u1ed9c v\u00e0 y\u00ean b\u00ecnh cho Qu\u00fd kh\u00e1ch. L\u1ea5y c\u1ea3m h\u1ee9ng t\u1eeb t\u00ednh c\u00e1ch c\u1ee7a cung B\u1ea3o B\u00ecnh, Aquari Suite \u0111\u01b0\u1ee3c thi\u1ebft k\u1ebf v\u1edbi phong c\u00e1ch trang nh\u00e3, t\u00f4ng m\u00e0u \u1ea5m c\u00f9ng n\u1ed9i th\u1ea5t g\u1ed7 cao c\u1ea5p, g\u00f3p ph\u1ea7n t\u00f4n l\u00ean v\u1ebb \u0111\u1eb9p sang tr\u1ecdng c\u1ee7a kh\u00f4ng gian. Ph\u00f2ng t\u1eafm \u0111\u01b0\u1ee3c trang b\u1ecb \u0111\u1ea7y \u0111\u1ee7 ti\u1ec7n nghi, gi\u00fap Qu\u00fd kh\u00e1ch th\u01b0 gi\u00e3n, t\u00e1i t\u1ea1o n\u0103ng l\u01b0\u1ee3ng sau m\u1ed9t ng\u00e0y d\u00e0i. C\u00f9ng v\u1edbi h\u1ec7 th\u1ed1ng d\u1ecbch v\u1ee5 \u0111a d\u1ea1ng, Aquari Hotel tin r\u1eb1ng Qu\u00fd kh\u00e1ch s\u1ebd c\u00f3 \u0111\u01b0\u1ee3c tr\u1ea3i nghi\u1ec7m l\u01b0u tr\u00fa tr\u1ecdn v\u1eb9n v\u00e0 \u0111\u00e1ng nh\u1edb.<\/p>\n<p data-start=\"818\" data-end=\"840\"><strong data-start=\"818\" data-end=\"838\">Th\u00f4ng tin ph\u00f2ng:<\/strong><\/p>\n<ul data-start=\"841\" data-end=\"1073\">\n<li data-start=\"841\" data-end=\"878\">\n<p data-start=\"843\" data-end=\"878\">Di\u1ec7n t\u00edch: 40m\u00b2 \u2013 Kh\u00f4ng h\u00fat thu\u1ed1c<\/p>\n<\/li>\n<li data-start=\"879\" data-end=\"920\">\n<p data-start=\"881\" data-end=\"920\">Trang b\u1ecb: Gi\u01b0\u1eddng king-size \u2013 Sofa g\u00f3c<\/p>\n<\/li>\n<li data-start=\"921\" data-end=\"965\">\n<p data-start=\"923\" data-end=\"965\">S\u1ee9c ch\u1ee9a t\u1ed1i \u0111a: 2 ng\u01b0\u1eddi l\u1edbn (+2 tr\u1ebb em)<\/p>\n<\/li>\n<li data-start=\"966\" data-end=\"999\">\n<p data-start=\"968\" data-end=\"999\">Bao g\u1ed3m buffet s\u00e1ng h\u1eb1ng ng\u00e0y<\/p>\n<\/li>\n<li data-start=\"1000\" data-end=\"1073\">\n<p data-start=\"1002\" data-end=\"1073\">C\u1eeda s\u1ed5 l\u1edbn \/ H\u01b0\u1edbng s\u00f4ng S\u00e0i G\u00f2n<\/p>\n<\/li>\n<\/ul>\n","protected":false},"excerpt":{"rendered":"<p>Ph\u00f2ng Aquari Suite sang tr\u1ecdng v\u1edbi di\u1ec7n t\u00edch 40m\u00b2 \u0111\u01b0\u1ee3c trang b\u1ecb gi\u01b0\u1eddng c\u1ee1 king v\u00e0 sofa g\u00f3c, s\u1edf h\u1eefu t\u1ea7m nh\u00ecn quy\u1ebfn r\u0169 h\u01b0\u1edbng ra s\u00f4ng S\u00e0i G\u00f2n, mang \u0111\u1ebfn c\u1ea3m gi\u00e1c th\u00e2n thu\u1ed9c v\u00e0 y\u00ean b\u00ecnh cho Qu\u00fd kh\u00e1ch. L\u1ea5y c\u1ea3m h\u1ee9ng t\u1eeb t\u00ednh c\u00e1ch c\u1ee7a cung B\u1ea3o B\u00ecnh, Aquari Suite \u0111\u01b0\u1ee3c thi\u1ebft [&hellip;]<\/p>\n","protected":false},"author":32,"featured_media":1139,"parent":187,"menu_order":0,"comment_status":"closed","ping_status":"closed","template":"template-single-room.php","meta":{"footnotes":""},"yoast_head":"<!-- This site is optimized with the Yoast SEO plugin v22.3 - https:\/\/yoast.com\/wordpress\/plugins\/seo\/ -->\n<title>Kh\u00e1ch s\u1ea1n TPHCM gi\u00e1 r\u1ebb | Trung t\u00e2m Qu\u1eadn 1 TP.HCM - Aquari Hotel<\/title>\n<meta name=\"description\" content=\"Kh\u00e1ch s\u1ea1n n\u1eb1m t\u1ea1i trung t\u00e2m qu\u1eadn 1 TPHCM, \u0111\u01b0\u1eddng Thi S\u00e1ch g\u1ea7n khu ph\u1ed1 Nh\u1eadt B\u1ea3n. Kh\u00e1ch s\u1ea1n 3 sao TP.HCM gi\u00e1 r\u1ebb c\u00f9ng \u0111\u1ee7 ti\u1ec7n \u00edch, t\u1ecda l\u1ea1c g\u1ea7n c\u00e1c \u0111\u1ecba danh...\" \/>\n<meta name=\"robots\" content=\"index, follow, max-snippet:-1, max-image-preview:large, max-video-preview:-1\" \/>\n<link rel=\"canonical\" href=\"https:\/\/aquarihotel.vn\/vi\/our-rooms\/aquari-suite\/\" \/>\n<meta property=\"og:locale\" content=\"vi_VN\" \/>\n<meta property=\"og:type\" content=\"article\" \/>\n<meta property=\"og:title\" content=\"Kh\u00e1ch s\u1ea1n TPHCM gi\u00e1 r\u1ebb | Trung t\u00e2m Qu\u1eadn 1 TP.HCM - Aquari Hotel\" \/>\n<meta property=\"og:description\" content=\"Kh\u00e1ch s\u1ea1n n\u1eb1m t\u1ea1i trung t\u00e2m qu\u1eadn 1 TPHCM, \u0111\u01b0\u1eddng Thi S\u00e1ch g\u1ea7n khu ph\u1ed1 Nh\u1eadt B\u1ea3n. Kh\u00e1ch s\u1ea1n 3 sao TP.HCM gi\u00e1 r\u1ebb c\u00f9ng \u0111\u1ee7 ti\u1ec7n \u00edch, t\u1ecda l\u1ea1c g\u1ea7n c\u00e1c \u0111\u1ecba danh...\" \/>\n<meta property=\"og:url\" content=\"https:\/\/aquarihotel.vn\/vi\/our-rooms\/aquari-suite\/\" \/>\n<meta property=\"og:site_name\" content=\"Aquari Hotel\" \/>\n<meta property=\"article:modified_time\" content=\"2026-04-09T13:39:23+00:00\" \/>\n<meta property=\"og:image\" content=\"https:\/\/aquarihotel.vn\/wp-content\/uploads\/sites\/67\/2025\/11\/aquari-suite-size-reduce.jpg\" \/>\n\t<meta property=\"og:image:width\" content=\"1886\" \/>\n\t<meta property=\"og:image:height\" content=\"1200\" \/>\n\t<meta property=\"og:image:type\" content=\"image\/jpeg\" \/>\n<meta name=\"twitter:card\" content=\"summary_large_image\" \/>\n<meta name=\"twitter:label1\" content=\"Est. reading time\" \/>\n\t<meta name=\"twitter:data1\" content=\"1 minute\" \/>\n<script type=\"application\/ld+json\" class=\"yoast-schema-graph\">{\"@context\":\"https:\/\/schema.org\",\"@graph\":[{\"@type\":\"WebPage\",\"@id\":\"https:\/\/aquarihotel.vn\/vi\/our-rooms\/aquari-suite\/\",\"url\":\"https:\/\/aquarihotel.vn\/vi\/our-rooms\/aquari-suite\/\",\"name\":\"Kh\u00e1ch s\u1ea1n TPHCM gi\u00e1 r\u1ebb | Trung t\u00e2m Qu\u1eadn 1 TP.HCM - Aquari Hotel\",\"isPartOf\":{\"@id\":\"https:\/\/aquarihotel.vn\/vi\/#website\"},\"primaryImageOfPage\":{\"@id\":\"https:\/\/aquarihotel.vn\/vi\/our-rooms\/aquari-suite\/#primaryimage\"},\"image\":{\"@id\":\"https:\/\/aquarihotel.vn\/vi\/our-rooms\/aquari-suite\/#primaryimage\"},\"thumbnailUrl\":\"https:\/\/aquarihotel.vn\/wp-content\/uploads\/sites\/67\/2025\/11\/aquari-suite-size-reduce.jpg\",\"datePublished\":\"2019-12-17T02:05:43+00:00\",\"dateModified\":\"2026-04-09T13:39:23+00:00\",\"description\":\"Kh\u00e1ch s\u1ea1n n\u1eb1m t\u1ea1i trung t\u00e2m qu\u1eadn 1 TPHCM, \u0111\u01b0\u1eddng Thi S\u00e1ch g\u1ea7n khu ph\u1ed1 Nh\u1eadt B\u1ea3n. Kh\u00e1ch s\u1ea1n 3 sao TP.HCM gi\u00e1 r\u1ebb c\u00f9ng \u0111\u1ee7 ti\u1ec7n \u00edch, t\u1ecda l\u1ea1c g\u1ea7n c\u00e1c \u0111\u1ecba danh...\",\"breadcrumb\":{\"@id\":\"https:\/\/aquarihotel.vn\/vi\/our-rooms\/aquari-suite\/#breadcrumb\"},\"inLanguage\":\"vi-VN\",\"potentialAction\":[{\"@type\":\"ReadAction\",\"target\":[\"https:\/\/aquarihotel.vn\/vi\/our-rooms\/aquari-suite\/\"]}]},{\"@type\":\"ImageObject\",\"inLanguage\":\"vi-VN\",\"@id\":\"https:\/\/aquarihotel.vn\/vi\/our-rooms\/aquari-suite\/#primaryimage\",\"url\":\"https:\/\/aquarihotel.vn\/wp-content\/uploads\/sites\/67\/2025\/11\/aquari-suite-size-reduce.jpg\",\"contentUrl\":\"https:\/\/aquarihotel.vn\/wp-content\/uploads\/sites\/67\/2025\/11\/aquari-suite-size-reduce.jpg\",\"width\":1886,\"height\":1200},{\"@type\":\"BreadcrumbList\",\"@id\":\"https:\/\/aquarihotel.vn\/vi\/our-rooms\/aquari-suite\/#breadcrumb\",\"itemListElement\":[{\"@type\":\"ListItem\",\"position\":1,\"name\":\"Home\",\"item\":\"https:\/\/aquarihotel.vn\/vi\/\"},{\"@type\":\"ListItem\",\"position\":2,\"name\":\"Ph\u00f2ng l\u01b0u tr\u00fa\",\"item\":\"https:\/\/aquarihotel.vn\/vi\/our-rooms\/\"},{\"@type\":\"ListItem\",\"position\":3,\"name\":\"Aquari Suite\"}]},{\"@type\":\"WebSite\",\"@id\":\"https:\/\/aquarihotel.vn\/vi\/#website\",\"url\":\"https:\/\/aquarihotel.vn\/vi\/\",\"name\":\"Aquari Hotel\",\"description\":\"Aquari Hotel | STAY WITH US, FEEL LIKE HOME\",\"potentialAction\":[{\"@type\":\"SearchAction\",\"target\":{\"@type\":\"EntryPoint\",\"urlTemplate\":\"https:\/\/aquarihotel.vn\/vi\/?s={search_term_string}\"},\"query-input\":\"required name=search_term_string\"}],\"inLanguage\":\"vi-VN\"}]}<\/script>\n<!-- \/ Yoast SEO plugin. -->","yoast_head_json":{"title":"Kh\u00e1ch s\u1ea1n TPHCM gi\u00e1 r\u1ebb | Trung t\u00e2m Qu\u1eadn 1 TP.HCM - Aquari Hotel","description":"Kh\u00e1ch s\u1ea1n n\u1eb1m t\u1ea1i trung t\u00e2m qu\u1eadn 1 TPHCM, \u0111\u01b0\u1eddng Thi S\u00e1ch g\u1ea7n khu ph\u1ed1 Nh\u1eadt B\u1ea3n. Kh\u00e1ch s\u1ea1n 3 sao TP.HCM gi\u00e1 r\u1ebb c\u00f9ng \u0111\u1ee7 ti\u1ec7n \u00edch, t\u1ecda l\u1ea1c g\u1ea7n c\u00e1c \u0111\u1ecba danh...","robots":{"index":"index","follow":"follow","max-snippet":"max-snippet:-1","max-image-preview":"max-image-preview:large","max-video-preview":"max-video-preview:-1"},"canonical":"https:\/\/aquarihotel.vn\/vi\/our-rooms\/aquari-suite\/","og_locale":"vi_VN","og_type":"article","og_title":"Kh\u00e1ch s\u1ea1n TPHCM gi\u00e1 r\u1ebb | Trung t\u00e2m Qu\u1eadn 1 TP.HCM - Aquari Hotel","og_description":"Kh\u00e1ch s\u1ea1n n\u1eb1m t\u1ea1i trung t\u00e2m qu\u1eadn 1 TPHCM, \u0111\u01b0\u1eddng Thi S\u00e1ch g\u1ea7n khu ph\u1ed1 Nh\u1eadt B\u1ea3n. Kh\u00e1ch s\u1ea1n 3 sao TP.HCM gi\u00e1 r\u1ebb c\u00f9ng \u0111\u1ee7 ti\u1ec7n \u00edch, t\u1ecda l\u1ea1c g\u1ea7n c\u00e1c \u0111\u1ecba danh...","og_url":"https:\/\/aquarihotel.vn\/vi\/our-rooms\/aquari-suite\/","og_site_name":"Aquari Hotel","article_modified_time":"2026-04-09T13:39:23+00:00","og_image":[{"width":1886,"height":1200,"url":"https:\/\/aquarihotel.vn\/wp-content\/uploads\/sites\/67\/2025\/11\/aquari-suite-size-reduce.jpg","type":"image\/jpeg"}],"twitter_card":"summary_large_image","twitter_misc":{"Est. reading time":"1 minute"},"schema":{"@context":"https:\/\/schema.org","@graph":[{"@type":"WebPage","@id":"https:\/\/aquarihotel.vn\/vi\/our-rooms\/aquari-suite\/","url":"https:\/\/aquarihotel.vn\/vi\/our-rooms\/aquari-suite\/","name":"Kh\u00e1ch s\u1ea1n TPHCM gi\u00e1 r\u1ebb | Trung t\u00e2m Qu\u1eadn 1 TP.HCM - Aquari Hotel","isPartOf":{"@id":"https:\/\/aquarihotel.vn\/vi\/#website"},"primaryImageOfPage":{"@id":"https:\/\/aquarihotel.vn\/vi\/our-rooms\/aquari-suite\/#primaryimage"},"image":{"@id":"https:\/\/aquarihotel.vn\/vi\/our-rooms\/aquari-suite\/#primaryimage"},"thumbnailUrl":"https:\/\/aquarihotel.vn\/wp-content\/uploads\/sites\/67\/2025\/11\/aquari-suite-size-reduce.jpg","datePublished":"2019-12-17T02:05:43+00:00","dateModified":"2026-04-09T13:39:23+00:00","description":"Kh\u00e1ch s\u1ea1n n\u1eb1m t\u1ea1i trung t\u00e2m qu\u1eadn 1 TPHCM, \u0111\u01b0\u1eddng Thi S\u00e1ch g\u1ea7n khu ph\u1ed1 Nh\u1eadt B\u1ea3n. Kh\u00e1ch s\u1ea1n 3 sao TP.HCM gi\u00e1 r\u1ebb c\u00f9ng \u0111\u1ee7 ti\u1ec7n \u00edch, t\u1ecda l\u1ea1c g\u1ea7n c\u00e1c \u0111\u1ecba danh...","breadcrumb":{"@id":"https:\/\/aquarihotel.vn\/vi\/our-rooms\/aquari-suite\/#breadcrumb"},"inLanguage":"vi-VN","potentialAction":[{"@type":"ReadAction","target":["https:\/\/aquarihotel.vn\/vi\/our-rooms\/aquari-suite\/"]}]},{"@type":"ImageObject","inLanguage":"vi-VN","@id":"https:\/\/aquarihotel.vn\/vi\/our-rooms\/aquari-suite\/#primaryimage","url":"https:\/\/aquarihotel.vn\/wp-content\/uploads\/sites\/67\/2025\/11\/aquari-suite-size-reduce.jpg","contentUrl":"https:\/\/aquarihotel.vn\/wp-content\/uploads\/sites\/67\/2025\/11\/aquari-suite-size-reduce.jpg","width":1886,"height":1200},{"@type":"BreadcrumbList","@id":"https:\/\/aquarihotel.vn\/vi\/our-rooms\/aquari-suite\/#breadcrumb","itemListElement":[{"@type":"ListItem","position":1,"name":"Home","item":"https:\/\/aquarihotel.vn\/vi\/"},{"@type":"ListItem","position":2,"name":"Ph\u00f2ng l\u01b0u tr\u00fa","item":"https:\/\/aquarihotel.vn\/vi\/our-rooms\/"},{"@type":"ListItem","position":3,"name":"Aquari Suite"}]},{"@type":"WebSite","@id":"https:\/\/aquarihotel.vn\/vi\/#website","url":"https:\/\/aquarihotel.vn\/vi\/","name":"Aquari Hotel","description":"Aquari Hotel | STAY WITH US, FEEL LIKE HOME","potentialAction":[{"@type":"SearchAction","target":{"@type":"EntryPoint","urlTemplate":"https:\/\/aquarihotel.vn\/vi\/?s={search_term_string}"},"query-input":"required name=search_term_string"}],"inLanguage":"vi-VN"}]}},"_links":{"self":[{"href":"https:\/\/aquarihotel.vn\/vi\/wp-json\/wp\/v2\/pages\/201"}],"collection":[{"href":"https:\/\/aquarihotel.vn\/vi\/wp-json\/wp\/v2\/pages"}],"about":[{"href":"https:\/\/aquarihotel.vn\/vi\/wp-json\/wp\/v2\/types\/page"}],"author":[{"embeddable":true,"href":"https:\/\/aquarihotel.vn\/vi\/wp-json\/wp\/v2\/users\/32"}],"replies":[{"embeddable":true,"href":"https:\/\/aquarihotel.vn\/vi\/wp-json\/wp\/v2\/comments?post=201"}],"version-history":[{"count":3,"href":"https:\/\/aquarihotel.vn\/vi\/wp-json\/wp\/v2\/pages\/201\/revisions"}],"predecessor-version":[{"id":1531,"href":"https:\/\/aquarihotel.vn\/vi\/wp-json\/wp\/v2\/pages\/201\/revisions\/1531"}],"up":[{"embeddable":true,"href":"https:\/\/aquarihotel.vn\/vi\/wp-json\/wp\/v2\/pages\/187"}],"wp:featuredmedia":[{"embeddable":true,"href":"https:\/\/aquarihotel.vn\/vi\/wp-json\/wp\/v2\/media\/1139"}],"wp:attachment":[{"href":"https:\/\/aquarihotel.vn\/vi\/wp-json\/wp\/v2\/media?parent=201"}],"curies":[{"name":"wp","href":"https:\/\/api.w.org\/{rel}","templated":true}]}}