{"id":204,"date":"2019-12-17T02:23:10","date_gmt":"2019-12-17T02:23:10","guid":{"rendered":"http:\/\/aquarihotel.ms.decms.asia\/wellness-spa\/"},"modified":"2026-04-09T14:10:06","modified_gmt":"2026-04-09T14:10:06","slug":"meetings-events","status":"publish","type":"page","link":"https:\/\/aquarihotel.vn\/vi\/meetings-events\/","title":{"rendered":"BLOSSOM MEETINGS &amp; EVENTS"},"content":{"rendered":"<article class=\"text-token-text-primary w-full focus:outline-none [--shadow-height:45px] has-data-writing-block:pointer-events-none has-data-writing-block:-mt-(--shadow-height) has-data-writing-block:pt-(--shadow-height) [&amp;:has([data-writing-block])&gt;*]:pointer-events-auto scroll-mt-(--header-height)\" dir=\"auto\" data-turn-id=\"d9c7abd1-fa0b-4c7f-8836-da1751bea9ff\" data-testid=\"conversation-turn-3\" data-scroll-anchor=\"false\" data-turn=\"user\"><\/article>\n<article class=\"text-token-text-primary w-full focus:outline-none [--shadow-height:45px] has-data-writing-block:pointer-events-none has-data-writing-block:-mt-(--shadow-height) has-data-writing-block:pt-(--shadow-height) [&amp;:has([data-writing-block])&gt;*]:pointer-events-auto scroll-mt-[calc(var(--header-height)+min(200px,max(70px,20svh)))]\" dir=\"auto\" data-turn-id=\"request-WEB:c4b08621-b088-495f-b87a-0b7267139b82-1\" data-testid=\"conversation-turn-4\" data-scroll-anchor=\"true\" data-turn=\"assistant\">\n<div class=\"text-base my-auto mx-auto pb-10 [--thread-content-margin:--spacing(4)] @w-sm\/main:[--thread-content-margin:--spacing(6)] @w-lg\/main:[--thread-content-margin:--spacing(16)] px-(--thread-content-margin)\">\n<div class=\"[--thread-content-max-width:40rem] @w-lg\/main:[--thread-content-max-width:48rem] mx-auto max-w-(--thread-content-max-width) flex-1 group\/turn-messages focus-visible:outline-hidden relative flex w-full min-w-0 flex-col agent-turn\">\n<div class=\"flex max-w-full flex-col grow\">\n<div class=\"min-h-8 text-message relative flex w-full flex-col items-end gap-2 text-start break-words whitespace-normal [.text-message+&amp;]:mt-1\" dir=\"auto\" data-message-author-role=\"assistant\" data-message-id=\"9f3744ae-8a4c-4c1a-a69f-e54eae844e1a\" data-message-model-slug=\"gpt-5-2\">\n<div class=\"flex w-full flex-col gap-1 empty:hidden first:pt-[1px]\">\n<div class=\"markdown prose dark:prose-invert w-full wrap-break-word light markdown-new-styling\">\n<p data-start=\"1264\" data-end=\"1344\" data-is-last-node=\"\" data-is-only-node=\"\">T\u1ecda l\u1ea1c trong Aquari Hotel, Blossom Meeting &amp; Event Space l\u00e0 \u0111\u1ecba \u0111i\u1ec3m t\u1ed5 ch\u1ee9c s\u1ef1 ki\u1ec7n tinh t\u1ebf, k\u1ebft h\u1ee3p h\u00e0i h\u00f2a gi\u1eefa s\u1ef1 sang tr\u1ecdng v\u00e0 t\u00ednh th\u1ef1c ti\u1ec5n, ph\u00f9 h\u1ee3p cho c\u00e1c bu\u1ed5i h\u1ecdp, \u0111\u00e0o t\u1ea1o v\u00e0 s\u1ef1 ki\u1ec7n ri\u00eang t\u01b0. \u0110\u01b0\u1ee3c thi\u1ebft k\u1ebf nh\u01b0 m\u1ed9t kh\u00f4ng gian s\u1ef1 ki\u1ec7n quy m\u00f4 v\u1eeba, Blossom mang \u0111\u1ebfn s\u1ef1 c\u00e2n b\u1eb1ng gi\u1eefa phong c\u00e1ch v\u00e0 gi\u00e1 tr\u1ecb, cung c\u1ea5p m\u00f4i tr\u01b0\u1eddng chuy\u00ean nghi\u1ec7p v\u1edbi m\u1ee9c chi ph\u00ed h\u1ee3p l\u00fd, l\u00fd t\u01b0\u1edfng cho c\u00e1c doanh nghi\u1ec7p \u0111\u1ec1 cao hi\u1ec7u qu\u1ea3 m\u00e0 v\u1eabn kh\u00f4ng mu\u1ed1n th\u1ecfa hi\u1ec7p v\u1ec1 ch\u1ea5t l\u01b0\u1ee3ng, \u0111\u1ed3ng th\u1eddi c\u0169ng ph\u00f9 h\u1ee3p cho nh\u1eefng bu\u1ed5i g\u1eb7p g\u1ee1 ri\u00eang t\u01b0 \u1ea5m c\u00fang. N\u1eb1m tr\u00ean t\u1ea7ng cao c\u1ee7a kh\u00e1ch s\u1ea1n, kh\u00f4ng gian \u0111\u01b0\u1ee3c trang b\u1ecb c\u01a1 s\u1edf v\u1eadt ch\u1ea5t hi\u1ec7n \u0111\u1ea1i c\u00f9ng c\u00e1ch b\u1ed1 tr\u00ed ch\u1ed7 ng\u1ed3i linh ho\u1ea1t \u0111\u1ec3 \u0111\u00e1p \u1ee9ng nhi\u1ec1u h\u00ecnh th\u1ee9c s\u1ef1 ki\u1ec7n kh\u00e1c nhau, t\u1eeb h\u1ecdp h\u1ed9i \u0111\u1ed3ng, \u0111\u00e0o t\u1ea1o doanh nghi\u1ec7p \u0111\u1ebfn ra m\u1eaft s\u1ea3n ph\u1ea9m hay nh\u1eefng bu\u1ed5i ti\u1ec7c nh\u1ecf th\u00e2n m\u1eadt. C\u00e1c g\u00f3i h\u1ed9i h\u1ecdp n\u1eeda ng\u00e0y v\u00e0 c\u1ea3 ng\u00e0y \u0111\u01b0\u1ee3c thi\u1ebft k\u1ebf chu \u0111\u00e1o nh\u1eb1m mang \u0111\u1ebfn tr\u1ea3i nghi\u1ec7m li\u1ec1n m\u1ea1ch, bao g\u1ed3m Wi-Fi t\u1ed1c \u0111\u1ed9 cao, tea break, l\u1ef1a ch\u1ecdn b\u1eefa tr\u01b0a, v\u0103n ph\u00f2ng ph\u1ea9m v\u00e0 \u0111\u1ed9i ng\u0169 h\u1ed7 tr\u1ee3 t\u1eadn n\u01a1i t\u1eadn t\u00ecnh. V\u1edbi kh\u00f4ng gian thanh l\u1ecbch, d\u1ecbch v\u1ee5 chu \u0111\u00e1o v\u00e0 v\u1ecb tr\u00ed trung t\u00e2m, Blossom Meeting &amp; Event Space l\u00e0 l\u1ef1a ch\u1ecdn l\u00fd t\u01b0\u1edfng cho nh\u1eefng s\u1ef1 ki\u1ec7n n\u01a1i t\u00ednh chuy\u00ean nghi\u1ec7p g\u1eb7p g\u1ee1 s\u1ef1 tho\u1ea3i m\u00e1i.<\/p>\n<p data-start=\"1264\" data-end=\"1344\" data-is-last-node=\"\" data-is-only-node=\"\"><strong data-start=\"1264\" data-end=\"1275\">V\u1ecb tr\u00ed:<\/strong> T\u1ea7ng T \u2013 Aquari Hotel\u00a0<br data-start=\"1314\" data-end=\"1317\" \/><strong data-start=\"1317\" data-end=\"1331\">Di\u1ec7n t\u00edch:<\/strong> 6,2m \u00d7 13,5m<\/p>\n<\/div>\n<\/div>\n<\/div>\n<\/div>\n<\/div>\n<\/div>\n<\/article>\n","protected":false},"excerpt":{"rendered":"<p>T\u1ecda l\u1ea1c trong Aquari Hotel, Blossom Meeting &amp; Event Space l\u00e0 \u0111\u1ecba \u0111i\u1ec3m t\u1ed5 ch\u1ee9c s\u1ef1 ki\u1ec7n tinh t\u1ebf, k\u1ebft h\u1ee3p h\u00e0i h\u00f2a gi\u1eefa s\u1ef1 sang tr\u1ecdng v\u00e0 t\u00ednh th\u1ef1c ti\u1ec5n, ph\u00f9 h\u1ee3p cho c\u00e1c bu\u1ed5i h\u1ecdp, \u0111\u00e0o t\u1ea1o v\u00e0 s\u1ef1 ki\u1ec7n ri\u00eang t\u01b0. \u0110\u01b0\u1ee3c thi\u1ebft k\u1ebf nh\u01b0 m\u1ed9t kh\u00f4ng gian s\u1ef1 ki\u1ec7n quy m\u00f4 [&hellip;]<\/p>\n","protected":false},"author":32,"featured_media":1335,"parent":0,"menu_order":0,"comment_status":"closed","ping_status":"closed","template":"","meta":{"footnotes":""},"yoast_head":"<!-- This site is optimized with the Yoast SEO plugin v22.3 - https:\/\/yoast.com\/wordpress\/plugins\/seo\/ -->\n<title>Ph\u00f2ng H\u1ecdp | S\u1ef1 Ki\u1ec7n | Qu\u1eadn 1 Th\u00e0nh Ph\u1ed1 H\u1ed3 Ch\u00ed Minh - Aquari Hotel<\/title>\n<meta name=\"description\" content=\"Ph\u00f2ng h\u1ecdp, t\u1ed5 ch\u1ee9c s\u1ef1 ki\u1ec7n Trung t\u00e2m qu\u1eadn 1 Th\u00e0nh Ph\u1ed1 H\u1ed3 Ch\u00ed Minh. Combo h\u1ea5p d\u1eabn c\u00f9ng ph\u00f2ng \u1edf v\u00e0 tea break, b\u1eefa tr\u01b0a\/ b\u1eefa t\u1ed1i. Trung t\u00e2m TP.HCM\" \/>\n<meta name=\"robots\" content=\"index, follow, max-snippet:-1, max-image-preview:large, max-video-preview:-1\" \/>\n<link rel=\"canonical\" href=\"https:\/\/aquarihotel.vn\/vi\/meetings-events\/\" \/>\n<meta property=\"og:locale\" content=\"vi_VN\" \/>\n<meta property=\"og:type\" content=\"article\" \/>\n<meta property=\"og:title\" content=\"Ph\u00f2ng H\u1ecdp | S\u1ef1 Ki\u1ec7n | Qu\u1eadn 1 Th\u00e0nh Ph\u1ed1 H\u1ed3 Ch\u00ed Minh - Aquari Hotel\" \/>\n<meta property=\"og:description\" content=\"Ph\u00f2ng h\u1ecdp, t\u1ed5 ch\u1ee9c s\u1ef1 ki\u1ec7n Trung t\u00e2m qu\u1eadn 1 Th\u00e0nh Ph\u1ed1 H\u1ed3 Ch\u00ed Minh. Combo h\u1ea5p d\u1eabn c\u00f9ng ph\u00f2ng \u1edf v\u00e0 tea break, b\u1eefa tr\u01b0a\/ b\u1eefa t\u1ed1i. Trung t\u00e2m TP.HCM\" \/>\n<meta property=\"og:url\" content=\"https:\/\/aquarihotel.vn\/vi\/meetings-events\/\" \/>\n<meta property=\"og:site_name\" content=\"Aquari Hotel\" \/>\n<meta property=\"article:modified_time\" content=\"2026-04-09T14:10:06+00:00\" \/>\n<meta property=\"og:image\" content=\"https:\/\/aquarihotel.vn\/wp-content\/uploads\/sites\/67\/2026\/02\/Blossom-with-banquet-set-up-3.jpg\" \/>\n\t<meta property=\"og:image:width\" content=\"1600\" \/>\n\t<meta property=\"og:image:height\" content=\"1200\" \/>\n\t<meta property=\"og:image:type\" content=\"image\/jpeg\" \/>\n<meta name=\"twitter:card\" content=\"summary_large_image\" \/>\n<meta name=\"twitter:label1\" content=\"Est. reading time\" \/>\n\t<meta name=\"twitter:data1\" content=\"2 minutes\" \/>\n<script type=\"application\/ld+json\" class=\"yoast-schema-graph\">{\"@context\":\"https:\/\/schema.org\",\"@graph\":[{\"@type\":\"WebPage\",\"@id\":\"https:\/\/aquarihotel.vn\/vi\/meetings-events\/\",\"url\":\"https:\/\/aquarihotel.vn\/vi\/meetings-events\/\",\"name\":\"Ph\u00f2ng H\u1ecdp | S\u1ef1 Ki\u1ec7n | Qu\u1eadn 1 Th\u00e0nh Ph\u1ed1 H\u1ed3 Ch\u00ed Minh - Aquari Hotel\",\"isPartOf\":{\"@id\":\"https:\/\/aquarihotel.vn\/vi\/#website\"},\"primaryImageOfPage\":{\"@id\":\"https:\/\/aquarihotel.vn\/vi\/meetings-events\/#primaryimage\"},\"image\":{\"@id\":\"https:\/\/aquarihotel.vn\/vi\/meetings-events\/#primaryimage\"},\"thumbnailUrl\":\"https:\/\/aquarihotel.vn\/wp-content\/uploads\/sites\/67\/2026\/02\/Blossom-with-banquet-set-up-3.jpg\",\"datePublished\":\"2019-12-17T02:23:10+00:00\",\"dateModified\":\"2026-04-09T14:10:06+00:00\",\"description\":\"Ph\u00f2ng h\u1ecdp, t\u1ed5 ch\u1ee9c s\u1ef1 ki\u1ec7n Trung t\u00e2m qu\u1eadn 1 Th\u00e0nh Ph\u1ed1 H\u1ed3 Ch\u00ed Minh. Combo h\u1ea5p d\u1eabn c\u00f9ng ph\u00f2ng \u1edf v\u00e0 tea break, b\u1eefa tr\u01b0a\/ b\u1eefa t\u1ed1i. Trung t\u00e2m TP.HCM\",\"breadcrumb\":{\"@id\":\"https:\/\/aquarihotel.vn\/vi\/meetings-events\/#breadcrumb\"},\"inLanguage\":\"vi-VN\",\"potentialAction\":[{\"@type\":\"ReadAction\",\"target\":[\"https:\/\/aquarihotel.vn\/vi\/meetings-events\/\"]}]},{\"@type\":\"ImageObject\",\"inLanguage\":\"vi-VN\",\"@id\":\"https:\/\/aquarihotel.vn\/vi\/meetings-events\/#primaryimage\",\"url\":\"https:\/\/aquarihotel.vn\/wp-content\/uploads\/sites\/67\/2026\/02\/Blossom-with-banquet-set-up-3.jpg\",\"contentUrl\":\"https:\/\/aquarihotel.vn\/wp-content\/uploads\/sites\/67\/2026\/02\/Blossom-with-banquet-set-up-3.jpg\",\"width\":1600,\"height\":1200},{\"@type\":\"BreadcrumbList\",\"@id\":\"https:\/\/aquarihotel.vn\/vi\/meetings-events\/#breadcrumb\",\"itemListElement\":[{\"@type\":\"ListItem\",\"position\":1,\"name\":\"Home\",\"item\":\"https:\/\/aquarihotel.vn\/vi\/\"},{\"@type\":\"ListItem\",\"position\":2,\"name\":\"BLOSSOM MEETINGS &amp; EVENTS\"}]},{\"@type\":\"WebSite\",\"@id\":\"https:\/\/aquarihotel.vn\/vi\/#website\",\"url\":\"https:\/\/aquarihotel.vn\/vi\/\",\"name\":\"Aquari Hotel\",\"description\":\"Aquari Hotel | STAY WITH US, FEEL LIKE HOME\",\"potentialAction\":[{\"@type\":\"SearchAction\",\"target\":{\"@type\":\"EntryPoint\",\"urlTemplate\":\"https:\/\/aquarihotel.vn\/vi\/?s={search_term_string}\"},\"query-input\":\"required name=search_term_string\"}],\"inLanguage\":\"vi-VN\"}]}<\/script>\n<!-- \/ Yoast SEO plugin. -->","yoast_head_json":{"title":"Ph\u00f2ng H\u1ecdp | S\u1ef1 Ki\u1ec7n | Qu\u1eadn 1 Th\u00e0nh Ph\u1ed1 H\u1ed3 Ch\u00ed Minh - Aquari Hotel","description":"Ph\u00f2ng h\u1ecdp, t\u1ed5 ch\u1ee9c s\u1ef1 ki\u1ec7n Trung t\u00e2m qu\u1eadn 1 Th\u00e0nh Ph\u1ed1 H\u1ed3 Ch\u00ed Minh. Combo h\u1ea5p d\u1eabn c\u00f9ng ph\u00f2ng \u1edf v\u00e0 tea break, b\u1eefa tr\u01b0a\/ b\u1eefa t\u1ed1i. Trung t\u00e2m TP.HCM","robots":{"index":"index","follow":"follow","max-snippet":"max-snippet:-1","max-image-preview":"max-image-preview:large","max-video-preview":"max-video-preview:-1"},"canonical":"https:\/\/aquarihotel.vn\/vi\/meetings-events\/","og_locale":"vi_VN","og_type":"article","og_title":"Ph\u00f2ng H\u1ecdp | S\u1ef1 Ki\u1ec7n | Qu\u1eadn 1 Th\u00e0nh Ph\u1ed1 H\u1ed3 Ch\u00ed Minh - Aquari Hotel","og_description":"Ph\u00f2ng h\u1ecdp, t\u1ed5 ch\u1ee9c s\u1ef1 ki\u1ec7n Trung t\u00e2m qu\u1eadn 1 Th\u00e0nh Ph\u1ed1 H\u1ed3 Ch\u00ed Minh. Combo h\u1ea5p d\u1eabn c\u00f9ng ph\u00f2ng \u1edf v\u00e0 tea break, b\u1eefa tr\u01b0a\/ b\u1eefa t\u1ed1i. Trung t\u00e2m TP.HCM","og_url":"https:\/\/aquarihotel.vn\/vi\/meetings-events\/","og_site_name":"Aquari Hotel","article_modified_time":"2026-04-09T14:10:06+00:00","og_image":[{"width":1600,"height":1200,"url":"https:\/\/aquarihotel.vn\/wp-content\/uploads\/sites\/67\/2026\/02\/Blossom-with-banquet-set-up-3.jpg","type":"image\/jpeg"}],"twitter_card":"summary_large_image","twitter_misc":{"Est. reading time":"2 minutes"},"schema":{"@context":"https:\/\/schema.org","@graph":[{"@type":"WebPage","@id":"https:\/\/aquarihotel.vn\/vi\/meetings-events\/","url":"https:\/\/aquarihotel.vn\/vi\/meetings-events\/","name":"Ph\u00f2ng H\u1ecdp | S\u1ef1 Ki\u1ec7n | Qu\u1eadn 1 Th\u00e0nh Ph\u1ed1 H\u1ed3 Ch\u00ed Minh - Aquari Hotel","isPartOf":{"@id":"https:\/\/aquarihotel.vn\/vi\/#website"},"primaryImageOfPage":{"@id":"https:\/\/aquarihotel.vn\/vi\/meetings-events\/#primaryimage"},"image":{"@id":"https:\/\/aquarihotel.vn\/vi\/meetings-events\/#primaryimage"},"thumbnailUrl":"https:\/\/aquarihotel.vn\/wp-content\/uploads\/sites\/67\/2026\/02\/Blossom-with-banquet-set-up-3.jpg","datePublished":"2019-12-17T02:23:10+00:00","dateModified":"2026-04-09T14:10:06+00:00","description":"Ph\u00f2ng h\u1ecdp, t\u1ed5 ch\u1ee9c s\u1ef1 ki\u1ec7n Trung t\u00e2m qu\u1eadn 1 Th\u00e0nh Ph\u1ed1 H\u1ed3 Ch\u00ed Minh. Combo h\u1ea5p d\u1eabn c\u00f9ng ph\u00f2ng \u1edf v\u00e0 tea break, b\u1eefa tr\u01b0a\/ b\u1eefa t\u1ed1i. Trung t\u00e2m TP.HCM","breadcrumb":{"@id":"https:\/\/aquarihotel.vn\/vi\/meetings-events\/#breadcrumb"},"inLanguage":"vi-VN","potentialAction":[{"@type":"ReadAction","target":["https:\/\/aquarihotel.vn\/vi\/meetings-events\/"]}]},{"@type":"ImageObject","inLanguage":"vi-VN","@id":"https:\/\/aquarihotel.vn\/vi\/meetings-events\/#primaryimage","url":"https:\/\/aquarihotel.vn\/wp-content\/uploads\/sites\/67\/2026\/02\/Blossom-with-banquet-set-up-3.jpg","contentUrl":"https:\/\/aquarihotel.vn\/wp-content\/uploads\/sites\/67\/2026\/02\/Blossom-with-banquet-set-up-3.jpg","width":1600,"height":1200},{"@type":"BreadcrumbList","@id":"https:\/\/aquarihotel.vn\/vi\/meetings-events\/#breadcrumb","itemListElement":[{"@type":"ListItem","position":1,"name":"Home","item":"https:\/\/aquarihotel.vn\/vi\/"},{"@type":"ListItem","position":2,"name":"BLOSSOM MEETINGS &amp; EVENTS"}]},{"@type":"WebSite","@id":"https:\/\/aquarihotel.vn\/vi\/#website","url":"https:\/\/aquarihotel.vn\/vi\/","name":"Aquari Hotel","description":"Aquari Hotel | STAY WITH US, FEEL LIKE HOME","potentialAction":[{"@type":"SearchAction","target":{"@type":"EntryPoint","urlTemplate":"https:\/\/aquarihotel.vn\/vi\/?s={search_term_string}"},"query-input":"required name=search_term_string"}],"inLanguage":"vi-VN"}]}},"_links":{"self":[{"href":"https:\/\/aquarihotel.vn\/vi\/wp-json\/wp\/v2\/pages\/204"}],"collection":[{"href":"https:\/\/aquarihotel.vn\/vi\/wp-json\/wp\/v2\/pages"}],"about":[{"href":"https:\/\/aquarihotel.vn\/vi\/wp-json\/wp\/v2\/types\/page"}],"author":[{"embeddable":true,"href":"https:\/\/aquarihotel.vn\/vi\/wp-json\/wp\/v2\/users\/32"}],"replies":[{"embeddable":true,"href":"https:\/\/aquarihotel.vn\/vi\/wp-json\/wp\/v2\/comments?post=204"}],"version-history":[{"count":4,"href":"https:\/\/aquarihotel.vn\/vi\/wp-json\/wp\/v2\/pages\/204\/revisions"}],"predecessor-version":[{"id":1545,"href":"https:\/\/aquarihotel.vn\/vi\/wp-json\/wp\/v2\/pages\/204\/revisions\/1545"}],"wp:featuredmedia":[{"embeddable":true,"href":"https:\/\/aquarihotel.vn\/vi\/wp-json\/wp\/v2\/media\/1335"}],"wp:attachment":[{"href":"https:\/\/aquarihotel.vn\/vi\/wp-json\/wp\/v2\/media?parent=204"}],"curies":[{"name":"wp","href":"https:\/\/api.w.org\/{rel}","templated":true}]}}