{"id":208,"date":"2019-12-17T02:29:42","date_gmt":"2019-12-17T02:29:42","guid":{"rendered":"http:\/\/aquarihotel.ms.decms.asia\/wellness-spa\/fitness-centre\/"},"modified":"2020-04-18T06:18:51","modified_gmt":"2020-04-18T06:18:51","slug":"fitness-centre","status":"publish","type":"page","link":"https:\/\/aquarihotel.vn\/vi\/service-and-amenities\/fitness-centre\/","title":{"rendered":"PH\u00d2NG GYM"},"content":{"rendered":"<p>B\u00ean c\u1ea1nh c\u00e2u chuy\u1ec7n lu\u00f4n tr\u00fa tr\u1ecdng \u0111\u1ebfn s\u1ef1 tr\u1ea3i nghi\u1ec7m ch\u1ea5t l\u01b0\u1ee3ng cho qu\u00fd kh\u00e1ch, ch\u00fang t\u00f4i c\u00f2n quan t\u00e2m \u0111\u1ebfn s\u1ee9c kh\u1ecfe v\u00e0 tinh th\u1ea7n c\u1ee7a qu\u00fd kh\u00e1ch khi \u0111\u00e3 l\u1ef1a ch\u1ecdn Aquari l\u00e0 \u0111i\u1ec3m d\u1eebng ch\u00e2n trong chuy\u1ebfn c\u00f4ng t\u00e1c hay du l\u1ecbch. V\u00e0 \u0111\u1ec3 ph\u1ea7n n\u00e0o duy tr\u00ec ngu\u1ed3n n\u0103ng l\u01b0\u1ee3ng t\u00edch c\u1ef1c, m\u1ed9t tinh th\u1ea7n tho\u1ea3i m\u00e1i v\u00e0 m\u1ed9t s\u1ee9c kh\u1ecfe b\u1ec1n b\u1ec9, Aquari g\u1eedi g\u1eafm \u0111\u1ebfn kh\u00e1ch h\u00e0ng c\u1ee7a m\u00ecnh s\u1ef1 ti\u1ec7n nghi v\u00e0 thu\u1eadn ti\u1ec7n nh\u1ea5t v\u1edbi ph\u00f2ng Gym \u0111\u01b0\u1ee3c \u0111\u1ea7u t\u01b0 c\u00e1c trang thi\u1ebft b\u1ecb hi\u1ec7n \u0111\u1ea1i, ph\u00f2ng \u1ed1c sang tr\u1ecdng v\u00e0 \u0111\u1eb3ng c\u1ea5p.<br \/>\n&#8212;&#8212;&#8212;&#8212;&#8212;&#8212;&#8212;&#8212;&#8212;&#8212;&#8212;-<br \/>\nGi\u1edd ho\u1ea1t \u0111\u1ed9ng: 5:00AM &#8211; 22:00PM<br \/>\nV\u1ecb tr\u00ed: T\u1ea7ng 1<\/p>\n","protected":false},"excerpt":{"rendered":"<p>B\u00ean c\u1ea1nh c\u00e2u chuy\u1ec7n lu\u00f4n tr\u00fa tr\u1ecdng \u0111\u1ebfn s\u1ef1 tr\u1ea3i nghi\u1ec7m ch\u1ea5t l\u01b0\u1ee3ng cho qu\u00fd kh\u00e1ch, ch\u00fang t\u00f4i c\u00f2n quan t\u00e2m \u0111\u1ebfn s\u1ee9c kh\u1ecfe v\u00e0 tinh th\u1ea7n c\u1ee7a qu\u00fd kh\u00e1ch khi \u0111\u00e3 l\u1ef1a ch\u1ecdn Aquari l\u00e0 \u0111i\u1ec3m d\u1eebng ch\u00e2n trong chuy\u1ebfn c\u00f4ng t\u00e1c hay du l\u1ecbch. V\u00e0 \u0111\u1ec3 ph\u1ea7n n\u00e0o duy tr\u00ec ngu\u1ed3n n\u0103ng l\u01b0\u1ee3ng [&hellip;]<\/p>\n","protected":false},"author":32,"featured_media":1320,"parent":224,"menu_order":0,"comment_status":"closed","ping_status":"closed","template":"","meta":{"footnotes":""},"yoast_head":"<!-- This site is optimized with the Yoast SEO plugin v22.3 - https:\/\/yoast.com\/wordpress\/plugins\/seo\/ -->\n<title>PH\u00d2NG GYM - Aquari Hotel<\/title>\n<meta name=\"robots\" content=\"index, follow, max-snippet:-1, max-image-preview:large, max-video-preview:-1\" \/>\n<link rel=\"canonical\" href=\"https:\/\/aquarihotel.vn\/vi\/service-and-amenities\/fitness-centre\/\" \/>\n<meta property=\"og:locale\" content=\"vi_VN\" \/>\n<meta property=\"og:type\" content=\"article\" \/>\n<meta property=\"og:title\" content=\"PH\u00d2NG GYM - Aquari Hotel\" \/>\n<meta property=\"og:description\" content=\"B\u00ean c\u1ea1nh c\u00e2u chuy\u1ec7n lu\u00f4n tr\u00fa tr\u1ecdng \u0111\u1ebfn s\u1ef1 tr\u1ea3i nghi\u1ec7m ch\u1ea5t l\u01b0\u1ee3ng cho qu\u00fd kh\u00e1ch, ch\u00fang t\u00f4i c\u00f2n quan t\u00e2m \u0111\u1ebfn s\u1ee9c kh\u1ecfe v\u00e0 tinh th\u1ea7n c\u1ee7a qu\u00fd kh\u00e1ch khi \u0111\u00e3 l\u1ef1a ch\u1ecdn Aquari l\u00e0 \u0111i\u1ec3m d\u1eebng ch\u00e2n trong chuy\u1ebfn c\u00f4ng t\u00e1c hay du l\u1ecbch. V\u00e0 \u0111\u1ec3 ph\u1ea7n n\u00e0o duy tr\u00ec ngu\u1ed3n n\u0103ng l\u01b0\u1ee3ng [&hellip;]\" \/>\n<meta property=\"og:url\" content=\"https:\/\/aquarihotel.vn\/vi\/service-and-amenities\/fitness-centre\/\" \/>\n<meta property=\"og:site_name\" content=\"Aquari Hotel\" \/>\n<meta property=\"article:modified_time\" content=\"2020-04-18T06:18:51+00:00\" \/>\n<meta property=\"og:image\" content=\"https:\/\/aquarihotel.vn\/wp-content\/uploads\/sites\/67\/2019\/12\/TOM9893.jpg\" \/>\n\t<meta property=\"og:image:width\" content=\"1200\" \/>\n\t<meta property=\"og:image:height\" content=\"675\" \/>\n\t<meta property=\"og:image:type\" content=\"image\/jpeg\" \/>\n<meta name=\"twitter:card\" content=\"summary_large_image\" \/>\n<meta name=\"twitter:label1\" content=\"Est. reading time\" \/>\n\t<meta name=\"twitter:data1\" content=\"1 minute\" \/>\n<script type=\"application\/ld+json\" class=\"yoast-schema-graph\">{\"@context\":\"https:\/\/schema.org\",\"@graph\":[{\"@type\":\"WebPage\",\"@id\":\"https:\/\/aquarihotel.vn\/vi\/service-and-amenities\/fitness-centre\/\",\"url\":\"https:\/\/aquarihotel.vn\/vi\/service-and-amenities\/fitness-centre\/\",\"name\":\"PH\u00d2NG GYM - Aquari Hotel\",\"isPartOf\":{\"@id\":\"https:\/\/aquarihotel.vn\/vi\/#website\"},\"primaryImageOfPage\":{\"@id\":\"https:\/\/aquarihotel.vn\/vi\/service-and-amenities\/fitness-centre\/#primaryimage\"},\"image\":{\"@id\":\"https:\/\/aquarihotel.vn\/vi\/service-and-amenities\/fitness-centre\/#primaryimage\"},\"thumbnailUrl\":\"https:\/\/aquarihotel.vn\/wp-content\/uploads\/sites\/67\/2026\/02\/gym2.jpg\",\"datePublished\":\"2019-12-17T02:29:42+00:00\",\"dateModified\":\"2020-04-18T06:18:51+00:00\",\"breadcrumb\":{\"@id\":\"https:\/\/aquarihotel.vn\/vi\/service-and-amenities\/fitness-centre\/#breadcrumb\"},\"inLanguage\":\"vi-VN\",\"potentialAction\":[{\"@type\":\"ReadAction\",\"target\":[\"https:\/\/aquarihotel.vn\/vi\/service-and-amenities\/fitness-centre\/\"]}]},{\"@type\":\"ImageObject\",\"inLanguage\":\"vi-VN\",\"@id\":\"https:\/\/aquarihotel.vn\/vi\/service-and-amenities\/fitness-centre\/#primaryimage\",\"url\":\"https:\/\/aquarihotel.vn\/wp-content\/uploads\/sites\/67\/2026\/02\/gym2.jpg\",\"contentUrl\":\"https:\/\/aquarihotel.vn\/wp-content\/uploads\/sites\/67\/2026\/02\/gym2.jpg\",\"width\":1800,\"height\":1200},{\"@type\":\"BreadcrumbList\",\"@id\":\"https:\/\/aquarihotel.vn\/vi\/service-and-amenities\/fitness-centre\/#breadcrumb\",\"itemListElement\":[{\"@type\":\"ListItem\",\"position\":1,\"name\":\"Home\",\"item\":\"https:\/\/aquarihotel.vn\/vi\/\"},{\"@type\":\"ListItem\",\"position\":2,\"name\":\"D\u1ecbch v\u1ee5 &amp; ti\u1ec7n \u00edch\",\"item\":\"https:\/\/aquarihotel.vn\/vi\/service-and-amenities\/\"},{\"@type\":\"ListItem\",\"position\":3,\"name\":\"PH\u00d2NG GYM\"}]},{\"@type\":\"WebSite\",\"@id\":\"https:\/\/aquarihotel.vn\/vi\/#website\",\"url\":\"https:\/\/aquarihotel.vn\/vi\/\",\"name\":\"Aquari Hotel\",\"description\":\"Aquari Hotel | STAY WITH US, FEEL LIKE HOME\",\"potentialAction\":[{\"@type\":\"SearchAction\",\"target\":{\"@type\":\"EntryPoint\",\"urlTemplate\":\"https:\/\/aquarihotel.vn\/vi\/?s={search_term_string}\"},\"query-input\":\"required name=search_term_string\"}],\"inLanguage\":\"vi-VN\"}]}<\/script>\n<!-- \/ Yoast SEO plugin. -->","yoast_head_json":{"title":"PH\u00d2NG GYM - Aquari Hotel","robots":{"index":"index","follow":"follow","max-snippet":"max-snippet:-1","max-image-preview":"max-image-preview:large","max-video-preview":"max-video-preview:-1"},"canonical":"https:\/\/aquarihotel.vn\/vi\/service-and-amenities\/fitness-centre\/","og_locale":"vi_VN","og_type":"article","og_title":"PH\u00d2NG GYM - Aquari Hotel","og_description":"B\u00ean c\u1ea1nh c\u00e2u chuy\u1ec7n lu\u00f4n tr\u00fa tr\u1ecdng \u0111\u1ebfn s\u1ef1 tr\u1ea3i nghi\u1ec7m ch\u1ea5t l\u01b0\u1ee3ng cho qu\u00fd kh\u00e1ch, ch\u00fang t\u00f4i c\u00f2n quan t\u00e2m \u0111\u1ebfn s\u1ee9c kh\u1ecfe v\u00e0 tinh th\u1ea7n c\u1ee7a qu\u00fd kh\u00e1ch khi \u0111\u00e3 l\u1ef1a ch\u1ecdn Aquari l\u00e0 \u0111i\u1ec3m d\u1eebng ch\u00e2n trong chuy\u1ebfn c\u00f4ng t\u00e1c hay du l\u1ecbch. V\u00e0 \u0111\u1ec3 ph\u1ea7n n\u00e0o duy tr\u00ec ngu\u1ed3n n\u0103ng l\u01b0\u1ee3ng [&hellip;]","og_url":"https:\/\/aquarihotel.vn\/vi\/service-and-amenities\/fitness-centre\/","og_site_name":"Aquari Hotel","article_modified_time":"2020-04-18T06:18:51+00:00","og_image":[{"width":1200,"height":675,"url":"https:\/\/aquarihotel.vn\/wp-content\/uploads\/sites\/67\/2019\/12\/TOM9893.jpg","type":"image\/jpeg"}],"twitter_card":"summary_large_image","twitter_misc":{"Est. reading time":"1 minute"},"schema":{"@context":"https:\/\/schema.org","@graph":[{"@type":"WebPage","@id":"https:\/\/aquarihotel.vn\/vi\/service-and-amenities\/fitness-centre\/","url":"https:\/\/aquarihotel.vn\/vi\/service-and-amenities\/fitness-centre\/","name":"PH\u00d2NG GYM - Aquari Hotel","isPartOf":{"@id":"https:\/\/aquarihotel.vn\/vi\/#website"},"primaryImageOfPage":{"@id":"https:\/\/aquarihotel.vn\/vi\/service-and-amenities\/fitness-centre\/#primaryimage"},"image":{"@id":"https:\/\/aquarihotel.vn\/vi\/service-and-amenities\/fitness-centre\/#primaryimage"},"thumbnailUrl":"https:\/\/aquarihotel.vn\/wp-content\/uploads\/sites\/67\/2026\/02\/gym2.jpg","datePublished":"2019-12-17T02:29:42+00:00","dateModified":"2020-04-18T06:18:51+00:00","breadcrumb":{"@id":"https:\/\/aquarihotel.vn\/vi\/service-and-amenities\/fitness-centre\/#breadcrumb"},"inLanguage":"vi-VN","potentialAction":[{"@type":"ReadAction","target":["https:\/\/aquarihotel.vn\/vi\/service-and-amenities\/fitness-centre\/"]}]},{"@type":"ImageObject","inLanguage":"vi-VN","@id":"https:\/\/aquarihotel.vn\/vi\/service-and-amenities\/fitness-centre\/#primaryimage","url":"https:\/\/aquarihotel.vn\/wp-content\/uploads\/sites\/67\/2026\/02\/gym2.jpg","contentUrl":"https:\/\/aquarihotel.vn\/wp-content\/uploads\/sites\/67\/2026\/02\/gym2.jpg","width":1800,"height":1200},{"@type":"BreadcrumbList","@id":"https:\/\/aquarihotel.vn\/vi\/service-and-amenities\/fitness-centre\/#breadcrumb","itemListElement":[{"@type":"ListItem","position":1,"name":"Home","item":"https:\/\/aquarihotel.vn\/vi\/"},{"@type":"ListItem","position":2,"name":"D\u1ecbch v\u1ee5 &amp; ti\u1ec7n \u00edch","item":"https:\/\/aquarihotel.vn\/vi\/service-and-amenities\/"},{"@type":"ListItem","position":3,"name":"PH\u00d2NG GYM"}]},{"@type":"WebSite","@id":"https:\/\/aquarihotel.vn\/vi\/#website","url":"https:\/\/aquarihotel.vn\/vi\/","name":"Aquari Hotel","description":"Aquari Hotel | STAY WITH US, FEEL LIKE HOME","potentialAction":[{"@type":"SearchAction","target":{"@type":"EntryPoint","urlTemplate":"https:\/\/aquarihotel.vn\/vi\/?s={search_term_string}"},"query-input":"required name=search_term_string"}],"inLanguage":"vi-VN"}]}},"_links":{"self":[{"href":"https:\/\/aquarihotel.vn\/vi\/wp-json\/wp\/v2\/pages\/208"}],"collection":[{"href":"https:\/\/aquarihotel.vn\/vi\/wp-json\/wp\/v2\/pages"}],"about":[{"href":"https:\/\/aquarihotel.vn\/vi\/wp-json\/wp\/v2\/types\/page"}],"author":[{"embeddable":true,"href":"https:\/\/aquarihotel.vn\/vi\/wp-json\/wp\/v2\/users\/32"}],"replies":[{"embeddable":true,"href":"https:\/\/aquarihotel.vn\/vi\/wp-json\/wp\/v2\/comments?post=208"}],"version-history":[{"count":0,"href":"https:\/\/aquarihotel.vn\/vi\/wp-json\/wp\/v2\/pages\/208\/revisions"}],"up":[{"embeddable":true,"href":"https:\/\/aquarihotel.vn\/vi\/wp-json\/wp\/v2\/pages\/224"}],"wp:featuredmedia":[{"embeddable":true,"href":"https:\/\/aquarihotel.vn\/vi\/wp-json\/wp\/v2\/media\/1320"}],"wp:attachment":[{"href":"https:\/\/aquarihotel.vn\/vi\/wp-json\/wp\/v2\/media?parent=208"}],"curies":[{"name":"wp","href":"https:\/\/api.w.org\/{rel}","templated":true}]}}