{"id":210,"date":"2019-12-17T02:35:47","date_gmt":"2019-12-17T02:35:47","guid":{"rendered":"http:\/\/aquarihotel.ms.decms.asia\/dining-meetings\/"},"modified":"2026-04-09T13:32:37","modified_gmt":"2026-04-09T13:32:37","slug":"dining-cafe","status":"publish","type":"page","link":"https:\/\/aquarihotel.vn\/vi\/dining-cafe\/","title":{"rendered":"NH\u00c0 H\u00c0NG &amp; CAFE"},"content":{"rendered":"<p style=\"text-align: left\"><span data-contrast=\"auto\">Kh\u00e1m\u00a0ph\u00e1\u00a0h\u00e0nh\u00a0tr\u00ecnh\u00a0\u1ea9m\u00a0th\u1ef1c\u00a0tinh\u00a0t\u1ebf\u00a0t\u1ea1i\u00a0Aquari\u00a0Hotel,\u00a0n\u01a1i\u00a0Spring Restaurant\u00a0v\u00e0\u00a0The9 Caf\u00e9\u00a0mang\u00a0\u0111\u1ebfn\u00a0hai\u00a0phong\u00a0c\u00e1ch\u00a0ri\u00eang\u00a0bi\u1ec7t\u00a0nh\u01b0ng\u00a0h\u00e0i\u00a0h\u00f2a\u2014ngay\u00a0trong\u00a0kh\u00f4ng\u00a0gian\u00a0ti\u1ec7n\u00a0nghi\u00a0c\u1ee7a\u00a0kh\u00e1ch\u00a0s\u1ea1n.<\/span><span data-ccp-props=\"{}\">\u00a0<\/span><\/p>\n<p style=\"text-align: left\"><span data-contrast=\"auto\">B\u1eaft \u0111\u1ea7u ng\u00e0y m\u1edbi t\u1ea1i Spring Restaurant v\u1edbi buffet s\u00e1ng \u0111\u01b0\u1ee3c tuy\u1ec3n ch\u1ecdn k\u1ef9 l\u01b0\u1ee1ng, k\u1ebft h\u1ee3p h\u00e0i h\u00f2a gi\u1eefa \u1ea9m th\u1ef1c Vi\u1ec7t Nam v\u00e0 c\u00e1c m\u00f3n qu\u1ed1c t\u1ebf. Khi ng\u00e0y tr\u00f4i qua, kh\u00f4ng gian n\u00e0y linh ho\u1ea1t chuy\u1ec3n \u0111\u1ed5i th\u00e0nh \u0111\u1ecba \u0111i\u1ec3m l\u00fd t\u01b0\u1edfng cho c\u00e1c b\u1eefa tr\u01b0a ri\u00eang t\u01b0, b\u1eefa t\u1ed1i \u1ea5m c\u00fang, ti\u1ec7c cocktail v\u00e0 c\u00e1c bu\u1ed5i g\u1eb7p g\u1ee1 doanh nghi\u1ec7p v\u1edbi s\u1ee9c ch\u1ee9a l\u00ean \u0111\u1ebfn 70 kh\u00e1ch.<\/span><span data-ccp-props=\"{}\">\u00a0<\/span><\/p>\n<p style=\"text-align: left\"><span data-contrast=\"auto\">\u0110\u1ed1i v\u1edbi nh\u1eefng kho\u1ea3nh kh\u1eafc th\u01b0 gi\u00e3n nh\u1eb9 nh\u00e0ng, The9 Caf\u00e9 l\u00e0 l\u1ef1a ch\u1ecdn ho\u00e0n h\u1ea3o v\u1edbi kh\u00f4ng gian \u1ea5m c\u00fang, ph\u1ee5c v\u1ee5 \u0111\u1ed3 u\u1ed1ng v\u00e0 m\u00f3n nh\u1eb9, ph\u00f9 h\u1ee3p cho c\u00e1c bu\u1ed5i g\u1eb7p m\u1eb7t th\u00e2n m\u1eadt ho\u1eb7c nh\u1eefng ph\u00fat gi\u00e2y y\u00ean t\u0129nh trong ng\u00e0y.<\/span><span data-ccp-props=\"{}\">\u00a0<\/span><\/p>\n<p style=\"text-align: left\"><span data-contrast=\"auto\">T\u1eeb nh\u1eefng b\u1eefa \u0103n h\u1eb1ng ng\u00e0y \u0111\u1ebfn c\u00e1c s\u1ef1 ki\u1ec7n \u0111\u01b0\u1ee3c thi\u1ebft k\u1ebf ri\u00eang, Aquari Hotel mang \u0111\u1ebfn s\u1ef1 k\u1ebft h\u1ee3p h\u00e0i h\u00f2a gi\u1eefa h\u01b0\u01a1ng v\u1ecb, d\u1ecbch v\u1ee5 t\u1eadn t\u00e2m v\u00e0 kh\u00f4ng gian sang tr\u1ecdng, t\u1ea1o n\u00ean nh\u1eefng tr\u1ea3i nghi\u1ec7m \u0111\u00e1ng nh\u1edb trong t\u1eebng kho\u1ea3nh kh\u1eafc.<\/span><span data-ccp-props=\"{}\">\u00a0<\/span><\/p>\n<p style=\"text-align: left\" data-start=\"1615\" data-end=\"1710\">Th\u00f4ng tin \u0111\u1eb7t ch\u1ed7 ho\u1eb7c y\u00eau c\u1ea7u s\u1ef1 ki\u1ec7n: 028 3829 2828<\/p>\n","protected":false},"excerpt":{"rendered":"<p>Kh\u00e1m\u00a0ph\u00e1\u00a0h\u00e0nh\u00a0tr\u00ecnh\u00a0\u1ea9m\u00a0th\u1ef1c\u00a0tinh\u00a0t\u1ebf\u00a0t\u1ea1i\u00a0Aquari\u00a0Hotel,\u00a0n\u01a1i\u00a0Spring Restaurant\u00a0v\u00e0\u00a0The9 Caf\u00e9\u00a0mang\u00a0\u0111\u1ebfn\u00a0hai\u00a0phong\u00a0c\u00e1ch\u00a0ri\u00eang\u00a0bi\u1ec7t\u00a0nh\u01b0ng\u00a0h\u00e0i\u00a0h\u00f2a\u2014ngay\u00a0trong\u00a0kh\u00f4ng\u00a0gian\u00a0ti\u1ec7n\u00a0nghi\u00a0c\u1ee7a\u00a0kh\u00e1ch\u00a0s\u1ea1n.\u00a0 B\u1eaft \u0111\u1ea7u ng\u00e0y m\u1edbi t\u1ea1i Spring Restaurant v\u1edbi buffet s\u00e1ng \u0111\u01b0\u1ee3c tuy\u1ec3n ch\u1ecdn k\u1ef9 l\u01b0\u1ee1ng, k\u1ebft h\u1ee3p h\u00e0i h\u00f2a gi\u1eefa \u1ea9m th\u1ef1c Vi\u1ec7t Nam v\u00e0 c\u00e1c m\u00f3n qu\u1ed1c t\u1ebf. Khi ng\u00e0y tr\u00f4i qua, kh\u00f4ng gian n\u00e0y linh ho\u1ea1t chuy\u1ec3n \u0111\u1ed5i th\u00e0nh \u0111\u1ecba \u0111i\u1ec3m l\u00fd t\u01b0\u1edfng cho c\u00e1c b\u1eefa tr\u01b0a ri\u00eang t\u01b0, b\u1eefa [&hellip;]<\/p>\n","protected":false},"author":32,"featured_media":937,"parent":0,"menu_order":0,"comment_status":"closed","ping_status":"closed","template":"","meta":{"footnotes":""},"yoast_head":"<!-- This site is optimized with the Yoast SEO plugin v22.3 - https:\/\/yoast.com\/wordpress\/plugins\/seo\/ -->\n<title>Nh\u00e0 h\u00e0ng Qu\u1eadn 1 S\u00e0i G\u00f2n | Nh\u00e0 h\u00e0ng trung t\u00e2m TP.HCM - Aquari Hotel<\/title>\n<meta name=\"description\" content=\"Nh\u00e0 h\u00e0ng Qu\u1eadn 1 TP.HCM | V\u1edbi menu \u0111a d\u1ea1ng c\u00e1c m\u00f3n \u00c2u \u00c1, \u0111\u1eb7c bi\u1ec7t l\u00e0 Ph\u1edf v\u00e0 Ch\u1ea3 gi\u00f2 \u0111\u00fang ch\u1ea5t truy\u1ec1n th\u1ed1ng \u1ea9m th\u1ef1c Vi\u1ec7t Nam. N\u1eb1m tr\u00ean \u0111\u01b0\u1eddng Thi S\u00e1ch\" \/>\n<meta name=\"robots\" content=\"index, follow, max-snippet:-1, max-image-preview:large, max-video-preview:-1\" \/>\n<link rel=\"canonical\" href=\"https:\/\/aquarihotel.vn\/vi\/dining-cafe\/\" \/>\n<meta property=\"og:locale\" content=\"vi_VN\" \/>\n<meta property=\"og:type\" content=\"article\" \/>\n<meta property=\"og:title\" content=\"Nh\u00e0 h\u00e0ng Qu\u1eadn 1 S\u00e0i G\u00f2n | Nh\u00e0 h\u00e0ng trung t\u00e2m TP.HCM - Aquari Hotel\" \/>\n<meta property=\"og:description\" content=\"Nh\u00e0 h\u00e0ng Qu\u1eadn 1 TP.HCM | V\u1edbi menu \u0111a d\u1ea1ng c\u00e1c m\u00f3n \u00c2u \u00c1, \u0111\u1eb7c bi\u1ec7t l\u00e0 Ph\u1edf v\u00e0 Ch\u1ea3 gi\u00f2 \u0111\u00fang ch\u1ea5t truy\u1ec1n th\u1ed1ng \u1ea9m th\u1ef1c Vi\u1ec7t Nam. N\u1eb1m tr\u00ean \u0111\u01b0\u1eddng Thi S\u00e1ch\" \/>\n<meta property=\"og:url\" content=\"https:\/\/aquarihotel.vn\/vi\/dining-cafe\/\" \/>\n<meta property=\"og:site_name\" content=\"Aquari Hotel\" \/>\n<meta property=\"article:modified_time\" content=\"2026-04-09T13:32:37+00:00\" \/>\n<meta property=\"og:image\" content=\"https:\/\/aquarihotel.vn\/wp-content\/uploads\/sites\/67\/2024\/04\/z5335981862788_980a8a4c5a311b973e38817729f94b00.jpg\" \/>\n\t<meta property=\"og:image:width\" content=\"2133\" \/>\n\t<meta property=\"og:image:height\" content=\"1200\" \/>\n\t<meta property=\"og:image:type\" content=\"image\/jpeg\" \/>\n<meta name=\"twitter:card\" content=\"summary_large_image\" \/>\n<meta name=\"twitter:label1\" content=\"Est. reading time\" \/>\n\t<meta name=\"twitter:data1\" content=\"2 minutes\" \/>\n<script type=\"application\/ld+json\" class=\"yoast-schema-graph\">{\"@context\":\"https:\/\/schema.org\",\"@graph\":[{\"@type\":\"WebPage\",\"@id\":\"https:\/\/aquarihotel.vn\/vi\/dining-cafe\/\",\"url\":\"https:\/\/aquarihotel.vn\/vi\/dining-cafe\/\",\"name\":\"Nh\u00e0 h\u00e0ng Qu\u1eadn 1 S\u00e0i G\u00f2n | Nh\u00e0 h\u00e0ng trung t\u00e2m TP.HCM - Aquari Hotel\",\"isPartOf\":{\"@id\":\"https:\/\/aquarihotel.vn\/vi\/#website\"},\"primaryImageOfPage\":{\"@id\":\"https:\/\/aquarihotel.vn\/vi\/dining-cafe\/#primaryimage\"},\"image\":{\"@id\":\"https:\/\/aquarihotel.vn\/vi\/dining-cafe\/#primaryimage\"},\"thumbnailUrl\":\"https:\/\/aquarihotel.vn\/wp-content\/uploads\/sites\/67\/2024\/04\/z5335981862788_980a8a4c5a311b973e38817729f94b00.jpg\",\"datePublished\":\"2019-12-17T02:35:47+00:00\",\"dateModified\":\"2026-04-09T13:32:37+00:00\",\"description\":\"Nh\u00e0 h\u00e0ng Qu\u1eadn 1 TP.HCM | V\u1edbi menu \u0111a d\u1ea1ng c\u00e1c m\u00f3n \u00c2u \u00c1, \u0111\u1eb7c bi\u1ec7t l\u00e0 Ph\u1edf v\u00e0 Ch\u1ea3 gi\u00f2 \u0111\u00fang ch\u1ea5t truy\u1ec1n th\u1ed1ng \u1ea9m th\u1ef1c Vi\u1ec7t Nam. N\u1eb1m tr\u00ean \u0111\u01b0\u1eddng Thi S\u00e1ch\",\"breadcrumb\":{\"@id\":\"https:\/\/aquarihotel.vn\/vi\/dining-cafe\/#breadcrumb\"},\"inLanguage\":\"vi-VN\",\"potentialAction\":[{\"@type\":\"ReadAction\",\"target\":[\"https:\/\/aquarihotel.vn\/vi\/dining-cafe\/\"]}]},{\"@type\":\"ImageObject\",\"inLanguage\":\"vi-VN\",\"@id\":\"https:\/\/aquarihotel.vn\/vi\/dining-cafe\/#primaryimage\",\"url\":\"https:\/\/aquarihotel.vn\/wp-content\/uploads\/sites\/67\/2024\/04\/z5335981862788_980a8a4c5a311b973e38817729f94b00.jpg\",\"contentUrl\":\"https:\/\/aquarihotel.vn\/wp-content\/uploads\/sites\/67\/2024\/04\/z5335981862788_980a8a4c5a311b973e38817729f94b00.jpg\",\"width\":2133,\"height\":1200},{\"@type\":\"BreadcrumbList\",\"@id\":\"https:\/\/aquarihotel.vn\/vi\/dining-cafe\/#breadcrumb\",\"itemListElement\":[{\"@type\":\"ListItem\",\"position\":1,\"name\":\"Home\",\"item\":\"https:\/\/aquarihotel.vn\/vi\/\"},{\"@type\":\"ListItem\",\"position\":2,\"name\":\"NH\u00c0 H\u00c0NG &amp; CAFE\"}]},{\"@type\":\"WebSite\",\"@id\":\"https:\/\/aquarihotel.vn\/vi\/#website\",\"url\":\"https:\/\/aquarihotel.vn\/vi\/\",\"name\":\"Aquari Hotel\",\"description\":\"Aquari Hotel | STAY WITH US, FEEL LIKE HOME\",\"potentialAction\":[{\"@type\":\"SearchAction\",\"target\":{\"@type\":\"EntryPoint\",\"urlTemplate\":\"https:\/\/aquarihotel.vn\/vi\/?s={search_term_string}\"},\"query-input\":\"required name=search_term_string\"}],\"inLanguage\":\"vi-VN\"}]}<\/script>\n<!-- \/ Yoast SEO plugin. -->","yoast_head_json":{"title":"Nh\u00e0 h\u00e0ng Qu\u1eadn 1 S\u00e0i G\u00f2n | Nh\u00e0 h\u00e0ng trung t\u00e2m TP.HCM - Aquari Hotel","description":"Nh\u00e0 h\u00e0ng Qu\u1eadn 1 TP.HCM | V\u1edbi menu \u0111a d\u1ea1ng c\u00e1c m\u00f3n \u00c2u \u00c1, \u0111\u1eb7c bi\u1ec7t l\u00e0 Ph\u1edf v\u00e0 Ch\u1ea3 gi\u00f2 \u0111\u00fang ch\u1ea5t truy\u1ec1n th\u1ed1ng \u1ea9m th\u1ef1c Vi\u1ec7t Nam. N\u1eb1m tr\u00ean \u0111\u01b0\u1eddng Thi S\u00e1ch","robots":{"index":"index","follow":"follow","max-snippet":"max-snippet:-1","max-image-preview":"max-image-preview:large","max-video-preview":"max-video-preview:-1"},"canonical":"https:\/\/aquarihotel.vn\/vi\/dining-cafe\/","og_locale":"vi_VN","og_type":"article","og_title":"Nh\u00e0 h\u00e0ng Qu\u1eadn 1 S\u00e0i G\u00f2n | Nh\u00e0 h\u00e0ng trung t\u00e2m TP.HCM - Aquari Hotel","og_description":"Nh\u00e0 h\u00e0ng Qu\u1eadn 1 TP.HCM | V\u1edbi menu \u0111a d\u1ea1ng c\u00e1c m\u00f3n \u00c2u \u00c1, \u0111\u1eb7c bi\u1ec7t l\u00e0 Ph\u1edf v\u00e0 Ch\u1ea3 gi\u00f2 \u0111\u00fang ch\u1ea5t truy\u1ec1n th\u1ed1ng \u1ea9m th\u1ef1c Vi\u1ec7t Nam. N\u1eb1m tr\u00ean \u0111\u01b0\u1eddng Thi S\u00e1ch","og_url":"https:\/\/aquarihotel.vn\/vi\/dining-cafe\/","og_site_name":"Aquari Hotel","article_modified_time":"2026-04-09T13:32:37+00:00","og_image":[{"width":2133,"height":1200,"url":"https:\/\/aquarihotel.vn\/wp-content\/uploads\/sites\/67\/2024\/04\/z5335981862788_980a8a4c5a311b973e38817729f94b00.jpg","type":"image\/jpeg"}],"twitter_card":"summary_large_image","twitter_misc":{"Est. reading time":"2 minutes"},"schema":{"@context":"https:\/\/schema.org","@graph":[{"@type":"WebPage","@id":"https:\/\/aquarihotel.vn\/vi\/dining-cafe\/","url":"https:\/\/aquarihotel.vn\/vi\/dining-cafe\/","name":"Nh\u00e0 h\u00e0ng Qu\u1eadn 1 S\u00e0i G\u00f2n | Nh\u00e0 h\u00e0ng trung t\u00e2m TP.HCM - Aquari Hotel","isPartOf":{"@id":"https:\/\/aquarihotel.vn\/vi\/#website"},"primaryImageOfPage":{"@id":"https:\/\/aquarihotel.vn\/vi\/dining-cafe\/#primaryimage"},"image":{"@id":"https:\/\/aquarihotel.vn\/vi\/dining-cafe\/#primaryimage"},"thumbnailUrl":"https:\/\/aquarihotel.vn\/wp-content\/uploads\/sites\/67\/2024\/04\/z5335981862788_980a8a4c5a311b973e38817729f94b00.jpg","datePublished":"2019-12-17T02:35:47+00:00","dateModified":"2026-04-09T13:32:37+00:00","description":"Nh\u00e0 h\u00e0ng Qu\u1eadn 1 TP.HCM | V\u1edbi menu \u0111a d\u1ea1ng c\u00e1c m\u00f3n \u00c2u \u00c1, \u0111\u1eb7c bi\u1ec7t l\u00e0 Ph\u1edf v\u00e0 Ch\u1ea3 gi\u00f2 \u0111\u00fang ch\u1ea5t truy\u1ec1n th\u1ed1ng \u1ea9m th\u1ef1c Vi\u1ec7t Nam. N\u1eb1m tr\u00ean \u0111\u01b0\u1eddng Thi S\u00e1ch","breadcrumb":{"@id":"https:\/\/aquarihotel.vn\/vi\/dining-cafe\/#breadcrumb"},"inLanguage":"vi-VN","potentialAction":[{"@type":"ReadAction","target":["https:\/\/aquarihotel.vn\/vi\/dining-cafe\/"]}]},{"@type":"ImageObject","inLanguage":"vi-VN","@id":"https:\/\/aquarihotel.vn\/vi\/dining-cafe\/#primaryimage","url":"https:\/\/aquarihotel.vn\/wp-content\/uploads\/sites\/67\/2024\/04\/z5335981862788_980a8a4c5a311b973e38817729f94b00.jpg","contentUrl":"https:\/\/aquarihotel.vn\/wp-content\/uploads\/sites\/67\/2024\/04\/z5335981862788_980a8a4c5a311b973e38817729f94b00.jpg","width":2133,"height":1200},{"@type":"BreadcrumbList","@id":"https:\/\/aquarihotel.vn\/vi\/dining-cafe\/#breadcrumb","itemListElement":[{"@type":"ListItem","position":1,"name":"Home","item":"https:\/\/aquarihotel.vn\/vi\/"},{"@type":"ListItem","position":2,"name":"NH\u00c0 H\u00c0NG &amp; CAFE"}]},{"@type":"WebSite","@id":"https:\/\/aquarihotel.vn\/vi\/#website","url":"https:\/\/aquarihotel.vn\/vi\/","name":"Aquari Hotel","description":"Aquari Hotel | STAY WITH US, FEEL LIKE HOME","potentialAction":[{"@type":"SearchAction","target":{"@type":"EntryPoint","urlTemplate":"https:\/\/aquarihotel.vn\/vi\/?s={search_term_string}"},"query-input":"required name=search_term_string"}],"inLanguage":"vi-VN"}]}},"_links":{"self":[{"href":"https:\/\/aquarihotel.vn\/vi\/wp-json\/wp\/v2\/pages\/210"}],"collection":[{"href":"https:\/\/aquarihotel.vn\/vi\/wp-json\/wp\/v2\/pages"}],"about":[{"href":"https:\/\/aquarihotel.vn\/vi\/wp-json\/wp\/v2\/types\/page"}],"author":[{"embeddable":true,"href":"https:\/\/aquarihotel.vn\/vi\/wp-json\/wp\/v2\/users\/32"}],"replies":[{"embeddable":true,"href":"https:\/\/aquarihotel.vn\/vi\/wp-json\/wp\/v2\/comments?post=210"}],"version-history":[{"count":3,"href":"https:\/\/aquarihotel.vn\/vi\/wp-json\/wp\/v2\/pages\/210\/revisions"}],"predecessor-version":[{"id":1529,"href":"https:\/\/aquarihotel.vn\/vi\/wp-json\/wp\/v2\/pages\/210\/revisions\/1529"}],"wp:featuredmedia":[{"embeddable":true,"href":"https:\/\/aquarihotel.vn\/vi\/wp-json\/wp\/v2\/media\/937"}],"wp:attachment":[{"href":"https:\/\/aquarihotel.vn\/vi\/wp-json\/wp\/v2\/media?parent=210"}],"curies":[{"name":"wp","href":"https:\/\/api.w.org\/{rel}","templated":true}]}}