{"id":224,"date":"2019-12-17T02:52:28","date_gmt":"2019-12-17T02:52:28","guid":{"rendered":"http:\/\/aquarihotel.ms.decms.asia\/service-and-amenities\/"},"modified":"2024-04-10T17:04:13","modified_gmt":"2024-04-10T17:04:13","slug":"service-and-amenities","status":"publish","type":"page","link":"https:\/\/aquarihotel.vn\/vi\/service-and-amenities\/","title":{"rendered":"D\u1ecbch v\u1ee5 &amp; ti\u1ec7n \u00edch"},"content":{"rendered":"<p>Th\u1ea5u hi\u1ec3u nh\u1eefng lo l\u1eafng, tr\u1edf ng\u1ea1i c\u00f3 th\u1ec3 x\u1ea3y ra trong nh\u1eefng chuy\u1ebfn \u0111i xa, Aquari Hotel x\u00e2y d\u1ef1ng nh\u1eefng d\u1ecbch v\u1ee5, ti\u1ec7n \u00edch chu \u0111\u00e1o h\u01a1n v\u1edbi mong mu\u1ed1n qu\u00fd kh\u00e1ch c\u00f3 th\u1ec3 an t\u00e2m t\u1eadn h\u01b0\u1edfng chuy\u1ebfn ngh\u1ec9 d\u01b0\u1ee1ng, c\u00f4ng t\u00e1c ch\u1ea5t l\u01b0\u1ee3ng nh\u1ea5t.<\/p>\n<p>M\u1ed7i ph\u00f2ng kh\u00e1ch \u0111\u1ec1u \u0111\u01b0\u1ee3c trang b\u1ecb k\u1ebft n\u1ed1i Wifi m\u1ea1nh 24\/24, TV LCD 40 inch c\u00f3 d\u00e2y c\u00e1p, t\u1ee7 l\u1ea1nh, \u1ea5m \u0111un n\u01b0\u1edbc \u0111i\u1ec7n t\u1eed v\u00e0 k\u00e9t an to\u00e0n, ph\u00f9 h\u1ee3p cho c\u1ea3 l\u01b0u tr\u00fa d\u00e0i h\u1ea1n v\u00e0 l\u01b0u tr\u00fa ng\u1eafn h\u1ea1n.<\/p>\n<p>Business Center c\u1ee7a ch\u00fang t\u00f4i \u0111\u01b0\u1ee3c trang b\u1ecb h\u1ec7 th\u1ed1ng m\u00e1y t\u00ednh k\u1ebft n\u1ed1i m\u00e1y in; n\u1eb1m \u1edf s\u1ea3nh \u0111\u1ec3 d\u1ec5 d\u00e0ng ti\u1ebfp c\u1eadn. D\u1ecbch v\u1ee5 photocopy ti\u00eau chu\u1ea9n c\u0169ng \u0111\u01b0\u1ee3c cung c\u1ea5p t\u1ea1i qu\u1ea7y l\u1ec5 t\u00e2n khi kh\u00e1ch h\u00e0ng c\u1ea7n.<\/p>\n","protected":false},"excerpt":{"rendered":"<p>Th\u1ea5u hi\u1ec3u nh\u1eefng lo l\u1eafng, tr\u1edf ng\u1ea1i c\u00f3 th\u1ec3 x\u1ea3y ra trong nh\u1eefng chuy\u1ebfn \u0111i xa, Aquari Hotel x\u00e2y d\u1ef1ng nh\u1eefng d\u1ecbch v\u1ee5, ti\u1ec7n \u00edch chu \u0111\u00e1o h\u01a1n v\u1edbi mong mu\u1ed1n qu\u00fd kh\u00e1ch c\u00f3 th\u1ec3 an t\u00e2m t\u1eadn h\u01b0\u1edfng chuy\u1ebfn ngh\u1ec9 d\u01b0\u1ee1ng, c\u00f4ng t\u00e1c ch\u1ea5t l\u01b0\u1ee3ng nh\u1ea5t. M\u1ed7i ph\u00f2ng kh\u00e1ch \u0111\u1ec1u \u0111\u01b0\u1ee3c trang b\u1ecb k\u1ebft [&hellip;]<\/p>\n","protected":false},"author":32,"featured_media":1322,"parent":0,"menu_order":0,"comment_status":"closed","ping_status":"closed","template":"","meta":{"footnotes":""},"yoast_head":"<!-- This site is optimized with the Yoast SEO plugin v22.3 - https:\/\/yoast.com\/wordpress\/plugins\/seo\/ -->\n<title>D\u1ecbch v\u1ee5 &amp; ti\u1ec7n \u00edch - Aquari Hotel<\/title>\n<meta name=\"robots\" content=\"index, follow, max-snippet:-1, max-image-preview:large, max-video-preview:-1\" \/>\n<link rel=\"canonical\" href=\"https:\/\/aquarihotel.vn\/vi\/service-and-amenities\/\" \/>\n<meta property=\"og:locale\" content=\"vi_VN\" \/>\n<meta property=\"og:type\" content=\"article\" \/>\n<meta property=\"og:title\" content=\"D\u1ecbch v\u1ee5 &amp; ti\u1ec7n \u00edch - Aquari Hotel\" \/>\n<meta property=\"og:description\" content=\"Th\u1ea5u hi\u1ec3u nh\u1eefng lo l\u1eafng, tr\u1edf ng\u1ea1i c\u00f3 th\u1ec3 x\u1ea3y ra trong nh\u1eefng chuy\u1ebfn \u0111i xa, Aquari Hotel x\u00e2y d\u1ef1ng nh\u1eefng d\u1ecbch v\u1ee5, ti\u1ec7n \u00edch chu \u0111\u00e1o h\u01a1n v\u1edbi mong mu\u1ed1n qu\u00fd kh\u00e1ch c\u00f3 th\u1ec3 an t\u00e2m t\u1eadn h\u01b0\u1edfng chuy\u1ebfn ngh\u1ec9 d\u01b0\u1ee1ng, c\u00f4ng t\u00e1c ch\u1ea5t l\u01b0\u1ee3ng nh\u1ea5t. M\u1ed7i ph\u00f2ng kh\u00e1ch \u0111\u1ec1u \u0111\u01b0\u1ee3c trang b\u1ecb k\u1ebft [&hellip;]\" \/>\n<meta property=\"og:url\" content=\"https:\/\/aquarihotel.vn\/vi\/service-and-amenities\/\" \/>\n<meta property=\"og:site_name\" content=\"Aquari Hotel\" \/>\n<meta property=\"article:modified_time\" content=\"2024-04-10T17:04:13+00:00\" \/>\n<meta property=\"og:image\" content=\"https:\/\/aquarihotel.vn\/wp-content\/uploads\/sites\/67\/2022\/04\/TOM0024.jpg\" \/>\n\t<meta property=\"og:image:width\" content=\"831\" \/>\n\t<meta property=\"og:image:height\" content=\"1200\" \/>\n\t<meta property=\"og:image:type\" content=\"image\/jpeg\" \/>\n<meta name=\"twitter:card\" content=\"summary_large_image\" \/>\n<meta name=\"twitter:label1\" content=\"Est. reading time\" \/>\n\t<meta name=\"twitter:data1\" content=\"1 minute\" \/>\n<script type=\"application\/ld+json\" class=\"yoast-schema-graph\">{\"@context\":\"https:\/\/schema.org\",\"@graph\":[{\"@type\":\"WebPage\",\"@id\":\"https:\/\/aquarihotel.vn\/vi\/service-and-amenities\/\",\"url\":\"https:\/\/aquarihotel.vn\/vi\/service-and-amenities\/\",\"name\":\"D\u1ecbch v\u1ee5 &amp; ti\u1ec7n \u00edch - Aquari Hotel\",\"isPartOf\":{\"@id\":\"https:\/\/aquarihotel.vn\/vi\/#website\"},\"primaryImageOfPage\":{\"@id\":\"https:\/\/aquarihotel.vn\/vi\/service-and-amenities\/#primaryimage\"},\"image\":{\"@id\":\"https:\/\/aquarihotel.vn\/vi\/service-and-amenities\/#primaryimage\"},\"thumbnailUrl\":\"https:\/\/aquarihotel.vn\/wp-content\/uploads\/sites\/67\/2026\/02\/hinh-phong-newly-edited-2025.jpg\",\"datePublished\":\"2019-12-17T02:52:28+00:00\",\"dateModified\":\"2024-04-10T17:04:13+00:00\",\"breadcrumb\":{\"@id\":\"https:\/\/aquarihotel.vn\/vi\/service-and-amenities\/#breadcrumb\"},\"inLanguage\":\"vi-VN\",\"potentialAction\":[{\"@type\":\"ReadAction\",\"target\":[\"https:\/\/aquarihotel.vn\/vi\/service-and-amenities\/\"]}]},{\"@type\":\"ImageObject\",\"inLanguage\":\"vi-VN\",\"@id\":\"https:\/\/aquarihotel.vn\/vi\/service-and-amenities\/#primaryimage\",\"url\":\"https:\/\/aquarihotel.vn\/wp-content\/uploads\/sites\/67\/2026\/02\/hinh-phong-newly-edited-2025.jpg\",\"contentUrl\":\"https:\/\/aquarihotel.vn\/wp-content\/uploads\/sites\/67\/2026\/02\/hinh-phong-newly-edited-2025.jpg\",\"width\":1280,\"height\":855},{\"@type\":\"BreadcrumbList\",\"@id\":\"https:\/\/aquarihotel.vn\/vi\/service-and-amenities\/#breadcrumb\",\"itemListElement\":[{\"@type\":\"ListItem\",\"position\":1,\"name\":\"Home\",\"item\":\"https:\/\/aquarihotel.vn\/vi\/\"},{\"@type\":\"ListItem\",\"position\":2,\"name\":\"D\u1ecbch v\u1ee5 &amp; ti\u1ec7n \u00edch\"}]},{\"@type\":\"WebSite\",\"@id\":\"https:\/\/aquarihotel.vn\/vi\/#website\",\"url\":\"https:\/\/aquarihotel.vn\/vi\/\",\"name\":\"Aquari Hotel\",\"description\":\"Aquari Hotel | STAY WITH US, FEEL LIKE HOME\",\"potentialAction\":[{\"@type\":\"SearchAction\",\"target\":{\"@type\":\"EntryPoint\",\"urlTemplate\":\"https:\/\/aquarihotel.vn\/vi\/?s={search_term_string}\"},\"query-input\":\"required name=search_term_string\"}],\"inLanguage\":\"vi-VN\"}]}<\/script>\n<!-- \/ Yoast SEO plugin. -->","yoast_head_json":{"title":"D\u1ecbch v\u1ee5 &amp; ti\u1ec7n \u00edch - Aquari Hotel","robots":{"index":"index","follow":"follow","max-snippet":"max-snippet:-1","max-image-preview":"max-image-preview:large","max-video-preview":"max-video-preview:-1"},"canonical":"https:\/\/aquarihotel.vn\/vi\/service-and-amenities\/","og_locale":"vi_VN","og_type":"article","og_title":"D\u1ecbch v\u1ee5 &amp; ti\u1ec7n \u00edch - Aquari Hotel","og_description":"Th\u1ea5u hi\u1ec3u nh\u1eefng lo l\u1eafng, tr\u1edf ng\u1ea1i c\u00f3 th\u1ec3 x\u1ea3y ra trong nh\u1eefng chuy\u1ebfn \u0111i xa, Aquari Hotel x\u00e2y d\u1ef1ng nh\u1eefng d\u1ecbch v\u1ee5, ti\u1ec7n \u00edch chu \u0111\u00e1o h\u01a1n v\u1edbi mong mu\u1ed1n qu\u00fd kh\u00e1ch c\u00f3 th\u1ec3 an t\u00e2m t\u1eadn h\u01b0\u1edfng chuy\u1ebfn ngh\u1ec9 d\u01b0\u1ee1ng, c\u00f4ng t\u00e1c ch\u1ea5t l\u01b0\u1ee3ng nh\u1ea5t. M\u1ed7i ph\u00f2ng kh\u00e1ch \u0111\u1ec1u \u0111\u01b0\u1ee3c trang b\u1ecb k\u1ebft [&hellip;]","og_url":"https:\/\/aquarihotel.vn\/vi\/service-and-amenities\/","og_site_name":"Aquari Hotel","article_modified_time":"2024-04-10T17:04:13+00:00","og_image":[{"width":831,"height":1200,"url":"https:\/\/aquarihotel.vn\/wp-content\/uploads\/sites\/67\/2022\/04\/TOM0024.jpg","type":"image\/jpeg"}],"twitter_card":"summary_large_image","twitter_misc":{"Est. reading time":"1 minute"},"schema":{"@context":"https:\/\/schema.org","@graph":[{"@type":"WebPage","@id":"https:\/\/aquarihotel.vn\/vi\/service-and-amenities\/","url":"https:\/\/aquarihotel.vn\/vi\/service-and-amenities\/","name":"D\u1ecbch v\u1ee5 &amp; ti\u1ec7n \u00edch - Aquari Hotel","isPartOf":{"@id":"https:\/\/aquarihotel.vn\/vi\/#website"},"primaryImageOfPage":{"@id":"https:\/\/aquarihotel.vn\/vi\/service-and-amenities\/#primaryimage"},"image":{"@id":"https:\/\/aquarihotel.vn\/vi\/service-and-amenities\/#primaryimage"},"thumbnailUrl":"https:\/\/aquarihotel.vn\/wp-content\/uploads\/sites\/67\/2026\/02\/hinh-phong-newly-edited-2025.jpg","datePublished":"2019-12-17T02:52:28+00:00","dateModified":"2024-04-10T17:04:13+00:00","breadcrumb":{"@id":"https:\/\/aquarihotel.vn\/vi\/service-and-amenities\/#breadcrumb"},"inLanguage":"vi-VN","potentialAction":[{"@type":"ReadAction","target":["https:\/\/aquarihotel.vn\/vi\/service-and-amenities\/"]}]},{"@type":"ImageObject","inLanguage":"vi-VN","@id":"https:\/\/aquarihotel.vn\/vi\/service-and-amenities\/#primaryimage","url":"https:\/\/aquarihotel.vn\/wp-content\/uploads\/sites\/67\/2026\/02\/hinh-phong-newly-edited-2025.jpg","contentUrl":"https:\/\/aquarihotel.vn\/wp-content\/uploads\/sites\/67\/2026\/02\/hinh-phong-newly-edited-2025.jpg","width":1280,"height":855},{"@type":"BreadcrumbList","@id":"https:\/\/aquarihotel.vn\/vi\/service-and-amenities\/#breadcrumb","itemListElement":[{"@type":"ListItem","position":1,"name":"Home","item":"https:\/\/aquarihotel.vn\/vi\/"},{"@type":"ListItem","position":2,"name":"D\u1ecbch v\u1ee5 &amp; ti\u1ec7n \u00edch"}]},{"@type":"WebSite","@id":"https:\/\/aquarihotel.vn\/vi\/#website","url":"https:\/\/aquarihotel.vn\/vi\/","name":"Aquari Hotel","description":"Aquari Hotel | STAY WITH US, FEEL LIKE HOME","potentialAction":[{"@type":"SearchAction","target":{"@type":"EntryPoint","urlTemplate":"https:\/\/aquarihotel.vn\/vi\/?s={search_term_string}"},"query-input":"required name=search_term_string"}],"inLanguage":"vi-VN"}]}},"_links":{"self":[{"href":"https:\/\/aquarihotel.vn\/vi\/wp-json\/wp\/v2\/pages\/224"}],"collection":[{"href":"https:\/\/aquarihotel.vn\/vi\/wp-json\/wp\/v2\/pages"}],"about":[{"href":"https:\/\/aquarihotel.vn\/vi\/wp-json\/wp\/v2\/types\/page"}],"author":[{"embeddable":true,"href":"https:\/\/aquarihotel.vn\/vi\/wp-json\/wp\/v2\/users\/32"}],"replies":[{"embeddable":true,"href":"https:\/\/aquarihotel.vn\/vi\/wp-json\/wp\/v2\/comments?post=224"}],"version-history":[{"count":0,"href":"https:\/\/aquarihotel.vn\/vi\/wp-json\/wp\/v2\/pages\/224\/revisions"}],"wp:featuredmedia":[{"embeddable":true,"href":"https:\/\/aquarihotel.vn\/vi\/wp-json\/wp\/v2\/media\/1322"}],"wp:attachment":[{"href":"https:\/\/aquarihotel.vn\/vi\/wp-json\/wp\/v2\/media?parent=224"}],"curies":[{"name":"wp","href":"https:\/\/api.w.org\/{rel}","templated":true}]}}