{"id":227,"date":"2019-12-17T02:53:33","date_gmt":"2019-12-17T02:53:33","guid":{"rendered":"http:\/\/aquarihotel.ms.decms.asia\/service-and-amenities\/buffet-breakfast\/"},"modified":"2019-12-22T09:07:12","modified_gmt":"2019-12-22T09:07:12","slug":"buffet-breakfast","status":"publish","type":"page","link":"https:\/\/aquarihotel.vn\/vi\/service-and-amenities\/buffet-breakfast\/","title":{"rendered":"Buffet s\u00e1ng"},"content":{"rendered":"<p>B\u1eefa s\u00e1ng v\u1edbi th\u1ef1c \u0111\u01a1n phong ph\u00fa, \u0111a d\u1ea1ng \u1ea9m th\u1ef1c \u00c1-\u00c2u s\u1ebd mang l\u1ea1i ngu\u1ed3n n\u0103ng l\u01b0\u1ee3ng \u0111\u1ec3 kh\u1edfi \u0111\u1ea7u m\u1ed9t ng\u00e0y m\u1edbi cho qu\u00fd kh\u00e1ch. \u0110\u1eb7c bi\u1ec7t, d\u00f9 m\u00f3n Ph\u1edf Vi\u1ec7t Nam c\u00f3 th\u1ec3 \u0111\u01b0\u1ee3c t\u00ecm \u1edf r\u1ea5t nhi\u1ec1u n\u01a1i, nh\u01b0ng ch\u00fang t\u00f4i t\u1ef1 tin r\u1eb1ng h\u01b0\u01a1ng v\u1ecb truy\u1ec1n th\u1ed1ng c\u1ee7a m\u00f3n Ph\u1edf do nh\u1eefng \u0111\u1ea7u b\u1ebfp t\u00e0i hoa c\u1ee7a Aquari ch\u1ebf bi\u1ebfn s\u1ebd kh\u00f4ng l\u00e0m qu\u00fd kh\u00e1ch th\u1ea5t v\u1ecdng.<\/p>\n","protected":false},"excerpt":{"rendered":"<p>B\u1eefa s\u00e1ng v\u1edbi th\u1ef1c \u0111\u01a1n phong ph\u00fa, \u0111a d\u1ea1ng \u1ea9m th\u1ef1c \u00c1-\u00c2u s\u1ebd mang l\u1ea1i ngu\u1ed3n n\u0103ng l\u01b0\u1ee3ng \u0111\u1ec3 kh\u1edfi \u0111\u1ea7u m\u1ed9t ng\u00e0y m\u1edbi cho qu\u00fd kh\u00e1ch. \u0110\u1eb7c bi\u1ec7t, d\u00f9 m\u00f3n Ph\u1edf Vi\u1ec7t Nam c\u00f3 th\u1ec3 \u0111\u01b0\u1ee3c t\u00ecm \u1edf r\u1ea5t nhi\u1ec1u n\u01a1i, nh\u01b0ng ch\u00fang t\u00f4i t\u1ef1 tin r\u1eb1ng h\u01b0\u01a1ng v\u1ecb truy\u1ec1n th\u1ed1ng c\u1ee7a m\u00f3n Ph\u1edf [&hellip;]<\/p>\n","protected":false},"author":32,"featured_media":1318,"parent":224,"menu_order":0,"comment_status":"closed","ping_status":"closed","template":"","meta":{"footnotes":""},"yoast_head":"<!-- This site is optimized with the Yoast SEO plugin v22.3 - https:\/\/yoast.com\/wordpress\/plugins\/seo\/ -->\n<title>Buffet s\u00e1ng - Aquari Hotel<\/title>\n<meta name=\"robots\" content=\"index, follow, max-snippet:-1, max-image-preview:large, max-video-preview:-1\" \/>\n<link rel=\"canonical\" href=\"https:\/\/aquarihotel.vn\/vi\/service-and-amenities\/buffet-breakfast\/\" \/>\n<meta property=\"og:locale\" content=\"vi_VN\" \/>\n<meta property=\"og:type\" content=\"article\" \/>\n<meta property=\"og:title\" content=\"Buffet s\u00e1ng - Aquari Hotel\" \/>\n<meta property=\"og:description\" content=\"B\u1eefa s\u00e1ng v\u1edbi th\u1ef1c \u0111\u01a1n phong ph\u00fa, \u0111a d\u1ea1ng \u1ea9m th\u1ef1c \u00c1-\u00c2u s\u1ebd mang l\u1ea1i ngu\u1ed3n n\u0103ng l\u01b0\u1ee3ng \u0111\u1ec3 kh\u1edfi \u0111\u1ea7u m\u1ed9t ng\u00e0y m\u1edbi cho qu\u00fd kh\u00e1ch. \u0110\u1eb7c bi\u1ec7t, d\u00f9 m\u00f3n Ph\u1edf Vi\u1ec7t Nam c\u00f3 th\u1ec3 \u0111\u01b0\u1ee3c t\u00ecm \u1edf r\u1ea5t nhi\u1ec1u n\u01a1i, nh\u01b0ng ch\u00fang t\u00f4i t\u1ef1 tin r\u1eb1ng h\u01b0\u01a1ng v\u1ecb truy\u1ec1n th\u1ed1ng c\u1ee7a m\u00f3n Ph\u1edf [&hellip;]\" \/>\n<meta property=\"og:url\" content=\"https:\/\/aquarihotel.vn\/vi\/service-and-amenities\/buffet-breakfast\/\" \/>\n<meta property=\"og:site_name\" content=\"Aquari Hotel\" \/>\n<meta property=\"article:modified_time\" content=\"2019-12-22T09:07:12+00:00\" \/>\n<meta property=\"og:image\" content=\"https:\/\/aquarihotel.vn\/wp-content\/uploads\/sites\/67\/2020\/02\/IMG_9822.jpg\" \/>\n\t<meta property=\"og:image:width\" content=\"1103\" \/>\n\t<meta property=\"og:image:height\" content=\"1200\" \/>\n\t<meta property=\"og:image:type\" content=\"image\/jpeg\" \/>\n<meta name=\"twitter:card\" content=\"summary_large_image\" \/>\n<meta name=\"twitter:label1\" content=\"Est. reading time\" \/>\n\t<meta name=\"twitter:data1\" content=\"1 minute\" \/>\n<script type=\"application\/ld+json\" class=\"yoast-schema-graph\">{\"@context\":\"https:\/\/schema.org\",\"@graph\":[{\"@type\":\"WebPage\",\"@id\":\"https:\/\/aquarihotel.vn\/vi\/service-and-amenities\/buffet-breakfast\/\",\"url\":\"https:\/\/aquarihotel.vn\/vi\/service-and-amenities\/buffet-breakfast\/\",\"name\":\"Buffet s\u00e1ng - Aquari Hotel\",\"isPartOf\":{\"@id\":\"https:\/\/aquarihotel.vn\/vi\/#website\"},\"primaryImageOfPage\":{\"@id\":\"https:\/\/aquarihotel.vn\/vi\/service-and-amenities\/buffet-breakfast\/#primaryimage\"},\"image\":{\"@id\":\"https:\/\/aquarihotel.vn\/vi\/service-and-amenities\/buffet-breakfast\/#primaryimage\"},\"thumbnailUrl\":\"https:\/\/aquarihotel.vn\/wp-content\/uploads\/sites\/67\/2026\/02\/L1001890-copy.jpg\",\"datePublished\":\"2019-12-17T02:53:33+00:00\",\"dateModified\":\"2019-12-22T09:07:12+00:00\",\"breadcrumb\":{\"@id\":\"https:\/\/aquarihotel.vn\/vi\/service-and-amenities\/buffet-breakfast\/#breadcrumb\"},\"inLanguage\":\"vi-VN\",\"potentialAction\":[{\"@type\":\"ReadAction\",\"target\":[\"https:\/\/aquarihotel.vn\/vi\/service-and-amenities\/buffet-breakfast\/\"]}]},{\"@type\":\"ImageObject\",\"inLanguage\":\"vi-VN\",\"@id\":\"https:\/\/aquarihotel.vn\/vi\/service-and-amenities\/buffet-breakfast\/#primaryimage\",\"url\":\"https:\/\/aquarihotel.vn\/wp-content\/uploads\/sites\/67\/2026\/02\/L1001890-copy.jpg\",\"contentUrl\":\"https:\/\/aquarihotel.vn\/wp-content\/uploads\/sites\/67\/2026\/02\/L1001890-copy.jpg\",\"width\":1200,\"height\":1200},{\"@type\":\"BreadcrumbList\",\"@id\":\"https:\/\/aquarihotel.vn\/vi\/service-and-amenities\/buffet-breakfast\/#breadcrumb\",\"itemListElement\":[{\"@type\":\"ListItem\",\"position\":1,\"name\":\"Home\",\"item\":\"https:\/\/aquarihotel.vn\/vi\/\"},{\"@type\":\"ListItem\",\"position\":2,\"name\":\"D\u1ecbch v\u1ee5 &amp; ti\u1ec7n \u00edch\",\"item\":\"https:\/\/aquarihotel.vn\/vi\/service-and-amenities\/\"},{\"@type\":\"ListItem\",\"position\":3,\"name\":\"Buffet s\u00e1ng\"}]},{\"@type\":\"WebSite\",\"@id\":\"https:\/\/aquarihotel.vn\/vi\/#website\",\"url\":\"https:\/\/aquarihotel.vn\/vi\/\",\"name\":\"Aquari Hotel\",\"description\":\"Aquari Hotel | STAY WITH US, FEEL LIKE HOME\",\"potentialAction\":[{\"@type\":\"SearchAction\",\"target\":{\"@type\":\"EntryPoint\",\"urlTemplate\":\"https:\/\/aquarihotel.vn\/vi\/?s={search_term_string}\"},\"query-input\":\"required name=search_term_string\"}],\"inLanguage\":\"vi-VN\"}]}<\/script>\n<!-- \/ Yoast SEO plugin. -->","yoast_head_json":{"title":"Buffet s\u00e1ng - Aquari Hotel","robots":{"index":"index","follow":"follow","max-snippet":"max-snippet:-1","max-image-preview":"max-image-preview:large","max-video-preview":"max-video-preview:-1"},"canonical":"https:\/\/aquarihotel.vn\/vi\/service-and-amenities\/buffet-breakfast\/","og_locale":"vi_VN","og_type":"article","og_title":"Buffet s\u00e1ng - Aquari Hotel","og_description":"B\u1eefa s\u00e1ng v\u1edbi th\u1ef1c \u0111\u01a1n phong ph\u00fa, \u0111a d\u1ea1ng \u1ea9m th\u1ef1c \u00c1-\u00c2u s\u1ebd mang l\u1ea1i ngu\u1ed3n n\u0103ng l\u01b0\u1ee3ng \u0111\u1ec3 kh\u1edfi \u0111\u1ea7u m\u1ed9t ng\u00e0y m\u1edbi cho qu\u00fd kh\u00e1ch. \u0110\u1eb7c bi\u1ec7t, d\u00f9 m\u00f3n Ph\u1edf Vi\u1ec7t Nam c\u00f3 th\u1ec3 \u0111\u01b0\u1ee3c t\u00ecm \u1edf r\u1ea5t nhi\u1ec1u n\u01a1i, nh\u01b0ng ch\u00fang t\u00f4i t\u1ef1 tin r\u1eb1ng h\u01b0\u01a1ng v\u1ecb truy\u1ec1n th\u1ed1ng c\u1ee7a m\u00f3n Ph\u1edf [&hellip;]","og_url":"https:\/\/aquarihotel.vn\/vi\/service-and-amenities\/buffet-breakfast\/","og_site_name":"Aquari Hotel","article_modified_time":"2019-12-22T09:07:12+00:00","og_image":[{"width":1103,"height":1200,"url":"https:\/\/aquarihotel.vn\/wp-content\/uploads\/sites\/67\/2020\/02\/IMG_9822.jpg","type":"image\/jpeg"}],"twitter_card":"summary_large_image","twitter_misc":{"Est. reading time":"1 minute"},"schema":{"@context":"https:\/\/schema.org","@graph":[{"@type":"WebPage","@id":"https:\/\/aquarihotel.vn\/vi\/service-and-amenities\/buffet-breakfast\/","url":"https:\/\/aquarihotel.vn\/vi\/service-and-amenities\/buffet-breakfast\/","name":"Buffet s\u00e1ng - Aquari Hotel","isPartOf":{"@id":"https:\/\/aquarihotel.vn\/vi\/#website"},"primaryImageOfPage":{"@id":"https:\/\/aquarihotel.vn\/vi\/service-and-amenities\/buffet-breakfast\/#primaryimage"},"image":{"@id":"https:\/\/aquarihotel.vn\/vi\/service-and-amenities\/buffet-breakfast\/#primaryimage"},"thumbnailUrl":"https:\/\/aquarihotel.vn\/wp-content\/uploads\/sites\/67\/2026\/02\/L1001890-copy.jpg","datePublished":"2019-12-17T02:53:33+00:00","dateModified":"2019-12-22T09:07:12+00:00","breadcrumb":{"@id":"https:\/\/aquarihotel.vn\/vi\/service-and-amenities\/buffet-breakfast\/#breadcrumb"},"inLanguage":"vi-VN","potentialAction":[{"@type":"ReadAction","target":["https:\/\/aquarihotel.vn\/vi\/service-and-amenities\/buffet-breakfast\/"]}]},{"@type":"ImageObject","inLanguage":"vi-VN","@id":"https:\/\/aquarihotel.vn\/vi\/service-and-amenities\/buffet-breakfast\/#primaryimage","url":"https:\/\/aquarihotel.vn\/wp-content\/uploads\/sites\/67\/2026\/02\/L1001890-copy.jpg","contentUrl":"https:\/\/aquarihotel.vn\/wp-content\/uploads\/sites\/67\/2026\/02\/L1001890-copy.jpg","width":1200,"height":1200},{"@type":"BreadcrumbList","@id":"https:\/\/aquarihotel.vn\/vi\/service-and-amenities\/buffet-breakfast\/#breadcrumb","itemListElement":[{"@type":"ListItem","position":1,"name":"Home","item":"https:\/\/aquarihotel.vn\/vi\/"},{"@type":"ListItem","position":2,"name":"D\u1ecbch v\u1ee5 &amp; ti\u1ec7n \u00edch","item":"https:\/\/aquarihotel.vn\/vi\/service-and-amenities\/"},{"@type":"ListItem","position":3,"name":"Buffet s\u00e1ng"}]},{"@type":"WebSite","@id":"https:\/\/aquarihotel.vn\/vi\/#website","url":"https:\/\/aquarihotel.vn\/vi\/","name":"Aquari Hotel","description":"Aquari Hotel | STAY WITH US, FEEL LIKE HOME","potentialAction":[{"@type":"SearchAction","target":{"@type":"EntryPoint","urlTemplate":"https:\/\/aquarihotel.vn\/vi\/?s={search_term_string}"},"query-input":"required name=search_term_string"}],"inLanguage":"vi-VN"}]}},"_links":{"self":[{"href":"https:\/\/aquarihotel.vn\/vi\/wp-json\/wp\/v2\/pages\/227"}],"collection":[{"href":"https:\/\/aquarihotel.vn\/vi\/wp-json\/wp\/v2\/pages"}],"about":[{"href":"https:\/\/aquarihotel.vn\/vi\/wp-json\/wp\/v2\/types\/page"}],"author":[{"embeddable":true,"href":"https:\/\/aquarihotel.vn\/vi\/wp-json\/wp\/v2\/users\/32"}],"replies":[{"embeddable":true,"href":"https:\/\/aquarihotel.vn\/vi\/wp-json\/wp\/v2\/comments?post=227"}],"version-history":[{"count":0,"href":"https:\/\/aquarihotel.vn\/vi\/wp-json\/wp\/v2\/pages\/227\/revisions"}],"up":[{"embeddable":true,"href":"https:\/\/aquarihotel.vn\/vi\/wp-json\/wp\/v2\/pages\/224"}],"wp:featuredmedia":[{"embeddable":true,"href":"https:\/\/aquarihotel.vn\/vi\/wp-json\/wp\/v2\/media\/1318"}],"wp:attachment":[{"href":"https:\/\/aquarihotel.vn\/vi\/wp-json\/wp\/v2\/media?parent=227"}],"curies":[{"name":"wp","href":"https:\/\/api.w.org\/{rel}","templated":true}]}}