{"id":230,"date":"2019-12-17T02:54:16","date_gmt":"2019-12-17T02:54:16","guid":{"rendered":"http:\/\/aquarihotel.ms.decms.asia\/service-and-amenities\/transportation-service\/"},"modified":"2019-12-22T09:09:51","modified_gmt":"2019-12-22T09:09:51","slug":"transportation-service","status":"publish","type":"page","link":"https:\/\/aquarihotel.vn\/vi\/service-and-amenities\/transportation-service\/","title":{"rendered":"D\u1ecbch v\u1ee5 \u0111\u01b0a \u0111\u00f3n"},"content":{"rendered":"<p>\u0110\u01b0a \u0111\u00f3n s\u00e2n bay l\u00e0 d\u1ecbch v\u1ee5 Aquari cung c\u1ea5p nh\u1eb1m mang \u0111\u1ebfn gi\u1ea3i ph\u00e1p v\u1eeba thu\u1eadn ti\u1ec7n, v\u1eeba an to\u00e0n cho qu\u00fd kh\u00e1ch c\u00f3 nhu c\u1ea7u di chuy\u1ec3n gi\u1eefa kh\u00e1ch s\u1ea1n v\u00e0 s\u00e2n bay.<\/p>\n","protected":false},"excerpt":{"rendered":"<p>\u0110\u01b0a \u0111\u00f3n s\u00e2n bay l\u00e0 d\u1ecbch v\u1ee5 Aquari cung c\u1ea5p nh\u1eb1m mang \u0111\u1ebfn gi\u1ea3i ph\u00e1p v\u1eeba thu\u1eadn ti\u1ec7n, v\u1eeba an to\u00e0n cho qu\u00fd kh\u00e1ch c\u00f3 nhu c\u1ea7u di chuy\u1ec3n gi\u1eefa kh\u00e1ch s\u1ea1n v\u00e0 s\u00e2n bay.<\/p>\n","protected":false},"author":32,"featured_media":1080,"parent":224,"menu_order":0,"comment_status":"closed","ping_status":"closed","template":"","meta":{"footnotes":""},"yoast_head":"<!-- This site is optimized with the Yoast SEO plugin v22.3 - https:\/\/yoast.com\/wordpress\/plugins\/seo\/ -->\n<title>D\u1ecbch v\u1ee5 \u0111\u01b0a \u0111\u00f3n - Aquari Hotel<\/title>\n<meta name=\"robots\" content=\"index, follow, max-snippet:-1, max-image-preview:large, max-video-preview:-1\" \/>\n<link rel=\"canonical\" href=\"https:\/\/aquarihotel.vn\/vi\/service-and-amenities\/transportation-service\/\" \/>\n<meta property=\"og:locale\" content=\"vi_VN\" \/>\n<meta property=\"og:type\" content=\"article\" \/>\n<meta property=\"og:title\" content=\"D\u1ecbch v\u1ee5 \u0111\u01b0a \u0111\u00f3n - Aquari Hotel\" \/>\n<meta property=\"og:description\" content=\"\u0110\u01b0a \u0111\u00f3n s\u00e2n bay l\u00e0 d\u1ecbch v\u1ee5 Aquari cung c\u1ea5p nh\u1eb1m mang \u0111\u1ebfn gi\u1ea3i ph\u00e1p v\u1eeba thu\u1eadn ti\u1ec7n, v\u1eeba an to\u00e0n cho qu\u00fd kh\u00e1ch c\u00f3 nhu c\u1ea7u di chuy\u1ec3n gi\u1eefa kh\u00e1ch s\u1ea1n v\u00e0 s\u00e2n bay.\" \/>\n<meta property=\"og:url\" content=\"https:\/\/aquarihotel.vn\/vi\/service-and-amenities\/transportation-service\/\" \/>\n<meta property=\"og:site_name\" content=\"Aquari Hotel\" \/>\n<meta property=\"article:modified_time\" content=\"2019-12-22T09:09:51+00:00\" \/>\n<meta property=\"og:image\" content=\"https:\/\/aquarihotel.vn\/wp-content\/uploads\/sites\/67\/2020\/02\/transportationservice-1.jpg\" \/>\n\t<meta property=\"og:image:width\" content=\"525\" \/>\n\t<meta property=\"og:image:height\" content=\"350\" \/>\n\t<meta property=\"og:image:type\" content=\"image\/jpeg\" \/>\n<meta name=\"twitter:card\" content=\"summary_large_image\" \/>\n<script type=\"application\/ld+json\" class=\"yoast-schema-graph\">{\"@context\":\"https:\/\/schema.org\",\"@graph\":[{\"@type\":\"WebPage\",\"@id\":\"https:\/\/aquarihotel.vn\/vi\/service-and-amenities\/transportation-service\/\",\"url\":\"https:\/\/aquarihotel.vn\/vi\/service-and-amenities\/transportation-service\/\",\"name\":\"D\u1ecbch v\u1ee5 \u0111\u01b0a \u0111\u00f3n - Aquari Hotel\",\"isPartOf\":{\"@id\":\"https:\/\/aquarihotel.vn\/vi\/#website\"},\"primaryImageOfPage\":{\"@id\":\"https:\/\/aquarihotel.vn\/vi\/service-and-amenities\/transportation-service\/#primaryimage\"},\"image\":{\"@id\":\"https:\/\/aquarihotel.vn\/vi\/service-and-amenities\/transportation-service\/#primaryimage\"},\"thumbnailUrl\":\"https:\/\/aquarihotel.vn\/wp-content\/uploads\/sites\/67\/2025\/10\/Blue-and-Yellow-Modern-Luxury-Hotel-Room-Instagram-Post.png\",\"datePublished\":\"2019-12-17T02:54:16+00:00\",\"dateModified\":\"2019-12-22T09:09:51+00:00\",\"breadcrumb\":{\"@id\":\"https:\/\/aquarihotel.vn\/vi\/service-and-amenities\/transportation-service\/#breadcrumb\"},\"inLanguage\":\"vi-VN\",\"potentialAction\":[{\"@type\":\"ReadAction\",\"target\":[\"https:\/\/aquarihotel.vn\/vi\/service-and-amenities\/transportation-service\/\"]}]},{\"@type\":\"ImageObject\",\"inLanguage\":\"vi-VN\",\"@id\":\"https:\/\/aquarihotel.vn\/vi\/service-and-amenities\/transportation-service\/#primaryimage\",\"url\":\"https:\/\/aquarihotel.vn\/wp-content\/uploads\/sites\/67\/2025\/10\/Blue-and-Yellow-Modern-Luxury-Hotel-Room-Instagram-Post.png\",\"contentUrl\":\"https:\/\/aquarihotel.vn\/wp-content\/uploads\/sites\/67\/2025\/10\/Blue-and-Yellow-Modern-Luxury-Hotel-Room-Instagram-Post.png\",\"width\":1080,\"height\":1080},{\"@type\":\"BreadcrumbList\",\"@id\":\"https:\/\/aquarihotel.vn\/vi\/service-and-amenities\/transportation-service\/#breadcrumb\",\"itemListElement\":[{\"@type\":\"ListItem\",\"position\":1,\"name\":\"Home\",\"item\":\"https:\/\/aquarihotel.vn\/vi\/\"},{\"@type\":\"ListItem\",\"position\":2,\"name\":\"D\u1ecbch v\u1ee5 &amp; ti\u1ec7n \u00edch\",\"item\":\"https:\/\/aquarihotel.vn\/vi\/service-and-amenities\/\"},{\"@type\":\"ListItem\",\"position\":3,\"name\":\"D\u1ecbch v\u1ee5 \u0111\u01b0a \u0111\u00f3n\"}]},{\"@type\":\"WebSite\",\"@id\":\"https:\/\/aquarihotel.vn\/vi\/#website\",\"url\":\"https:\/\/aquarihotel.vn\/vi\/\",\"name\":\"Aquari Hotel\",\"description\":\"Aquari Hotel | STAY WITH US, FEEL LIKE HOME\",\"potentialAction\":[{\"@type\":\"SearchAction\",\"target\":{\"@type\":\"EntryPoint\",\"urlTemplate\":\"https:\/\/aquarihotel.vn\/vi\/?s={search_term_string}\"},\"query-input\":\"required name=search_term_string\"}],\"inLanguage\":\"vi-VN\"}]}<\/script>\n<!-- \/ Yoast SEO plugin. -->","yoast_head_json":{"title":"D\u1ecbch v\u1ee5 \u0111\u01b0a \u0111\u00f3n - Aquari Hotel","robots":{"index":"index","follow":"follow","max-snippet":"max-snippet:-1","max-image-preview":"max-image-preview:large","max-video-preview":"max-video-preview:-1"},"canonical":"https:\/\/aquarihotel.vn\/vi\/service-and-amenities\/transportation-service\/","og_locale":"vi_VN","og_type":"article","og_title":"D\u1ecbch v\u1ee5 \u0111\u01b0a \u0111\u00f3n - Aquari Hotel","og_description":"\u0110\u01b0a \u0111\u00f3n s\u00e2n bay l\u00e0 d\u1ecbch v\u1ee5 Aquari cung c\u1ea5p nh\u1eb1m mang \u0111\u1ebfn gi\u1ea3i ph\u00e1p v\u1eeba thu\u1eadn ti\u1ec7n, v\u1eeba an to\u00e0n cho qu\u00fd kh\u00e1ch c\u00f3 nhu c\u1ea7u di chuy\u1ec3n gi\u1eefa kh\u00e1ch s\u1ea1n v\u00e0 s\u00e2n bay.","og_url":"https:\/\/aquarihotel.vn\/vi\/service-and-amenities\/transportation-service\/","og_site_name":"Aquari Hotel","article_modified_time":"2019-12-22T09:09:51+00:00","og_image":[{"width":525,"height":350,"url":"https:\/\/aquarihotel.vn\/wp-content\/uploads\/sites\/67\/2020\/02\/transportationservice-1.jpg","type":"image\/jpeg"}],"twitter_card":"summary_large_image","schema":{"@context":"https:\/\/schema.org","@graph":[{"@type":"WebPage","@id":"https:\/\/aquarihotel.vn\/vi\/service-and-amenities\/transportation-service\/","url":"https:\/\/aquarihotel.vn\/vi\/service-and-amenities\/transportation-service\/","name":"D\u1ecbch v\u1ee5 \u0111\u01b0a \u0111\u00f3n - Aquari Hotel","isPartOf":{"@id":"https:\/\/aquarihotel.vn\/vi\/#website"},"primaryImageOfPage":{"@id":"https:\/\/aquarihotel.vn\/vi\/service-and-amenities\/transportation-service\/#primaryimage"},"image":{"@id":"https:\/\/aquarihotel.vn\/vi\/service-and-amenities\/transportation-service\/#primaryimage"},"thumbnailUrl":"https:\/\/aquarihotel.vn\/wp-content\/uploads\/sites\/67\/2025\/10\/Blue-and-Yellow-Modern-Luxury-Hotel-Room-Instagram-Post.png","datePublished":"2019-12-17T02:54:16+00:00","dateModified":"2019-12-22T09:09:51+00:00","breadcrumb":{"@id":"https:\/\/aquarihotel.vn\/vi\/service-and-amenities\/transportation-service\/#breadcrumb"},"inLanguage":"vi-VN","potentialAction":[{"@type":"ReadAction","target":["https:\/\/aquarihotel.vn\/vi\/service-and-amenities\/transportation-service\/"]}]},{"@type":"ImageObject","inLanguage":"vi-VN","@id":"https:\/\/aquarihotel.vn\/vi\/service-and-amenities\/transportation-service\/#primaryimage","url":"https:\/\/aquarihotel.vn\/wp-content\/uploads\/sites\/67\/2025\/10\/Blue-and-Yellow-Modern-Luxury-Hotel-Room-Instagram-Post.png","contentUrl":"https:\/\/aquarihotel.vn\/wp-content\/uploads\/sites\/67\/2025\/10\/Blue-and-Yellow-Modern-Luxury-Hotel-Room-Instagram-Post.png","width":1080,"height":1080},{"@type":"BreadcrumbList","@id":"https:\/\/aquarihotel.vn\/vi\/service-and-amenities\/transportation-service\/#breadcrumb","itemListElement":[{"@type":"ListItem","position":1,"name":"Home","item":"https:\/\/aquarihotel.vn\/vi\/"},{"@type":"ListItem","position":2,"name":"D\u1ecbch v\u1ee5 &amp; ti\u1ec7n \u00edch","item":"https:\/\/aquarihotel.vn\/vi\/service-and-amenities\/"},{"@type":"ListItem","position":3,"name":"D\u1ecbch v\u1ee5 \u0111\u01b0a \u0111\u00f3n"}]},{"@type":"WebSite","@id":"https:\/\/aquarihotel.vn\/vi\/#website","url":"https:\/\/aquarihotel.vn\/vi\/","name":"Aquari Hotel","description":"Aquari Hotel | STAY WITH US, FEEL LIKE HOME","potentialAction":[{"@type":"SearchAction","target":{"@type":"EntryPoint","urlTemplate":"https:\/\/aquarihotel.vn\/vi\/?s={search_term_string}"},"query-input":"required name=search_term_string"}],"inLanguage":"vi-VN"}]}},"_links":{"self":[{"href":"https:\/\/aquarihotel.vn\/vi\/wp-json\/wp\/v2\/pages\/230"}],"collection":[{"href":"https:\/\/aquarihotel.vn\/vi\/wp-json\/wp\/v2\/pages"}],"about":[{"href":"https:\/\/aquarihotel.vn\/vi\/wp-json\/wp\/v2\/types\/page"}],"author":[{"embeddable":true,"href":"https:\/\/aquarihotel.vn\/vi\/wp-json\/wp\/v2\/users\/32"}],"replies":[{"embeddable":true,"href":"https:\/\/aquarihotel.vn\/vi\/wp-json\/wp\/v2\/comments?post=230"}],"version-history":[{"count":0,"href":"https:\/\/aquarihotel.vn\/vi\/wp-json\/wp\/v2\/pages\/230\/revisions"}],"up":[{"embeddable":true,"href":"https:\/\/aquarihotel.vn\/vi\/wp-json\/wp\/v2\/pages\/224"}],"wp:featuredmedia":[{"embeddable":true,"href":"https:\/\/aquarihotel.vn\/vi\/wp-json\/wp\/v2\/media\/1080"}],"wp:attachment":[{"href":"https:\/\/aquarihotel.vn\/vi\/wp-json\/wp\/v2\/media?parent=230"}],"curies":[{"name":"wp","href":"https:\/\/api.w.org\/{rel}","templated":true}]}}