{"id":232,"date":"2019-12-17T02:54:56","date_gmt":"2019-12-17T02:54:56","guid":{"rendered":"http:\/\/aquarihotel.ms.decms.asia\/service-and-amenities\/business-center\/"},"modified":"2019-12-22T09:12:13","modified_gmt":"2019-12-22T09:12:13","slug":"business-center","status":"publish","type":"page","link":"https:\/\/aquarihotel.vn\/vi\/service-and-amenities\/business-center\/","title":{"rendered":"Business Center"},"content":{"rendered":"<p>Business Center \u0111\u01b0\u1ee3c trang b\u1ecb \u0111\u1ea7y \u0111\u1ee7 c\u00e1c thi\u1ebft b\u1ecb c\u01a1 b\u1ea3n \u0111\u1ec3 h\u1ed7 tr\u1ee3 v\u00e0 gi\u1ea3i quy\u1ebft nh\u1eefng nhu c\u1ea7u c\u00f4ng vi\u1ec7c c\u1ee7a qu\u00fd kh\u00e1ch, m\u1ed9t c\u00e1ch nhanh ch\u00f3ng v\u00e0 d\u1ec5 d\u00e0ng nh\u1ea5t.<\/p>\n","protected":false},"excerpt":{"rendered":"<p>Business Center \u0111\u01b0\u1ee3c trang b\u1ecb \u0111\u1ea7y \u0111\u1ee7 c\u00e1c thi\u1ebft b\u1ecb c\u01a1 b\u1ea3n \u0111\u1ec3 h\u1ed7 tr\u1ee3 v\u00e0 gi\u1ea3i quy\u1ebft nh\u1eefng nhu c\u1ea7u c\u00f4ng vi\u1ec7c c\u1ee7a qu\u00fd kh\u00e1ch, m\u1ed9t c\u00e1ch nhanh ch\u00f3ng v\u00e0 d\u1ec5 d\u00e0ng nh\u1ea5t.<\/p>\n","protected":false},"author":32,"featured_media":587,"parent":224,"menu_order":0,"comment_status":"closed","ping_status":"closed","template":"","meta":{"footnotes":""},"yoast_head":"<!-- This site is optimized with the Yoast SEO plugin v22.3 - https:\/\/yoast.com\/wordpress\/plugins\/seo\/ -->\n<title>Business Center - Aquari Hotel<\/title>\n<meta name=\"robots\" content=\"index, follow, max-snippet:-1, max-image-preview:large, max-video-preview:-1\" \/>\n<link rel=\"canonical\" href=\"https:\/\/aquarihotel.vn\/vi\/service-and-amenities\/business-center\/\" \/>\n<meta property=\"og:locale\" content=\"vi_VN\" \/>\n<meta property=\"og:type\" content=\"article\" \/>\n<meta property=\"og:title\" content=\"Business Center - Aquari Hotel\" \/>\n<meta property=\"og:description\" content=\"Business Center \u0111\u01b0\u1ee3c trang b\u1ecb \u0111\u1ea7y \u0111\u1ee7 c\u00e1c thi\u1ebft b\u1ecb c\u01a1 b\u1ea3n \u0111\u1ec3 h\u1ed7 tr\u1ee3 v\u00e0 gi\u1ea3i quy\u1ebft nh\u1eefng nhu c\u1ea7u c\u00f4ng vi\u1ec7c c\u1ee7a qu\u00fd kh\u00e1ch, m\u1ed9t c\u00e1ch nhanh ch\u00f3ng v\u00e0 d\u1ec5 d\u00e0ng nh\u1ea5t.\" \/>\n<meta property=\"og:url\" content=\"https:\/\/aquarihotel.vn\/vi\/service-and-amenities\/business-center\/\" \/>\n<meta property=\"og:site_name\" content=\"Aquari Hotel\" \/>\n<meta property=\"article:modified_time\" content=\"2019-12-22T09:12:13+00:00\" \/>\n<meta property=\"og:image\" content=\"https:\/\/aquarihotel.vn\/wp-content\/uploads\/sites\/67\/2021\/04\/TOM9904-1.jpg\" \/>\n\t<meta property=\"og:image:width\" content=\"2200\" \/>\n\t<meta property=\"og:image:height\" content=\"1200\" \/>\n\t<meta property=\"og:image:type\" content=\"image\/jpeg\" \/>\n<meta name=\"twitter:card\" content=\"summary_large_image\" \/>\n<script type=\"application\/ld+json\" class=\"yoast-schema-graph\">{\"@context\":\"https:\/\/schema.org\",\"@graph\":[{\"@type\":\"WebPage\",\"@id\":\"https:\/\/aquarihotel.vn\/vi\/service-and-amenities\/business-center\/\",\"url\":\"https:\/\/aquarihotel.vn\/vi\/service-and-amenities\/business-center\/\",\"name\":\"Business Center - Aquari Hotel\",\"isPartOf\":{\"@id\":\"https:\/\/aquarihotel.vn\/vi\/#website\"},\"primaryImageOfPage\":{\"@id\":\"https:\/\/aquarihotel.vn\/vi\/service-and-amenities\/business-center\/#primaryimage\"},\"image\":{\"@id\":\"https:\/\/aquarihotel.vn\/vi\/service-and-amenities\/business-center\/#primaryimage\"},\"thumbnailUrl\":\"https:\/\/aquarihotel.vn\/wp-content\/uploads\/sites\/67\/2021\/04\/TOM9904-1.jpg\",\"datePublished\":\"2019-12-17T02:54:56+00:00\",\"dateModified\":\"2019-12-22T09:12:13+00:00\",\"breadcrumb\":{\"@id\":\"https:\/\/aquarihotel.vn\/vi\/service-and-amenities\/business-center\/#breadcrumb\"},\"inLanguage\":\"vi-VN\",\"potentialAction\":[{\"@type\":\"ReadAction\",\"target\":[\"https:\/\/aquarihotel.vn\/vi\/service-and-amenities\/business-center\/\"]}]},{\"@type\":\"ImageObject\",\"inLanguage\":\"vi-VN\",\"@id\":\"https:\/\/aquarihotel.vn\/vi\/service-and-amenities\/business-center\/#primaryimage\",\"url\":\"https:\/\/aquarihotel.vn\/wp-content\/uploads\/sites\/67\/2021\/04\/TOM9904-1.jpg\",\"contentUrl\":\"https:\/\/aquarihotel.vn\/wp-content\/uploads\/sites\/67\/2021\/04\/TOM9904-1.jpg\",\"width\":2200,\"height\":1200},{\"@type\":\"BreadcrumbList\",\"@id\":\"https:\/\/aquarihotel.vn\/vi\/service-and-amenities\/business-center\/#breadcrumb\",\"itemListElement\":[{\"@type\":\"ListItem\",\"position\":1,\"name\":\"Home\",\"item\":\"https:\/\/aquarihotel.vn\/vi\/\"},{\"@type\":\"ListItem\",\"position\":2,\"name\":\"D\u1ecbch v\u1ee5 &amp; ti\u1ec7n \u00edch\",\"item\":\"https:\/\/aquarihotel.vn\/vi\/service-and-amenities\/\"},{\"@type\":\"ListItem\",\"position\":3,\"name\":\"Business Center\"}]},{\"@type\":\"WebSite\",\"@id\":\"https:\/\/aquarihotel.vn\/vi\/#website\",\"url\":\"https:\/\/aquarihotel.vn\/vi\/\",\"name\":\"Aquari Hotel\",\"description\":\"Aquari Hotel | STAY WITH US, FEEL LIKE HOME\",\"potentialAction\":[{\"@type\":\"SearchAction\",\"target\":{\"@type\":\"EntryPoint\",\"urlTemplate\":\"https:\/\/aquarihotel.vn\/vi\/?s={search_term_string}\"},\"query-input\":\"required name=search_term_string\"}],\"inLanguage\":\"vi-VN\"}]}<\/script>\n<!-- \/ Yoast SEO plugin. -->","yoast_head_json":{"title":"Business Center - Aquari Hotel","robots":{"index":"index","follow":"follow","max-snippet":"max-snippet:-1","max-image-preview":"max-image-preview:large","max-video-preview":"max-video-preview:-1"},"canonical":"https:\/\/aquarihotel.vn\/vi\/service-and-amenities\/business-center\/","og_locale":"vi_VN","og_type":"article","og_title":"Business Center - Aquari Hotel","og_description":"Business Center \u0111\u01b0\u1ee3c trang b\u1ecb \u0111\u1ea7y \u0111\u1ee7 c\u00e1c thi\u1ebft b\u1ecb c\u01a1 b\u1ea3n \u0111\u1ec3 h\u1ed7 tr\u1ee3 v\u00e0 gi\u1ea3i quy\u1ebft nh\u1eefng nhu c\u1ea7u c\u00f4ng vi\u1ec7c c\u1ee7a qu\u00fd kh\u00e1ch, m\u1ed9t c\u00e1ch nhanh ch\u00f3ng v\u00e0 d\u1ec5 d\u00e0ng nh\u1ea5t.","og_url":"https:\/\/aquarihotel.vn\/vi\/service-and-amenities\/business-center\/","og_site_name":"Aquari Hotel","article_modified_time":"2019-12-22T09:12:13+00:00","og_image":[{"width":2200,"height":1200,"url":"https:\/\/aquarihotel.vn\/wp-content\/uploads\/sites\/67\/2021\/04\/TOM9904-1.jpg","type":"image\/jpeg"}],"twitter_card":"summary_large_image","schema":{"@context":"https:\/\/schema.org","@graph":[{"@type":"WebPage","@id":"https:\/\/aquarihotel.vn\/vi\/service-and-amenities\/business-center\/","url":"https:\/\/aquarihotel.vn\/vi\/service-and-amenities\/business-center\/","name":"Business Center - Aquari Hotel","isPartOf":{"@id":"https:\/\/aquarihotel.vn\/vi\/#website"},"primaryImageOfPage":{"@id":"https:\/\/aquarihotel.vn\/vi\/service-and-amenities\/business-center\/#primaryimage"},"image":{"@id":"https:\/\/aquarihotel.vn\/vi\/service-and-amenities\/business-center\/#primaryimage"},"thumbnailUrl":"https:\/\/aquarihotel.vn\/wp-content\/uploads\/sites\/67\/2021\/04\/TOM9904-1.jpg","datePublished":"2019-12-17T02:54:56+00:00","dateModified":"2019-12-22T09:12:13+00:00","breadcrumb":{"@id":"https:\/\/aquarihotel.vn\/vi\/service-and-amenities\/business-center\/#breadcrumb"},"inLanguage":"vi-VN","potentialAction":[{"@type":"ReadAction","target":["https:\/\/aquarihotel.vn\/vi\/service-and-amenities\/business-center\/"]}]},{"@type":"ImageObject","inLanguage":"vi-VN","@id":"https:\/\/aquarihotel.vn\/vi\/service-and-amenities\/business-center\/#primaryimage","url":"https:\/\/aquarihotel.vn\/wp-content\/uploads\/sites\/67\/2021\/04\/TOM9904-1.jpg","contentUrl":"https:\/\/aquarihotel.vn\/wp-content\/uploads\/sites\/67\/2021\/04\/TOM9904-1.jpg","width":2200,"height":1200},{"@type":"BreadcrumbList","@id":"https:\/\/aquarihotel.vn\/vi\/service-and-amenities\/business-center\/#breadcrumb","itemListElement":[{"@type":"ListItem","position":1,"name":"Home","item":"https:\/\/aquarihotel.vn\/vi\/"},{"@type":"ListItem","position":2,"name":"D\u1ecbch v\u1ee5 &amp; ti\u1ec7n \u00edch","item":"https:\/\/aquarihotel.vn\/vi\/service-and-amenities\/"},{"@type":"ListItem","position":3,"name":"Business Center"}]},{"@type":"WebSite","@id":"https:\/\/aquarihotel.vn\/vi\/#website","url":"https:\/\/aquarihotel.vn\/vi\/","name":"Aquari Hotel","description":"Aquari Hotel | STAY WITH US, FEEL LIKE HOME","potentialAction":[{"@type":"SearchAction","target":{"@type":"EntryPoint","urlTemplate":"https:\/\/aquarihotel.vn\/vi\/?s={search_term_string}"},"query-input":"required name=search_term_string"}],"inLanguage":"vi-VN"}]}},"_links":{"self":[{"href":"https:\/\/aquarihotel.vn\/vi\/wp-json\/wp\/v2\/pages\/232"}],"collection":[{"href":"https:\/\/aquarihotel.vn\/vi\/wp-json\/wp\/v2\/pages"}],"about":[{"href":"https:\/\/aquarihotel.vn\/vi\/wp-json\/wp\/v2\/types\/page"}],"author":[{"embeddable":true,"href":"https:\/\/aquarihotel.vn\/vi\/wp-json\/wp\/v2\/users\/32"}],"replies":[{"embeddable":true,"href":"https:\/\/aquarihotel.vn\/vi\/wp-json\/wp\/v2\/comments?post=232"}],"version-history":[{"count":0,"href":"https:\/\/aquarihotel.vn\/vi\/wp-json\/wp\/v2\/pages\/232\/revisions"}],"up":[{"embeddable":true,"href":"https:\/\/aquarihotel.vn\/vi\/wp-json\/wp\/v2\/pages\/224"}],"wp:featuredmedia":[{"embeddable":true,"href":"https:\/\/aquarihotel.vn\/vi\/wp-json\/wp\/v2\/media\/587"}],"wp:attachment":[{"href":"https:\/\/aquarihotel.vn\/vi\/wp-json\/wp\/v2\/media?parent=232"}],"curies":[{"name":"wp","href":"https:\/\/api.w.org\/{rel}","templated":true}]}}