{"id":234,"date":"2019-12-17T02:55:18","date_gmt":"2019-12-17T02:55:18","guid":{"rendered":"http:\/\/aquarihotel.ms.decms.asia\/service-and-amenities\/high-speed-internet-connection\/"},"modified":"2026-03-17T02:15:28","modified_gmt":"2026-03-17T02:15:28","slug":"high-speed-internet-connection","status":"publish","type":"page","link":"https:\/\/aquarihotel.vn\/vi\/service-and-amenities\/high-speed-internet-connection\/","title":{"rendered":"K\u1ebft n\u1ed1i Internet"},"content":{"rendered":"<p>Aquari tin ch\u1ecdn c\u00e1c \u0111\u01a1n v\u1ecb cung c\u1ea5p h\u1ec7 th\u1ed1ng \u0111\u01b0\u1eddng truy\u1ec1n wifi t\u1ed1c \u0111\u1ed9 cao \u0111\u1ea1t chu\u1ea9n, gi\u00fap qu\u00fd kh\u00e1ch \u0111\u01b0\u1ee3c k\u1ebft n\u1ed1i m\u1ea1ng xuy\u00ean su\u1ed1t v\u00e0 ch\u1ea5t l\u01b0\u1ee3ng h\u01a1n, \u0111\u00e1p \u1ee9ng nhu giao l\u01b0u, k\u1ebft n\u1ed1i v\u1edbi ng\u01b0\u1eddi th\u00e2n, b\u1ea1n b\u00e8.<\/p>\n","protected":false},"excerpt":{"rendered":"<p>Aquari tin ch\u1ecdn c\u00e1c \u0111\u01a1n v\u1ecb cung c\u1ea5p h\u1ec7 th\u1ed1ng \u0111\u01b0\u1eddng truy\u1ec1n wifi t\u1ed1c \u0111\u1ed9 cao \u0111\u1ea1t chu\u1ea9n, gi\u00fap qu\u00fd kh\u00e1ch \u0111\u01b0\u1ee3c k\u1ebft n\u1ed1i m\u1ea1ng xuy\u00ean su\u1ed1t v\u00e0 ch\u1ea5t l\u01b0\u1ee3ng h\u01a1n, \u0111\u00e1p \u1ee9ng nhu giao l\u01b0u, k\u1ebft n\u1ed1i v\u1edbi ng\u01b0\u1eddi th\u00e2n, b\u1ea1n b\u00e8.<\/p>\n","protected":false},"author":32,"featured_media":1420,"parent":224,"menu_order":0,"comment_status":"closed","ping_status":"closed","template":"","meta":{"footnotes":""},"yoast_head":"<!-- This site is optimized with the Yoast SEO plugin v22.3 - https:\/\/yoast.com\/wordpress\/plugins\/seo\/ -->\n<title>K\u1ebft n\u1ed1i Internet - Aquari Hotel<\/title>\n<meta name=\"robots\" content=\"index, follow, max-snippet:-1, max-image-preview:large, max-video-preview:-1\" \/>\n<link rel=\"canonical\" href=\"https:\/\/aquarihotel.vn\/vi\/service-and-amenities\/high-speed-internet-connection\/\" \/>\n<meta property=\"og:locale\" content=\"vi_VN\" \/>\n<meta property=\"og:type\" content=\"article\" \/>\n<meta property=\"og:title\" content=\"K\u1ebft n\u1ed1i Internet - Aquari Hotel\" \/>\n<meta property=\"og:description\" content=\"Aquari tin ch\u1ecdn c\u00e1c \u0111\u01a1n v\u1ecb cung c\u1ea5p h\u1ec7 th\u1ed1ng \u0111\u01b0\u1eddng truy\u1ec1n wifi t\u1ed1c \u0111\u1ed9 cao \u0111\u1ea1t chu\u1ea9n, gi\u00fap qu\u00fd kh\u00e1ch \u0111\u01b0\u1ee3c k\u1ebft n\u1ed1i m\u1ea1ng xuy\u00ean su\u1ed1t v\u00e0 ch\u1ea5t l\u01b0\u1ee3ng h\u01a1n, \u0111\u00e1p \u1ee9ng nhu giao l\u01b0u, k\u1ebft n\u1ed1i v\u1edbi ng\u01b0\u1eddi th\u00e2n, b\u1ea1n b\u00e8.\" \/>\n<meta property=\"og:url\" content=\"https:\/\/aquarihotel.vn\/vi\/service-and-amenities\/high-speed-internet-connection\/\" \/>\n<meta property=\"og:site_name\" content=\"Aquari Hotel\" \/>\n<meta property=\"article:modified_time\" content=\"2026-03-17T02:15:28+00:00\" \/>\n<meta property=\"og:image\" content=\"https:\/\/aquarihotel.vn\/wp-content\/uploads\/sites\/67\/2026\/03\/Blossom-with-banquet-set-up-2200-x-1200-px-1440-x-1077-px-1.jpg\" \/>\n\t<meta property=\"og:image:width\" content=\"1440\" \/>\n\t<meta property=\"og:image:height\" content=\"1077\" \/>\n\t<meta property=\"og:image:type\" content=\"image\/jpeg\" \/>\n<meta name=\"twitter:card\" content=\"summary_large_image\" \/>\n<meta name=\"twitter:label1\" content=\"Est. reading time\" \/>\n\t<meta name=\"twitter:data1\" content=\"1 minute\" \/>\n<script type=\"application\/ld+json\" class=\"yoast-schema-graph\">{\"@context\":\"https:\/\/schema.org\",\"@graph\":[{\"@type\":\"WebPage\",\"@id\":\"https:\/\/aquarihotel.vn\/vi\/service-and-amenities\/high-speed-internet-connection\/\",\"url\":\"https:\/\/aquarihotel.vn\/vi\/service-and-amenities\/high-speed-internet-connection\/\",\"name\":\"K\u1ebft n\u1ed1i Internet - Aquari Hotel\",\"isPartOf\":{\"@id\":\"https:\/\/aquarihotel.vn\/vi\/#website\"},\"primaryImageOfPage\":{\"@id\":\"https:\/\/aquarihotel.vn\/vi\/service-and-amenities\/high-speed-internet-connection\/#primaryimage\"},\"image\":{\"@id\":\"https:\/\/aquarihotel.vn\/vi\/service-and-amenities\/high-speed-internet-connection\/#primaryimage\"},\"thumbnailUrl\":\"https:\/\/aquarihotel.vn\/wp-content\/uploads\/sites\/67\/2026\/03\/Blossom-with-banquet-set-up-2200-x-1200-px-1440-x-1077-px-1.jpg\",\"datePublished\":\"2019-12-17T02:55:18+00:00\",\"dateModified\":\"2026-03-17T02:15:28+00:00\",\"breadcrumb\":{\"@id\":\"https:\/\/aquarihotel.vn\/vi\/service-and-amenities\/high-speed-internet-connection\/#breadcrumb\"},\"inLanguage\":\"vi-VN\",\"potentialAction\":[{\"@type\":\"ReadAction\",\"target\":[\"https:\/\/aquarihotel.vn\/vi\/service-and-amenities\/high-speed-internet-connection\/\"]}]},{\"@type\":\"ImageObject\",\"inLanguage\":\"vi-VN\",\"@id\":\"https:\/\/aquarihotel.vn\/vi\/service-and-amenities\/high-speed-internet-connection\/#primaryimage\",\"url\":\"https:\/\/aquarihotel.vn\/wp-content\/uploads\/sites\/67\/2026\/03\/Blossom-with-banquet-set-up-2200-x-1200-px-1440-x-1077-px-1.jpg\",\"contentUrl\":\"https:\/\/aquarihotel.vn\/wp-content\/uploads\/sites\/67\/2026\/03\/Blossom-with-banquet-set-up-2200-x-1200-px-1440-x-1077-px-1.jpg\",\"width\":1440,\"height\":1077},{\"@type\":\"BreadcrumbList\",\"@id\":\"https:\/\/aquarihotel.vn\/vi\/service-and-amenities\/high-speed-internet-connection\/#breadcrumb\",\"itemListElement\":[{\"@type\":\"ListItem\",\"position\":1,\"name\":\"Home\",\"item\":\"https:\/\/aquarihotel.vn\/vi\/\"},{\"@type\":\"ListItem\",\"position\":2,\"name\":\"D\u1ecbch v\u1ee5 &amp; ti\u1ec7n \u00edch\",\"item\":\"https:\/\/aquarihotel.vn\/vi\/service-and-amenities\/\"},{\"@type\":\"ListItem\",\"position\":3,\"name\":\"K\u1ebft n\u1ed1i Internet\"}]},{\"@type\":\"WebSite\",\"@id\":\"https:\/\/aquarihotel.vn\/vi\/#website\",\"url\":\"https:\/\/aquarihotel.vn\/vi\/\",\"name\":\"Aquari Hotel\",\"description\":\"Aquari Hotel | STAY WITH US, FEEL LIKE HOME\",\"potentialAction\":[{\"@type\":\"SearchAction\",\"target\":{\"@type\":\"EntryPoint\",\"urlTemplate\":\"https:\/\/aquarihotel.vn\/vi\/?s={search_term_string}\"},\"query-input\":\"required name=search_term_string\"}],\"inLanguage\":\"vi-VN\"}]}<\/script>\n<!-- \/ Yoast SEO plugin. -->","yoast_head_json":{"title":"K\u1ebft n\u1ed1i Internet - Aquari Hotel","robots":{"index":"index","follow":"follow","max-snippet":"max-snippet:-1","max-image-preview":"max-image-preview:large","max-video-preview":"max-video-preview:-1"},"canonical":"https:\/\/aquarihotel.vn\/vi\/service-and-amenities\/high-speed-internet-connection\/","og_locale":"vi_VN","og_type":"article","og_title":"K\u1ebft n\u1ed1i Internet - Aquari Hotel","og_description":"Aquari tin ch\u1ecdn c\u00e1c \u0111\u01a1n v\u1ecb cung c\u1ea5p h\u1ec7 th\u1ed1ng \u0111\u01b0\u1eddng truy\u1ec1n wifi t\u1ed1c \u0111\u1ed9 cao \u0111\u1ea1t chu\u1ea9n, gi\u00fap qu\u00fd kh\u00e1ch \u0111\u01b0\u1ee3c k\u1ebft n\u1ed1i m\u1ea1ng xuy\u00ean su\u1ed1t v\u00e0 ch\u1ea5t l\u01b0\u1ee3ng h\u01a1n, \u0111\u00e1p \u1ee9ng nhu giao l\u01b0u, k\u1ebft n\u1ed1i v\u1edbi ng\u01b0\u1eddi th\u00e2n, b\u1ea1n b\u00e8.","og_url":"https:\/\/aquarihotel.vn\/vi\/service-and-amenities\/high-speed-internet-connection\/","og_site_name":"Aquari Hotel","article_modified_time":"2026-03-17T02:15:28+00:00","og_image":[{"width":1440,"height":1077,"url":"https:\/\/aquarihotel.vn\/wp-content\/uploads\/sites\/67\/2026\/03\/Blossom-with-banquet-set-up-2200-x-1200-px-1440-x-1077-px-1.jpg","type":"image\/jpeg"}],"twitter_card":"summary_large_image","twitter_misc":{"Est. reading time":"1 minute"},"schema":{"@context":"https:\/\/schema.org","@graph":[{"@type":"WebPage","@id":"https:\/\/aquarihotel.vn\/vi\/service-and-amenities\/high-speed-internet-connection\/","url":"https:\/\/aquarihotel.vn\/vi\/service-and-amenities\/high-speed-internet-connection\/","name":"K\u1ebft n\u1ed1i Internet - Aquari Hotel","isPartOf":{"@id":"https:\/\/aquarihotel.vn\/vi\/#website"},"primaryImageOfPage":{"@id":"https:\/\/aquarihotel.vn\/vi\/service-and-amenities\/high-speed-internet-connection\/#primaryimage"},"image":{"@id":"https:\/\/aquarihotel.vn\/vi\/service-and-amenities\/high-speed-internet-connection\/#primaryimage"},"thumbnailUrl":"https:\/\/aquarihotel.vn\/wp-content\/uploads\/sites\/67\/2026\/03\/Blossom-with-banquet-set-up-2200-x-1200-px-1440-x-1077-px-1.jpg","datePublished":"2019-12-17T02:55:18+00:00","dateModified":"2026-03-17T02:15:28+00:00","breadcrumb":{"@id":"https:\/\/aquarihotel.vn\/vi\/service-and-amenities\/high-speed-internet-connection\/#breadcrumb"},"inLanguage":"vi-VN","potentialAction":[{"@type":"ReadAction","target":["https:\/\/aquarihotel.vn\/vi\/service-and-amenities\/high-speed-internet-connection\/"]}]},{"@type":"ImageObject","inLanguage":"vi-VN","@id":"https:\/\/aquarihotel.vn\/vi\/service-and-amenities\/high-speed-internet-connection\/#primaryimage","url":"https:\/\/aquarihotel.vn\/wp-content\/uploads\/sites\/67\/2026\/03\/Blossom-with-banquet-set-up-2200-x-1200-px-1440-x-1077-px-1.jpg","contentUrl":"https:\/\/aquarihotel.vn\/wp-content\/uploads\/sites\/67\/2026\/03\/Blossom-with-banquet-set-up-2200-x-1200-px-1440-x-1077-px-1.jpg","width":1440,"height":1077},{"@type":"BreadcrumbList","@id":"https:\/\/aquarihotel.vn\/vi\/service-and-amenities\/high-speed-internet-connection\/#breadcrumb","itemListElement":[{"@type":"ListItem","position":1,"name":"Home","item":"https:\/\/aquarihotel.vn\/vi\/"},{"@type":"ListItem","position":2,"name":"D\u1ecbch v\u1ee5 &amp; ti\u1ec7n \u00edch","item":"https:\/\/aquarihotel.vn\/vi\/service-and-amenities\/"},{"@type":"ListItem","position":3,"name":"K\u1ebft n\u1ed1i Internet"}]},{"@type":"WebSite","@id":"https:\/\/aquarihotel.vn\/vi\/#website","url":"https:\/\/aquarihotel.vn\/vi\/","name":"Aquari Hotel","description":"Aquari Hotel | STAY WITH US, FEEL LIKE HOME","potentialAction":[{"@type":"SearchAction","target":{"@type":"EntryPoint","urlTemplate":"https:\/\/aquarihotel.vn\/vi\/?s={search_term_string}"},"query-input":"required name=search_term_string"}],"inLanguage":"vi-VN"}]}},"_links":{"self":[{"href":"https:\/\/aquarihotel.vn\/vi\/wp-json\/wp\/v2\/pages\/234"}],"collection":[{"href":"https:\/\/aquarihotel.vn\/vi\/wp-json\/wp\/v2\/pages"}],"about":[{"href":"https:\/\/aquarihotel.vn\/vi\/wp-json\/wp\/v2\/types\/page"}],"author":[{"embeddable":true,"href":"https:\/\/aquarihotel.vn\/vi\/wp-json\/wp\/v2\/users\/32"}],"replies":[{"embeddable":true,"href":"https:\/\/aquarihotel.vn\/vi\/wp-json\/wp\/v2\/comments?post=234"}],"version-history":[{"count":1,"href":"https:\/\/aquarihotel.vn\/vi\/wp-json\/wp\/v2\/pages\/234\/revisions"}],"predecessor-version":[{"id":1449,"href":"https:\/\/aquarihotel.vn\/vi\/wp-json\/wp\/v2\/pages\/234\/revisions\/1449"}],"up":[{"embeddable":true,"href":"https:\/\/aquarihotel.vn\/vi\/wp-json\/wp\/v2\/pages\/224"}],"wp:featuredmedia":[{"embeddable":true,"href":"https:\/\/aquarihotel.vn\/vi\/wp-json\/wp\/v2\/media\/1420"}],"wp:attachment":[{"href":"https:\/\/aquarihotel.vn\/vi\/wp-json\/wp\/v2\/media?parent=234"}],"curies":[{"name":"wp","href":"https:\/\/api.w.org\/{rel}","templated":true}]}}