{"id":236,"date":"2019-12-17T03:06:19","date_gmt":"2019-12-17T03:06:19","guid":{"rendered":"http:\/\/aquarihotel.ms.decms.asia\/legal-notice\/"},"modified":"2024-07-09T03:43:59","modified_gmt":"2024-07-09T03:43:59","slug":"legal-notice","status":"publish","type":"page","link":"https:\/\/aquarihotel.vn\/vi\/home-page\/legal-notice\/","title":{"rendered":"N\u1ed9i quy"},"content":{"rendered":"<p><strong>N\u1ed8I QUY KH\u00c1CH S\u1ea0N:<\/strong><br \/>\nM\u1ee5c ti\u00eau h\u00e0ng \u0111\u1ea7u c\u1ee7a ch\u00fang t\u00f4i l\u00e0 cung c\u1ea5p cho Qu\u00fd kh\u00e1ch nh\u1eefng tr\u1ea3i nghi\u1ec7m d\u1ecbch v\u1ee5 ti\u1ec7n nghi, an to\u00e0n v\u00e0 th\u00e2n thi\u1ec7n. Nh\u1eefng n\u1ed9i quy sau \u0111\u00e2y \u0111\u01b0\u1ee3c ch\u00fang t\u00f4i \u0111\u1eb7t ra theo ti\u00eau chu\u1ea9n c\u1ee7a ng\u00e0nh kh\u00e1ch s\u1ea1n, ph\u00f9 h\u1ee3p v\u1edbi lu\u1eadt ph\u00e1p, quy \u0111\u1ecbnh c\u1ee7a ch\u00ednh quy\u1ec1n \u0111\u1ecba ph\u01b0\u01a1ng v\u00e0 d\u1ef1a v\u00e0o kinh nghi\u1ec7m \u0111i\u1ec1u h\u00e0nh kh\u00e1ch s\u1ea1n c\u1ee7a \u0111\u1ed9i ng\u0169 qu\u1ea3n l\u00fd. B\u1eb1ng vi\u1ec7c s\u1eed d\u1ee5ng b\u1ea5t c\u1ee9 d\u1ecbch v\u1ee5 n\u00e0o c\u1ee7a kh\u00e1ch s\u1ea1n Aquari, Qu\u00fd kh\u00e1ch \u0111\u1ed3ng \u00fd tu\u00e2n th\u1ee7 c\u00e1c n\u1ed9i quy sau \u0111\u00e2y, bao g\u1ed3m nh\u01b0ng kh\u00f4ng ph\u1ea3i t\u1ea5t c\u1ea3:<\/p>\n<p><strong>1. \u0110\u1eb7t ph\u00f2ng:<\/strong><br \/>\n&#8211; T\u1ea5t c\u1ea3 \u0111\u1eb7t ph\u00f2ng ch\u1ec9 c\u00f3 gi\u00e1 tr\u1ecb khi c\u00f3 x\u00e1c nh\u1eadn \u0111\u1eb7t ph\u00f2ng b\u1eb1ng v\u0103n b\u1ea3n (fax ho\u1eb7c e-mail).<br \/>\n&#8211; T\u1ea5t c\u1ea3 \u0111\u1eb7t ph\u00f2ng \u0111\u1ec1u ph\u1ea3i \u0111\u01b0\u1ee3c \u0111\u1eb7t c\u1ecdc b\u1eb1ng ti\u1ec1n m\u1eb7t\/ chuy\u1ec3n kho\u1ea3n ho\u1eb7c b\u1ea3o \u0111\u1ea3m b\u1eb1ng th\u1ebb t\u00edn d\u1ee5ng \u0111\u1ec3 gi\u1eef ph\u00f2ng.<br \/>\n&#8211; \u0110\u1ed1i v\u1edbi c\u00e1c \u0111\u1eb7t ph\u00f2ng kh\u00f4ng \u0111\u01b0\u1ee3c b\u1ea3o \u0111\u1ea3m, Kh\u00e1ch s\u1ea1n c\u00f3 quy\u1ec1n kh\u00f4ng gi\u1eef ph\u00f2ng.<\/p>\n<p><strong>2. Nh\u1eadn ph\u00f2ng v\u00e0 tr\u1ea3 ph\u00f2ng:<\/strong><br \/>\n&#8211; Gi\u1edd nh\u1eadn ph\u00f2ng: 14:00<br \/>\n&#8211; Nh\u1eadn ph\u00f2ng s\u1edbm: T\u1ea5t c\u1ea3 c\u00e1c y\u00eau c\u1ea7u nh\u1eadn ph\u00f2ng s\u1edbm s\u1ebd ph\u1ee5 thu\u1ed9c v\u00e0o t\u00ecnh tr\u1ea1ng ph\u00f2ng tr\u1ed1ng.<br \/>\n&#8211; \u0110i\u1ec1u ki\u1ec7n nh\u1eadn ph\u00f2ng: Qu\u00fd kh\u00e1ch nh\u1eadn ph\u00f2ng ph\u1ea3i l\u00e0 ng\u01b0\u1eddi t\u1eeb 18 tu\u1ed5i v\u00e0 ph\u1ea3i xu\u1ea5t tr\u00ecnh gi\u1ea5y t\u1edd tu\u1ef3 th\u00e2n h\u1ee3p l\u1ec7 t\u1ea1i th\u1eddi \u0111i\u1ec3m nh\u1eadn ph\u00f2ng.<br \/>\n&#8211; Gi\u1edd tr\u1ea3 ph\u00f2ng: 12:00<br \/>\n&#8211; Tr\u1ea3 ph\u00f2ng mu\u1ed9n: T\u1ea5t c\u1ea3 c\u00e1c y\u00eau c\u1ea7u tr\u1ea3 ph\u00f2ng mu\u1ed9n s\u1ebd ph\u1ee5 thu\u1ed9c v\u00e0o t\u00ecnh tr\u1ea1ng ph\u00f2ng tr\u1ed1ng. Tr\u1ea3 ph\u00f2ng sau 12:00 \u0111\u1ebfn tr\u01b0\u1edbc 18:00 c\u00f9ng ng\u00e0y s\u1ebd ph\u1ee5 thu n\u1eeda \u0111\u00eam (50%) ti\u1ec1n ph\u00f2ng, tr\u1ea3 ph\u00f2ng sau 18:00 c\u00f9ng ng\u00e0y s\u1ebd ph\u1ee5 thu m\u1ed9t \u0111\u00eam (100%) ti\u1ec1n ph\u00f2ng.<\/p>\n<p><strong>3. X\u00e1c th\u1ef1c th\u1ebb t\u00edn d\u1ee5ng (Credit card pre-authorization):<\/strong><br \/>\nKh\u00e1ch s\u1ea1n c\u00f3 quy\u1ec1n s\u1eed d\u1ee5ng th\u1ebb t\u00edn d\u1ee5ng c\u1ee7a Qu\u00fd kh\u00e1ch \u0111\u1ec3 th\u1ef1c hi\u1ec7n giao d\u1ecbch x\u00e1c th\u1ef1c th\u1ebb (Pre-authorization) tr\u01b0\u1edbc ho\u1eb7c ngay t\u1ea1i th\u1eddi \u0111i\u1ec3m nh\u1eadn ph\u00f2ng.<br \/>\nTh\u1ebb t\u00edn d\u1ee5ng (Credit card): Qu\u00fd kh\u00e1ch s\u1eed d\u1ee5ng th\u1ebb t\u00edn d\u1ee5ng \u0111\u1ec3 b\u1ea3o \u0111\u1ea3m c\u00f3 tr\u00e1ch nhi\u1ec7m hi\u1ec3u r\u00f5 quy tr\u00ecnh \u201cPre-authorization\u201d \u2013 giao d\u1ecbch x\u00e1c th\u1ef1c th\u1ebb c\u1ee7a ng\u00e2n h\u00e0ng ph\u00e1t h\u00e0nh th\u1ebb. Khi \u201cpre-authorization\u201d \u0111\u01b0\u1ee3c th\u1ef1c hi\u1ec7n, ng\u00e2n h\u00e0ng s\u1ebd gi\u1eef l\u1ea1i m\u1ed9t s\u1ed1 ti\u1ec1n, s\u1ed1 ti\u1ec1n n\u00e0y s\u1ebd \u0111\u01b0\u1ee3c ho\u00e0n l\u1ea1i v\u00e0o th\u1ebb sau khi Qu\u00fd kh\u00e1ch tr\u1ea3 ph\u00f2ng v\u00e0 thanh to\u00e1n. Ph\u1ee5 thu\u1ed9c v\u00e0o ng\u00e2n h\u00e0ng ph\u00e1t h\u00e0nh th\u1ebb, quy tr\u00ecnh ho\u00e0n ti\u1ec1n th\u01b0\u1eddng m\u1ea5t \u00edt nh\u1ea5t 24 gi\u1edd ho\u1eb7c c\u00f3 th\u1ec3 l\u00ean \u0111\u1ebfn 30 ng\u00e0y. Qu\u00fd kh\u00e1ch vui l\u00f2ng li\u00ean h\u1ec7 v\u1edbi ng\u00e2n h\u00e0ng ph\u00e1t h\u00e0nh th\u1ebb n\u1ebfu c\u00f3 r\u1eafc r\u1ed1i x\u1ea3y ra trong qu\u00e1 tr\u00ecnh ho\u00e0n ti\u1ec1n.<br \/>\nTh\u1ebb ghi n\u1ee3 (Debit card): kh\u00e1ch s\u1ea1n kh\u00f4ng ch\u1ea5p nh\u1eadn s\u1eed d\u1ee5ng th\u1ebb ghi n\u1ee3 \u0111\u1ec3 th\u1ef1c hi\u1ec7n \u201cPre-authorization\u201d.<\/p>\n<p><strong>4. Thanh to\u00e1n:<\/strong><br \/>\nTi\u1ec1n ph\u00f2ng s\u1ebd \u0111\u01b0\u1ee3c Qu\u00fd kh\u00e1ch thanh to\u00e1n t\u1ea1i th\u1eddi \u0111i\u1ec3m nh\u1eadn ph\u00f2ng b\u1eb1ng Vi\u1ec7t Nam \u0111\u1ed3ng. Qu\u00fd kh\u00e1ch c\u00f3 th\u1ec3 thanh to\u00e1n b\u1eb1ng ti\u1ec1n m\u1eb7t, chuy\u1ec3n kho\u1ea3n ho\u1eb7c th\u1ebb t\u00edn d\u1ee5ng\/ ghi n\u1ee3, tr\u00ean th\u1ebb ph\u1ea3i c\u00f3 ch\u1eef k\u00fd v\u00e0 t\u00ean ch\u1ee7 th\u1ebb ph\u1ea3i tr\u00f9ng v\u1edbi t\u00ean tr\u00ean gi\u1ea5y t\u1edd tu\u1ef3 th\u00e2n.<br \/>\nLo\u1ea1i th\u1ebb \u0111\u01b0\u1ee3c ch\u1ea5p nh\u1eadn: VISA, MASTER, AMERICAN EXPRESS, JCB, UNION PAY, NAPAS.<\/p>\n<p><strong>5. Chi ph\u00ed ph\u00e1t sinh:<\/strong><br \/>\nChi ph\u00ed ph\u00e1t sinh s\u1ebd \u0111\u01b0\u1ee3c Qu\u00fd kh\u00e1ch thanh to\u00e1n t\u1ea1i th\u1eddi \u0111i\u1ec3m tr\u1ea3 ph\u00f2ng ho\u1eb7c khi nh\u1eadn \u0111\u01b0\u1ee3c y\u00eau c\u1ea7u thanh to\u00e1n t\u1eeb Kh\u00e1ch s\u1ea1n. \u0110\u1ec3 b\u1ea3o \u0111\u1ea3m cho c\u00e1c chi ph\u00ed ph\u00e1t sinh trong th\u1eddi gian l\u01b0u tr\u00fa, Qu\u00fd kh\u00e1ch s\u1ebd \u0111\u01b0\u1ee3c y\u00eau c\u1ea7u \u0111\u1eb7t c\u1ecdc m\u1ed9t s\u1ed1 ti\u1ec1n ho\u1eb7c b\u1ea3o \u0111\u1ea3m b\u1eb1ng th\u1ebb t\u00edn d\u1ee5ng t\u1ea1i th\u1eddi \u0111i\u1ec3m nh\u1eadn ph\u00f2ng.<\/p>\n<p><strong>6. Tr\u1ea3 ph\u00f2ng s\u1edbm:<\/strong><br \/>\nQu\u00fd kh\u00e1ch tr\u1ea3 ph\u00f2ng s\u1edbm h\u01a1n ng\u00e0y \u0111\u00e3 \u0111\u1eb7t, Kh\u00e1ch s\u1ea1n s\u1ebd ph\u1ee5 thu ph\u00ed tr\u1ea3 ph\u00f2ng s\u1edbm t\u01b0\u01a1ng \u0111\u01b0\u01a1ng 01 \u0111\u00eam ti\u1ec1n ph\u00f2ng.<\/p>\n<p><strong>7. Kh\u00f4ng \u0111\u1ebfn nh\u1eadn ph\u00f2ng:<\/strong><br \/>\n\u0110\u1ebfn 18:00 v\u00e0o ng\u00e0y Qu\u00fd kh\u00e1ch \u0111\u00e3 \u0111\u1eb7t ph\u00f2ng, n\u1ebfu Qu\u00fd kh\u00e1ch kh\u00f4ng \u0111\u1ebfn nh\u1eadn ph\u00f2ng th\u00ec \u0111\u1eb7t ph\u00f2ng c\u1ee7a Qu\u00fd kh\u00e1ch s\u1ebd \u0111\u01b0\u1ee3c xem l\u00e0 kh\u00f4ng \u0111\u1ebfn nh\u1eadn ph\u00f2ng. Kh\u00e1ch s\u1ea1n s\u1ebd t\u00ednh ph\u00ed to\u00e0n b\u1ed9 ti\u1ec1n ph\u00f2ng.<\/p>\n<p><strong>8. Ch\u00ednh s\u00e1ch tr\u1ebb em:<\/strong><br \/>\nT\u1ea1i kh\u00e1ch s\u1ea1n Aquari, ch\u00fang t\u00f4i ch\u00e0o \u0111\u00f3n tr\u1ebb em \u1edf m\u1ecdi l\u1ee9a tu\u1ed5i l\u01b0u tr\u00fa c\u00f9ng b\u1ed1 m\u1eb9\/ ng\u01b0\u1eddi gi\u00e1m h\u1ed9.<br \/>\n&#8211; Tr\u1ebb em d\u01b0\u1edbi 06 tu\u1ed5i: mi\u1ec5n ph\u00ed s\u1eed d\u1ee5ng gi\u01b0\u1eddng c\u00f3 s\u1eb5n.<br \/>\n&#8211; Tr\u1ebb em t\u1eeb 06 \u0111\u1ebfn 12 tu\u1ed5i: ph\u1ee5 thu VND 150.000\/ ng\u01b0\u1eddi s\u1eed d\u1ee5ng gi\u01b0\u1eddng c\u00f3 s\u1eb5n.<br \/>\n&#8211; Tr\u00ean 12 tu\u1ed5i: t\u00ednh nh\u01b0 ng\u01b0\u1eddi l\u1edbn.<\/p>\n<p><strong>9. Kh\u00f4ng h\u00fat thu\u1ed1c:<\/strong><br \/>\nNh\u1eb1m \u0111\u1ea3m b\u1ea3o s\u1ee9c kh\u1ecfe cho Qu\u00fd kh\u00e1ch, nh\u00e2n vi\u00ean v\u00e0 gi\u1eef kh\u00f4ng kh\u00ed trong l\u00e0nh cho Kh\u00e1ch s\u1ea1n, Qu\u00fd kh\u00e1ch \u0111\u01b0\u1ee3c y\u00eau c\u1ea7u kh\u00f4ng h\u00fat thu\u1ed1c l\u00e1 k\u1ec3 c\u1ea3 thu\u1ed1c l\u00e1 \u0111i\u1ec7n t\u1eed t\u1ea1i b\u1ea5t c\u1ee9 n\u01a1i n\u00e0o trong Kh\u00e1ch s\u1ea1n. M\u1ee9c ph\u1ea1t vi ph\u1ea1m l\u00e0 1.000.000 VN\u0110.<\/p>\n<p><strong>10. Kh\u00e1ch \u0111\u1ebfn th\u0103m:<\/strong><br \/>\nKh\u00e1ch \u0111\u1ebfn th\u0103m \u0111\u01b0\u1ee3c y\u00eau c\u1ea7u xu\u1ea5t tr\u00ecnh gi\u1ea5y t\u1edd t\u00f9y th\u00e2n t\u1ea1i qu\u1ea7y L\u1ec5 t\u00e2n v\u00e0 c\u00f3 th\u1ec3 \u1edf l\u1ea1i ph\u00f2ng c\u1ee7a Qu\u00fd kh\u00e1ch t\u1eeb 07:00 \u0111\u1ebfn 22:00.<br \/>\nTr\u01b0\u1eddng h\u1ee3p kh\u00e1ch \u1edf l\u1ea1i sau 22:00 th\u00ec ph\u1ea3i th\u00f4ng b\u00e1o cho nh\u00e2n vi\u00ean L\u1ec5 t\u00e2n.<br \/>\nQu\u00fd kh\u00e1ch t\u1ef1 ch\u1ecbu tr\u00e1ch nhi\u1ec7m n\u1ebfu c\u00f3 b\u1ea5t c\u1ee9 v\u1ea5n \u0111\u1ec1 g\u00ec x\u1ea3y ra do kh\u00e1ch c\u1ee7a Qu\u00fd kh\u00e1ch g\u00e2y ra.<\/p>\n<p><strong>11. Ph\u00f2ng ch\u00e1y ch\u1eefa ch\u00e1y:<\/strong><br \/>\nT\u1ea5t c\u1ea3 ph\u00f2ng kh\u00e1ch v\u00e0 khu v\u1ef1c c\u00f4ng c\u1ed9ng \u0111\u1ec1u \u0111\u01b0\u1ee3c trang b\u1ecb v\u00f2i phun t\u1ef1 \u0111\u1ed9ng b\u1eb1ng c\u1ea3m bi\u1ebfn nhi\u1ec7t v\u00e0 h\u1ec7 th\u1ed1ng b\u00e1o kh\u00f3i. Chu\u00f4ng b\u00e1o ch\u00e1y, h\u1ecdng ti\u1ebfp n\u01b0\u1edbc, b\u00ecnh ch\u1eefa ch\u00e1y, h\u1ec7 th\u1ed1ng qu\u1ea1t h\u00fat kh\u00f3i \u0111\u01b0\u1ee3c trang b\u1ecb t\u1ea1i t\u1ea5t c\u1ea3 c\u00e1c t\u1ea7ng, nh\u00e0 h\u00e0ng, s\u1ea3nh, ph\u00f2ng h\u1ecdp. Kh\u00e1ch s\u1ea1n c\u00f3 2 l\u1ed1i tho\u00e1t hi\u1ec3m, Qu\u00fd kh\u00e1ch vui l\u00f2ng xem v\u00e0 nh\u1edb r\u00f5 s\u01a1 \u0111\u1ed3 tho\u00e1t hi\u1ec3m \u0111\u01b0\u1ee3c d\u00e1n t\u1ea1i m\u1ed7i t\u1ea7ng.<br \/>\nQu\u00fd kh\u00e1ch kh\u00f4ng \u0111\u01b0\u1ee3c mang ch\u1ea5t d\u1ec5 g\u00e2y ch\u00e1y n\u1ed5 nh\u01b0 thu\u1ed1c s\u00fang, x\u0103ng d\u1ea7u c\u00e1c lo\u1ea1i.<br \/>\nTuy\u1ec7t \u0111\u1ed1i kh\u00f4ng \u0111\u01b0\u1ee3c n\u1ea5u n\u01b0\u1edbng trong ph\u00f2ng ng\u1ee7.<\/p>\n<p><strong>12. L\u01b0u tr\u00fa:<\/strong><br \/>\n&#8211; Qu\u00fd kh\u00e1ch kh\u00f4ng \u0111\u01b0\u1ee3c b\u00e0n giao ph\u00f2ng l\u1ea1i cho m\u1ed9t b\u00ean th\u1ee9 ba ngay c\u1ea3 khi \u0111\u00e3 thanh to\u00e1n \u0111\u1ea7y \u0111\u1ee7 ti\u1ec1n ph\u00f2ng.<br \/>\n&#8211; Nh\u1eefng \u0111i\u1ec1u tuy\u1ec7t \u0111\u1ed1i c\u1ea5m trong kh\u00e1ch s\u1ea1n, ph\u00f2ng ng\u1ee7:<br \/>\na) Th\u00fa nu\u00f4i v\u00e0 \u0111\u1ed9ng v\u1eadt c\u00e1c lo\u1ea1i.<br \/>\nb) Xe \u0111\u1ea1p, v\u00e1n tr\u01b0\u1ee3t, gi\u00e0y tr\u01b0\u1ee3t.<br \/>\nc) Nh\u1eefng v\u1eadt ph\u1ea9m kh\u00f4ng h\u1ee3p v\u1ec7 sinh, n\u1eb7ng m\u00f9i.<br \/>\nd) V\u0169 kh\u00ed khi kh\u00f4ng c\u00f3 gi\u1ea5y ph\u00e9p c\u1ee7a c\u01a1 quan ch\u1ee9c n\u0103ng c\u1ea5p.<br \/>\ne) H\u00e0ng h\u00f3a c\u00f3 k\u00edch th\u01b0\u1edbc c\u1ed3ng k\u1ec1nh (vui l\u00f2ng li\u00ean h\u1ec7 ch\u00fang t\u00f4i \u0111\u1ec3 bi\u1ebft gi\u1edbi h\u1ea1n v\u1ec1 k\u00edch th\u01b0\u1edbc v\u00e0 c\u00e2n n\u1eb7ng t\u1ed1i \u0111a cho ph\u00e9p).<br \/>\nf) Nh\u1eefng v\u1eadt mang t\u00ednh ch\u1ea5t \u0111\u1ed9c h\u1ea1i, v\u1eadt ch\u1ea5t ch\u1ee9a ph\u00f3ng x\u1ea1 v\u00e0 h\u00e0ng qu\u1ed1c c\u1ea5m.<br \/>\ng) Ch\u1ea5t k\u00edch th\u00edch, ma t\u00fay, ch\u1ea5t g\u00e2y nghi\u1ec7n, ch\u1ea5t g\u00e2y \u1ea3o gi\u00e1c.<br \/>\n&#8211; Khi ph\u00e1t hi\u1ec7n ch\u00e1y n\u1ed5, qu\u00fd kh\u00e1ch ph\u1ea3i nhanh ch\u00f3ng nh\u1ea5n chu\u00f4ng b\u00e1o ch\u00e1y v\u00e0 tu\u00e2n theo c\u00e1c quy \u0111\u1ecbnh v\u1ec1 PCCC.<br \/>\n&#8211; Tuy\u1ec7t \u0111\u1ed1i kh\u00f4ng treo \u0111\u1ed3 c\u0169ng nh\u01b0 v\u1ee9t r\u00e1c th\u1ea3i ra ngo\u00e0i c\u1eeda s\u1ed5.<br \/>\n&#8211; Nh\u1eb1m m\u1ee5c \u0111\u00edch b\u1ea3o v\u1ec7 s\u1ee9c kh\u1ecfe c\u0169ng nh\u01b0 quy\u1ec1n l\u1ee3i c\u1ee7a Qu\u00fd kh\u00e1ch, Qu\u00fd kh\u00e1ch \u0111\u01b0\u1ee3c y\u00eau c\u1ea7u kh\u00f4ng mang nh\u1eefng th\u1ef1c ph\u1ea9m b\u00ean ngo\u00e0i v\u00e0o kh\u00e1ch s\u1ea1n.<br \/>\n&#8211; Qu\u00fd kh\u00e1ch kh\u00f4ng s\u1eed d\u1ee5ng ph\u00f2ng ng\u1ee7 v\u00e0o c\u00e1c m\u1ee5c \u0111\u00edch kh\u00e1c, nh\u01b0: v\u0103n ph\u00f2ng, ph\u00f2ng h\u1ecdp, ph\u00f2ng tri\u1ec3n l\u00e3m\u2026<br \/>\n&#8211; Qu\u00fd kh\u00e1ch kh\u00f4ng \u0111\u01b0\u1ee3c t\u1ef1 \u00fd t\u0103ng hay gi\u1ea3m s\u1ed1 l\u01b0\u1ee3ng kh\u00e1ch l\u01b0u tr\u00fa trong ph\u00f2ng khi ch\u01b0a th\u00f4ng b\u00e1o cho kh\u00e1ch s\u1ea1n.<br \/>\n&#8211; Qu\u00fd kh\u00e1ch kh\u00f4ng \u0111\u01b0\u1ee3c t\u1ef1 \u00fd di chuy\u1ec3n c\u00e1c \u0111\u1ed3 v\u1eadt t\u1eeb ph\u00f2ng n\u00e0y sang ph\u00f2ng kh\u00e1c c\u0169ng nh\u01b0 t\u1ef1 thi\u1ebft k\u1ebf l\u1ea1i c\u00e1ch b\u00e0i tr\u00ed c\u00f3 s\u1eb5n c\u1ee7a Kh\u00e1ch s\u1ea1n.<\/p>\n<p><strong>13. T\u00e0i s\u1ea3n c\u1ee7a Qu\u00fd kh\u00e1ch:<\/strong><br \/>\n&#8211; T\u1ea5t c\u1ea3 ph\u00f2ng ngh\u1ec9 c\u1ee7a Qu\u00fd kh\u00e1ch \u0111\u1ec1u \u0111\u01b0\u1ee3c trang b\u1ecb k\u00e9t s\u1eaft an to\u00e0n. Kh\u00e1ch s\u1ea1n kh\u00f4ng ch\u1ecbu tr\u00e1ch nhi\u1ec7m n\u1ebfu c\u00f3 thi\u1ec7t h\u1ea1i, m\u1ea5t m\u00e1t x\u1ea3y ra \u0111\u1ed1i v\u1edbi t\u00e0i s\u1ea3n c\u1ee7a Qu\u00fd kh\u00e1ch kh\u00f4ng \u0111\u01b0\u1ee3c \u0111\u1ec3 trong k\u00e9t s\u1eaft v\u00e0 kho\u00e1 l\u1ea1i.<br \/>\n&#8211; Kh\u00e1ch s\u1ea1n kh\u00f4ng ch\u1ecbu tr\u00e1ch nhi\u1ec7m n\u1ebfu c\u00f3 thi\u1ec7t h\u1ea1i, m\u1ea5t m\u00e1t x\u1ea3y ra \u0111\u1ed1i v\u1edbi t\u00e0i s\u1ea3n c\u1ee7a Qu\u00fd kh\u00e1ch t\u1ea1i c\u00e1c khu v\u1ef1c chung nh\u01b0 s\u1ea3nh, nh\u00e0 h\u00e0ng, h\u00e0nh lang, \u2026<br \/>\n&#8211; Kh\u00e1ch s\u1ea1n kh\u00f4ng ch\u1ecbu tr\u00e1ch nhi\u1ec7m \u0111\u1ed1i v\u1edbi t\u00e0i s\u1ea3n th\u1ea5t l\u1ea1c ho\u1eb7c b\u1ecf qu\u00ean c\u1ee7a Qu\u00fd kh\u00e1ch. N\u1ebfu Qu\u00fd kh\u00e1ch ph\u00e1t hi\u1ec7n \u0111\u00e3 b\u1ecf qu\u00ean t\u00e0i s\u1ea3n t\u1ea1i Kh\u00e1ch s\u1ea1n, vui l\u00f2ng li\u00ean h\u1ec7 ch\u00fang t\u00f4i ngay l\u1eadp t\u1ee9c.<br \/>\n&#8211; Nh\u1eefng t\u00e0i s\u1ea3n \u0111\u01b0\u1ee3c t\u00ecm th\u1ea5y s\u1ebd \u0111\u01b0\u1ee3c Ban Qu\u1ea3n L\u00fd Kh\u00e1ch s\u1ea1n l\u01b0u gi\u1eef t\u1ea1i n\u01a1i an to\u00e0n t\u1ed1i \u0111a 30 ng\u00e0y v\u00e0 th\u00f4ng b\u00e1o cho Qu\u00fd kh\u00e1ch \u0111\u1ec3 ho\u00e0n tr\u1ea3.<br \/>\n&#8211; Kh\u00e1ch s\u1ea1n kh\u00f4ng ch\u1ecbu tr\u00e1ch nhi\u1ec7m n\u1ebfu kh\u00f4ng th\u1ec3 th\u00f4ng b\u00e1o do Qu\u00fd kh\u00e1ch kh\u00f4ng cung c\u1ea5p \u0111\u1ea7y \u0111\u1ee7 th\u00f4ng tin li\u00ean l\u1ea1c (s\u1ed1 \u0111i\u1ec7n tho\u1ea1i, fax, \u0111\u1ecba ch\u1ec9 e-mail).<\/p>\n<p><strong>14. Thi\u1ec7t h\u1ea1i v\u00e0 \u0111\u1ec1n b\u00f9:<\/strong><br \/>\nQu\u00fd kh\u00e1ch ph\u1ea3i ch\u1ecbu tr\u00e1ch nhi\u1ec7m \u0111\u1ec1n b\u00f9 cho b\u1ea5t c\u1ee9 thi\u1ec7t h\u1ea1i n\u00e0o (bao g\u1ed3m c\u1ea3 v\u00f4 t\u00ecnh ho\u1eb7c c\u1ed1 \u00fd) \u0111\u1ed1i v\u1edbi c\u01a1 s\u1edf v\u1eadt ch\u1ea5t c\u1ee7a Kh\u00e1ch s\u1ea1n do ch\u00ednh Qu\u00fd kh\u00e1ch ho\u1eb7c ng\u01b0\u1eddi kh\u00e1c trong nh\u00f3m c\u1ee7a Qu\u00fd kh\u00e1ch g\u00e2y ra theo gi\u00e1 quy \u0111\u1ecbnh c\u1ee7a Kh\u00e1ch s\u1ea1n.<br \/>\nTr\u01b0\u1eddng h\u1ee3p nh\u1eefng thi\u1ec7t h\u1ea1i n\u00e0y ch\u1ec9 \u0111\u01b0\u1ee3c ph\u00e1t hi\u1ec7n sau khi Qu\u00fd kh\u00e1ch \u0111\u00e3 tr\u1ea3 ph\u00f2ng v\u00e0 r\u1eddi \u0111i, Kh\u00e1ch s\u1ea1n c\u00f3 quy\u1ec1n s\u1eed d\u1ee5ng th\u00f4ng tin th\u1ebb t\u00edn d\u1ee5ng\/ ghi n\u1ee3 c\u1ee7a Qu\u00fd kh\u00e1ch cung c\u1ea5p l\u00fac nh\u1eadn ph\u00f2ng \u0111\u1ec3 thu ph\u00ed b\u1ed3i th\u01b0\u1eddng.<br \/>\nTh\u1ebb kh\u00f3a ph\u00f2ng s\u1ebd b\u1ecb t\u00ednh ph\u00ed 120.000 VND trong tr\u01b0\u1eddng h\u1ee3p h\u1ecfng ho\u1eb7c \u0111\u00e1nh m\u1ea5t.<\/p>\n<p><strong>15. \u0110\u1ed7 xe:<\/strong><br \/>\n&#8211; Qu\u00fd kh\u00e1ch c\u00f3 th\u1ec3 \u0111\u1ed7 xe mi\u1ec5n ph\u00ed tr\u01b0\u1edbc m\u1eb7t ti\u1ec1n Kh\u00e1ch s\u1ea1n. V\u1ecb tr\u00ed \u0111\u1ed7 xe n\u1eb1m \u1edf l\u00f2ng l\u1ec1 \u0111\u01b0\u1eddng tr\u01b0\u1edbc m\u1eb7t Kh\u00e1ch s\u1ea1n, tuy nhi\u00ean s\u1ed1 l\u01b0\u1ee3ng ch\u1ed7 \u0111\u1eadu xe c\u00f3 h\u1ea1n n\u00ean s\u1ebd \u01b0u ti\u00ean cho xe \u0111\u1ebfn tr\u01b0\u1edbc. Kh\u00e1ch s\u1ea1n s\u1ebd kh\u00f4ng ch\u1ecbu tr\u00e1ch nhi\u1ec7m n\u1ebfu c\u00f3 h\u01b0 h\u1ecfng hay m\u1ea5t m\u00e1t x\u1ea3y ra.<\/p>\n<p><strong>16. T\u1eeb ch\u1ed1i ph\u1ee5c v\u1ee5:<\/strong><br \/>\nKh\u00e1ch s\u1ea1n c\u00f3 quy\u1ec1n t\u1eeb ch\u1ed1i ph\u1ee5c v\u1ee5 n\u1ebfu kh\u00e1ch vi ph\u1ea1m b\u1ea5t c\u1ee9 \u0111i\u1ec1u kho\u1ea3n n\u00e0o trong Quy \u0111\u1ecbnh n\u00e0y.<br \/>\nKh\u00e1ch s\u1ea1n c\u00f3 quy\u1ec1n t\u1eeb ch\u1ed1i ph\u1ee5c v\u1ee5 n\u1ebfu kh\u00e1ch vi ph\u1ea1m n\u1ed9i quy trong l\u1ea7n l\u01b0u tr\u00fa tr\u01b0\u1edbc b\u1eb1ng c\u00e1ch b\u1eb1ng c\u00e1ch g\u00e2y thi\u1ec7t h\u1ea1i v\u1ec1 c\u01a1 s\u1edf v\u1eadt ch\u1ea5t c\u1ee7a Kh\u00e1ch s\u1ea1n ho\u1eb7c x\u00e2m h\u1ea1i \u0111\u1ebfn t\u00e0i s\u1ea3n, s\u1ee9c kh\u1ecfe c\u1ee7a kh\u00e1ch kh\u00e1c c\u0169ng nh\u01b0 nh\u00e2n vi\u00ean ho\u1eb7c b\u1ea5t c\u1ee9 h\u00e0nh \u0111\u1ed9ng n\u00e0o g\u00e2y \u1ea3nh h\u01b0\u1edfng \u0111\u1ebfn ho\u1ea1t \u0111\u1ed9ng c\u1ee7a Kh\u00e1ch s\u1ea1n.<\/p>\n","protected":false},"excerpt":{"rendered":"<p>N\u1ed8I QUY KH\u00c1CH S\u1ea0N: M\u1ee5c ti\u00eau h\u00e0ng \u0111\u1ea7u c\u1ee7a ch\u00fang t\u00f4i l\u00e0 cung c\u1ea5p cho Qu\u00fd kh\u00e1ch nh\u1eefng tr\u1ea3i nghi\u1ec7m d\u1ecbch v\u1ee5 ti\u1ec7n nghi, an to\u00e0n v\u00e0 th\u00e2n thi\u1ec7n. Nh\u1eefng n\u1ed9i quy sau \u0111\u00e2y \u0111\u01b0\u1ee3c ch\u00fang t\u00f4i \u0111\u1eb7t ra theo ti\u00eau chu\u1ea9n c\u1ee7a ng\u00e0nh kh\u00e1ch s\u1ea1n, ph\u00f9 h\u1ee3p v\u1edbi lu\u1eadt ph\u00e1p, quy \u0111\u1ecbnh c\u1ee7a ch\u00ednh [&hellip;]<\/p>\n","protected":false},"author":148,"featured_media":0,"parent":20,"menu_order":1,"comment_status":"closed","ping_status":"closed","template":"template-legal-notice.php","meta":{"footnotes":""},"yoast_head":"<!-- This site is optimized with the Yoast SEO plugin v22.3 - https:\/\/yoast.com\/wordpress\/plugins\/seo\/ -->\n<title>N\u1ed9i quy - Aquari Hotel<\/title>\n<meta name=\"robots\" content=\"index, follow, max-snippet:-1, max-image-preview:large, max-video-preview:-1\" \/>\n<link rel=\"canonical\" href=\"https:\/\/aquarihotel.vn\/vi\/home-page\/legal-notice\/\" \/>\n<meta property=\"og:locale\" content=\"vi_VN\" \/>\n<meta property=\"og:type\" content=\"article\" \/>\n<meta property=\"og:title\" content=\"N\u1ed9i quy - Aquari Hotel\" \/>\n<meta property=\"og:description\" content=\"N\u1ed8I QUY KH\u00c1CH S\u1ea0N: M\u1ee5c ti\u00eau h\u00e0ng \u0111\u1ea7u c\u1ee7a ch\u00fang t\u00f4i l\u00e0 cung c\u1ea5p cho Qu\u00fd kh\u00e1ch nh\u1eefng tr\u1ea3i nghi\u1ec7m d\u1ecbch v\u1ee5 ti\u1ec7n nghi, an to\u00e0n v\u00e0 th\u00e2n thi\u1ec7n. Nh\u1eefng n\u1ed9i quy sau \u0111\u00e2y \u0111\u01b0\u1ee3c ch\u00fang t\u00f4i \u0111\u1eb7t ra theo ti\u00eau chu\u1ea9n c\u1ee7a ng\u00e0nh kh\u00e1ch s\u1ea1n, ph\u00f9 h\u1ee3p v\u1edbi lu\u1eadt ph\u00e1p, quy \u0111\u1ecbnh c\u1ee7a ch\u00ednh [&hellip;]\" \/>\n<meta property=\"og:url\" content=\"https:\/\/aquarihotel.vn\/vi\/home-page\/legal-notice\/\" \/>\n<meta property=\"og:site_name\" content=\"Aquari Hotel\" \/>\n<meta property=\"article:modified_time\" content=\"2024-07-09T03:43:59+00:00\" \/>\n<meta name=\"twitter:card\" content=\"summary_large_image\" \/>\n<meta name=\"twitter:label1\" content=\"Est. reading time\" \/>\n\t<meta name=\"twitter:data1\" content=\"8 minutes\" \/>\n<script type=\"application\/ld+json\" class=\"yoast-schema-graph\">{\"@context\":\"https:\/\/schema.org\",\"@graph\":[{\"@type\":\"WebPage\",\"@id\":\"https:\/\/aquarihotel.vn\/vi\/home-page\/legal-notice\/\",\"url\":\"https:\/\/aquarihotel.vn\/vi\/home-page\/legal-notice\/\",\"name\":\"N\u1ed9i quy - Aquari Hotel\",\"isPartOf\":{\"@id\":\"https:\/\/aquarihotel.vn\/vi\/#website\"},\"datePublished\":\"2019-12-17T03:06:19+00:00\",\"dateModified\":\"2024-07-09T03:43:59+00:00\",\"breadcrumb\":{\"@id\":\"https:\/\/aquarihotel.vn\/vi\/home-page\/legal-notice\/#breadcrumb\"},\"inLanguage\":\"vi-VN\",\"potentialAction\":[{\"@type\":\"ReadAction\",\"target\":[\"https:\/\/aquarihotel.vn\/vi\/home-page\/legal-notice\/\"]}]},{\"@type\":\"BreadcrumbList\",\"@id\":\"https:\/\/aquarihotel.vn\/vi\/home-page\/legal-notice\/#breadcrumb\",\"itemListElement\":[{\"@type\":\"ListItem\",\"position\":1,\"name\":\"Home\",\"item\":\"https:\/\/aquarihotel.vn\/vi\/\"},{\"@type\":\"ListItem\",\"position\":2,\"name\":\"Ch\u00e0o m\u1eebng Qu\u00fd Kh\u00e1ch \u0111\u1ebfn v\u1edbi Kh\u00e1ch s\u1ea1n Aquari!\",\"item\":\"https:\/\/aquarihotel.vn\/vi\/\"},{\"@type\":\"ListItem\",\"position\":3,\"name\":\"N\u1ed9i quy\"}]},{\"@type\":\"WebSite\",\"@id\":\"https:\/\/aquarihotel.vn\/vi\/#website\",\"url\":\"https:\/\/aquarihotel.vn\/vi\/\",\"name\":\"Aquari Hotel\",\"description\":\"Aquari Hotel | STAY WITH US, FEEL LIKE HOME\",\"potentialAction\":[{\"@type\":\"SearchAction\",\"target\":{\"@type\":\"EntryPoint\",\"urlTemplate\":\"https:\/\/aquarihotel.vn\/vi\/?s={search_term_string}\"},\"query-input\":\"required name=search_term_string\"}],\"inLanguage\":\"vi-VN\"}]}<\/script>\n<!-- \/ Yoast SEO plugin. -->","yoast_head_json":{"title":"N\u1ed9i quy - Aquari Hotel","robots":{"index":"index","follow":"follow","max-snippet":"max-snippet:-1","max-image-preview":"max-image-preview:large","max-video-preview":"max-video-preview:-1"},"canonical":"https:\/\/aquarihotel.vn\/vi\/home-page\/legal-notice\/","og_locale":"vi_VN","og_type":"article","og_title":"N\u1ed9i quy - Aquari Hotel","og_description":"N\u1ed8I QUY KH\u00c1CH S\u1ea0N: M\u1ee5c ti\u00eau h\u00e0ng \u0111\u1ea7u c\u1ee7a ch\u00fang t\u00f4i l\u00e0 cung c\u1ea5p cho Qu\u00fd kh\u00e1ch nh\u1eefng tr\u1ea3i nghi\u1ec7m d\u1ecbch v\u1ee5 ti\u1ec7n nghi, an to\u00e0n v\u00e0 th\u00e2n thi\u1ec7n. Nh\u1eefng n\u1ed9i quy sau \u0111\u00e2y \u0111\u01b0\u1ee3c ch\u00fang t\u00f4i \u0111\u1eb7t ra theo ti\u00eau chu\u1ea9n c\u1ee7a ng\u00e0nh kh\u00e1ch s\u1ea1n, ph\u00f9 h\u1ee3p v\u1edbi lu\u1eadt ph\u00e1p, quy \u0111\u1ecbnh c\u1ee7a ch\u00ednh [&hellip;]","og_url":"https:\/\/aquarihotel.vn\/vi\/home-page\/legal-notice\/","og_site_name":"Aquari Hotel","article_modified_time":"2024-07-09T03:43:59+00:00","twitter_card":"summary_large_image","twitter_misc":{"Est. reading time":"8 minutes"},"schema":{"@context":"https:\/\/schema.org","@graph":[{"@type":"WebPage","@id":"https:\/\/aquarihotel.vn\/vi\/home-page\/legal-notice\/","url":"https:\/\/aquarihotel.vn\/vi\/home-page\/legal-notice\/","name":"N\u1ed9i quy - Aquari Hotel","isPartOf":{"@id":"https:\/\/aquarihotel.vn\/vi\/#website"},"datePublished":"2019-12-17T03:06:19+00:00","dateModified":"2024-07-09T03:43:59+00:00","breadcrumb":{"@id":"https:\/\/aquarihotel.vn\/vi\/home-page\/legal-notice\/#breadcrumb"},"inLanguage":"vi-VN","potentialAction":[{"@type":"ReadAction","target":["https:\/\/aquarihotel.vn\/vi\/home-page\/legal-notice\/"]}]},{"@type":"BreadcrumbList","@id":"https:\/\/aquarihotel.vn\/vi\/home-page\/legal-notice\/#breadcrumb","itemListElement":[{"@type":"ListItem","position":1,"name":"Home","item":"https:\/\/aquarihotel.vn\/vi\/"},{"@type":"ListItem","position":2,"name":"Ch\u00e0o m\u1eebng Qu\u00fd Kh\u00e1ch \u0111\u1ebfn v\u1edbi Kh\u00e1ch s\u1ea1n Aquari!","item":"https:\/\/aquarihotel.vn\/vi\/"},{"@type":"ListItem","position":3,"name":"N\u1ed9i quy"}]},{"@type":"WebSite","@id":"https:\/\/aquarihotel.vn\/vi\/#website","url":"https:\/\/aquarihotel.vn\/vi\/","name":"Aquari Hotel","description":"Aquari Hotel | STAY WITH US, FEEL LIKE HOME","potentialAction":[{"@type":"SearchAction","target":{"@type":"EntryPoint","urlTemplate":"https:\/\/aquarihotel.vn\/vi\/?s={search_term_string}"},"query-input":"required name=search_term_string"}],"inLanguage":"vi-VN"}]}},"_links":{"self":[{"href":"https:\/\/aquarihotel.vn\/vi\/wp-json\/wp\/v2\/pages\/236"}],"collection":[{"href":"https:\/\/aquarihotel.vn\/vi\/wp-json\/wp\/v2\/pages"}],"about":[{"href":"https:\/\/aquarihotel.vn\/vi\/wp-json\/wp\/v2\/types\/page"}],"author":[{"embeddable":true,"href":"https:\/\/aquarihotel.vn\/vi\/wp-json\/wp\/v2\/users\/148"}],"replies":[{"embeddable":true,"href":"https:\/\/aquarihotel.vn\/vi\/wp-json\/wp\/v2\/comments?post=236"}],"version-history":[{"count":0,"href":"https:\/\/aquarihotel.vn\/vi\/wp-json\/wp\/v2\/pages\/236\/revisions"}],"up":[{"embeddable":true,"href":"https:\/\/aquarihotel.vn\/vi\/wp-json\/wp\/v2\/pages\/20"}],"wp:attachment":[{"href":"https:\/\/aquarihotel.vn\/vi\/wp-json\/wp\/v2\/media?parent=236"}],"curies":[{"name":"wp","href":"https:\/\/api.w.org\/{rel}","templated":true}]}}