{"id":240,"date":"2019-12-17T03:11:55","date_gmt":"2019-12-17T03:11:55","guid":{"rendered":"http:\/\/aquarihotel.ms.decms.asia\/exclusive-deals\/"},"modified":"2026-03-17T04:31:36","modified_gmt":"2026-03-17T04:31:36","slug":"exclusive-deals","status":"publish","type":"page","link":"https:\/\/aquarihotel.vn\/vi\/exclusive-deals\/","title":{"rendered":"\u01afU \u0110\u00c3I \u0110\u1ed8C QUY\u1ec0N"},"content":{"rendered":"<p>T\u1eadn h\u01b0\u1edfng k\u1ef3 ngh\u1ec9 tr\u1ecdn v\u1eb9n h\u01a1n v\u1edbi nh\u1eefng \u01b0u \u0111\u00e3i \u0111\u1ed9c quy\u1ec1n t\u1eeb ch\u00fang t\u00f4i!<\/p>\n","protected":false},"excerpt":{"rendered":"<p>T\u1eadn h\u01b0\u1edfng k\u1ef3 ngh\u1ec9 tr\u1ecdn v\u1eb9n h\u01a1n v\u1edbi nh\u1eefng \u01b0u \u0111\u00e3i \u0111\u1ed9c quy\u1ec1n t\u1eeb ch\u00fang t\u00f4i!<\/p>\n","protected":false},"author":32,"featured_media":1442,"parent":0,"menu_order":0,"comment_status":"closed","ping_status":"closed","template":"","meta":{"footnotes":""},"yoast_head":"<!-- This site is optimized with the Yoast SEO plugin v22.3 - https:\/\/yoast.com\/wordpress\/plugins\/seo\/ -->\n<title>Khuy\u1ebfn m\u00e3i h\u1ea5p d\u1eabn | Kh\u00e1ch s\u1ea1n Th\u00e0nh ph\u1ed1 H\u1ed3 Ch\u00ed Minh - Aquari Hotel<\/title>\n<meta name=\"description\" content=\"Khuy\u1ebfn m\u00e3i h\u1ea5p d\u1eabn | Gi\u1ea3m gi\u00e1 ph\u00f2ng. Kh\u00e1ch s\u1ea1n t\u1ea1i trung t\u00e2m Th\u00e0nh ph\u1ed1 H\u1ed3 Ch\u00ed Minh. \u0110\u1eb7t ph\u00f2ng ngay \u0111\u1ec3 \u0111\u01b0\u1ee3c h\u01b0\u1edfng \u01b0u \u0111\u00e3i.\" \/>\n<meta name=\"robots\" content=\"index, follow, max-snippet:-1, max-image-preview:large, max-video-preview:-1\" \/>\n<link rel=\"canonical\" href=\"https:\/\/aquarihotel.vn\/vi\/exclusive-deals\/\" \/>\n<meta property=\"og:locale\" content=\"vi_VN\" \/>\n<meta property=\"og:type\" content=\"article\" \/>\n<meta property=\"og:title\" content=\"Khuy\u1ebfn m\u00e3i h\u1ea5p d\u1eabn | Kh\u00e1ch s\u1ea1n Th\u00e0nh ph\u1ed1 H\u1ed3 Ch\u00ed Minh - Aquari Hotel\" \/>\n<meta property=\"og:description\" content=\"Khuy\u1ebfn m\u00e3i h\u1ea5p d\u1eabn | Gi\u1ea3m gi\u00e1 ph\u00f2ng. Kh\u00e1ch s\u1ea1n t\u1ea1i trung t\u00e2m Th\u00e0nh ph\u1ed1 H\u1ed3 Ch\u00ed Minh. \u0110\u1eb7t ph\u00f2ng ngay \u0111\u1ec3 \u0111\u01b0\u1ee3c h\u01b0\u1edfng \u01b0u \u0111\u00e3i.\" \/>\n<meta property=\"og:url\" content=\"https:\/\/aquarihotel.vn\/vi\/exclusive-deals\/\" \/>\n<meta property=\"og:site_name\" content=\"Aquari Hotel\" \/>\n<meta property=\"article:modified_time\" content=\"2026-03-17T04:31:36+00:00\" \/>\n<meta property=\"og:image\" content=\"https:\/\/aquarihotel.vn\/wp-content\/uploads\/sites\/67\/2026\/03\/IMG_7390-no-person-copy.jpg\" \/>\n\t<meta property=\"og:image:width\" content=\"1715\" \/>\n\t<meta property=\"og:image:height\" content=\"1200\" \/>\n\t<meta property=\"og:image:type\" content=\"image\/jpeg\" \/>\n<meta name=\"twitter:card\" content=\"summary_large_image\" \/>\n<meta name=\"twitter:label1\" content=\"Est. reading time\" \/>\n\t<meta name=\"twitter:data1\" content=\"1 minute\" \/>\n<script type=\"application\/ld+json\" class=\"yoast-schema-graph\">{\"@context\":\"https:\/\/schema.org\",\"@graph\":[{\"@type\":\"WebPage\",\"@id\":\"https:\/\/aquarihotel.vn\/vi\/exclusive-deals\/\",\"url\":\"https:\/\/aquarihotel.vn\/vi\/exclusive-deals\/\",\"name\":\"Khuy\u1ebfn m\u00e3i h\u1ea5p d\u1eabn | Kh\u00e1ch s\u1ea1n Th\u00e0nh ph\u1ed1 H\u1ed3 Ch\u00ed Minh - Aquari Hotel\",\"isPartOf\":{\"@id\":\"https:\/\/aquarihotel.vn\/vi\/#website\"},\"primaryImageOfPage\":{\"@id\":\"https:\/\/aquarihotel.vn\/vi\/exclusive-deals\/#primaryimage\"},\"image\":{\"@id\":\"https:\/\/aquarihotel.vn\/vi\/exclusive-deals\/#primaryimage\"},\"thumbnailUrl\":\"https:\/\/aquarihotel.vn\/wp-content\/uploads\/sites\/67\/2026\/03\/IMG_7390-no-person-copy.jpg\",\"datePublished\":\"2019-12-17T03:11:55+00:00\",\"dateModified\":\"2026-03-17T04:31:36+00:00\",\"description\":\"Khuy\u1ebfn m\u00e3i h\u1ea5p d\u1eabn | Gi\u1ea3m gi\u00e1 ph\u00f2ng. Kh\u00e1ch s\u1ea1n t\u1ea1i trung t\u00e2m Th\u00e0nh ph\u1ed1 H\u1ed3 Ch\u00ed Minh. \u0110\u1eb7t ph\u00f2ng ngay \u0111\u1ec3 \u0111\u01b0\u1ee3c h\u01b0\u1edfng \u01b0u \u0111\u00e3i.\",\"breadcrumb\":{\"@id\":\"https:\/\/aquarihotel.vn\/vi\/exclusive-deals\/#breadcrumb\"},\"inLanguage\":\"vi-VN\",\"potentialAction\":[{\"@type\":\"ReadAction\",\"target\":[\"https:\/\/aquarihotel.vn\/vi\/exclusive-deals\/\"]}]},{\"@type\":\"ImageObject\",\"inLanguage\":\"vi-VN\",\"@id\":\"https:\/\/aquarihotel.vn\/vi\/exclusive-deals\/#primaryimage\",\"url\":\"https:\/\/aquarihotel.vn\/wp-content\/uploads\/sites\/67\/2026\/03\/IMG_7390-no-person-copy.jpg\",\"contentUrl\":\"https:\/\/aquarihotel.vn\/wp-content\/uploads\/sites\/67\/2026\/03\/IMG_7390-no-person-copy.jpg\",\"width\":1715,\"height\":1200},{\"@type\":\"BreadcrumbList\",\"@id\":\"https:\/\/aquarihotel.vn\/vi\/exclusive-deals\/#breadcrumb\",\"itemListElement\":[{\"@type\":\"ListItem\",\"position\":1,\"name\":\"Home\",\"item\":\"https:\/\/aquarihotel.vn\/vi\/\"},{\"@type\":\"ListItem\",\"position\":2,\"name\":\"\u01afU \u0110\u00c3I \u0110\u1ed8C QUY\u1ec0N\"}]},{\"@type\":\"WebSite\",\"@id\":\"https:\/\/aquarihotel.vn\/vi\/#website\",\"url\":\"https:\/\/aquarihotel.vn\/vi\/\",\"name\":\"Aquari Hotel\",\"description\":\"Aquari Hotel | STAY WITH US, FEEL LIKE HOME\",\"potentialAction\":[{\"@type\":\"SearchAction\",\"target\":{\"@type\":\"EntryPoint\",\"urlTemplate\":\"https:\/\/aquarihotel.vn\/vi\/?s={search_term_string}\"},\"query-input\":\"required name=search_term_string\"}],\"inLanguage\":\"vi-VN\"}]}<\/script>\n<!-- \/ Yoast SEO plugin. -->","yoast_head_json":{"title":"Khuy\u1ebfn m\u00e3i h\u1ea5p d\u1eabn | Kh\u00e1ch s\u1ea1n Th\u00e0nh ph\u1ed1 H\u1ed3 Ch\u00ed Minh - Aquari Hotel","description":"Khuy\u1ebfn m\u00e3i h\u1ea5p d\u1eabn | Gi\u1ea3m gi\u00e1 ph\u00f2ng. Kh\u00e1ch s\u1ea1n t\u1ea1i trung t\u00e2m Th\u00e0nh ph\u1ed1 H\u1ed3 Ch\u00ed Minh. \u0110\u1eb7t ph\u00f2ng ngay \u0111\u1ec3 \u0111\u01b0\u1ee3c h\u01b0\u1edfng \u01b0u \u0111\u00e3i.","robots":{"index":"index","follow":"follow","max-snippet":"max-snippet:-1","max-image-preview":"max-image-preview:large","max-video-preview":"max-video-preview:-1"},"canonical":"https:\/\/aquarihotel.vn\/vi\/exclusive-deals\/","og_locale":"vi_VN","og_type":"article","og_title":"Khuy\u1ebfn m\u00e3i h\u1ea5p d\u1eabn | Kh\u00e1ch s\u1ea1n Th\u00e0nh ph\u1ed1 H\u1ed3 Ch\u00ed Minh - Aquari Hotel","og_description":"Khuy\u1ebfn m\u00e3i h\u1ea5p d\u1eabn | Gi\u1ea3m gi\u00e1 ph\u00f2ng. Kh\u00e1ch s\u1ea1n t\u1ea1i trung t\u00e2m Th\u00e0nh ph\u1ed1 H\u1ed3 Ch\u00ed Minh. \u0110\u1eb7t ph\u00f2ng ngay \u0111\u1ec3 \u0111\u01b0\u1ee3c h\u01b0\u1edfng \u01b0u \u0111\u00e3i.","og_url":"https:\/\/aquarihotel.vn\/vi\/exclusive-deals\/","og_site_name":"Aquari Hotel","article_modified_time":"2026-03-17T04:31:36+00:00","og_image":[{"width":1715,"height":1200,"url":"https:\/\/aquarihotel.vn\/wp-content\/uploads\/sites\/67\/2026\/03\/IMG_7390-no-person-copy.jpg","type":"image\/jpeg"}],"twitter_card":"summary_large_image","twitter_misc":{"Est. reading time":"1 minute"},"schema":{"@context":"https:\/\/schema.org","@graph":[{"@type":"WebPage","@id":"https:\/\/aquarihotel.vn\/vi\/exclusive-deals\/","url":"https:\/\/aquarihotel.vn\/vi\/exclusive-deals\/","name":"Khuy\u1ebfn m\u00e3i h\u1ea5p d\u1eabn | Kh\u00e1ch s\u1ea1n Th\u00e0nh ph\u1ed1 H\u1ed3 Ch\u00ed Minh - Aquari Hotel","isPartOf":{"@id":"https:\/\/aquarihotel.vn\/vi\/#website"},"primaryImageOfPage":{"@id":"https:\/\/aquarihotel.vn\/vi\/exclusive-deals\/#primaryimage"},"image":{"@id":"https:\/\/aquarihotel.vn\/vi\/exclusive-deals\/#primaryimage"},"thumbnailUrl":"https:\/\/aquarihotel.vn\/wp-content\/uploads\/sites\/67\/2026\/03\/IMG_7390-no-person-copy.jpg","datePublished":"2019-12-17T03:11:55+00:00","dateModified":"2026-03-17T04:31:36+00:00","description":"Khuy\u1ebfn m\u00e3i h\u1ea5p d\u1eabn | Gi\u1ea3m gi\u00e1 ph\u00f2ng. Kh\u00e1ch s\u1ea1n t\u1ea1i trung t\u00e2m Th\u00e0nh ph\u1ed1 H\u1ed3 Ch\u00ed Minh. \u0110\u1eb7t ph\u00f2ng ngay \u0111\u1ec3 \u0111\u01b0\u1ee3c h\u01b0\u1edfng \u01b0u \u0111\u00e3i.","breadcrumb":{"@id":"https:\/\/aquarihotel.vn\/vi\/exclusive-deals\/#breadcrumb"},"inLanguage":"vi-VN","potentialAction":[{"@type":"ReadAction","target":["https:\/\/aquarihotel.vn\/vi\/exclusive-deals\/"]}]},{"@type":"ImageObject","inLanguage":"vi-VN","@id":"https:\/\/aquarihotel.vn\/vi\/exclusive-deals\/#primaryimage","url":"https:\/\/aquarihotel.vn\/wp-content\/uploads\/sites\/67\/2026\/03\/IMG_7390-no-person-copy.jpg","contentUrl":"https:\/\/aquarihotel.vn\/wp-content\/uploads\/sites\/67\/2026\/03\/IMG_7390-no-person-copy.jpg","width":1715,"height":1200},{"@type":"BreadcrumbList","@id":"https:\/\/aquarihotel.vn\/vi\/exclusive-deals\/#breadcrumb","itemListElement":[{"@type":"ListItem","position":1,"name":"Home","item":"https:\/\/aquarihotel.vn\/vi\/"},{"@type":"ListItem","position":2,"name":"\u01afU \u0110\u00c3I \u0110\u1ed8C QUY\u1ec0N"}]},{"@type":"WebSite","@id":"https:\/\/aquarihotel.vn\/vi\/#website","url":"https:\/\/aquarihotel.vn\/vi\/","name":"Aquari Hotel","description":"Aquari Hotel | STAY WITH US, FEEL LIKE HOME","potentialAction":[{"@type":"SearchAction","target":{"@type":"EntryPoint","urlTemplate":"https:\/\/aquarihotel.vn\/vi\/?s={search_term_string}"},"query-input":"required name=search_term_string"}],"inLanguage":"vi-VN"}]}},"_links":{"self":[{"href":"https:\/\/aquarihotel.vn\/vi\/wp-json\/wp\/v2\/pages\/240"}],"collection":[{"href":"https:\/\/aquarihotel.vn\/vi\/wp-json\/wp\/v2\/pages"}],"about":[{"href":"https:\/\/aquarihotel.vn\/vi\/wp-json\/wp\/v2\/types\/page"}],"author":[{"embeddable":true,"href":"https:\/\/aquarihotel.vn\/vi\/wp-json\/wp\/v2\/users\/32"}],"replies":[{"embeddable":true,"href":"https:\/\/aquarihotel.vn\/vi\/wp-json\/wp\/v2\/comments?post=240"}],"version-history":[{"count":2,"href":"https:\/\/aquarihotel.vn\/vi\/wp-json\/wp\/v2\/pages\/240\/revisions"}],"predecessor-version":[{"id":1453,"href":"https:\/\/aquarihotel.vn\/vi\/wp-json\/wp\/v2\/pages\/240\/revisions\/1453"}],"wp:featuredmedia":[{"embeddable":true,"href":"https:\/\/aquarihotel.vn\/vi\/wp-json\/wp\/v2\/media\/1442"}],"wp:attachment":[{"href":"https:\/\/aquarihotel.vn\/vi\/wp-json\/wp\/v2\/media?parent=240"}],"curies":[{"name":"wp","href":"https:\/\/api.w.org\/{rel}","templated":true}]}}