{"id":244,"date":"2019-12-17T03:14:06","date_gmt":"2019-12-17T03:14:06","guid":{"rendered":"http:\/\/aquarihotel.ms.decms.asia\/exclusive-deals\/long-stay-deal\/"},"modified":"2026-03-17T04:26:34","modified_gmt":"2026-03-17T04:26:34","slug":"meeting-package-deal","status":"publish","type":"page","link":"https:\/\/aquarihotel.vn\/vi\/exclusive-deals\/meeting-package-deal\/","title":{"rendered":"Kh\u00f4ng Gian H\u1ed9i H\u1ecdp Chuy\u00ean Nghi\u1ec7p"},"content":{"rendered":"<p data-start=\"234\" data-end=\"485\">T\u1ea1o d\u1ea5u \u1ea5n chuy\u00ean nghi\u1ec7p cho c\u00e1c bu\u1ed5i h\u1ecdp, h\u1ed9i th\u1ea3o v\u00e0 ch\u01b0\u01a1ng tr\u00ecnh \u0111\u00e0o t\u1ea1o t\u1ea1i Blossom Meeting &amp; Event Space c\u1ee7a Aquari Hotel \u2014 kh\u00f4ng gian v\u1eeba \u0111\u01b0\u1ee3c n\u00e2ng c\u1ea5p m\u1edbi, mang \u0111\u1ebfn s\u1ef1 ch\u1ec9n chu, tho\u1ea3i m\u00e1i v\u00e0 ri\u00eang t\u01b0 \u0111\u1ec3 m\u1ed7i cu\u1ed9c g\u1eb7p g\u1ee1 di\u1ec5n ra hi\u1ec7u qu\u1ea3 h\u01a1n. V\u1edbi c\u00e1c g\u00f3i h\u1ed9i h\u1ecdp \u0111\u01b0\u1ee3c thi\u1ebft k\u1ebf linh ho\u1ea1t, Aquari Hotel mang \u0111\u1ebfn tr\u1ea3i nghi\u1ec7m tr\u1ecdn g\u00f3i v\u00e0 thu\u1eadn ti\u1ec7n cho doanh nghi\u1ec7p, t\u1eeb kh\u00f4ng gian h\u1ecdp chuy\u00ean nghi\u1ec7p \u0111\u1ebfn tea break th\u01b0 gi\u00e3n, gi\u00fap kh\u00e1ch tham d\u1ef1 lu\u00f4n t\u1ec9nh t\u00e1o, k\u1ebft n\u1ed1i v\u00e0 tr\u00e0n \u0111\u1ea7y n\u0103ng l\u01b0\u1ee3ng trong su\u1ed1t ch\u01b0\u01a1ng tr\u00ecnh.<\/p>\n<p data-start=\"688\" data-end=\"783\"><strong>\u01afu \u0111\u00e3i \u0111\u1eb7c bi\u1ec7t: Gi\u1ea3m ngay 10% cho G\u00f3i H\u1ed9i Ngh\u1ecb d\u00e0nh cho t\u1eeb 30 kh\u00e1ch tr\u1edf l\u00ean.<\/strong><\/p>\n<p data-start=\"785\" data-end=\"835\"><strong data-start=\"785\" data-end=\"835\">G\u00f3i H\u1ed9i Ngh\u1ecb c\u00f9ng D\u1ecbch V\u1ee5 H\u1ed7 Tr\u1ee3 Chuy\u00ean Nghi\u1ec7p<\/strong><\/p>\n<p data-start=\"837\" data-end=\"1043\">C\u00e1c g\u00f3i h\u1ecdp n\u1eeda ng\u00e0y v\u00e0 c\u1ea3 ng\u00e0y t\u1ea1i Aquari Hotel mang \u0111\u1ebfn cho Qu\u00fd kh\u00e1ch kh\u00f4ng gian \u1ea5m c\u00fang, d\u1ecbch v\u1ee5 t\u1eadn t\u00e2m, b\u1eefa tr\u01b0a, tea break v\u00e0 \u0111\u1ea7y \u0111\u1ee7 trang thi\u1ebft b\u1ecb c\u1ea7n thi\u1ebft cho m\u1ed9t s\u1ef1 ki\u1ec7n chuy\u00ean nghi\u1ec7p v\u00e0 hi\u1ec7u qu\u1ea3:<\/p>\n<ul data-start=\"1045\" data-end=\"1371\">\n<li data-section-id=\"1iigpqs\" data-start=\"1045\" data-end=\"1110\">\n<p data-start=\"1047\" data-end=\"1110\">S\u1eed d\u1ee5ng ph\u00f2ng h\u1ecdp c\u00f9ng h\u1ec7 th\u1ed1ng \u00e2m thanh, h\u00ecnh \u1ea3nh ti\u00eau chu\u1ea9n<\/p>\n<\/li>\n<li data-section-id=\"17i8cbx\" data-start=\"1111\" data-end=\"1140\">\n<p data-start=\"1113\" data-end=\"1140\">Mi\u1ec5n ph\u00ed Wi-Fi t\u1ed1c \u0111\u1ed9 cao<\/p>\n<\/li>\n<li data-section-id=\"si5yim\" data-start=\"1141\" data-end=\"1183\">\n<p data-start=\"1143\" data-end=\"1183\">Tea break v\u1edbi c\u00e0 ph\u00ea, tr\u00e0 v\u00e0 \u0111\u1ed3 \u0103n nh\u1eb9<\/p>\n<\/li>\n<li data-section-id=\"nprnv0\" data-start=\"1184\" data-end=\"1260\">\n<p data-start=\"1186\" data-end=\"1260\">Buffet tr\u01b0a ho\u1eb7c th\u1ef1c \u0111\u01a1n set menu do \u0111\u1ed9i ng\u0169 b\u1ebfp c\u1ee7a kh\u00e1ch s\u1ea1n chu\u1ea9n b\u1ecb<\/p>\n<\/li>\n<li data-section-id=\"xyl64v\" data-start=\"1261\" data-end=\"1315\">\n<p data-start=\"1263\" data-end=\"1315\">Gi\u1ea5y b\u00fat v\u00e0 n\u01b0\u1edbc u\u1ed1ng cho t\u1eebng kh\u00e1ch tham d\u1ef1<\/p>\n<\/li>\n<li data-section-id=\"15koxsu\" data-start=\"1316\" data-end=\"1371\">\n<p data-start=\"1318\" data-end=\"1371\">\u0110\u1ed9i ng\u0169 h\u1ed7 tr\u1ee3 tr\u1ef1c ti\u1ebfp t\u1ea1i ch\u1ed7 trong su\u1ed1t s\u1ef1 ki\u1ec7n<\/p>\n<\/li>\n<\/ul>\n<p data-start=\"1373\" data-end=\"1578\">T\u1eebng chi ti\u1ebft \u2014 t\u1eeb c\u00e1ch s\u1eafp x\u1ebfp ch\u1ed7 ng\u1ed3i \u0111\u1ebfn thi\u1ebft k\u1ebf th\u1ef1c \u0111\u01a1n \u2014 \u0111\u1ec1u \u0111\u01b0\u1ee3c \u0111\u1ed9i ng\u0169 s\u1ef1 ki\u1ec7n chuy\u00ean nghi\u1ec7p c\u1ee7a ch\u00fang t\u00f4i ch\u0103m ch\u00fat k\u1ef9 l\u01b0\u1ee1ng, \u0111\u1ea3m b\u1ea3o s\u1ef1 xuy\u00ean su\u1ed1t v\u00e0 su\u00f4n s\u1ebb cho ch\u01b0\u01a1ng tr\u00ecnh c\u1ee7a Qu\u00fd kh\u00e1ch.<\/p>\n<p data-start=\"1580\" data-end=\"1710\"><strong data-start=\"1580\" data-end=\"1636\">\u0110\u1ec3 \u0111\u1eb7t ch\u1ed7 v\u00e0 bi\u1ebft th\u00eam th\u00f4ng tin, vui l\u00f2ng li\u00ean h\u1ec7:<\/strong><br data-start=\"1636\" data-end=\"1639\" \/><strong data-start=\"1639\" data-end=\"1649\">Email:<\/strong> <a class=\"decorated-link cursor-pointer\" rel=\"noopener\" data-start=\"1650\" data-end=\"1676\">reservation@aquarihotel.vn<\/a><br data-start=\"1676\" data-end=\"1679\" \/><strong data-start=\"1679\" data-end=\"1694\">\u0110i\u1ec7n tho\u1ea1i:<\/strong> (028) 3829 2828<\/p>\n<p>&nbsp;<\/p>\n","protected":false},"excerpt":{"rendered":"<p>T\u1ea1o d\u1ea5u \u1ea5n chuy\u00ean nghi\u1ec7p cho c\u00e1c bu\u1ed5i h\u1ecdp, h\u1ed9i th\u1ea3o v\u00e0 ch\u01b0\u01a1ng tr\u00ecnh \u0111\u00e0o t\u1ea1o t\u1ea1i Blossom Meeting &amp; Event Space c\u1ee7a Aquari Hotel \u2014 kh\u00f4ng gian v\u1eeba \u0111\u01b0\u1ee3c n\u00e2ng c\u1ea5p m\u1edbi, mang \u0111\u1ebfn s\u1ef1 ch\u1ec9n chu, tho\u1ea3i m\u00e1i v\u00e0 ri\u00eang t\u01b0 \u0111\u1ec3 m\u1ed7i cu\u1ed9c g\u1eb7p g\u1ee1 di\u1ec5n ra hi\u1ec7u qu\u1ea3 h\u01a1n. V\u1edbi c\u00e1c [&hellip;]<\/p>\n","protected":false},"author":32,"featured_media":959,"parent":240,"menu_order":1,"comment_status":"closed","ping_status":"closed","template":"","meta":{"footnotes":""},"yoast_head":"<!-- This site is optimized with the Yoast SEO plugin v22.3 - https:\/\/yoast.com\/wordpress\/plugins\/seo\/ -->\n<title>Kh\u00f4ng Gian H\u1ed9i H\u1ecdp Chuy\u00ean Nghi\u1ec7p - Aquari Hotel<\/title>\n<meta name=\"robots\" content=\"index, follow, max-snippet:-1, max-image-preview:large, max-video-preview:-1\" \/>\n<link rel=\"canonical\" href=\"https:\/\/aquarihotel.vn\/vi\/exclusive-deals\/meeting-package-deal\/\" \/>\n<meta property=\"og:locale\" content=\"vi_VN\" \/>\n<meta property=\"og:type\" content=\"article\" \/>\n<meta property=\"og:title\" content=\"Kh\u00f4ng Gian H\u1ed9i H\u1ecdp Chuy\u00ean Nghi\u1ec7p - Aquari Hotel\" \/>\n<meta property=\"og:description\" content=\"T\u1ea1o d\u1ea5u \u1ea5n chuy\u00ean nghi\u1ec7p cho c\u00e1c bu\u1ed5i h\u1ecdp, h\u1ed9i th\u1ea3o v\u00e0 ch\u01b0\u01a1ng tr\u00ecnh \u0111\u00e0o t\u1ea1o t\u1ea1i Blossom Meeting &amp; Event Space c\u1ee7a Aquari Hotel \u2014 kh\u00f4ng gian v\u1eeba \u0111\u01b0\u1ee3c n\u00e2ng c\u1ea5p m\u1edbi, mang \u0111\u1ebfn s\u1ef1 ch\u1ec9n chu, tho\u1ea3i m\u00e1i v\u00e0 ri\u00eang t\u01b0 \u0111\u1ec3 m\u1ed7i cu\u1ed9c g\u1eb7p g\u1ee1 di\u1ec5n ra hi\u1ec7u qu\u1ea3 h\u01a1n. V\u1edbi c\u00e1c [&hellip;]\" \/>\n<meta property=\"og:url\" content=\"https:\/\/aquarihotel.vn\/vi\/exclusive-deals\/meeting-package-deal\/\" \/>\n<meta property=\"og:site_name\" content=\"Aquari Hotel\" \/>\n<meta property=\"article:modified_time\" content=\"2026-03-17T04:26:34+00:00\" \/>\n<meta property=\"og:image\" content=\"https:\/\/aquarihotel.vn\/wp-content\/uploads\/sites\/67\/2024\/06\/IMG_2219.jpg\" \/>\n\t<meta property=\"og:image:width\" content=\"900\" \/>\n\t<meta property=\"og:image:height\" content=\"1200\" \/>\n\t<meta property=\"og:image:type\" content=\"image\/jpeg\" \/>\n<meta name=\"twitter:card\" content=\"summary_large_image\" \/>\n<meta name=\"twitter:label1\" content=\"Est. reading time\" \/>\n\t<meta name=\"twitter:data1\" content=\"2 minutes\" \/>\n<script type=\"application\/ld+json\" class=\"yoast-schema-graph\">{\"@context\":\"https:\/\/schema.org\",\"@graph\":[{\"@type\":\"WebPage\",\"@id\":\"https:\/\/aquarihotel.vn\/vi\/exclusive-deals\/meeting-package-deal\/\",\"url\":\"https:\/\/aquarihotel.vn\/vi\/exclusive-deals\/meeting-package-deal\/\",\"name\":\"Kh\u00f4ng Gian H\u1ed9i H\u1ecdp Chuy\u00ean Nghi\u1ec7p - Aquari Hotel\",\"isPartOf\":{\"@id\":\"https:\/\/aquarihotel.vn\/vi\/#website\"},\"primaryImageOfPage\":{\"@id\":\"https:\/\/aquarihotel.vn\/vi\/exclusive-deals\/meeting-package-deal\/#primaryimage\"},\"image\":{\"@id\":\"https:\/\/aquarihotel.vn\/vi\/exclusive-deals\/meeting-package-deal\/#primaryimage\"},\"thumbnailUrl\":\"https:\/\/aquarihotel.vn\/wp-content\/uploads\/sites\/67\/2024\/06\/IMG_2219.jpg\",\"datePublished\":\"2019-12-17T03:14:06+00:00\",\"dateModified\":\"2026-03-17T04:26:34+00:00\",\"breadcrumb\":{\"@id\":\"https:\/\/aquarihotel.vn\/vi\/exclusive-deals\/meeting-package-deal\/#breadcrumb\"},\"inLanguage\":\"vi-VN\",\"potentialAction\":[{\"@type\":\"ReadAction\",\"target\":[\"https:\/\/aquarihotel.vn\/vi\/exclusive-deals\/meeting-package-deal\/\"]}]},{\"@type\":\"ImageObject\",\"inLanguage\":\"vi-VN\",\"@id\":\"https:\/\/aquarihotel.vn\/vi\/exclusive-deals\/meeting-package-deal\/#primaryimage\",\"url\":\"https:\/\/aquarihotel.vn\/wp-content\/uploads\/sites\/67\/2024\/06\/IMG_2219.jpg\",\"contentUrl\":\"https:\/\/aquarihotel.vn\/wp-content\/uploads\/sites\/67\/2024\/06\/IMG_2219.jpg\",\"width\":900,\"height\":1200},{\"@type\":\"BreadcrumbList\",\"@id\":\"https:\/\/aquarihotel.vn\/vi\/exclusive-deals\/meeting-package-deal\/#breadcrumb\",\"itemListElement\":[{\"@type\":\"ListItem\",\"position\":1,\"name\":\"Home\",\"item\":\"https:\/\/aquarihotel.vn\/vi\/\"},{\"@type\":\"ListItem\",\"position\":2,\"name\":\"\u01afU \u0110\u00c3I \u0110\u1ed8C QUY\u1ec0N\",\"item\":\"https:\/\/aquarihotel.vn\/vi\/exclusive-deals\/\"},{\"@type\":\"ListItem\",\"position\":3,\"name\":\"Kh\u00f4ng Gian H\u1ed9i H\u1ecdp Chuy\u00ean Nghi\u1ec7p\"}]},{\"@type\":\"WebSite\",\"@id\":\"https:\/\/aquarihotel.vn\/vi\/#website\",\"url\":\"https:\/\/aquarihotel.vn\/vi\/\",\"name\":\"Aquari Hotel\",\"description\":\"Aquari Hotel | STAY WITH US, FEEL LIKE HOME\",\"potentialAction\":[{\"@type\":\"SearchAction\",\"target\":{\"@type\":\"EntryPoint\",\"urlTemplate\":\"https:\/\/aquarihotel.vn\/vi\/?s={search_term_string}\"},\"query-input\":\"required name=search_term_string\"}],\"inLanguage\":\"vi-VN\"}]}<\/script>\n<!-- \/ Yoast SEO plugin. -->","yoast_head_json":{"title":"Kh\u00f4ng Gian H\u1ed9i H\u1ecdp Chuy\u00ean Nghi\u1ec7p - Aquari Hotel","robots":{"index":"index","follow":"follow","max-snippet":"max-snippet:-1","max-image-preview":"max-image-preview:large","max-video-preview":"max-video-preview:-1"},"canonical":"https:\/\/aquarihotel.vn\/vi\/exclusive-deals\/meeting-package-deal\/","og_locale":"vi_VN","og_type":"article","og_title":"Kh\u00f4ng Gian H\u1ed9i H\u1ecdp Chuy\u00ean Nghi\u1ec7p - Aquari Hotel","og_description":"T\u1ea1o d\u1ea5u \u1ea5n chuy\u00ean nghi\u1ec7p cho c\u00e1c bu\u1ed5i h\u1ecdp, h\u1ed9i th\u1ea3o v\u00e0 ch\u01b0\u01a1ng tr\u00ecnh \u0111\u00e0o t\u1ea1o t\u1ea1i Blossom Meeting &amp; Event Space c\u1ee7a Aquari Hotel \u2014 kh\u00f4ng gian v\u1eeba \u0111\u01b0\u1ee3c n\u00e2ng c\u1ea5p m\u1edbi, mang \u0111\u1ebfn s\u1ef1 ch\u1ec9n chu, tho\u1ea3i m\u00e1i v\u00e0 ri\u00eang t\u01b0 \u0111\u1ec3 m\u1ed7i cu\u1ed9c g\u1eb7p g\u1ee1 di\u1ec5n ra hi\u1ec7u qu\u1ea3 h\u01a1n. V\u1edbi c\u00e1c [&hellip;]","og_url":"https:\/\/aquarihotel.vn\/vi\/exclusive-deals\/meeting-package-deal\/","og_site_name":"Aquari Hotel","article_modified_time":"2026-03-17T04:26:34+00:00","og_image":[{"width":900,"height":1200,"url":"https:\/\/aquarihotel.vn\/wp-content\/uploads\/sites\/67\/2024\/06\/IMG_2219.jpg","type":"image\/jpeg"}],"twitter_card":"summary_large_image","twitter_misc":{"Est. reading time":"2 minutes"},"schema":{"@context":"https:\/\/schema.org","@graph":[{"@type":"WebPage","@id":"https:\/\/aquarihotel.vn\/vi\/exclusive-deals\/meeting-package-deal\/","url":"https:\/\/aquarihotel.vn\/vi\/exclusive-deals\/meeting-package-deal\/","name":"Kh\u00f4ng Gian H\u1ed9i H\u1ecdp Chuy\u00ean Nghi\u1ec7p - Aquari Hotel","isPartOf":{"@id":"https:\/\/aquarihotel.vn\/vi\/#website"},"primaryImageOfPage":{"@id":"https:\/\/aquarihotel.vn\/vi\/exclusive-deals\/meeting-package-deal\/#primaryimage"},"image":{"@id":"https:\/\/aquarihotel.vn\/vi\/exclusive-deals\/meeting-package-deal\/#primaryimage"},"thumbnailUrl":"https:\/\/aquarihotel.vn\/wp-content\/uploads\/sites\/67\/2024\/06\/IMG_2219.jpg","datePublished":"2019-12-17T03:14:06+00:00","dateModified":"2026-03-17T04:26:34+00:00","breadcrumb":{"@id":"https:\/\/aquarihotel.vn\/vi\/exclusive-deals\/meeting-package-deal\/#breadcrumb"},"inLanguage":"vi-VN","potentialAction":[{"@type":"ReadAction","target":["https:\/\/aquarihotel.vn\/vi\/exclusive-deals\/meeting-package-deal\/"]}]},{"@type":"ImageObject","inLanguage":"vi-VN","@id":"https:\/\/aquarihotel.vn\/vi\/exclusive-deals\/meeting-package-deal\/#primaryimage","url":"https:\/\/aquarihotel.vn\/wp-content\/uploads\/sites\/67\/2024\/06\/IMG_2219.jpg","contentUrl":"https:\/\/aquarihotel.vn\/wp-content\/uploads\/sites\/67\/2024\/06\/IMG_2219.jpg","width":900,"height":1200},{"@type":"BreadcrumbList","@id":"https:\/\/aquarihotel.vn\/vi\/exclusive-deals\/meeting-package-deal\/#breadcrumb","itemListElement":[{"@type":"ListItem","position":1,"name":"Home","item":"https:\/\/aquarihotel.vn\/vi\/"},{"@type":"ListItem","position":2,"name":"\u01afU \u0110\u00c3I \u0110\u1ed8C QUY\u1ec0N","item":"https:\/\/aquarihotel.vn\/vi\/exclusive-deals\/"},{"@type":"ListItem","position":3,"name":"Kh\u00f4ng Gian H\u1ed9i H\u1ecdp Chuy\u00ean Nghi\u1ec7p"}]},{"@type":"WebSite","@id":"https:\/\/aquarihotel.vn\/vi\/#website","url":"https:\/\/aquarihotel.vn\/vi\/","name":"Aquari Hotel","description":"Aquari Hotel | STAY WITH US, FEEL LIKE HOME","potentialAction":[{"@type":"SearchAction","target":{"@type":"EntryPoint","urlTemplate":"https:\/\/aquarihotel.vn\/vi\/?s={search_term_string}"},"query-input":"required name=search_term_string"}],"inLanguage":"vi-VN"}]}},"_links":{"self":[{"href":"https:\/\/aquarihotel.vn\/vi\/wp-json\/wp\/v2\/pages\/244"}],"collection":[{"href":"https:\/\/aquarihotel.vn\/vi\/wp-json\/wp\/v2\/pages"}],"about":[{"href":"https:\/\/aquarihotel.vn\/vi\/wp-json\/wp\/v2\/types\/page"}],"author":[{"embeddable":true,"href":"https:\/\/aquarihotel.vn\/vi\/wp-json\/wp\/v2\/users\/32"}],"replies":[{"embeddable":true,"href":"https:\/\/aquarihotel.vn\/vi\/wp-json\/wp\/v2\/comments?post=244"}],"version-history":[{"count":4,"href":"https:\/\/aquarihotel.vn\/vi\/wp-json\/wp\/v2\/pages\/244\/revisions"}],"predecessor-version":[{"id":1475,"href":"https:\/\/aquarihotel.vn\/vi\/wp-json\/wp\/v2\/pages\/244\/revisions\/1475"}],"up":[{"embeddable":true,"href":"https:\/\/aquarihotel.vn\/vi\/wp-json\/wp\/v2\/pages\/240"}],"wp:featuredmedia":[{"embeddable":true,"href":"https:\/\/aquarihotel.vn\/vi\/wp-json\/wp\/v2\/media\/959"}],"wp:attachment":[{"href":"https:\/\/aquarihotel.vn\/vi\/wp-json\/wp\/v2\/media?parent=244"}],"curies":[{"name":"wp","href":"https:\/\/api.w.org\/{rel}","templated":true}]}}