{"id":246,"date":"2019-12-17T03:14:34","date_gmt":"2019-12-17T03:14:34","guid":{"rendered":"http:\/\/aquarihotel.ms.decms.asia\/exclusive-deals\/weekend-deal\/"},"modified":"2026-04-08T16:31:52","modified_gmt":"2026-04-08T16:31:52","slug":"exclusive-deals","status":"publish","type":"page","link":"https:\/\/aquarihotel.vn\/vi\/exclusive-deals\/exclusive-deals\/","title":{"rendered":"\u0110\u1eb7t ph\u00f2ng tr\u1ef1c ti\u1ebfp v\u1edbi Aquari v\u00e0 nh\u1eadn ngay 10% off"},"content":{"rendered":"<p data-start=\"499\" data-end=\"569\"><a href=\"https:\/\/www.book-secure.com\/index.php?s=results&amp;property=vnhoc26765&amp;arrival=2026-02-25&amp;departure=2026-02-26&amp;rate=BAR&amp;accommodation=Deluxe-Double-or-Twin-room&amp;adults1=1&amp;children1=0&amp;locale=en_GB&amp;currency=VND&amp;stid=rxb8mms2z&amp;_fbtl=offers&amp;Hotelnames=ASIAVNHTLAquariHotel&amp;hname=ASIAVNHTLAquariHotel&amp;FirstRoomName=Deluxe-Double-or-Twin-room&amp;room=Deluxe-Double-or-Twin-room&amp;FirstDate=231201%3B1%3B1%3B0%3B0&amp;CurrencyLabel=VND&amp;FSTBKNGTrackLink=offers&amp;style=DIRECT&amp;HTTP_REFERER=https%3A%2F%2Faquarihotel.vn%2Fexclusive-deals%2F&amp;redir=BIZ&amp;rt=1701325753&amp;nbNightsValue=1&amp;_gl=1*uyk6v7*_ga*NjcyNTMxNTkuMTY2Nzc1MDI2Nw..*_ga_C7YGKHMHWL*czE3NzIwMDMwMDkkbzEwMSRnMSR0MTc3MjAwNzMyMyRqNDAkbDAkaDA.*_ga_NX7RYZ8PB6*czE3NzIwMDMwMDkkbzY1JGcxJHQxNzcyMDA3MzIzJGo0MCRsMCRoMA..&amp;_ga=2.257870409.352062345.1771916617-67253159.1667750267\">\u0110\u1eb7t ph\u00f2ng tr\u1ef1c ti\u1ebfp<\/a> \u0111\u1ec3 nh\u1eadn nhi\u1ec1u l\u1ee3i \u00edch h\u01a1n. Nh\u1eadp m\u00e3: <strong>Staywithus10<\/strong> v\u00e0 nh\u1eadn ngay chi\u1ebft kh\u1ea5u 10%.<\/p>\n<p data-start=\"499\" data-end=\"569\">Gi\u00e1 ph\u00f2ng \u0111\u00e3 bao g\u1ed3m:<\/p>\n<ul data-start=\"571\" data-end=\"772\">\n<li data-start=\"571\" data-end=\"605\">\n<p data-start=\"573\" data-end=\"605\">Buffet s\u00e1ng h\u1eb1ng ng\u00e0y mi\u1ec5n ph\u00ed<\/p>\n<\/li>\n<li data-start=\"606\" data-end=\"644\">\n<p data-start=\"608\" data-end=\"644\">Tr\u00e0 v\u00e0 c\u00e0 ph\u00ea mi\u1ec5n ph\u00ed trong ph\u00f2ng<\/p>\n<\/li>\n<li data-start=\"645\" data-end=\"684\">\n<p data-start=\"647\" data-end=\"684\">02 chai n\u01b0\u1edbc su\u1ed1i mi\u1ec5n ph\u00ed m\u1ed7i ng\u00e0y<\/p>\n<\/li>\n<li data-start=\"685\" data-end=\"702\">\n<p data-start=\"687\" data-end=\"702\">Wifi mi\u1ec5n ph\u00ed<\/p>\n<\/li>\n<li data-start=\"703\" data-end=\"733\">\n<p data-start=\"705\" data-end=\"733\">S\u1eed d\u1ee5ng ph\u00f2ng gym mi\u1ec5n ph\u00ed<\/p>\n<\/li>\n<li data-start=\"734\" data-end=\"772\">\n<p data-start=\"736\" data-end=\"772\">\u0110\u00e3 bao g\u1ed3m thu\u1ebf VAT v\u00e0 ph\u00ed d\u1ecbch v\u1ee5<\/p>\n<\/li>\n<\/ul>\n<p data-start=\"774\" data-end=\"891\">Ki\u1ec3m tra ph\u00f2ng tr\u1ed1ng ngay h\u00f4m nay \u0111\u1ec3 t\u1eadn h\u01b0\u1edfng \u01b0u \u0111\u00e3i t\u1ed1t nh\u1ea5t t\u1eeb Aquari Hotel.<\/p>\n","protected":false},"excerpt":{"rendered":"<p>\u0110\u1eb7t ph\u00f2ng tr\u1ef1c ti\u1ebfp \u0111\u1ec3 nh\u1eadn nhi\u1ec1u l\u1ee3i \u00edch h\u01a1n. Nh\u1eadp m\u00e3: Staywithus10 v\u00e0 nh\u1eadn ngay chi\u1ebft kh\u1ea5u 10%. Gi\u00e1 ph\u00f2ng \u0111\u00e3 bao g\u1ed3m: Buffet s\u00e1ng h\u1eb1ng ng\u00e0y mi\u1ec5n ph\u00ed Tr\u00e0 v\u00e0 c\u00e0 ph\u00ea mi\u1ec5n ph\u00ed trong ph\u00f2ng 02 chai n\u01b0\u1edbc su\u1ed1i mi\u1ec5n ph\u00ed m\u1ed7i ng\u00e0y Wifi mi\u1ec5n ph\u00ed S\u1eed d\u1ee5ng ph\u00f2ng gym mi\u1ec5n ph\u00ed [&hellip;]<\/p>\n","protected":false},"author":32,"featured_media":1124,"parent":240,"menu_order":0,"comment_status":"closed","ping_status":"closed","template":"","meta":{"footnotes":""},"yoast_head":"<!-- This site is optimized with the Yoast SEO plugin v22.3 - https:\/\/yoast.com\/wordpress\/plugins\/seo\/ -->\n<title>\u0110\u1eb7t ph\u00f2ng tr\u1ef1c ti\u1ebfp v\u1edbi Aquari v\u00e0 nh\u1eadn ngay 10% off - Aquari Hotel<\/title>\n<meta name=\"robots\" content=\"index, follow, max-snippet:-1, max-image-preview:large, max-video-preview:-1\" \/>\n<link rel=\"canonical\" href=\"https:\/\/aquarihotel.vn\/vi\/exclusive-deals\/exclusive-deals\/\" \/>\n<meta property=\"og:locale\" content=\"vi_VN\" \/>\n<meta property=\"og:type\" content=\"article\" \/>\n<meta property=\"og:title\" content=\"\u0110\u1eb7t ph\u00f2ng tr\u1ef1c ti\u1ebfp v\u1edbi Aquari v\u00e0 nh\u1eadn ngay 10% off - Aquari Hotel\" \/>\n<meta property=\"og:description\" content=\"\u0110\u1eb7t ph\u00f2ng tr\u1ef1c ti\u1ebfp \u0111\u1ec3 nh\u1eadn nhi\u1ec1u l\u1ee3i \u00edch h\u01a1n. Nh\u1eadp m\u00e3: Staywithus10 v\u00e0 nh\u1eadn ngay chi\u1ebft kh\u1ea5u 10%. Gi\u00e1 ph\u00f2ng \u0111\u00e3 bao g\u1ed3m: Buffet s\u00e1ng h\u1eb1ng ng\u00e0y mi\u1ec5n ph\u00ed Tr\u00e0 v\u00e0 c\u00e0 ph\u00ea mi\u1ec5n ph\u00ed trong ph\u00f2ng 02 chai n\u01b0\u1edbc su\u1ed1i mi\u1ec5n ph\u00ed m\u1ed7i ng\u00e0y Wifi mi\u1ec5n ph\u00ed S\u1eed d\u1ee5ng ph\u00f2ng gym mi\u1ec5n ph\u00ed [&hellip;]\" \/>\n<meta property=\"og:url\" content=\"https:\/\/aquarihotel.vn\/vi\/exclusive-deals\/exclusive-deals\/\" \/>\n<meta property=\"og:site_name\" content=\"Aquari Hotel\" \/>\n<meta property=\"article:modified_time\" content=\"2026-04-08T16:31:52+00:00\" \/>\n<meta property=\"og:image\" content=\"https:\/\/aquarihotel.vn\/wp-content\/uploads\/sites\/67\/2025\/11\/IMG_0588-2-edit-size-reduce.jpg\" \/>\n\t<meta property=\"og:image:width\" content=\"1800\" \/>\n\t<meta property=\"og:image:height\" content=\"1200\" \/>\n\t<meta property=\"og:image:type\" content=\"image\/jpeg\" \/>\n<meta name=\"twitter:card\" content=\"summary_large_image\" \/>\n<meta name=\"twitter:label1\" content=\"Est. reading time\" \/>\n\t<meta name=\"twitter:data1\" content=\"1 minute\" \/>\n<script type=\"application\/ld+json\" class=\"yoast-schema-graph\">{\"@context\":\"https:\/\/schema.org\",\"@graph\":[{\"@type\":\"WebPage\",\"@id\":\"https:\/\/aquarihotel.vn\/vi\/exclusive-deals\/exclusive-deals\/\",\"url\":\"https:\/\/aquarihotel.vn\/vi\/exclusive-deals\/exclusive-deals\/\",\"name\":\"\u0110\u1eb7t ph\u00f2ng tr\u1ef1c ti\u1ebfp v\u1edbi Aquari v\u00e0 nh\u1eadn ngay 10% off - Aquari Hotel\",\"isPartOf\":{\"@id\":\"https:\/\/aquarihotel.vn\/vi\/#website\"},\"primaryImageOfPage\":{\"@id\":\"https:\/\/aquarihotel.vn\/vi\/exclusive-deals\/exclusive-deals\/#primaryimage\"},\"image\":{\"@id\":\"https:\/\/aquarihotel.vn\/vi\/exclusive-deals\/exclusive-deals\/#primaryimage\"},\"thumbnailUrl\":\"https:\/\/aquarihotel.vn\/wp-content\/uploads\/sites\/67\/2025\/11\/IMG_0588-2-edit-size-reduce.jpg\",\"datePublished\":\"2019-12-17T03:14:34+00:00\",\"dateModified\":\"2026-04-08T16:31:52+00:00\",\"breadcrumb\":{\"@id\":\"https:\/\/aquarihotel.vn\/vi\/exclusive-deals\/exclusive-deals\/#breadcrumb\"},\"inLanguage\":\"vi-VN\",\"potentialAction\":[{\"@type\":\"ReadAction\",\"target\":[\"https:\/\/aquarihotel.vn\/vi\/exclusive-deals\/exclusive-deals\/\"]}]},{\"@type\":\"ImageObject\",\"inLanguage\":\"vi-VN\",\"@id\":\"https:\/\/aquarihotel.vn\/vi\/exclusive-deals\/exclusive-deals\/#primaryimage\",\"url\":\"https:\/\/aquarihotel.vn\/wp-content\/uploads\/sites\/67\/2025\/11\/IMG_0588-2-edit-size-reduce.jpg\",\"contentUrl\":\"https:\/\/aquarihotel.vn\/wp-content\/uploads\/sites\/67\/2025\/11\/IMG_0588-2-edit-size-reduce.jpg\",\"width\":1800,\"height\":1200},{\"@type\":\"BreadcrumbList\",\"@id\":\"https:\/\/aquarihotel.vn\/vi\/exclusive-deals\/exclusive-deals\/#breadcrumb\",\"itemListElement\":[{\"@type\":\"ListItem\",\"position\":1,\"name\":\"Home\",\"item\":\"https:\/\/aquarihotel.vn\/vi\/\"},{\"@type\":\"ListItem\",\"position\":2,\"name\":\"\u01afU \u0110\u00c3I \u0110\u1ed8C QUY\u1ec0N\",\"item\":\"https:\/\/aquarihotel.vn\/vi\/exclusive-deals\/\"},{\"@type\":\"ListItem\",\"position\":3,\"name\":\"\u0110\u1eb7t ph\u00f2ng tr\u1ef1c ti\u1ebfp v\u1edbi Aquari v\u00e0 nh\u1eadn ngay 10% off\"}]},{\"@type\":\"WebSite\",\"@id\":\"https:\/\/aquarihotel.vn\/vi\/#website\",\"url\":\"https:\/\/aquarihotel.vn\/vi\/\",\"name\":\"Aquari Hotel\",\"description\":\"Aquari Hotel | STAY WITH US, FEEL LIKE HOME\",\"potentialAction\":[{\"@type\":\"SearchAction\",\"target\":{\"@type\":\"EntryPoint\",\"urlTemplate\":\"https:\/\/aquarihotel.vn\/vi\/?s={search_term_string}\"},\"query-input\":\"required name=search_term_string\"}],\"inLanguage\":\"vi-VN\"}]}<\/script>\n<!-- \/ Yoast SEO plugin. -->","yoast_head_json":{"title":"\u0110\u1eb7t ph\u00f2ng tr\u1ef1c ti\u1ebfp v\u1edbi Aquari v\u00e0 nh\u1eadn ngay 10% off - Aquari Hotel","robots":{"index":"index","follow":"follow","max-snippet":"max-snippet:-1","max-image-preview":"max-image-preview:large","max-video-preview":"max-video-preview:-1"},"canonical":"https:\/\/aquarihotel.vn\/vi\/exclusive-deals\/exclusive-deals\/","og_locale":"vi_VN","og_type":"article","og_title":"\u0110\u1eb7t ph\u00f2ng tr\u1ef1c ti\u1ebfp v\u1edbi Aquari v\u00e0 nh\u1eadn ngay 10% off - Aquari Hotel","og_description":"\u0110\u1eb7t ph\u00f2ng tr\u1ef1c ti\u1ebfp \u0111\u1ec3 nh\u1eadn nhi\u1ec1u l\u1ee3i \u00edch h\u01a1n. Nh\u1eadp m\u00e3: Staywithus10 v\u00e0 nh\u1eadn ngay chi\u1ebft kh\u1ea5u 10%. Gi\u00e1 ph\u00f2ng \u0111\u00e3 bao g\u1ed3m: Buffet s\u00e1ng h\u1eb1ng ng\u00e0y mi\u1ec5n ph\u00ed Tr\u00e0 v\u00e0 c\u00e0 ph\u00ea mi\u1ec5n ph\u00ed trong ph\u00f2ng 02 chai n\u01b0\u1edbc su\u1ed1i mi\u1ec5n ph\u00ed m\u1ed7i ng\u00e0y Wifi mi\u1ec5n ph\u00ed S\u1eed d\u1ee5ng ph\u00f2ng gym mi\u1ec5n ph\u00ed [&hellip;]","og_url":"https:\/\/aquarihotel.vn\/vi\/exclusive-deals\/exclusive-deals\/","og_site_name":"Aquari Hotel","article_modified_time":"2026-04-08T16:31:52+00:00","og_image":[{"width":1800,"height":1200,"url":"https:\/\/aquarihotel.vn\/wp-content\/uploads\/sites\/67\/2025\/11\/IMG_0588-2-edit-size-reduce.jpg","type":"image\/jpeg"}],"twitter_card":"summary_large_image","twitter_misc":{"Est. reading time":"1 minute"},"schema":{"@context":"https:\/\/schema.org","@graph":[{"@type":"WebPage","@id":"https:\/\/aquarihotel.vn\/vi\/exclusive-deals\/exclusive-deals\/","url":"https:\/\/aquarihotel.vn\/vi\/exclusive-deals\/exclusive-deals\/","name":"\u0110\u1eb7t ph\u00f2ng tr\u1ef1c ti\u1ebfp v\u1edbi Aquari v\u00e0 nh\u1eadn ngay 10% off - Aquari Hotel","isPartOf":{"@id":"https:\/\/aquarihotel.vn\/vi\/#website"},"primaryImageOfPage":{"@id":"https:\/\/aquarihotel.vn\/vi\/exclusive-deals\/exclusive-deals\/#primaryimage"},"image":{"@id":"https:\/\/aquarihotel.vn\/vi\/exclusive-deals\/exclusive-deals\/#primaryimage"},"thumbnailUrl":"https:\/\/aquarihotel.vn\/wp-content\/uploads\/sites\/67\/2025\/11\/IMG_0588-2-edit-size-reduce.jpg","datePublished":"2019-12-17T03:14:34+00:00","dateModified":"2026-04-08T16:31:52+00:00","breadcrumb":{"@id":"https:\/\/aquarihotel.vn\/vi\/exclusive-deals\/exclusive-deals\/#breadcrumb"},"inLanguage":"vi-VN","potentialAction":[{"@type":"ReadAction","target":["https:\/\/aquarihotel.vn\/vi\/exclusive-deals\/exclusive-deals\/"]}]},{"@type":"ImageObject","inLanguage":"vi-VN","@id":"https:\/\/aquarihotel.vn\/vi\/exclusive-deals\/exclusive-deals\/#primaryimage","url":"https:\/\/aquarihotel.vn\/wp-content\/uploads\/sites\/67\/2025\/11\/IMG_0588-2-edit-size-reduce.jpg","contentUrl":"https:\/\/aquarihotel.vn\/wp-content\/uploads\/sites\/67\/2025\/11\/IMG_0588-2-edit-size-reduce.jpg","width":1800,"height":1200},{"@type":"BreadcrumbList","@id":"https:\/\/aquarihotel.vn\/vi\/exclusive-deals\/exclusive-deals\/#breadcrumb","itemListElement":[{"@type":"ListItem","position":1,"name":"Home","item":"https:\/\/aquarihotel.vn\/vi\/"},{"@type":"ListItem","position":2,"name":"\u01afU \u0110\u00c3I \u0110\u1ed8C QUY\u1ec0N","item":"https:\/\/aquarihotel.vn\/vi\/exclusive-deals\/"},{"@type":"ListItem","position":3,"name":"\u0110\u1eb7t ph\u00f2ng tr\u1ef1c ti\u1ebfp v\u1edbi Aquari v\u00e0 nh\u1eadn ngay 10% off"}]},{"@type":"WebSite","@id":"https:\/\/aquarihotel.vn\/vi\/#website","url":"https:\/\/aquarihotel.vn\/vi\/","name":"Aquari Hotel","description":"Aquari Hotel | STAY WITH US, FEEL LIKE HOME","potentialAction":[{"@type":"SearchAction","target":{"@type":"EntryPoint","urlTemplate":"https:\/\/aquarihotel.vn\/vi\/?s={search_term_string}"},"query-input":"required name=search_term_string"}],"inLanguage":"vi-VN"}]}},"_links":{"self":[{"href":"https:\/\/aquarihotel.vn\/vi\/wp-json\/wp\/v2\/pages\/246"}],"collection":[{"href":"https:\/\/aquarihotel.vn\/vi\/wp-json\/wp\/v2\/pages"}],"about":[{"href":"https:\/\/aquarihotel.vn\/vi\/wp-json\/wp\/v2\/types\/page"}],"author":[{"embeddable":true,"href":"https:\/\/aquarihotel.vn\/vi\/wp-json\/wp\/v2\/users\/32"}],"replies":[{"embeddable":true,"href":"https:\/\/aquarihotel.vn\/vi\/wp-json\/wp\/v2\/comments?post=246"}],"version-history":[{"count":4,"href":"https:\/\/aquarihotel.vn\/vi\/wp-json\/wp\/v2\/pages\/246\/revisions"}],"predecessor-version":[{"id":1513,"href":"https:\/\/aquarihotel.vn\/vi\/wp-json\/wp\/v2\/pages\/246\/revisions\/1513"}],"up":[{"embeddable":true,"href":"https:\/\/aquarihotel.vn\/vi\/wp-json\/wp\/v2\/pages\/240"}],"wp:featuredmedia":[{"embeddable":true,"href":"https:\/\/aquarihotel.vn\/vi\/wp-json\/wp\/v2\/media\/1124"}],"wp:attachment":[{"href":"https:\/\/aquarihotel.vn\/vi\/wp-json\/wp\/v2\/media?parent=246"}],"curies":[{"name":"wp","href":"https:\/\/api.w.org\/{rel}","templated":true}]}}