{"id":409,"date":"2020-04-18T07:10:52","date_gmt":"2020-04-18T07:10:52","guid":{"rendered":"https:\/\/aquarihotel.vn\/service-and-amenities\/laundry-service\/"},"modified":"2020-04-18T07:13:59","modified_gmt":"2020-04-18T07:13:59","slug":"laundry-service","status":"publish","type":"page","link":"https:\/\/aquarihotel.vn\/vi\/service-and-amenities\/laundry-service\/","title":{"rendered":"D\u1ecaCH V\u1ee4 GI\u1eb6T \u1ee6I"},"content":{"rendered":"<p>Ch\u00fang t\u00f4i cung c\u1ea5p d\u1ecbch v\u1ee5 gi\u1eb7t \u1ee7i chuy\u00ean nghi\u1ec7p cho qu\u00fd kh\u00e1ch l\u01b0u tr\u00fa t\u1ea1i Aquari . H\u00e3y y\u00ean t\u00e2m du l\u1ecbch v\u00e0 c\u00f4ng t\u00e1c v\u00ec qu\u1ea7n \u00e1o c\u1ee7a qu\u00fd kh\u00e1ch s\u1ebd lu\u00f4n \u0111\u01b0\u1ee3c ch\u0103m ch\u00fat k\u1ef9 l\u01b0\u1ee1ng.<\/p>\n","protected":false},"excerpt":{"rendered":"<p>Ch\u00fang t\u00f4i cung c\u1ea5p d\u1ecbch v\u1ee5 gi\u1eb7t \u1ee7i chuy\u00ean nghi\u1ec7p cho qu\u00fd kh\u00e1ch l\u01b0u tr\u00fa t\u1ea1i Aquari . H\u00e3y y\u00ean t\u00e2m du l\u1ecbch v\u00e0 c\u00f4ng t\u00e1c v\u00ec qu\u1ea7n \u00e1o c\u1ee7a qu\u00fd kh\u00e1ch s\u1ebd lu\u00f4n \u0111\u01b0\u1ee3c ch\u0103m ch\u00fat k\u1ef9 l\u01b0\u1ee1ng.<\/p>\n","protected":false},"author":147,"featured_media":408,"parent":224,"menu_order":0,"comment_status":"closed","ping_status":"closed","template":"","meta":{"footnotes":""},"yoast_head":"<!-- This site is optimized with the Yoast SEO plugin v22.3 - https:\/\/yoast.com\/wordpress\/plugins\/seo\/ -->\n<title>D\u1ecaCH V\u1ee4 GI\u1eb6T \u1ee6I - Aquari Hotel<\/title>\n<meta name=\"robots\" content=\"index, follow, max-snippet:-1, max-image-preview:large, max-video-preview:-1\" \/>\n<link rel=\"canonical\" href=\"https:\/\/aquarihotel.vn\/vi\/service-and-amenities\/laundry-service\/\" \/>\n<meta property=\"og:locale\" content=\"vi_VN\" \/>\n<meta property=\"og:type\" content=\"article\" \/>\n<meta property=\"og:title\" content=\"D\u1ecaCH V\u1ee4 GI\u1eb6T \u1ee6I - Aquari Hotel\" \/>\n<meta property=\"og:description\" content=\"Ch\u00fang t\u00f4i cung c\u1ea5p d\u1ecbch v\u1ee5 gi\u1eb7t \u1ee7i chuy\u00ean nghi\u1ec7p cho qu\u00fd kh\u00e1ch l\u01b0u tr\u00fa t\u1ea1i Aquari . H\u00e3y y\u00ean t\u00e2m du l\u1ecbch v\u00e0 c\u00f4ng t\u00e1c v\u00ec qu\u1ea7n \u00e1o c\u1ee7a qu\u00fd kh\u00e1ch s\u1ebd lu\u00f4n \u0111\u01b0\u1ee3c ch\u0103m ch\u00fat k\u1ef9 l\u01b0\u1ee1ng.\" \/>\n<meta property=\"og:url\" content=\"https:\/\/aquarihotel.vn\/vi\/service-and-amenities\/laundry-service\/\" \/>\n<meta property=\"og:site_name\" content=\"Aquari Hotel\" \/>\n<meta property=\"article:modified_time\" content=\"2020-04-18T07:13:59+00:00\" \/>\n<meta property=\"og:image\" content=\"https:\/\/aquarihotel.vn\/wp-content\/uploads\/sites\/67\/2020\/04\/laundry.jpg\" \/>\n\t<meta property=\"og:image:width\" content=\"512\" \/>\n\t<meta property=\"og:image:height\" content=\"341\" \/>\n\t<meta property=\"og:image:type\" content=\"image\/jpeg\" \/>\n<meta name=\"twitter:card\" content=\"summary_large_image\" \/>\n<script type=\"application\/ld+json\" class=\"yoast-schema-graph\">{\"@context\":\"https:\/\/schema.org\",\"@graph\":[{\"@type\":\"WebPage\",\"@id\":\"https:\/\/aquarihotel.vn\/vi\/service-and-amenities\/laundry-service\/\",\"url\":\"https:\/\/aquarihotel.vn\/vi\/service-and-amenities\/laundry-service\/\",\"name\":\"D\u1ecaCH V\u1ee4 GI\u1eb6T \u1ee6I - Aquari Hotel\",\"isPartOf\":{\"@id\":\"https:\/\/aquarihotel.vn\/vi\/#website\"},\"primaryImageOfPage\":{\"@id\":\"https:\/\/aquarihotel.vn\/vi\/service-and-amenities\/laundry-service\/#primaryimage\"},\"image\":{\"@id\":\"https:\/\/aquarihotel.vn\/vi\/service-and-amenities\/laundry-service\/#primaryimage\"},\"thumbnailUrl\":\"https:\/\/aquarihotel.vn\/wp-content\/uploads\/sites\/67\/2020\/04\/laundry.jpg\",\"datePublished\":\"2020-04-18T07:10:52+00:00\",\"dateModified\":\"2020-04-18T07:13:59+00:00\",\"breadcrumb\":{\"@id\":\"https:\/\/aquarihotel.vn\/vi\/service-and-amenities\/laundry-service\/#breadcrumb\"},\"inLanguage\":\"vi-VN\",\"potentialAction\":[{\"@type\":\"ReadAction\",\"target\":[\"https:\/\/aquarihotel.vn\/vi\/service-and-amenities\/laundry-service\/\"]}]},{\"@type\":\"ImageObject\",\"inLanguage\":\"vi-VN\",\"@id\":\"https:\/\/aquarihotel.vn\/vi\/service-and-amenities\/laundry-service\/#primaryimage\",\"url\":\"https:\/\/aquarihotel.vn\/wp-content\/uploads\/sites\/67\/2020\/04\/laundry.jpg\",\"contentUrl\":\"https:\/\/aquarihotel.vn\/wp-content\/uploads\/sites\/67\/2020\/04\/laundry.jpg\",\"width\":512,\"height\":341},{\"@type\":\"BreadcrumbList\",\"@id\":\"https:\/\/aquarihotel.vn\/vi\/service-and-amenities\/laundry-service\/#breadcrumb\",\"itemListElement\":[{\"@type\":\"ListItem\",\"position\":1,\"name\":\"Home\",\"item\":\"https:\/\/aquarihotel.vn\/vi\/\"},{\"@type\":\"ListItem\",\"position\":2,\"name\":\"D\u1ecbch v\u1ee5 &amp; ti\u1ec7n \u00edch\",\"item\":\"https:\/\/aquarihotel.vn\/vi\/service-and-amenities\/\"},{\"@type\":\"ListItem\",\"position\":3,\"name\":\"D\u1ecaCH V\u1ee4 GI\u1eb6T \u1ee6I\"}]},{\"@type\":\"WebSite\",\"@id\":\"https:\/\/aquarihotel.vn\/vi\/#website\",\"url\":\"https:\/\/aquarihotel.vn\/vi\/\",\"name\":\"Aquari Hotel\",\"description\":\"Aquari Hotel | STAY WITH US, FEEL LIKE HOME\",\"potentialAction\":[{\"@type\":\"SearchAction\",\"target\":{\"@type\":\"EntryPoint\",\"urlTemplate\":\"https:\/\/aquarihotel.vn\/vi\/?s={search_term_string}\"},\"query-input\":\"required name=search_term_string\"}],\"inLanguage\":\"vi-VN\"}]}<\/script>\n<!-- \/ Yoast SEO plugin. -->","yoast_head_json":{"title":"D\u1ecaCH V\u1ee4 GI\u1eb6T \u1ee6I - Aquari Hotel","robots":{"index":"index","follow":"follow","max-snippet":"max-snippet:-1","max-image-preview":"max-image-preview:large","max-video-preview":"max-video-preview:-1"},"canonical":"https:\/\/aquarihotel.vn\/vi\/service-and-amenities\/laundry-service\/","og_locale":"vi_VN","og_type":"article","og_title":"D\u1ecaCH V\u1ee4 GI\u1eb6T \u1ee6I - Aquari Hotel","og_description":"Ch\u00fang t\u00f4i cung c\u1ea5p d\u1ecbch v\u1ee5 gi\u1eb7t \u1ee7i chuy\u00ean nghi\u1ec7p cho qu\u00fd kh\u00e1ch l\u01b0u tr\u00fa t\u1ea1i Aquari . H\u00e3y y\u00ean t\u00e2m du l\u1ecbch v\u00e0 c\u00f4ng t\u00e1c v\u00ec qu\u1ea7n \u00e1o c\u1ee7a qu\u00fd kh\u00e1ch s\u1ebd lu\u00f4n \u0111\u01b0\u1ee3c ch\u0103m ch\u00fat k\u1ef9 l\u01b0\u1ee1ng.","og_url":"https:\/\/aquarihotel.vn\/vi\/service-and-amenities\/laundry-service\/","og_site_name":"Aquari Hotel","article_modified_time":"2020-04-18T07:13:59+00:00","og_image":[{"width":512,"height":341,"url":"https:\/\/aquarihotel.vn\/wp-content\/uploads\/sites\/67\/2020\/04\/laundry.jpg","type":"image\/jpeg"}],"twitter_card":"summary_large_image","schema":{"@context":"https:\/\/schema.org","@graph":[{"@type":"WebPage","@id":"https:\/\/aquarihotel.vn\/vi\/service-and-amenities\/laundry-service\/","url":"https:\/\/aquarihotel.vn\/vi\/service-and-amenities\/laundry-service\/","name":"D\u1ecaCH V\u1ee4 GI\u1eb6T \u1ee6I - Aquari Hotel","isPartOf":{"@id":"https:\/\/aquarihotel.vn\/vi\/#website"},"primaryImageOfPage":{"@id":"https:\/\/aquarihotel.vn\/vi\/service-and-amenities\/laundry-service\/#primaryimage"},"image":{"@id":"https:\/\/aquarihotel.vn\/vi\/service-and-amenities\/laundry-service\/#primaryimage"},"thumbnailUrl":"https:\/\/aquarihotel.vn\/wp-content\/uploads\/sites\/67\/2020\/04\/laundry.jpg","datePublished":"2020-04-18T07:10:52+00:00","dateModified":"2020-04-18T07:13:59+00:00","breadcrumb":{"@id":"https:\/\/aquarihotel.vn\/vi\/service-and-amenities\/laundry-service\/#breadcrumb"},"inLanguage":"vi-VN","potentialAction":[{"@type":"ReadAction","target":["https:\/\/aquarihotel.vn\/vi\/service-and-amenities\/laundry-service\/"]}]},{"@type":"ImageObject","inLanguage":"vi-VN","@id":"https:\/\/aquarihotel.vn\/vi\/service-and-amenities\/laundry-service\/#primaryimage","url":"https:\/\/aquarihotel.vn\/wp-content\/uploads\/sites\/67\/2020\/04\/laundry.jpg","contentUrl":"https:\/\/aquarihotel.vn\/wp-content\/uploads\/sites\/67\/2020\/04\/laundry.jpg","width":512,"height":341},{"@type":"BreadcrumbList","@id":"https:\/\/aquarihotel.vn\/vi\/service-and-amenities\/laundry-service\/#breadcrumb","itemListElement":[{"@type":"ListItem","position":1,"name":"Home","item":"https:\/\/aquarihotel.vn\/vi\/"},{"@type":"ListItem","position":2,"name":"D\u1ecbch v\u1ee5 &amp; ti\u1ec7n \u00edch","item":"https:\/\/aquarihotel.vn\/vi\/service-and-amenities\/"},{"@type":"ListItem","position":3,"name":"D\u1ecaCH V\u1ee4 GI\u1eb6T \u1ee6I"}]},{"@type":"WebSite","@id":"https:\/\/aquarihotel.vn\/vi\/#website","url":"https:\/\/aquarihotel.vn\/vi\/","name":"Aquari Hotel","description":"Aquari Hotel | STAY WITH US, FEEL LIKE HOME","potentialAction":[{"@type":"SearchAction","target":{"@type":"EntryPoint","urlTemplate":"https:\/\/aquarihotel.vn\/vi\/?s={search_term_string}"},"query-input":"required name=search_term_string"}],"inLanguage":"vi-VN"}]}},"_links":{"self":[{"href":"https:\/\/aquarihotel.vn\/vi\/wp-json\/wp\/v2\/pages\/409"}],"collection":[{"href":"https:\/\/aquarihotel.vn\/vi\/wp-json\/wp\/v2\/pages"}],"about":[{"href":"https:\/\/aquarihotel.vn\/vi\/wp-json\/wp\/v2\/types\/page"}],"author":[{"embeddable":true,"href":"https:\/\/aquarihotel.vn\/vi\/wp-json\/wp\/v2\/users\/147"}],"replies":[{"embeddable":true,"href":"https:\/\/aquarihotel.vn\/vi\/wp-json\/wp\/v2\/comments?post=409"}],"version-history":[{"count":0,"href":"https:\/\/aquarihotel.vn\/vi\/wp-json\/wp\/v2\/pages\/409\/revisions"}],"up":[{"embeddable":true,"href":"https:\/\/aquarihotel.vn\/vi\/wp-json\/wp\/v2\/pages\/224"}],"wp:featuredmedia":[{"embeddable":true,"href":"https:\/\/aquarihotel.vn\/vi\/wp-json\/wp\/v2\/media\/408"}],"wp:attachment":[{"href":"https:\/\/aquarihotel.vn\/vi\/wp-json\/wp\/v2\/media?parent=409"}],"curies":[{"name":"wp","href":"https:\/\/api.w.org\/{rel}","templated":true}]}}