{"id":47,"date":"2019-12-16T04:23:25","date_gmt":"2019-12-16T04:23:25","guid":{"rendered":"http:\/\/aquarihotel.ms.decms.asia\/superior-room\/"},"modified":"2026-04-09T13:25:11","modified_gmt":"2026-04-09T13:25:11","slug":"deluxe","status":"publish","type":"page","link":"https:\/\/aquarihotel.vn\/vi\/our-rooms\/deluxe\/","title":{"rendered":"Deluxe"},"content":{"rendered":"<p data-start=\"153\" data-end=\"498\">Ph\u00f2ng Deluxe \u0111\u01b0\u1ee3c thi\u1ebft k\u1ebf d\u00e0nh cho c\u1ea3 kh\u00e1ch doanh nh\u00e2n v\u00e0 du kh\u00e1ch ngh\u1ec9 d\u01b0\u1ee1ng ng\u1eafn ng\u00e0y,\u00a0 mang \u0111\u1ebfn kh\u00f4ng gian l\u01b0u tr\u00fa hi\u1ec7n \u0111\u1ea1i v\u00e0 tinh t\u1ebf ngay t\u1ea1i trung t\u00e2m TP. H\u1ed3 Ch\u00ed Minh. V\u1edbi di\u1ec7n t\u00edch t\u1eeb 24 &#8211; 26m\u00b2, gi\u01b0\u1eddng c\u1ee1 king c\u00f9ng c\u00e1c ti\u1ec7n nghi \u0111\u01b0\u1ee3c ch\u0103m ch\u00fat t\u1ec9 m\u1ec9, \u0111\u00e2y l\u00e0 l\u1ef1a ch\u1ecdn l\u00fd t\u01b0\u1edfng cho k\u1ef3 ngh\u1ec9 c\u1ee7a qu\u00fd kh\u00e1ch t\u1ea1i S\u00e0i G\u00f2n.<\/p>\n<p data-start=\"500\" data-end=\"522\"><strong data-start=\"500\" data-end=\"520\">Th\u00f4ng tin ph\u00f2ng:<\/strong><\/p>\n<ul data-start=\"523\" data-end=\"716\">\n<li data-start=\"523\" data-end=\"563\">\n<p data-start=\"525\" data-end=\"563\">Di\u1ec7n t\u00edch: 24\u201326m\u00b2 \u2013 Kh\u00f4ng h\u00fat thu\u1ed1c<\/p>\n<\/li>\n<li data-start=\"564\" data-end=\"585\">\n<p data-start=\"566\" data-end=\"585\">Gi\u01b0\u1eddng: King-size<\/p>\n<\/li>\n<li data-start=\"586\" data-end=\"599\">\n<p data-start=\"588\" data-end=\"599\">C\u00f3 c\u1eeda s\u1ed5<\/p>\n<\/li>\n<li data-start=\"600\" data-end=\"644\">\n<p data-start=\"602\" data-end=\"644\">S\u1ee9c ch\u1ee9a t\u1ed1i \u0111a: 2 ng\u01b0\u1eddi l\u1edbn (+1 tr\u1ebb em)<\/p>\n<\/li>\n<li data-start=\"645\" data-end=\"716\">\n<p data-start=\"647\" data-end=\"716\">Bao g\u1ed3m buffet s\u00e1ng h\u1eb1ng ng\u00e0y<\/p>\n<\/li>\n<\/ul>\n","protected":false},"excerpt":{"rendered":"<p>Ph\u00f2ng Deluxe \u0111\u01b0\u1ee3c thi\u1ebft k\u1ebf d\u00e0nh cho c\u1ea3 kh\u00e1ch doanh nh\u00e2n v\u00e0 du kh\u00e1ch ngh\u1ec9 d\u01b0\u1ee1ng ng\u1eafn ng\u00e0y,\u00a0 mang \u0111\u1ebfn kh\u00f4ng gian l\u01b0u tr\u00fa hi\u1ec7n \u0111\u1ea1i v\u00e0 tinh t\u1ebf ngay t\u1ea1i trung t\u00e2m TP. H\u1ed3 Ch\u00ed Minh. V\u1edbi di\u1ec7n t\u00edch t\u1eeb 24 &#8211; 26m\u00b2, gi\u01b0\u1eddng c\u1ee1 king c\u00f9ng c\u00e1c ti\u1ec7n nghi \u0111\u01b0\u1ee3c ch\u0103m ch\u00fat t\u1ec9 [&hellip;]<\/p>\n","protected":false},"author":32,"featured_media":1193,"parent":187,"menu_order":0,"comment_status":"closed","ping_status":"closed","template":"template-single-room.php","meta":{"footnotes":""},"yoast_head":"<!-- This site is optimized with the Yoast SEO plugin v22.3 - https:\/\/yoast.com\/wordpress\/plugins\/seo\/ -->\n<title>Hotels in District 1 Ho Chi Minh City | Business Hotel Saigon | Aquari Hotel<\/title>\n<meta name=\"description\" content=\"Find yourself good hotels in District 1 Ho Chi Minh City to enjoy your vacation to the best. Good deals for hotel is available here. Aquari - Business Hotel Saigon\" \/>\n<meta name=\"robots\" content=\"index, follow, max-snippet:-1, max-image-preview:large, max-video-preview:-1\" \/>\n<link rel=\"canonical\" href=\"https:\/\/aquarihotel.vn\/vi\/our-rooms\/deluxe\/\" \/>\n<meta property=\"og:locale\" content=\"vi_VN\" \/>\n<meta property=\"og:type\" content=\"article\" \/>\n<meta property=\"og:title\" content=\"Hotels in District 1 Ho Chi Minh City | Business Hotel Saigon | Aquari Hotel\" \/>\n<meta property=\"og:description\" content=\"Find yourself good hotels in District 1 Ho Chi Minh City to enjoy your vacation to the best. Good deals for hotel is available here. Aquari - Business Hotel Saigon\" \/>\n<meta property=\"og:url\" content=\"https:\/\/aquarihotel.vn\/vi\/our-rooms\/deluxe\/\" \/>\n<meta property=\"og:site_name\" content=\"Aquari Hotel\" \/>\n<meta property=\"article:modified_time\" content=\"2026-04-09T13:25:11+00:00\" \/>\n<meta property=\"og:image\" content=\"https:\/\/aquarihotel.vn\/wp-content\/uploads\/sites\/67\/2025\/12\/4.png\" \/>\n\t<meta property=\"og:image:width\" content=\"1280\" \/>\n\t<meta property=\"og:image:height\" content=\"855\" \/>\n\t<meta property=\"og:image:type\" content=\"image\/png\" \/>\n<meta name=\"twitter:card\" content=\"summary_large_image\" \/>\n<meta name=\"twitter:label1\" content=\"Est. reading time\" \/>\n\t<meta name=\"twitter:data1\" content=\"1 minute\" \/>\n<script type=\"application\/ld+json\" class=\"yoast-schema-graph\">{\"@context\":\"https:\/\/schema.org\",\"@graph\":[{\"@type\":\"WebPage\",\"@id\":\"https:\/\/aquarihotel.vn\/vi\/our-rooms\/deluxe\/\",\"url\":\"https:\/\/aquarihotel.vn\/vi\/our-rooms\/deluxe\/\",\"name\":\"Hotels in District 1 Ho Chi Minh City | Business Hotel Saigon | Aquari Hotel\",\"isPartOf\":{\"@id\":\"https:\/\/aquarihotel.vn\/vi\/#website\"},\"primaryImageOfPage\":{\"@id\":\"https:\/\/aquarihotel.vn\/vi\/our-rooms\/deluxe\/#primaryimage\"},\"image\":{\"@id\":\"https:\/\/aquarihotel.vn\/vi\/our-rooms\/deluxe\/#primaryimage\"},\"thumbnailUrl\":\"https:\/\/aquarihotel.vn\/wp-content\/uploads\/sites\/67\/2025\/12\/4.png\",\"datePublished\":\"2019-12-16T04:23:25+00:00\",\"dateModified\":\"2026-04-09T13:25:11+00:00\",\"description\":\"Find yourself good hotels in District 1 Ho Chi Minh City to enjoy your vacation to the best. Good deals for hotel is available here. Aquari - Business Hotel Saigon\",\"breadcrumb\":{\"@id\":\"https:\/\/aquarihotel.vn\/vi\/our-rooms\/deluxe\/#breadcrumb\"},\"inLanguage\":\"vi-VN\",\"potentialAction\":[{\"@type\":\"ReadAction\",\"target\":[\"https:\/\/aquarihotel.vn\/vi\/our-rooms\/deluxe\/\"]}]},{\"@type\":\"ImageObject\",\"inLanguage\":\"vi-VN\",\"@id\":\"https:\/\/aquarihotel.vn\/vi\/our-rooms\/deluxe\/#primaryimage\",\"url\":\"https:\/\/aquarihotel.vn\/wp-content\/uploads\/sites\/67\/2025\/12\/4.png\",\"contentUrl\":\"https:\/\/aquarihotel.vn\/wp-content\/uploads\/sites\/67\/2025\/12\/4.png\",\"width\":1280,\"height\":855},{\"@type\":\"BreadcrumbList\",\"@id\":\"https:\/\/aquarihotel.vn\/vi\/our-rooms\/deluxe\/#breadcrumb\",\"itemListElement\":[{\"@type\":\"ListItem\",\"position\":1,\"name\":\"Home\",\"item\":\"https:\/\/aquarihotel.vn\/vi\/\"},{\"@type\":\"ListItem\",\"position\":2,\"name\":\"Ph\u00f2ng l\u01b0u tr\u00fa\",\"item\":\"https:\/\/aquarihotel.vn\/vi\/our-rooms\/\"},{\"@type\":\"ListItem\",\"position\":3,\"name\":\"Deluxe\"}]},{\"@type\":\"WebSite\",\"@id\":\"https:\/\/aquarihotel.vn\/vi\/#website\",\"url\":\"https:\/\/aquarihotel.vn\/vi\/\",\"name\":\"Aquari Hotel\",\"description\":\"Aquari Hotel | STAY WITH US, FEEL LIKE HOME\",\"potentialAction\":[{\"@type\":\"SearchAction\",\"target\":{\"@type\":\"EntryPoint\",\"urlTemplate\":\"https:\/\/aquarihotel.vn\/vi\/?s={search_term_string}\"},\"query-input\":\"required name=search_term_string\"}],\"inLanguage\":\"vi-VN\"}]}<\/script>\n<!-- \/ Yoast SEO plugin. -->","yoast_head_json":{"title":"Hotels in District 1 Ho Chi Minh City | Business Hotel Saigon | Aquari Hotel","description":"Find yourself good hotels in District 1 Ho Chi Minh City to enjoy your vacation to the best. Good deals for hotel is available here. Aquari - Business Hotel Saigon","robots":{"index":"index","follow":"follow","max-snippet":"max-snippet:-1","max-image-preview":"max-image-preview:large","max-video-preview":"max-video-preview:-1"},"canonical":"https:\/\/aquarihotel.vn\/vi\/our-rooms\/deluxe\/","og_locale":"vi_VN","og_type":"article","og_title":"Hotels in District 1 Ho Chi Minh City | Business Hotel Saigon | Aquari Hotel","og_description":"Find yourself good hotels in District 1 Ho Chi Minh City to enjoy your vacation to the best. Good deals for hotel is available here. Aquari - Business Hotel Saigon","og_url":"https:\/\/aquarihotel.vn\/vi\/our-rooms\/deluxe\/","og_site_name":"Aquari Hotel","article_modified_time":"2026-04-09T13:25:11+00:00","og_image":[{"width":1280,"height":855,"url":"https:\/\/aquarihotel.vn\/wp-content\/uploads\/sites\/67\/2025\/12\/4.png","type":"image\/png"}],"twitter_card":"summary_large_image","twitter_misc":{"Est. reading time":"1 minute"},"schema":{"@context":"https:\/\/schema.org","@graph":[{"@type":"WebPage","@id":"https:\/\/aquarihotel.vn\/vi\/our-rooms\/deluxe\/","url":"https:\/\/aquarihotel.vn\/vi\/our-rooms\/deluxe\/","name":"Hotels in District 1 Ho Chi Minh City | Business Hotel Saigon | Aquari Hotel","isPartOf":{"@id":"https:\/\/aquarihotel.vn\/vi\/#website"},"primaryImageOfPage":{"@id":"https:\/\/aquarihotel.vn\/vi\/our-rooms\/deluxe\/#primaryimage"},"image":{"@id":"https:\/\/aquarihotel.vn\/vi\/our-rooms\/deluxe\/#primaryimage"},"thumbnailUrl":"https:\/\/aquarihotel.vn\/wp-content\/uploads\/sites\/67\/2025\/12\/4.png","datePublished":"2019-12-16T04:23:25+00:00","dateModified":"2026-04-09T13:25:11+00:00","description":"Find yourself good hotels in District 1 Ho Chi Minh City to enjoy your vacation to the best. Good deals for hotel is available here. Aquari - Business Hotel Saigon","breadcrumb":{"@id":"https:\/\/aquarihotel.vn\/vi\/our-rooms\/deluxe\/#breadcrumb"},"inLanguage":"vi-VN","potentialAction":[{"@type":"ReadAction","target":["https:\/\/aquarihotel.vn\/vi\/our-rooms\/deluxe\/"]}]},{"@type":"ImageObject","inLanguage":"vi-VN","@id":"https:\/\/aquarihotel.vn\/vi\/our-rooms\/deluxe\/#primaryimage","url":"https:\/\/aquarihotel.vn\/wp-content\/uploads\/sites\/67\/2025\/12\/4.png","contentUrl":"https:\/\/aquarihotel.vn\/wp-content\/uploads\/sites\/67\/2025\/12\/4.png","width":1280,"height":855},{"@type":"BreadcrumbList","@id":"https:\/\/aquarihotel.vn\/vi\/our-rooms\/deluxe\/#breadcrumb","itemListElement":[{"@type":"ListItem","position":1,"name":"Home","item":"https:\/\/aquarihotel.vn\/vi\/"},{"@type":"ListItem","position":2,"name":"Ph\u00f2ng l\u01b0u tr\u00fa","item":"https:\/\/aquarihotel.vn\/vi\/our-rooms\/"},{"@type":"ListItem","position":3,"name":"Deluxe"}]},{"@type":"WebSite","@id":"https:\/\/aquarihotel.vn\/vi\/#website","url":"https:\/\/aquarihotel.vn\/vi\/","name":"Aquari Hotel","description":"Aquari Hotel | STAY WITH US, FEEL LIKE HOME","potentialAction":[{"@type":"SearchAction","target":{"@type":"EntryPoint","urlTemplate":"https:\/\/aquarihotel.vn\/vi\/?s={search_term_string}"},"query-input":"required name=search_term_string"}],"inLanguage":"vi-VN"}]}},"_links":{"self":[{"href":"https:\/\/aquarihotel.vn\/vi\/wp-json\/wp\/v2\/pages\/47"}],"collection":[{"href":"https:\/\/aquarihotel.vn\/vi\/wp-json\/wp\/v2\/pages"}],"about":[{"href":"https:\/\/aquarihotel.vn\/vi\/wp-json\/wp\/v2\/types\/page"}],"author":[{"embeddable":true,"href":"https:\/\/aquarihotel.vn\/vi\/wp-json\/wp\/v2\/users\/32"}],"replies":[{"embeddable":true,"href":"https:\/\/aquarihotel.vn\/vi\/wp-json\/wp\/v2\/comments?post=47"}],"version-history":[{"count":4,"href":"https:\/\/aquarihotel.vn\/vi\/wp-json\/wp\/v2\/pages\/47\/revisions"}],"predecessor-version":[{"id":1526,"href":"https:\/\/aquarihotel.vn\/vi\/wp-json\/wp\/v2\/pages\/47\/revisions\/1526"}],"up":[{"embeddable":true,"href":"https:\/\/aquarihotel.vn\/vi\/wp-json\/wp\/v2\/pages\/187"}],"wp:featuredmedia":[{"embeddable":true,"href":"https:\/\/aquarihotel.vn\/vi\/wp-json\/wp\/v2\/media\/1193"}],"wp:attachment":[{"href":"https:\/\/aquarihotel.vn\/vi\/wp-json\/wp\/v2\/media?parent=47"}],"curies":[{"name":"wp","href":"https:\/\/api.w.org\/{rel}","templated":true}]}}